{"id":10,"date":"2015-05-20T16:59:38","date_gmt":"2015-05-20T16:59:38","guid":{"rendered":"http:\/\/blog.espol.edu.ec\/karlareyes\/?page_id=10"},"modified":"2015-05-31T21:15:41","modified_gmt":"2015-05-31T21:15:41","slug":"aprendamos-frances-juntos","status":"publish","type":"page","link":"https:\/\/blog.espol.edu.ec\/karlareyes\/aprendamos-frances-juntos\/","title":{"rendered":"Aprendamos franc\u00e9s juntos!"},"content":{"rendered":"<p>&nbsp;<\/p>\n<p>&nbsp;<\/p>\n<p>&nbsp;<\/p>\n<p>https:\/\/www.youtube.com\/watch?v=AiLS_YUG5SA<\/p>\n<h3>\u00bfQu\u00e9 es lo primero que hay que aprender?<\/h3>\n<p>Lo primero y m\u00e1s importante que tendr\u00e1s que estudiar es <b>lo mismo que en todos los idiomas<\/b>. No hay por qu\u00e9 querer ir m\u00e1s r\u00e1pido de lo normal. La lengua francesa esulta m\u00e1s f\u00e1cil cuando sabemos los rudimentos del idioma, ya que podemos defendernos m\u00e1s c\u00f3modamente y no es dif\u00edcil soltarse, sobre todo, si lo disfrutas.<\/p>\n<p>Para empezar a <b>estudiar franc\u00e9s desde cero<\/b>, te recomiendo que estudies lo primordial, ya que sin esto no podr\u00e1s hacer nada. Una gran parte del franc\u00e9s que oigas har\u00e1 alguna referencia a estos 10 puntos importantes que tendr\u00e1s que aprender:<\/p>\n<ul>\n<li><b>Aprender a presentarse a uno mismo. <\/b>Viene a ser pr\u00e1cticamente la primera lecci\u00f3n en cualquier libro de franc\u00e9s. <i>Ej: \"Je m'appelle Karla.<\/i> Est\u00e1s ya usando un verbo pronominal (s'appeler) conjugado.<\/li>\n<li><b>Conocer las distintas formas de saludar y despedirse. <\/b>El t\u00edpico <i>\"Bonjour\"<\/i>,<i>\"Bonsoir\"<\/i> y <i>\"Bonne nuite\" <\/i>(buenos d\u00edas, buenas tardes y buenas noches) que tendr\u00e1s que decir al entrar a un sitio. O el m\u00e1s gen\u00e9rico e informal <i>\"Salut!\"<\/i>. Tambi\u00e9n para despedirte: <i>\"Au revoir\"<\/i>, <i>\"\u00c0 demain\"<\/i>, <i>\"\u00c0 bient\u00f4t\"<\/i>, <i>\"\u00c0 tout \u00e0 l'heure\".<\/i><\/li>\n<li><b>Aprenderse los n\u00fameros en franc\u00e9s. <\/b>Esto es clave, no s\u00f3lo en franc\u00e9s, sino en cualquier idioma. Lo bueno es que una vez que los aprendes de una vez, ya s\u00f3lo tienes que sumar para formar n\u00fameros m\u00e1s complicados. En <a href=\"http:\/\/www.lexisrex.com\/numbers.php?native=Spanish&amp;foreign=French&amp;nfrom=1&amp;nto=100#.UelfN6zcPnk\">esta p\u00e1gina<\/a> tienes una lista con los n\u00fameros en franc\u00e9s.<\/li>\n<li><b>Conocer las vocales y el alfabeto.<\/b> Es fundamental para aprender bien la fon\u00e9tica. En muchas clases se suele obviar, pero es importante, tanto conocer bien los sonidos de las consonantes, como de las vocales: \"a\", \"\u00e9\", \"e\", \"ai\", \"eu\", \"i\" , , \"eau\" \"au\", \"o\", \"oi\", \"ou\", \"u\", \"y\".<\/li>\n<li><b>Manejar bien los verbos auxiliares \"\u00eatre\" (ser) y \"avoir\" (tener). <\/b>Si<b> <\/b>no<b><\/b>conocemos c\u00f3mo se forman los verbos auxiliares, no podremos decir cosas b\u00e1sicas. Pero tampoco formar otros tiempos verbales, como el pass\u00e9 compos\u00e9.<\/li>\n<li><b>Aprender los adjetivos demostrativos. <\/b>El uso de \"ce\", \"cet\", \"cette\" y \"ces\" es muy importante para referirse a cosas y se utiliza constantemente.<\/li>\n<li><b>Estudiarse los verbos del primer grupo o acabados en -er.<\/b> Es muy aconsejable aprender a conjugar al principio por lo menos los verbos regulares acabados en -er. Tambi\u00e9n ir conociendo los verbos m\u00e1s importantes en franc\u00e9s y que m\u00e1s se van a usar, como: \"entendre\", \"rester\", \"manger\", \"\u00e9tudier\", \"arriver\", \"trouver\", \"montrer\", \"tourner\", \"retourner\". Y otros irregulares como: \"aller\", \"prendre\", \"finir\" o \"choisir\".<\/li>\n<li><b>Conocer un poco de vocabulario \u00fatil. <\/b>Si sabemos bien los verbos, pero no conocemos algo de vocabulario, dif\u00edcilmente podremos expresar ideas. Hay que ir aprendiendo t\u00e9rminos poco a poco. Lo mejor es ir por temas: comida, gustos, lugares, orientarse en la ciudad, estudios...<\/li>\n<li><b>Estudiar las nacionalidades y los pa\u00edses. <\/b>Tambi\u00e9n es de las primeras cosas que nos ense\u00f1an. Por una raz\u00f3n muy simple: cuando hacemos un curso de franc\u00e9s en el extranjero normalmente vienen personas de muchas nacionalidades. Para poder presentarte tienes que saber decir \"Je suis espagnol(e)\". Pero tambi\u00e9n porque es una excusa para aprender la formaci\u00f3n del femenino (a\u00f1adiendo una \"e\" al final.<\/li>\n<li><b>Aprender a hacer preguntas y pedir informaci\u00f3n. <\/b>Aprender a hacer preguntas y pedir informaci\u00f3n es otro aspecto fundamental. El uso de los pronombres como \"Que\", \"Quoi\", \"Qui\", \"O\u00f9\", \"Quand\", \"Comment\" o \"Pourquoi\" es imprescindible para formar preguntas.<\/li>\n<li><b>Conocer bien la forma negativa \"ne + verbe + pas\".<\/b> Es tremandamente importante que aprendamos la forma negativa de las frases. Los franceses usan dos palabras y el verbo en medio. Ejemplo: \"Je ne sais pas\" (No s\u00e9). Por nada del mundo debemos comernos el \"pas\", ya que es la palabra que se identifica con la negaci\u00f3n. El \"ne\" es menos importante y muchos franceses se lo comen o lo pronuncian muy r\u00e1pido en el lenguaje oral, aunque sea algo informal y poco correcto.<\/li>\n<\/ul>\n","protected":false},"excerpt":{"rendered":"<p>&nbsp; &nbsp; &nbsp; https:\/\/www.youtube.com\/watch?v=AiLS_YUG5SA \u00bfQu\u00e9 es lo primero que hay que aprender? Lo primero y m\u00e1s importante que tendr\u00e1s que estudiar es lo mismo que en todos los idiomas. No hay por qu\u00e9 querer ir m\u00e1s r\u00e1pido de lo normal. La lengua francesa esulta m\u00e1s f\u00e1cil cuando sabemos los rudimentos del idioma, ya que podemos [&hellip;]<\/p>\n","protected":false},"author":9667,"featured_media":0,"parent":0,"menu_order":0,"comment_status":"open","ping_status":"open","template":"","meta":{"footnotes":""},"class_list":["post-10","page","type-page","status-publish","hentry"],"_links":{"self":[{"href":"https:\/\/blog.espol.edu.ec\/karlareyes\/wp-json\/wp\/v2\/pages\/10","targetHints":{"allow":["GET"]}}],"collection":[{"href":"https:\/\/blog.espol.edu.ec\/karlareyes\/wp-json\/wp\/v2\/pages"}],"about":[{"href":"https:\/\/blog.espol.edu.ec\/karlareyes\/wp-json\/wp\/v2\/types\/page"}],"author":[{"embeddable":true,"href":"https:\/\/blog.espol.edu.ec\/karlareyes\/wp-json\/wp\/v2\/users\/9667"}],"replies":[{"embeddable":true,"href":"https:\/\/blog.espol.edu.ec\/karlareyes\/wp-json\/wp\/v2\/comments?post=10"}],"version-history":[{"count":4,"href":"https:\/\/blog.espol.edu.ec\/karlareyes\/wp-json\/wp\/v2\/pages\/10\/revisions"}],"predecessor-version":[{"id":62,"href":"https:\/\/blog.espol.edu.ec\/karlareyes\/wp-json\/wp\/v2\/pages\/10\/revisions\/62"}],"wp:attachment":[{"href":"https:\/\/blog.espol.edu.ec\/karlareyes\/wp-json\/wp\/v2\/media?parent=10"}],"curies":[{"name":"wp","href":"https:\/\/api.w.org\/{rel}","templated":true}]}}