{"id":29,"date":"2014-06-09T22:25:31","date_gmt":"2014-06-10T03:25:31","guid":{"rendered":"http:\/\/blog.espol.edu.ec\/karmavil\/?page_id=29"},"modified":"2014-06-09T23:28:17","modified_gmt":"2014-06-10T04:28:17","slug":"las-islas-galapagos","status":"publish","type":"page","link":"https:\/\/blog.espol.edu.ec\/karmavil\/las-islas-galapagos\/","title":{"rendered":"Las Islas Galapagos"},"content":{"rendered":"<p>El Archipi\u00e9lago de Gal\u00e1pagos es una de las mayores atracciones cient\u00edficas y tur\u00edsticas del Ecuador; sin lugar a dudas, constituye el atractivo m\u00e1s conocido y famoso del pa\u00eds.<\/p>\n<p><a href=\"http:\/\/blog.espol.edu.ec\/karmavil\/files\/2014\/06\/islas-galapagos-11.jpg\"><img loading=\"lazy\" decoding=\"async\" class=\"alignnone size-medium wp-image-30\" src=\"http:\/\/blog.espol.edu.ec\/karmavil\/files\/2014\/06\/islas-galapagos-11-300x201.jpg\" alt=\"islas-galapagos-11\" width=\"300\" height=\"201\" srcset=\"https:\/\/blog.espol.edu.ec\/karmavil\/files\/2014\/06\/islas-galapagos-11-300x201.jpg 300w, https:\/\/blog.espol.edu.ec\/karmavil\/files\/2014\/06\/islas-galapagos-11.jpg 436w\" sizes=\"auto, (max-width: 300px) 100vw, 300px\" \/><\/a><\/p>\n<p>Considerado por los cient\u00edficos como el \u00e1rea m\u00e1s importantes del mundo, como el m\u00e1s maravilloso ecosistema del planeta, el archipi\u00e9lago de Gal\u00e1pagos sirvi\u00f3 de base cient\u00edfica para el desarrollo de la teor\u00eda de la evoluci\u00f3n de las especies de Charles Darwin.<\/p>\n<p>Este para\u00edso de biodiversidad re\u00fane a 19 islas: 13 mayores y seis menores y 42 islotes. La tierra es de origen volc\u00e1nico y las especies que all\u00ed habitan no sufrieron la depredaci\u00f3n del hombre. Para orgullo del Ecuador y buscando preservar su integridad, la UNESCO declar\u00f3 a Gal\u00e1pagos Patrimonio de la Humanidad<\/p>\n<p><strong>Capital:\u00a0<\/strong>Puerto Baquerizo Moreno, Isla San Crist\u00f3bal.<\/p>\n<p><strong>Fecha de Creaci\u00f3n:\u00a0<\/strong>29 de Mayo de 1.861<\/p>\n<p><strong>Flora:<\/strong>\u00a0Las especies m\u00e1s representativas son cactus, palo santo y algarrobos, en los rieles de mayor altura. En zonas h\u00famedas tenemos helechos, guabillo, u\u00f1a de gato, pasifloras, cafetillo, hongos y l\u00edquenes.<\/p>\n<p><strong>Fauna:<\/strong>\u00a0La fauna marina y terrestre supera a las 600 especies nativas como: tortugas gigantes, gal\u00e1pagos, iguanas, lagartijas de lava, lobos marinos, focas, ping\u00fcinos, delfines, rayas, tiburones, variedad de peces; infinidad de aves como: albatros, piqueros de patas azules, fragatas, cormoranes, gaviotas, gavilanes, pel\u00edcanos, flamencos y otras \u00fanicas en su g\u00e9nero.<\/p>\n<p><a href=\"http:\/\/blog.espol.edu.ec\/karmavil\/files\/2014\/06\/islas-galapagos.jpg\"><img loading=\"lazy\" decoding=\"async\" class=\"alignnone size-medium wp-image-31\" src=\"http:\/\/blog.espol.edu.ec\/karmavil\/files\/2014\/06\/islas-galapagos-300x200.jpg\" alt=\"islas-galapagos\" width=\"300\" height=\"200\" srcset=\"https:\/\/blog.espol.edu.ec\/karmavil\/files\/2014\/06\/islas-galapagos-300x200.jpg 300w, https:\/\/blog.espol.edu.ec\/karmavil\/files\/2014\/06\/islas-galapagos.jpg 600w\" sizes=\"auto, (max-width: 300px) 100vw, 300px\" \/><\/a><\/p>\n<p>&nbsp;<\/p>\n<p><strong>LUGARES A CONOCER:<\/strong><\/p>\n<ul>\n<li><a href=\"http:\/\/www.galapagospark.org\/sitiosdevisita\/bahia_tortuga.html\">Bahia Tortuga:\u00a0<span style=\"color: #333333\">es una hermosa playa de arena blanca, lleva ese nombre por ser un sitio de anidaci\u00f3n de la tortuga negra.<\/span><span style=\"color: #333333\">Se puede llegar por medio de panga o caminando desde Puerto Ayora (2,5 km desde la Avenida Baltra hasta el final de la playa brava). El tiempo estimado de caminata es de 50 minutos.<\/span><\/a><\/li>\n<\/ul>\n<p><a href=\"http:\/\/blog.espol.edu.ec\/karmavil\/files\/2014\/06\/bahia-tortuga.jpg\"><img loading=\"lazy\" decoding=\"async\" class=\"alignnone size-medium wp-image-46\" src=\"http:\/\/blog.espol.edu.ec\/karmavil\/files\/2014\/06\/bahia-tortuga-300x200.jpg\" alt=\"bahia tortuga\" width=\"300\" height=\"200\" srcset=\"https:\/\/blog.espol.edu.ec\/karmavil\/files\/2014\/06\/bahia-tortuga-300x200.jpg 300w, https:\/\/blog.espol.edu.ec\/karmavil\/files\/2014\/06\/bahia-tortuga.jpg 320w\" sizes=\"auto, (max-width: 300px) 100vw, 300px\" \/><\/a><\/p>\n<ul>\n<li><span style=\"color: #333333\">\u00a0Estaci\u00f3n Cient\u00edfica Charles Darwin: \u00a0<\/span>Esta fundaci\u00f3n fue creada con la finalidad de dedicarse a la investigaci\u00f3n cient\u00edfica y a la protecci\u00f3n de todas las especies en las Islas Gal\u00e1pagos.\u00a0La misi\u00f3n principal de esta organizaci\u00f3n era y es la de realizar estudios cient\u00edficos y llevar a cabo las acciones necesarias para la protecci\u00f3n del suelo, la conservaci\u00f3n de la fauna y flora de Galapagos\u00a0en el mar y en tierra adem\u00e1s de amparar la vida salvaje en su ambiente natural.<\/li>\n<li><a href=\"http:\/\/www.galapagospark.org\/sitio.php?page=laguna_el_junco\">Laguna El Junco:<\/a>\u00a0<span style=\"color: #333333\">un enorme lago de agua dulce situado en un entorno natural excepcional,\u00a0<span style=\"color: #252525\">constituye un refugio para muchas especies de aves. El sitio est\u00e1 ubicado a dos horas de la aldea agr\u00edcola de El Progreso.<\/span><\/span><\/li>\n<\/ul>\n<p><a href=\"http:\/\/blog.espol.edu.ec\/karmavil\/files\/2014\/06\/junco-galapagos.jpg\"><img loading=\"lazy\" decoding=\"async\" class=\"alignnone size-full wp-image-47\" src=\"http:\/\/blog.espol.edu.ec\/karmavil\/files\/2014\/06\/junco-galapagos.jpg\" alt=\"junco galapagos\" width=\"279\" height=\"181\" \/><\/a><\/p>\n<ul>\n<li>entre otros.<\/li>\n<\/ul>\n<p>&nbsp;<\/p>\n<p>&nbsp;<\/p>\n<p>&nbsp;<\/p>\n","protected":false},"excerpt":{"rendered":"<p>El Archipi\u00e9lago de Gal\u00e1pagos es una de las mayores atracciones cient\u00edficas y tur\u00edsticas del Ecuador; sin lugar a dudas, constituye el atractivo m\u00e1s conocido y famoso del pa\u00eds. Considerado por los cient\u00edficos como el \u00e1rea m\u00e1s importantes del mundo, como el m\u00e1s maravilloso ecosistema del planeta, el archipi\u00e9lago de Gal\u00e1pagos sirvi\u00f3 de base cient\u00edfica para &hellip; <\/p>\n<p><a class=\"more-link btn\" href=\"https:\/\/blog.espol.edu.ec\/karmavil\/las-islas-galapagos\/\">Seguir leyendo<\/a><\/p>\n","protected":false},"author":9072,"featured_media":0,"parent":0,"menu_order":0,"comment_status":"open","ping_status":"open","template":"","meta":{"footnotes":""},"class_list":["post-29","page","type-page","status-publish","hentry","nodate","item-wrap"],"_links":{"self":[{"href":"https:\/\/blog.espol.edu.ec\/karmavil\/wp-json\/wp\/v2\/pages\/29","targetHints":{"allow":["GET"]}}],"collection":[{"href":"https:\/\/blog.espol.edu.ec\/karmavil\/wp-json\/wp\/v2\/pages"}],"about":[{"href":"https:\/\/blog.espol.edu.ec\/karmavil\/wp-json\/wp\/v2\/types\/page"}],"author":[{"embeddable":true,"href":"https:\/\/blog.espol.edu.ec\/karmavil\/wp-json\/wp\/v2\/users\/9072"}],"replies":[{"embeddable":true,"href":"https:\/\/blog.espol.edu.ec\/karmavil\/wp-json\/wp\/v2\/comments?post=29"}],"version-history":[{"count":5,"href":"https:\/\/blog.espol.edu.ec\/karmavil\/wp-json\/wp\/v2\/pages\/29\/revisions"}],"predecessor-version":[{"id":48,"href":"https:\/\/blog.espol.edu.ec\/karmavil\/wp-json\/wp\/v2\/pages\/29\/revisions\/48"}],"wp:attachment":[{"href":"https:\/\/blog.espol.edu.ec\/karmavil\/wp-json\/wp\/v2\/media?parent=29"}],"curies":[{"name":"wp","href":"https:\/\/api.w.org\/{rel}","templated":true}]}}