{"id":39,"date":"2014-06-09T23:26:09","date_gmt":"2014-06-10T04:26:09","guid":{"rendered":"http:\/\/blog.espol.edu.ec\/karmavil\/?page_id=39"},"modified":"2014-06-09T23:46:35","modified_gmt":"2014-06-10T04:46:35","slug":"panama","status":"publish","type":"page","link":"https:\/\/blog.espol.edu.ec\/karmavil\/panama\/","title":{"rendered":"Panama"},"content":{"rendered":"<p>Panam\u00e1 se ha convertido en uno de los destinos tur\u00edsticos m\u00e1s atractivos e innovadores en Am\u00e9rica Central, ofreciendo una amplia variedad de atracciones y actividades.<br \/>\nEl turismo de compras y negocios, de convenciones, de playas y destinos de lujo y eco-turismo son s\u00f3lo algunas de las modalidades que ofrece este bello pa\u00eds.<br \/>\n<a href=\"http:\/\/blog.espol.edu.ec\/karmavil\/files\/2014\/06\/1280px-Panama_Skyline.jpg\"><img loading=\"lazy\" decoding=\"async\" class=\"alignnone size-medium wp-image-40\" src=\"http:\/\/blog.espol.edu.ec\/karmavil\/files\/2014\/06\/1280px-Panama_Skyline-300x169.jpg\" alt=\"1280px-Panama_Skyline\" width=\"300\" height=\"169\" srcset=\"https:\/\/blog.espol.edu.ec\/karmavil\/files\/2014\/06\/1280px-Panama_Skyline-300x169.jpg 300w, https:\/\/blog.espol.edu.ec\/karmavil\/files\/2014\/06\/1280px-Panama_Skyline-1024x577.jpg 1024w, https:\/\/blog.espol.edu.ec\/karmavil\/files\/2014\/06\/1280px-Panama_Skyline.jpg 1280w\" sizes=\"auto, (max-width: 300px) 100vw, 300px\" \/><\/a><\/p>\n<p>&nbsp;<\/p>\n<p><b>GASTRONOM\u00cdA<\/b><strong>:<\/strong><\/p>\n<p>La\u00a0gastronom\u00eda de Panam\u00e1\u00a0es el resultado de la influencia hist\u00f3rica en el pa\u00eds\u00a0por las culturas amerindia, hispana, africana.\u00a0Se caracteriza por el alto consumo de arroz\u00a0en diferentes formas y preparaciones, as\u00ed como las sopas, siendo el sancocho\u00a0la m\u00e1s popular. Otros insumos e ingredientes son el maiz, platanos, gallina, carnes, pescados y mariscos, con los que se preparan diversos platos y frituras. Las ra\u00edces y tub\u00e9rculos tienen preponderancia en la dieta del paname\u00f1o, destac\u00e1ndose la yuca, el \u00f1ame, el \u00f1ampi, el otoe\u00a0y en menor grado la papa.<\/p>\n<p><a href=\"http:\/\/blog.espol.edu.ec\/karmavil\/files\/2014\/06\/220px-Barranquilla_-_Sancocho_de_mondongo.jpg\"><img loading=\"lazy\" decoding=\"async\" class=\"alignnone size-full wp-image-41\" src=\"http:\/\/blog.espol.edu.ec\/karmavil\/files\/2014\/06\/220px-Barranquilla_-_Sancocho_de_mondongo.jpg\" alt=\"sancocho\" width=\"220\" height=\"165\" \/><\/a><\/p>\n<p><strong>LUGARES A VISITAR:<\/strong><\/p>\n<ul>\n<li><span style=\"color: #333333\"><a href=\"http:\/\/www.panamacanalpanama.com\/\">Canal de Panam\u00e1<\/a> en el Centro de Visitantes de Miraflores:\u00a0Su visita al Canal ser\u00e1 m\u00e1s interesante de lo que esperas. El mejor sitio para visitar el Canal es el Centro de Visitantes de Miraflores en las Esclusas de Miraflores. A solo 20 minutos del centro de la Ciudad de Panam\u00e1. El centro incluye un museo con exhibiciones interactivas sobre la historia del Canal, h\u00e9roes, el ecosistema, as\u00ed como una pel\u00edcula excelente sobre la construcci\u00f3n del Canal. Afuera hay una terraza para vistas cercanas de los barcos que transitan a trav\u00e9s de las esclusas de Miraflores.\u00a0<\/span><\/li>\n<\/ul>\n<p><a href=\"http:\/\/blog.espol.edu.ec\/karmavil\/files\/2014\/06\/panama2.jpg\"><img loading=\"lazy\" decoding=\"async\" class=\"alignnone size-medium wp-image-42\" src=\"http:\/\/blog.espol.edu.ec\/karmavil\/files\/2014\/06\/panama2-300x199.jpg\" alt=\"panama2\" width=\"300\" height=\"199\" srcset=\"https:\/\/blog.espol.edu.ec\/karmavil\/files\/2014\/06\/panama2-300x199.jpg 300w, https:\/\/blog.espol.edu.ec\/karmavil\/files\/2014\/06\/panama2.jpg 425w\" sizes=\"auto, (max-width: 300px) 100vw, 300px\" \/><\/a><\/p>\n<ul>\n<li>C<span style=\"color: #333333\">asco Viejo-El Sector Hist\u00f3rico de la Ciudad de Panama:\u00a0Una caminata en la ma\u00f1ana o medio d\u00eda en el Casco Viejo, un territorio que resalta hacia la Bah\u00eda de Panam\u00e1, los edificios hist\u00f3ricos de la era colonial y de la construcci\u00f3n del Canal, demuestran la historia Paname\u00f1a compartida con Espa\u00f1a, Francia y los Estados Unidos. Hoy, el Casco Viejo esta experimentando un renacimiento. Sus edificios se est\u00e1n restaurando, nuevos restaurantes se est\u00e1n abriendo y muchos personas est\u00e1n eligiendo al Casco Viejo como residencia.<\/span><\/li>\n<\/ul>\n<p><a href=\"http:\/\/blog.espol.edu.ec\/karmavil\/files\/2014\/06\/panama3.jpg\"><img loading=\"lazy\" decoding=\"async\" class=\"alignnone size-medium wp-image-43\" src=\"http:\/\/blog.espol.edu.ec\/karmavil\/files\/2014\/06\/panama3-300x199.jpg\" alt=\"panama3\" width=\"300\" height=\"199\" srcset=\"https:\/\/blog.espol.edu.ec\/karmavil\/files\/2014\/06\/panama3-300x199.jpg 300w, https:\/\/blog.espol.edu.ec\/karmavil\/files\/2014\/06\/panama3.jpg 425w\" sizes=\"auto, (max-width: 300px) 100vw, 300px\" \/><\/a><\/p>\n<ul>\n<li><span style=\"color: #333333\">La Calzada de Amador:\u00a0Con sus vistas espectaculares de los rascacielos de la Ciudad de Panam\u00e1 y el Canal de Panam\u00e1, La Calzada de Amador es una atracci\u00f3n principal. El Causeway fue creado para conectar a cuatro islas peque\u00f1as usando rocas extra\u00eddas del Canal de Panam\u00e1 y sirve como un rompeolas para la entrada de la costa pac\u00edfica del Canal.\u00a0<\/span><\/li>\n<\/ul>\n<p><a href=\"http:\/\/blog.espol.edu.ec\/karmavil\/files\/2014\/06\/panama-calzada.jpg\"><img loading=\"lazy\" decoding=\"async\" class=\"alignnone size-full wp-image-44\" src=\"http:\/\/blog.espol.edu.ec\/karmavil\/files\/2014\/06\/panama-calzada.jpg\" alt=\"panama calzada\" width=\"275\" height=\"183\" \/><\/a><\/p>\n<ul>\n<li>entre otros.<\/li>\n<\/ul>\n","protected":false},"excerpt":{"rendered":"<p>Panam\u00e1 se ha convertido en uno de los destinos tur\u00edsticos m\u00e1s atractivos e innovadores en Am\u00e9rica Central, ofreciendo una amplia variedad de atracciones y actividades. El turismo de compras y negocios, de convenciones, de playas y destinos de lujo y eco-turismo son s\u00f3lo algunas de las modalidades que ofrece este bello pa\u00eds. &nbsp; GASTRONOM\u00cdA: La\u00a0gastronom\u00eda &hellip; <\/p>\n<p><a class=\"more-link btn\" href=\"https:\/\/blog.espol.edu.ec\/karmavil\/panama\/\">Seguir leyendo<\/a><\/p>\n","protected":false},"author":9072,"featured_media":0,"parent":0,"menu_order":0,"comment_status":"open","ping_status":"open","template":"","meta":{"footnotes":""},"class_list":["post-39","page","type-page","status-publish","hentry","nodate","item-wrap"],"_links":{"self":[{"href":"https:\/\/blog.espol.edu.ec\/karmavil\/wp-json\/wp\/v2\/pages\/39","targetHints":{"allow":["GET"]}}],"collection":[{"href":"https:\/\/blog.espol.edu.ec\/karmavil\/wp-json\/wp\/v2\/pages"}],"about":[{"href":"https:\/\/blog.espol.edu.ec\/karmavil\/wp-json\/wp\/v2\/types\/page"}],"author":[{"embeddable":true,"href":"https:\/\/blog.espol.edu.ec\/karmavil\/wp-json\/wp\/v2\/users\/9072"}],"replies":[{"embeddable":true,"href":"https:\/\/blog.espol.edu.ec\/karmavil\/wp-json\/wp\/v2\/comments?post=39"}],"version-history":[{"count":2,"href":"https:\/\/blog.espol.edu.ec\/karmavil\/wp-json\/wp\/v2\/pages\/39\/revisions"}],"predecessor-version":[{"id":57,"href":"https:\/\/blog.espol.edu.ec\/karmavil\/wp-json\/wp\/v2\/pages\/39\/revisions\/57"}],"wp:attachment":[{"href":"https:\/\/blog.espol.edu.ec\/karmavil\/wp-json\/wp\/v2\/media?parent=39"}],"curies":[{"name":"wp","href":"https:\/\/api.w.org\/{rel}","templated":true}]}}