{"id":49,"date":"2014-06-09T23:42:26","date_gmt":"2014-06-10T04:42:26","guid":{"rendered":"http:\/\/blog.espol.edu.ec\/karmavil\/?page_id=49"},"modified":"2014-06-09T23:45:14","modified_gmt":"2014-06-10T04:45:14","slug":"orlando-florida","status":"publish","type":"page","link":"https:\/\/blog.espol.edu.ec\/karmavil\/orlando-florida\/","title":{"rendered":"Orlando, Florida"},"content":{"rendered":"<p><span style=\"color: #666666\">Orlando, Florida es un destino emocionante que atrae a miles de turistas cada a\u00f1o. Desde parques tem\u00e1ticos hasta restaurantes y espacios culturales, Orlando es una ciudad que tiene algo para ofrecerle a las personas de todas las edades.<\/span><span style=\"font-style: italic;color: #666666\">\u00a0<\/span><\/p>\n<p>La mayor parte de las atracciones tur\u00edsticas de Orlando gira alrededor de los parques tem\u00e1ticos. El complejo de\u00a0Walt Disney World Resort\u00a0es el principal atractivo, compuesto por los parques de atracciones\u00a0Magic Kingdom,\u00a0Disney's Hollywood Studios,\u00a0Epcot,\u00a0Disney's Animal Kingdom\u00a0y los parques acu\u00e1ticos\u00a0Disney's Blizzard Beach\u00a0y\u00a0Typhoon Lagoon. Tambi\u00e9n se pueden encontrar los parques de\u00a0Universal Studios\u00a0y el parque dedicado a la vida marina\u00a0Sea World, entre otros.<\/p>\n<p><a href=\"http:\/\/blog.espol.edu.ec\/karmavil\/files\/2014\/06\/orlando.jpg\"><img loading=\"lazy\" decoding=\"async\" class=\"alignnone size-full wp-image-50\" src=\"http:\/\/blog.espol.edu.ec\/karmavil\/files\/2014\/06\/orlando.jpg\" alt=\"orlando\" width=\"270\" height=\"187\" \/><\/a><\/p>\n<p><strong>ATRACCIONES:<\/strong><\/p>\n<ul>\n<li><a href=\"https:\/\/www.universalorlando.com\/\">Universal Studios<\/a>:\u00a0<span style=\"color: #232323\">En este lugar hay dos parques: el Universal Studios original y Islands of Adventure. Ambos parques tienen juegos para ni\u00f1os, monta\u00f1as rusas, espect\u00e1culos en vivo y juegos acu\u00e1ticos. Una juego interactivo nuevo dentro de Universal Studios es la monta\u00f1a rusa Rock N'Roll, que tiene la altura de un edificio de 17 pisos.\u00a0<\/span><\/li>\n<\/ul>\n<p><a href=\"http:\/\/blog.espol.edu.ec\/karmavil\/files\/2014\/06\/universal-studios.jpg\"><img loading=\"lazy\" decoding=\"async\" class=\"alignnone size-full wp-image-51\" src=\"http:\/\/blog.espol.edu.ec\/karmavil\/files\/2014\/06\/universal-studios.jpg\" alt=\"universal studios\" width=\"275\" height=\"183\" \/><\/a><\/p>\n<ul>\n<li><a href=\"http:\/\/seaworldparks.com\/en\/seaworld-orlando\/\">SeaWorld:<\/a> \u00a0<span style=\"color: #232323\">Para los amantes de los animales, SeaWorld es un lugar maravilloso para experimentar la combinaci\u00f3n entre un parque tem\u00e1tico y un zool\u00f3gico. Este parque ofrece la oportunidad de ver delfines, ballenas, lobos marinos, rayas y muchos otros animales. Tambi\u00e9n hay monta\u00f1as rusas y paseos aventureros. SeaWorld incluye un parque acu\u00e1tico en el que puedes tomar sol y ver a los animales.<\/span><\/li>\n<\/ul>\n<p><a href=\"http:\/\/blog.espol.edu.ec\/karmavil\/files\/2014\/06\/seaworld.jpg\"><img loading=\"lazy\" decoding=\"async\" class=\"alignnone size-full wp-image-52\" src=\"http:\/\/blog.espol.edu.ec\/karmavil\/files\/2014\/06\/seaworld.jpg\" alt=\"seaworld\" width=\"300\" height=\"300\" srcset=\"https:\/\/blog.espol.edu.ec\/karmavil\/files\/2014\/06\/seaworld.jpg 300w, https:\/\/blog.espol.edu.ec\/karmavil\/files\/2014\/06\/seaworld-150x150.jpg 150w\" sizes=\"auto, (max-width: 300px) 100vw, 300px\" \/><\/a><\/p>\n<ul>\n<li><span style=\"color: #232323\"><a href=\"http:\/\/www.cirquedusoleil.com\/en\/home\/shows.aspx\">Cirque du Soleil:<\/a> Si est\u00e1s en Orlando, La Nouba de\u00a0Cirque du<\/span><span style=\"color: #232323\">\u00a0Soleil es un espect\u00e1culo que no te puedes perder. Se encuentra en Downtown Disney y es popular en todas las edades. Este espect\u00e1culo se asegura de complacer y entretener a cada espectador. Las presentaciones se hacen a la noche, de martes a s\u00e1bado, y las entradas pueden ser compradas con 6 meses de anticipaci\u00f3n.<\/span><\/li>\n<\/ul>\n<p><a href=\"http:\/\/blog.espol.edu.ec\/karmavil\/files\/2014\/06\/cirue.jpg\"><img loading=\"lazy\" decoding=\"async\" class=\"alignnone size-full wp-image-53\" src=\"http:\/\/blog.espol.edu.ec\/karmavil\/files\/2014\/06\/cirue.jpg\" alt=\"cirque\" width=\"299\" height=\"168\" \/><\/a><\/p>\n<ul>\n<li>entre otros.<\/li>\n<\/ul>\n<p>&nbsp;<\/p>\n","protected":false},"excerpt":{"rendered":"<p>Orlando, Florida es un destino emocionante que atrae a miles de turistas cada a\u00f1o. Desde parques tem\u00e1ticos hasta restaurantes y espacios culturales, Orlando es una ciudad que tiene algo para ofrecerle a las personas de todas las edades.\u00a0 La mayor parte de las atracciones tur\u00edsticas de Orlando gira alrededor de los parques tem\u00e1ticos. El complejo &hellip; <\/p>\n<p><a class=\"more-link btn\" href=\"https:\/\/blog.espol.edu.ec\/karmavil\/orlando-florida\/\">Seguir leyendo<\/a><\/p>\n","protected":false},"author":9072,"featured_media":0,"parent":0,"menu_order":0,"comment_status":"open","ping_status":"open","template":"","meta":{"footnotes":""},"class_list":["post-49","page","type-page","status-publish","hentry","nodate","item-wrap"],"_links":{"self":[{"href":"https:\/\/blog.espol.edu.ec\/karmavil\/wp-json\/wp\/v2\/pages\/49","targetHints":{"allow":["GET"]}}],"collection":[{"href":"https:\/\/blog.espol.edu.ec\/karmavil\/wp-json\/wp\/v2\/pages"}],"about":[{"href":"https:\/\/blog.espol.edu.ec\/karmavil\/wp-json\/wp\/v2\/types\/page"}],"author":[{"embeddable":true,"href":"https:\/\/blog.espol.edu.ec\/karmavil\/wp-json\/wp\/v2\/users\/9072"}],"replies":[{"embeddable":true,"href":"https:\/\/blog.espol.edu.ec\/karmavil\/wp-json\/wp\/v2\/comments?post=49"}],"version-history":[{"count":3,"href":"https:\/\/blog.espol.edu.ec\/karmavil\/wp-json\/wp\/v2\/pages\/49\/revisions"}],"predecessor-version":[{"id":56,"href":"https:\/\/blog.espol.edu.ec\/karmavil\/wp-json\/wp\/v2\/pages\/49\/revisions\/56"}],"wp:attachment":[{"href":"https:\/\/blog.espol.edu.ec\/karmavil\/wp-json\/wp\/v2\/media?parent=49"}],"curies":[{"name":"wp","href":"https:\/\/api.w.org\/{rel}","templated":true}]}}