{"id":67,"date":"2014-06-10T00:23:36","date_gmt":"2014-06-10T05:23:36","guid":{"rendered":"http:\/\/blog.espol.edu.ec\/karmavil\/?page_id=67"},"modified":"2014-06-25T20:22:38","modified_gmt":"2014-06-26T01:22:38","slug":"paris-francia","status":"publish","type":"page","link":"https:\/\/blog.espol.edu.ec\/karmavil\/paris-francia\/","title":{"rendered":"Paris, Francia"},"content":{"rendered":"<p><span style=\"color: #000000\"><a href=\"http:\/\/en.parisinfo.com\/\">Par\u00eds<\/a> es la capital y mayor ciudad de Francia, situada a orillas del r\u00edo Sena, en el centro norte del pa\u00eds. Con una poblaci\u00f3n estimada de unos 10 millones de habitantes para el \u00e1rea metropolitana de Par\u00eds, domina de forma esencial la econom\u00eda y vida pol\u00edtica y cultural de Francia.<\/span><\/p>\n<p><a href=\"http:\/\/blog.espol.edu.ec\/karmavil\/files\/2014\/06\/paris1.jpg\"><img loading=\"lazy\" decoding=\"async\" class=\"alignnone size-medium wp-image-68\" src=\"http:\/\/blog.espol.edu.ec\/karmavil\/files\/2014\/06\/paris1-300x144.jpg\" alt=\"paris1\" width=\"300\" height=\"144\" srcset=\"https:\/\/blog.espol.edu.ec\/karmavil\/files\/2014\/06\/paris1-300x144.jpg 300w, https:\/\/blog.espol.edu.ec\/karmavil\/files\/2014\/06\/paris1.jpg 690w\" sizes=\"auto, (max-width: 300px) 100vw, 300px\" \/><\/a><\/p>\n<p><b>\u00bfQUE NO PUEDES PERDERTE?<\/b><\/p>\n<ul>\n<li><a href=\"http:\/\/www.toureiffel.paris\/\">Torre Eiffel:\u00a0<\/a>\u00a0<span style=\"color: #444444\">La <a href=\"http:\/\/www.paris.es\/torre-eiffel\">Torre Eiffel<\/a> es una construcci\u00f3n de hierro de<span class=\"apple-converted-space\">\u00a0<\/span><\/span>300 metros de altura<span class=\"apple-converted-space\">\u00a0que fue creada para la\u00a0<\/span>Exposici\u00f3n Universal de Par\u00eds de 1889. Actualmente constituye el s\u00edmbolo m\u00e1s representativo de Par\u00eds. \u00a0Es posible acceder a la torre\u00a0tanto en ascensor como por las escaleras, aunque antes de decidirse por la segunda opci\u00f3n es necesario saber que se trata de\u00a01.665 escalones.<\/li>\n<\/ul>\n<p><a href=\"http:\/\/blog.espol.edu.ec\/karmavil\/files\/2014\/06\/torre-eiffel-trocadero.jpg\"><img loading=\"lazy\" decoding=\"async\" class=\"alignnone size-full wp-image-70\" src=\"http:\/\/blog.espol.edu.ec\/karmavil\/files\/2014\/06\/torre-eiffel-trocadero.jpg\" alt=\"torre-eiffel-trocadero\" width=\"250\" height=\"188\" \/><\/a><\/p>\n<ul>\n<li><a href=\"http:\/\/www.louvre.fr\/en\">Museo del Louvre:<\/a>\u00a0El<span class=\"apple-converted-space\">\u00a0<\/span>Museo del Louvre<span class=\"apple-converted-space\">\u00a0<\/span>es el museo nacional de<span class=\"apple-converted-space\">\u00a0<\/span><a title=\"Francia\" href=\"http:\/\/es.wikipedia.org\/wiki\/Francia\"><span style=\"color: windowtext\">Francia<\/span><\/a><span class=\"apple-converted-space\">\u00a0<\/span>consagrado al arte anterior al<span class=\"apple-converted-space\">\u00a0<\/span><a title=\"Impresionismo\" href=\"http:\/\/es.wikipedia.org\/wiki\/Impresionismo\"><span style=\"color: windowtext\">impresionismo<\/span><\/a>, tanto<span class=\"apple-converted-space\">\u00a0<\/span><a title=\"Bellas artes\" href=\"http:\/\/es.wikipedia.org\/wiki\/Bellas_artes\"><span style=\"color: windowtext\">bellas artes<\/span><\/a><span class=\"apple-converted-space\">\u00a0<\/span>como <a title=\"Arqueolog\u00eda\" href=\"http:\/\/es.wikipedia.org\/wiki\/Arqueolog%C3%ADa\"><span style=\"color: windowtext\">arqueolog\u00eda<\/span><\/a><span class=\"apple-converted-space\">\u00a0<\/span>y<span class=\"apple-converted-space\">\u00a0<\/span><a title=\"Artes decorativas\" href=\"http:\/\/es.wikipedia.org\/wiki\/Artes_decorativas\"><span style=\"color: windowtext\">artes decorativas<\/span><\/a>. Es uno de los m\u00e1s importantes del mundo. Est\u00e1 ubicado en el antiguo palacio real del Louvre. \u00a0 \u00a0Sus extensas colecciones son el resultado de un doble esfuerzo hist\u00f3rico. Al coleccionismo desarrollado por la monarqu\u00eda francesa a lo largo de varios siglos, se sum\u00f3 el esfuerzo de los hombres de la Ilustraci\u00f3n, la labor desamortizadora de la<span class=\"apple-converted-space\">\u00a0<\/span><a title=\"Revoluci\u00f3n francesa\" href=\"http:\/\/es.wikipedia.org\/wiki\/Revoluci%C3%B3n_francesa\"><span style=\"color: windowtext\">Revoluci\u00f3n francesa<\/span><\/a><span class=\"apple-converted-space\">\u00a0<\/span>y las campa\u00f1as arqueol\u00f3gicas y compras impulsadas durante todo el siglo XIX. Es el museo de arte m\u00e1s visitado del mundo, muy famoso por sus obras maestras, especialmente<span class=\"apple-converted-space\">\u00a0<\/span><a title=\"La Gioconda\" href=\"http:\/\/es.wikipedia.org\/wiki\/La_Gioconda\"><span style=\"color: windowtext\">La Gioconda<\/span><\/a><span class=\"apple-converted-space\">\u00a0<\/span>de<span class=\"apple-converted-space\">\u00a0<\/span><a title=\"Leonardo da Vinci\" href=\"http:\/\/es.wikipedia.org\/wiki\/Leonardo_da_Vinci\"><span style=\"color: windowtext\">Leonardo da Vinci<\/span><\/a>.<\/li>\n<\/ul>\n<p><a href=\"http:\/\/blog.espol.edu.ec\/karmavil\/files\/2014\/06\/louvre.jpg\"><img loading=\"lazy\" decoding=\"async\" class=\"alignnone size-medium wp-image-71\" src=\"http:\/\/blog.espol.edu.ec\/karmavil\/files\/2014\/06\/louvre-300x125.jpg\" alt=\"louvre\" width=\"300\" height=\"125\" srcset=\"https:\/\/blog.espol.edu.ec\/karmavil\/files\/2014\/06\/louvre-300x125.jpg 300w, https:\/\/blog.espol.edu.ec\/karmavil\/files\/2014\/06\/louvre.jpg 600w\" sizes=\"auto, (max-width: 300px) 100vw, 300px\" \/><\/a><\/p>\n<ul>\n<li><a href=\"http:\/\/www.paris.es\/arco-triunfo\">El Arco del Triunfo:<\/a>\u00a0El Arco del Triunfo es<span style=\"color: #444444\">, junto a la\u00a0<\/span>Torre Eiffel<span style=\"color: #444444\">,\u00a0<\/span>el monumento m\u00e1s representativo de Par\u00eds<span style=\"color: #444444\">. Con unas dimensiones de\u00a0<\/span>50 metros de alto<span style=\"color: #444444\">\u00a0y una base de 45 por 22 metros, el Arco del Triunfo representa las victorias del ej\u00e9rcito franc\u00e9s bajo las \u00f3rdenes de Napole\u00f3n. \u00a0<\/span><span style=\"color: #444444\">El Arco del Triunfo ha sido testigo de\u00a0<\/span>innumerables momentos hist\u00f3ricos<span style=\"color: #444444\">\u00a0entre los que podr\u00edamos destacar: el paso de los restos mortales de Napole\u00f3n el 15 de diciembre de 1840 y los desfiles militares de las dos guerras mundiales en 1919 y 1944.<\/span><\/li>\n<\/ul>\n<p><a href=\"http:\/\/blog.espol.edu.ec\/karmavil\/files\/2014\/06\/arco.jpg\"><img loading=\"lazy\" decoding=\"async\" class=\"alignnone size-full wp-image-72\" src=\"http:\/\/blog.espol.edu.ec\/karmavil\/files\/2014\/06\/arco.jpg\" alt=\"arco\" width=\"250\" height=\"188\" \/><\/a><\/p>\n<ul>\n<li><a href=\"http:\/\/www.paris.es\/que-ver\">entre otros.<\/a><\/li>\n<\/ul>\n<p>&nbsp;<\/p>\n","protected":false},"excerpt":{"rendered":"<p>Par\u00eds es la capital y mayor ciudad de Francia, situada a orillas del r\u00edo Sena, en el centro norte del pa\u00eds. Con una poblaci\u00f3n estimada de unos 10 millones de habitantes para el \u00e1rea metropolitana de Par\u00eds, domina de forma esencial la econom\u00eda y vida pol\u00edtica y cultural de Francia. \u00bfQUE NO PUEDES PERDERTE? Torre &hellip; <\/p>\n<p><a class=\"more-link btn\" href=\"https:\/\/blog.espol.edu.ec\/karmavil\/paris-francia\/\">Seguir leyendo<\/a><\/p>\n","protected":false},"author":9072,"featured_media":0,"parent":0,"menu_order":0,"comment_status":"open","ping_status":"open","template":"","meta":{"footnotes":""},"class_list":["post-67","page","type-page","status-publish","hentry","nodate","item-wrap"],"_links":{"self":[{"href":"https:\/\/blog.espol.edu.ec\/karmavil\/wp-json\/wp\/v2\/pages\/67","targetHints":{"allow":["GET"]}}],"collection":[{"href":"https:\/\/blog.espol.edu.ec\/karmavil\/wp-json\/wp\/v2\/pages"}],"about":[{"href":"https:\/\/blog.espol.edu.ec\/karmavil\/wp-json\/wp\/v2\/types\/page"}],"author":[{"embeddable":true,"href":"https:\/\/blog.espol.edu.ec\/karmavil\/wp-json\/wp\/v2\/users\/9072"}],"replies":[{"embeddable":true,"href":"https:\/\/blog.espol.edu.ec\/karmavil\/wp-json\/wp\/v2\/comments?post=67"}],"version-history":[{"count":6,"href":"https:\/\/blog.espol.edu.ec\/karmavil\/wp-json\/wp\/v2\/pages\/67\/revisions"}],"predecessor-version":[{"id":80,"href":"https:\/\/blog.espol.edu.ec\/karmavil\/wp-json\/wp\/v2\/pages\/67\/revisions\/80"}],"wp:attachment":[{"href":"https:\/\/blog.espol.edu.ec\/karmavil\/wp-json\/wp\/v2\/media?parent=67"}],"curies":[{"name":"wp","href":"https:\/\/api.w.org\/{rel}","templated":true}]}}