{"id":55,"date":"2009-02-02T22:11:45","date_gmt":"2009-02-03T03:11:45","guid":{"rendered":"http:\/\/blog.espol.edu.ec\/karmenri\/?page_id=55"},"modified":"2009-02-02T22:11:45","modified_gmt":"2009-02-03T03:11:45","slug":"anorexia-bulimia-obesidad","status":"publish","type":"page","link":"https:\/\/blog.espol.edu.ec\/karmenri\/anorexia-bulimia-obesidad\/","title":{"rendered":"Anorexia, Bulimia, Obesidad"},"content":{"rendered":"<h4><span style=\"color: #800000\">Anorexia, obesidad y bulimia est\u00e1n actualmente entre las alteraciones de alimentaci\u00f3n y comportamiento m\u00e1s frecuentes entre los 12 y 20 a\u00f1os.<\/span><\/h4>\n<h4><span style=\"color: #800000\">Esta p\u00e1gina est\u00e1 dirigida a la poblaci\u00f3n adolescente, y quiere proporconar un poco de informaci\u00f3n sobre estos temas.<\/span><\/h4>\n<h4 style=\"text-align: justify\"><span style=\"color: #800000\">Cada uno de los tres apartados proporciona una definici\u00f3n de la alteraci\u00f3n, sus causas m\u00e1s comunes, c\u00f3mo se puede reconocer desde dentro (uno mismo) y desde fuera (amigos, padres) que algo est\u00e1 pasando, y a d\u00f3nde acudir a buscar informaci\u00f3n detallada y soluciones.<\/span><\/h4>\n<p><object width=\"425\" height=\"344\"><param name=\"movie\" value=\"http:\/\/www.youtube.com\/v\/94c43AlwLKo&amp;hl=en&amp;fs=1\"><\/param><param name=\"allowFullScreen\" value=\"true\"><\/param><param name=\"allowscriptaccess\" value=\"always\"><\/param><embed src=\"http:\/\/www.youtube.com\/v\/94c43AlwLKo&amp;hl=en&amp;fs=1\" type=\"application\/x-shockwave-flash\" width=\"425\" height=\"344\"><\/embed><\/object><\/p>\n","protected":false},"excerpt":{"rendered":"<p>Anorexia, obesidad y bulimia est\u00e1n actualmente entre las alteraciones de alimentaci\u00f3n y comportamiento m\u00e1s frecuentes entre los 12 y 20 a\u00f1os. Esta p\u00e1gina est\u00e1 dirigida a la poblaci\u00f3n adolescente, y quiere proporconar un poco de informaci\u00f3n sobre estos temas. Cada uno de los tres apartados proporciona una definici\u00f3n de la alteraci\u00f3n, sus causas m\u00e1s comunes, <a href=\"https:\/\/blog.espol.edu.ec\/karmenri\/anorexia-bulimia-obesidad\/\">Continue reading &#8594;<\/a><\/p>\n","protected":false},"author":803,"featured_media":0,"parent":0,"menu_order":0,"comment_status":"open","ping_status":"open","template":"","meta":{"footnotes":""},"class_list":["post-55","page","type-page","status-publish","hentry"],"_links":{"self":[{"href":"https:\/\/blog.espol.edu.ec\/karmenri\/wp-json\/wp\/v2\/pages\/55","targetHints":{"allow":["GET"]}}],"collection":[{"href":"https:\/\/blog.espol.edu.ec\/karmenri\/wp-json\/wp\/v2\/pages"}],"about":[{"href":"https:\/\/blog.espol.edu.ec\/karmenri\/wp-json\/wp\/v2\/types\/page"}],"author":[{"embeddable":true,"href":"https:\/\/blog.espol.edu.ec\/karmenri\/wp-json\/wp\/v2\/users\/803"}],"replies":[{"embeddable":true,"href":"https:\/\/blog.espol.edu.ec\/karmenri\/wp-json\/wp\/v2\/comments?post=55"}],"version-history":[{"count":2,"href":"https:\/\/blog.espol.edu.ec\/karmenri\/wp-json\/wp\/v2\/pages\/55\/revisions"}],"predecessor-version":[{"id":57,"href":"https:\/\/blog.espol.edu.ec\/karmenri\/wp-json\/wp\/v2\/pages\/55\/revisions\/57"}],"wp:attachment":[{"href":"https:\/\/blog.espol.edu.ec\/karmenri\/wp-json\/wp\/v2\/media?parent=55"}],"curies":[{"name":"wp","href":"https:\/\/api.w.org\/{rel}","templated":true}]}}