{"id":82,"date":"2009-02-15T21:30:56","date_gmt":"2009-02-16T02:30:56","guid":{"rendered":"http:\/\/blog.espol.edu.ec\/karmenri\/?page_id=82"},"modified":"2009-02-15T21:34:40","modified_gmt":"2009-02-16T02:34:40","slug":"obesidad","status":"publish","type":"page","link":"https:\/\/blog.espol.edu.ec\/karmenri\/obesidad\/","title":{"rendered":"OBESIDAD"},"content":{"rendered":"<p class=\"MsoNormal\" style=\"margin: 0cm 0cm 10pt;text-align: center\" align=\"center\"><strong><em><span style=\"text-decoration: underline\"><span style=\"font-size: 16pt;color: #8064a2\"><span style=\"font-family: Calibri\">\u00bfQUE ES LA OBESIDAD?<\/span><\/span><\/span><\/em><\/strong><\/p>\n<p class=\"MsoNormal\" style=\"margin: 0cm 0cm 10pt;text-align: justify\"><span style=\"font-size: small;font-family: Calibri\">\u00a0<\/span><\/p>\n<p class=\"MsoNormal\" style=\"margin: 0cm 0cm 10pt;text-align: justify\"><em><span style=\"font-size: 14pt;color: #4f6228\"><span style=\"font-family: Calibri\">La obesidad es una enfermedad cr\u00f3nica que se caracteriza por el exceso de grasa en el organismo y se presenta cuando el \u00cdndice de Masa Corporal en el adulto es mayor de 30 (peso en Kg\/Talla2en m). No distingue color de piel, edad, nivel socioecon\u00f3mico, sexo o situaci\u00f3n geogr\u00e1fica, pero es la enfermedad nutricional m\u00e1s frecuente en los pa\u00edses desarrollados.<\/span><\/span><\/em><\/p>\n<p class=\"MsoNormal\" style=\"margin: 0cm 0cm 10pt;text-align: justify\"><em><span style=\"font-size: 14pt;color: #4f6228\"><span style=\"font-family: Calibri\">Anteriormente se consideraba a la persona con sobrepeso como una persona que gozaba de buena salud, sin embargo ahora se sabe que la obesidad tiene m\u00faltiples consecuencias en nuestra salud: est\u00e1 fuertemente relacionada con enfermedades cardiovasculares, dermatol\u00f3gicas, gastrointestinales, osteoarticulares, diabetes, etc.<\/span><\/span><\/em><\/p>\n<p class=\"MsoNormal\" style=\"margin: 0cm 0cm 10pt;text-align: justify\"><em><span style=\"font-size: 14pt;color: #4f6228\"><span style=\"font-family: Calibri\">Adem\u00e1s, un ni\u00f1o obeso o un adolescente obeso tienen muchas probabilidades de ser adultos obesos. Y esas dos etapas de la vida son periodos cr\u00edticos en la posible aparici\u00f3n de la enfermedad.<\/span><\/span><\/em><\/p>\n<p><object width=\"425\" height=\"344\"><param name=\"allowFullScreen\" value=\"true\" \/><param name=\"allowscriptaccess\" value=\"always\" \/><param name=\"src\" value=\"http:\/\/www.youtube.com\/v\/1_vKUdwd7cE&amp;hl=en&amp;fs=1\" \/><embed type=\"application\/x-shockwave-flash\" width=\"425\" height=\"344\" src=\"http:\/\/www.youtube.com\/v\/1_vKUdwd7cE&amp;hl=en&amp;fs=1\"><\/embed><\/object><\/p>\n<p class=\"MsoNormal\" style=\"margin: 0cm 0cm 10pt;text-align: center\" align=\"center\"><strong><em><span style=\"text-decoration: underline\"><span style=\"font-size: 14pt;color: #8064a2\"><span style=\"font-family: Calibri\">SINTOMAS<\/span><\/span><\/span><\/em><\/strong><\/p>\n<p class=\"MsoNormal\" style=\"margin: 0cm 0cm 10pt;text-align: justify\"><em><span style=\"font-size: 14pt;color: #4f6228\"><span style=\"font-family: Calibri\">El s\u00edntoma m\u00e1s caracter\u00edstico y evidente es el incremento de peso y de volumen por parte de la persona. <\/span><\/span><\/em><\/p>\n<p class=\"MsoNormal\" style=\"margin: 0cm 0cm 10pt;text-align: justify\"><em><span style=\"font-size: 14pt;color: #4f6228\"><span style=\"font-family: Calibri\">Otros s\u00edntomas comunes que indican que un adolescente es obeso, aunque cada adolescente puede experimentarlos de una forma diferente. <\/span><\/span><\/em><\/p>\n<p class=\"MsoNormal\" style=\"margin: 0cm 0cm 10pt;text-align: justify\"><em><span style=\"font-size: 14pt;color: #4f6228\"><span style=\"font-family: Calibri\">Pueden ser:<span>\u00a0 <\/span><\/span><\/span><\/em><\/p>\n<p class=\"MsoListParagraphCxSpFirst\" style=\"margin: 0cm 0cm 0pt 36pt;text-align: justify\"><span style=\"font-size: 14pt;color: #4f6228;font-family: Wingdings\"><span>\u00d8<span style=\"font: 7pt &quot;Times New Roman&quot\"> <\/span><\/span><\/span><em><span style=\"font-size: 14pt;color: #4f6228\"><span style=\"font-family: Calibri\">los rasgos faciales pueden parecer desproporcionados <\/span><\/span><\/em><\/p>\n<p class=\"MsoListParagraphCxSpMiddle\" style=\"margin: 0cm 0cm 0pt 36pt;text-align: justify\"><span style=\"font-size: 14pt;color: #4f6228;font-family: Wingdings\"><span>\u00d8<span style=\"font: 7pt &quot;Times New Roman&quot\"> <\/span><\/span><\/span><em><span style=\"font-size: 14pt;color: #4f6228\"><span style=\"font-family: Calibri\">en los varones, adiposidad (c\u00e9lulas adiposas ) en la regi\u00f3n de los senos <\/span><\/span><\/em><\/p>\n<p class=\"MsoListParagraphCxSpMiddle\" style=\"margin: 0cm 0cm 0pt 36pt;text-align: justify\"><span style=\"font-size: 14pt;color: #4f6228;font-family: Wingdings\"><span>\u00d8<span style=\"font: 7pt &quot;Times New Roman&quot\"> <\/span><\/span><\/span><em><span style=\"font-size: 14pt;color: #4f6228\"><span style=\"font-family: Calibri\">abdomen de gran tama\u00f1o (a veces se presentan marcas blancas o p\u00farpura) <\/span><\/span><\/em><\/p>\n<p class=\"MsoListParagraphCxSpMiddle\" style=\"margin: 0cm 0cm 0pt 36pt;text-align: justify\"><span style=\"font-size: 14pt;color: #4f6228;font-family: Wingdings\"><span>\u00d8<span style=\"font: 7pt &quot;Times New Roman&quot\"> <\/span><\/span><\/span><em><span style=\"font-size: 14pt;color: #4f6228\"><span style=\"font-family: Calibri\">en los varones, los genitales externos pueden parecer desproporcionadamente peque\u00f1os <\/span><\/span><\/em><\/p>\n<p class=\"MsoListParagraphCxSpMiddle\" style=\"margin: 0cm 0cm 0pt 36pt;text-align: justify\"><span style=\"font-size: 14pt;color: #4f6228;font-family: Wingdings\"><span>\u00d8<span style=\"font: 7pt &quot;Times New Roman&quot\"> <\/span><\/span><\/span><em><span style=\"font-size: 14pt;color: #4f6228\"><span style=\"font-family: Calibri\">la pubertad puede producirse a una edad temprana <\/span><\/span><\/em><\/p>\n<p class=\"MsoListParagraphCxSpLast\" style=\"margin: 0cm 0cm 10pt 36pt;text-align: justify\"><span style=\"font-size: 14pt;color: #4f6228;font-family: Wingdings\"><span>\u00d8<span style=\"font: 7pt &quot;Times New Roman&quot\"> <\/span><\/span><\/span><em><span style=\"font-size: 14pt;color: #4f6228\"><span style=\"font-family: Calibri\">aumento de adiposidad, especialmente en los muslos y parte superior de los brazos <\/span><\/span><\/em><\/p>\n<p class=\"MsoNormal\" style=\"margin: 0cm 0cm 10pt;text-align: justify\"><em><span style=\"font-size: 14pt;color: #4f6228\"><span style=\"font-family: Calibri\">Los adolescentes obesos generalmente experimentan una significativa presi\u00f3n social, estr\u00e9s y dificultades para cumplir las tareas de desarrollo. Las perturbaciones psicol\u00f3gicas tambi\u00e9n son muy comunes. Los s\u00edntomas de la obesidad pueden parecerse a los de otros trastornos o problemas m\u00e9dicos. <\/span><\/span><\/em><\/p>\n","protected":false},"excerpt":{"rendered":"<p>\u00bfQUE ES LA OBESIDAD? \u00a0 La obesidad es una enfermedad cr\u00f3nica que se caracteriza por el exceso de grasa en el organismo y se presenta cuando el \u00cdndice de Masa Corporal en el adulto es mayor de 30 (peso en Kg\/Talla2en m). No distingue color de piel, edad, nivel socioecon\u00f3mico, sexo o situaci\u00f3n geogr\u00e1fica, pero <a href=\"https:\/\/blog.espol.edu.ec\/karmenri\/obesidad\/\">Continue reading &#8594;<\/a><\/p>\n","protected":false},"author":803,"featured_media":0,"parent":0,"menu_order":0,"comment_status":"open","ping_status":"open","template":"","meta":{"footnotes":""},"class_list":["post-82","page","type-page","status-publish","hentry"],"_links":{"self":[{"href":"https:\/\/blog.espol.edu.ec\/karmenri\/wp-json\/wp\/v2\/pages\/82","targetHints":{"allow":["GET"]}}],"collection":[{"href":"https:\/\/blog.espol.edu.ec\/karmenri\/wp-json\/wp\/v2\/pages"}],"about":[{"href":"https:\/\/blog.espol.edu.ec\/karmenri\/wp-json\/wp\/v2\/types\/page"}],"author":[{"embeddable":true,"href":"https:\/\/blog.espol.edu.ec\/karmenri\/wp-json\/wp\/v2\/users\/803"}],"replies":[{"embeddable":true,"href":"https:\/\/blog.espol.edu.ec\/karmenri\/wp-json\/wp\/v2\/comments?post=82"}],"version-history":[{"count":5,"href":"https:\/\/blog.espol.edu.ec\/karmenri\/wp-json\/wp\/v2\/pages\/82\/revisions"}],"predecessor-version":[{"id":87,"href":"https:\/\/blog.espol.edu.ec\/karmenri\/wp-json\/wp\/v2\/pages\/82\/revisions\/87"}],"wp:attachment":[{"href":"https:\/\/blog.espol.edu.ec\/karmenri\/wp-json\/wp\/v2\/media?parent=82"}],"curies":[{"name":"wp","href":"https:\/\/api.w.org\/{rel}","templated":true}]}}