{"id":10,"date":"2009-03-01T11:37:56","date_gmt":"2009-03-01T16:37:56","guid":{"rendered":"http:\/\/blog.espol.edu.ec\/kataloor\/?page_id=10"},"modified":"2010-03-03T16:42:48","modified_gmt":"2010-03-03T21:42:48","slug":"mis-datos-personales","status":"publish","type":"page","link":"https:\/\/blog.espol.edu.ec\/kataloor\/mis-datos-personales\/","title":{"rendered":"Kata"},"content":{"rendered":"<p><strong><\/strong><\/p>\n<div><strong><\/strong><\/div>\n<div><strong><\/strong><\/div>\n<div><strong><\/strong><\/div>\n<p>\u00a0<\/p>\n<div id=\"attachment_15\" style=\"width: 110px\" class=\"wp-caption aligncenter\"><a title=\"Mi Sitio Web\" href=\"http:\/\/www.icm.espol.edu.ec\/estudiantes\/2008\/200817690\"><img loading=\"lazy\" decoding=\"async\" aria-describedby=\"caption-attachment-15\" class=\"size-medium wp-image-15\" src=\"http:\/\/blog.espol.edu.ec\/kataloor\/files\/2009\/03\/pmmkhd999232-01.jpg\" alt=\"KATHERINE\" width=\"100\" height=\"100\" \/><\/a><p id=\"caption-attachment-15\" class=\"wp-caption-text\">KATHERINE<\/p><\/div>\n<p><strong>Nombres:<\/strong> Katherine Andre\u00edna Loor Valeriano<\/p>\n<p><strong>Edad:<\/strong> 18 a\u00f1os<\/p>\n<p><strong>Fecha de Nacimiento<\/strong>: 29 de Octubre de 1990<\/p>\n<p><strong>Estado Civil<\/strong>: Soltera<\/p>\n<p><strong>Nacionalidad<\/strong>: Euatoriana<\/p>\n<p><strong>Mail:<\/strong> <a href=\"mailto:kataloor@espol.edu.ec\">kataloor@espol.edu.ec<\/a><\/p>\n<p><strong>Estudios Realizados:<\/strong><\/p>\n<ul>\n<li><strong>Primaria:<\/strong> Escuela Corina Parral de Velasco Ibarra<\/li>\n<li><strong>Secundaria:<\/strong> Academia Naval Almirante Illingworth<\/li>\n<li><strong>Superiores:<\/strong> Escuela Superior Polit\u00e9cnica del Litoral<\/li>\n<\/ul>\n<p><strong>\u00a0\u00a0\u00a0\u00a0\u00a0\u00a0\u00a0\u00a0\u00a0\u00a0\u00a0\u00a0\u00a0 Carrera: <\/strong>Ingenier\u00eda en Auditor\u00eda y Control de Gesti\u00f3n.<\/p>\n<p><strong>\u00a0\u00a0\u00a0\u00a0\u00a0\u00a0\u00a0\u00a0\u00a0\u00a0\u00a0\u00a0\u00a0 Instituci\u00f3n:<\/strong> Instituto de Ciencias Matem\u00e1ticas.<\/p>\n<p><strong>Hobbies:<\/strong><\/p>\n<ul>\n<li>Ver televisi\u00f3n<\/li>\n<li>Resolver el sudoku<\/li>\n<li>Jugar basquet y un poquito de f\u00fatbol<\/li>\n<\/ul>\n<p><strong>Programas de Televisi\u00f3n:<\/strong><\/p>\n<ul>\n<li>Telenovelas como: Victoria, El rostro de Anal\u00eda<\/li>\n<li>Caricaturas<\/li>\n<li>Programas de Far\u00e1ndula<\/li>\n<li>Noticias<\/li>\n<\/ul>\n<p><strong>Cantantes Favoritos<\/strong>:<\/p>\n<ul>\n<li>Axel<\/li>\n<li>Sin Bandera<\/li>\n<li>David Bisbal<\/li>\n<li>Reik<\/li>\n<\/ul>\n<p>Y sobre todo mi canci\u00f3 favorita es: <strong>\"Tengo un Amor\" de Pablo Herrera.<\/strong><br \/>\n<object width=\"425\" height=\"344\"><param name=\"allowFullScreen\" value=\"true\" \/><param name=\"allowscriptaccess\" value=\"always\" \/><param name=\"src\" value=\"http:\/\/www.youtube.com\/v\/GGDWZnd--PU&amp;hl=es&amp;fs=1\" \/><embed type=\"application\/x-shockwave-flash\" width=\"425\" height=\"344\" src=\"http:\/\/www.youtube.com\/v\/GGDWZnd--PU&amp;hl=es&amp;fs=1\"><\/embed><\/object><\/p>\n","protected":false},"excerpt":{"rendered":"<p>\u00a0 Nombres: Katherine Andre\u00edna Loor Valeriano Edad: 18 a\u00f1os Fecha de Nacimiento: 29 de Octubre de 1990 Estado Civil: Soltera Nacionalidad: Euatoriana Mail: kataloor@espol.edu.ec Estudios Realizados: Primaria: Escuela Corina Parral de Velasco Ibarra Secundaria: Academia Naval Almirante Illingworth Superiores: Escuela Superior Polit\u00e9cnica del Litoral \u00a0\u00a0\u00a0\u00a0\u00a0\u00a0\u00a0\u00a0\u00a0\u00a0\u00a0\u00a0\u00a0 Carrera: Ingenier\u00eda en Auditor\u00eda y Control de Gesti\u00f3n. \u00a0\u00a0\u00a0\u00a0\u00a0\u00a0\u00a0\u00a0\u00a0\u00a0\u00a0\u00a0\u00a0 Instituci\u00f3n: [&hellip;]<\/p>\n","protected":false},"author":1310,"featured_media":0,"parent":0,"menu_order":0,"comment_status":"open","ping_status":"open","template":"","meta":{"footnotes":""},"class_list":["post-10","page","type-page","status-publish","hentry"],"_links":{"self":[{"href":"https:\/\/blog.espol.edu.ec\/kataloor\/wp-json\/wp\/v2\/pages\/10","targetHints":{"allow":["GET"]}}],"collection":[{"href":"https:\/\/blog.espol.edu.ec\/kataloor\/wp-json\/wp\/v2\/pages"}],"about":[{"href":"https:\/\/blog.espol.edu.ec\/kataloor\/wp-json\/wp\/v2\/types\/page"}],"author":[{"embeddable":true,"href":"https:\/\/blog.espol.edu.ec\/kataloor\/wp-json\/wp\/v2\/users\/1310"}],"replies":[{"embeddable":true,"href":"https:\/\/blog.espol.edu.ec\/kataloor\/wp-json\/wp\/v2\/comments?post=10"}],"version-history":[{"count":13,"href":"https:\/\/blog.espol.edu.ec\/kataloor\/wp-json\/wp\/v2\/pages\/10\/revisions"}],"predecessor-version":[{"id":12,"href":"https:\/\/blog.espol.edu.ec\/kataloor\/wp-json\/wp\/v2\/pages\/10\/revisions\/12"}],"wp:attachment":[{"href":"https:\/\/blog.espol.edu.ec\/kataloor\/wp-json\/wp\/v2\/media?parent=10"}],"curies":[{"name":"wp","href":"https:\/\/api.w.org\/{rel}","templated":true}]}}