{"id":205,"date":"2009-11-22T17:24:03","date_gmt":"2009-11-22T21:24:03","guid":{"rendered":"http:\/\/blog.espol.edu.ec\/kategarc\/?page_id=205"},"modified":"2009-11-22T17:28:29","modified_gmt":"2009-11-22T21:28:29","slug":"katiiita-bailando-%c2%bfnovedad","status":"publish","type":"page","link":"https:\/\/blog.espol.edu.ec\/kategarc\/%c2%bfquien-soy\/katiiita-bailando-%c2%bfnovedad\/","title":{"rendered":"Katiiita bailando.. \u00bfNovedad? =)"},"content":{"rendered":"<h2><span style=\"color: #ffff00\"><em>.... Finalmente:<\/em><\/span><\/h2>\n<h4><span style=\"color: #c0c0c0\">Despu\u00e8s de que han le\u00ecdo y conocen un poquito de m\u00ec, pues no est\u00e0 de m\u00e0s mostrarles un par de videos en los que aparezco haciendo un poco de lo que me gusta!<\/span><\/h4>\n<p style=\"text-align: center\"><span style=\"color: #ffffff\">As\u00ec que los invito a observarlos...\u00a0 Critiquen, Critiquen jaja!<\/span><\/p>\n<p style=\"text-align: center\">\u00a0<\/p>\n<p style=\"text-align: center\">\u00a0<span style=\"color: #ffcc00\"><span style=\"text-decoration: underline\">ENSAYO GRUPO ESPOL<\/span><\/span><\/p>\n<p><object width=\"480\" height=\"385\" data=\"http:\/\/www.youtube.com\/v\/14Ade9b77jA&amp;hl=en_US&amp;fs=1&amp;color1=0xe1600f&amp;color2=0xfebd01\" type=\"application\/x-shockwave-flash\"><param name=\"allowFullScreen\" value=\"true\" \/><param name=\"allowscriptaccess\" value=\"always\" \/><param name=\"src\" value=\"http:\/\/www.youtube.com\/v\/14Ade9b77jA&amp;hl=en_US&amp;fs=1&amp;color1=0xe1600f&amp;color2=0xfebd01\" \/><param name=\"allowfullscreen\" value=\"true\" \/><\/object><\/p>\n<p><span style=\"color: #c0c0c0\">Este video fue grabado en el <a href=\"http:\/\/es.wikipedia.org\/wiki\/Gimnasio\" target=\"_blank\">Gymnasio<\/a>\u00a0del <a href=\"http:\/\/www.espol.edu.ec\/espol\/main.jsp?urlpage=campus.jsp&amp;campus=2#c2\" target=\"_blank\">Campus Pe\u00f1as <\/a>(ESPOL). El\u00a0\u00e0rea de aer\u00f2bicos es el lugar de ensayos del GRUPO ESPOL que es un conjunto de chicos h\u00e0biles para el baile que presentaron su propuesta a la instituci\u00f2n para formarse.\u00a0\u00a0Sus integrantes son: Tati, Angel, Vivi, Cheo y Celina qui\u00e8nes se desempe\u00f1an excelentemente! Chicos... ADELANTE! Hacen un estupendo trabajo! <\/span><\/p>\n<p>\u00a0<\/p>\n<p><span style=\"color: #ffffff\"><em><span style=\"color: #999999\">Psdt: Much\u00ecsimas gracias por haberme dado la oportunidad de pertenecer al grupo, aunque haya sido\u00a0por poco tiempo, fue una experiencia maravillosa. Gracias Javi por su confianza!.\u00a0Les deseo mucha suerte chicos, el esfuerzo vale la pena y los frutos de su perseverancia se ver\u00e0n prontito! As\u00ec q \u00e0nimo, a seguir... <\/span><\/em><\/span><\/p>\n","protected":false},"excerpt":{"rendered":"<p>.... Finalmente: Despu\u00e8s de que han le\u00ecdo y conocen un poquito de m\u00ec, pues no est\u00e0 de m\u00e0s mostrarles un par de videos en los que aparezco haciendo un poco de lo que me gusta! As\u00ec que los invito a observarlos...\u00a0 Critiquen, Critiquen jaja! \u00a0 \u00a0ENSAYO GRUPO ESPOL Este video fue grabado en el Gymnasio\u00a0del [&hellip;]<\/p>\n","protected":false},"author":3028,"featured_media":0,"parent":48,"menu_order":1,"comment_status":"open","ping_status":"open","template":"","meta":{"footnotes":""},"class_list":["post-205","page","type-page","status-publish","hentry"],"_links":{"self":[{"href":"https:\/\/blog.espol.edu.ec\/kategarc\/wp-json\/wp\/v2\/pages\/205","targetHints":{"allow":["GET"]}}],"collection":[{"href":"https:\/\/blog.espol.edu.ec\/kategarc\/wp-json\/wp\/v2\/pages"}],"about":[{"href":"https:\/\/blog.espol.edu.ec\/kategarc\/wp-json\/wp\/v2\/types\/page"}],"author":[{"embeddable":true,"href":"https:\/\/blog.espol.edu.ec\/kategarc\/wp-json\/wp\/v2\/users\/3028"}],"replies":[{"embeddable":true,"href":"https:\/\/blog.espol.edu.ec\/kategarc\/wp-json\/wp\/v2\/comments?post=205"}],"version-history":[{"count":5,"href":"https:\/\/blog.espol.edu.ec\/kategarc\/wp-json\/wp\/v2\/pages\/205\/revisions"}],"predecessor-version":[{"id":208,"href":"https:\/\/blog.espol.edu.ec\/kategarc\/wp-json\/wp\/v2\/pages\/205\/revisions\/208"}],"up":[{"embeddable":true,"href":"https:\/\/blog.espol.edu.ec\/kategarc\/wp-json\/wp\/v2\/pages\/48"}],"wp:attachment":[{"href":"https:\/\/blog.espol.edu.ec\/kategarc\/wp-json\/wp\/v2\/media?parent=205"}],"curies":[{"name":"wp","href":"https:\/\/api.w.org\/{rel}","templated":true}]}}