{"id":38,"date":"2009-11-18T04:04:23","date_gmt":"2009-11-18T08:04:23","guid":{"rendered":"http:\/\/blog.espol.edu.ec\/kategarc\/?page_id=38"},"modified":"2009-11-22T12:38:31","modified_gmt":"2009-11-22T16:38:31","slug":"amate","status":"publish","type":"page","link":"https:\/\/blog.espol.edu.ec\/kategarc\/amate\/","title":{"rendered":"\u00a1\u00c0mate!"},"content":{"rendered":"<p>\u00a0<\/p>\n<p>Toda persona tiene en su interior <a href=\"http:\/\/es.wikipedia.org\/wiki\/Sentimiento\" target=\"_blank\">sentimientos<\/a>, que seg\u00fan su <a href=\"http:\/\/es.wikipedia.org\/wiki\/Personalidad\" target=\"_blank\">personalidad <\/a>puede manifestarlos de diferentes maneras. Muchas veces esta manifestaciones dependen de otros factores, seg\u00fan el lugar f\u00edsico, sentimental y emocional, \u00e9stos pueden influir positiva o negativamente en la formaci\u00f3n de la persona o sea en la <a href=\"http:\/\/www.monografias.com\/trabajos5\/autoest\/autoest.shtml\"><ins datetime=\"2009-11-22T00:39:53+00:00\">Autoestima<\/ins><\/a>.<\/p>\n<p><img loading=\"lazy\" decoding=\"async\" class=\"aligncenter size-full wp-image-63\" src=\"http:\/\/blog.espol.edu.ec\/kategarc\/files\/2009\/11\/autoestimaaa.jpg\" alt=\"autoestimaaa\" width=\"480\" height=\"200\" srcset=\"https:\/\/blog.espol.edu.ec\/kategarc\/files\/2009\/11\/autoestimaaa.jpg 480w, https:\/\/blog.espol.edu.ec\/kategarc\/files\/2009\/11\/autoestimaaa-300x125.jpg 300w\" sizes=\"auto, (max-width: 480px) 100vw, 480px\" \/><\/p>\n<p style=\"text-align: center\"><strong><span style=\"color: #ffff99\"><em>\u00bfPOR QU\u00c9 NECESITAMOS AUTOESTIMA?<\/em><\/span><\/strong><\/p>\n<p style=\"text-align: left\">La vida humana es el transcurrir de experiencias y eventos con los que entramos en contacto; un transcurrir en ritmos y fluctuaciones; un ir y venir de flujos y reflujos. En este devenir, podemos llegar a vivir momentos altos y momentos bajos.<\/p>\n<p><object width=\"340\" height=\"285\" data=\"http:\/\/www.youtube-nocookie.com\/v\/CnIc-h-_NVs&amp;hl=en_US&amp;fs=1&amp;color1=0x5d1719&amp;color2=0xcd311b&amp;border=1\" type=\"application\/x-shockwave-flash\"><param name=\"allowFullScreen\" value=\"true\" \/><param name=\"allowscriptaccess\" value=\"always\" \/><param name=\"src\" value=\"http:\/\/www.youtube-nocookie.com\/v\/CnIc-h-_NVs&amp;hl=en_US&amp;fs=1&amp;color1=0x5d1719&amp;color2=0xcd311b&amp;border=1\" \/><\/object><\/p>\n<p>La relaci\u00f3n social, generalmente signada por cambios r\u00e1pidos y frecuentes, y por una elevada competitividad, nos obligan a permanentes readaptaciones. En ciertas circunstancias, nuestro sentido de valor personal y de confianza en las propias capacidades pueden verse afectados y hacernos creer que vivimos a merced de las contingencias. En esos momentos la confusi\u00f3n, la impotencia y la frustraci\u00f3n producidas por el no logro, nos lleva a dudar de nuestro poder creador, de la capacidad natural de restablecernos, y es entonces cuando optamos por crear y a veces sostener conductas autodestructivas, lejanas al bienestar generado por la Autoestima, es decir, por la consciencia, el amor incondicional y la confianza en uno mismo. Los seres humanos, somos \"la \u00fanica especie capaz de traicionar y actuar contra nuestros medios de supervivencia\".<\/p>\n<p style=\"text-align: center\"><img loading=\"lazy\" decoding=\"async\" class=\"size-thumbnail wp-image-70      aligncenter\" src=\"http:\/\/blog.espol.edu.ec\/kategarc\/files\/2009\/11\/6im1-150x150.jpg\" alt=\"6im1\" width=\"150\" height=\"150\" \/><\/p>\n<h3 style=\"text-align: center\"><span style=\"color: #ffff99\">\u00bfC\u00f2mo identificar una persona con <\/span><a href=\"http:\/\/www.laautoestima.com\/baja-autoestima.htm\"><span style=\"color: #ffff99\">baja autoestima<\/span><\/a><span style=\"color: #ffff99\">?<\/span><\/h3>\n<p>A continuaci\u00f2n encontraremos algunos comportamientos, tales como:<\/p>\n<p>\u2022 <a href=\"http:\/\/www.cop.es\/colegiados\/A-00512\/mentira.html\">Mentir <\/a><br \/>\n\u2022 Irrespetar a las personas<br \/>\n\u2022 <a href=\"http:\/\/mundisensor.blogspot.com\/2009\/06\/preocuparse-por-el-futuro.html\">Preocuparse por el futuro <\/a><br \/>\n\u2022 Actuar con indiferencia<br \/>\n\u2022 <a href=\"http:\/\/es.wikipedia.org\/wiki\/Complejo_de_superioridad\" target=\"_blank\">Creerse superior<br \/>\n<\/a>\u2022 Descuidar el cuerpo<br \/>\n\u2022 Negarse a ver otros puntos de vista<br \/>\n\u2022 Negarse a la intimidad emocional<br \/>\n\u2022 <a href=\"http:\/\/www.analitica.com\/va\/internacionales\/opinion\/1914991.asp\">Vivir aburrido<\/a>, resentido o asustado<br \/>\n\u2022 Desconocer, negar o inhibir los talentos<br \/>\n\u2022 Vivir de manera ansiosa y desenfrenada<br \/>\n\u2022 Descuidar la imagen u obsesionarse con ella<br \/>\n\u2022 Desarrollar <a href=\"http:\/\/www.hipnosisnet.com.ar\/Enfermedades_Psicosomaticas_7.htm\">enfermedades psicosom\u00e1ticas <\/a><br \/>\n\u2022 Seguir la <a href=\"http:\/\/es.wikipedia.org\/wiki\/Moda\" target=\"_blank\">moda <\/a>y sufrir si no estamos \"al d\u00eda\"<br \/>\n\u2022 La maternidad y paternidad irresponsables<br \/>\n\u2022 Improvisar la vida, pudiendo planificarla<br \/>\n\u2022 Descuidar la salud como si no fuera importante<br \/>\n\u2022 Negarse a aprender<br \/>\n\u2022 Idolatrar a otras personas<br \/>\n\u2022 (<a href=\"http:\/\/es.wikipedia.org\/wiki\/Envidia\">Envidia<\/a>)<br \/>\n\u2022 Actuar t\u00edmidamente<br \/>\n\u2022 Dar compulsivamente para ganar aprobaci\u00f3n<br \/>\n\u2022 Invadir el espacio de otros sin autorizaci\u00f3n<br \/>\n\u2022 Depender de otros pudiendo ser independientes<br \/>\n\u2022 <a href=\"http:\/\/es.wikipedia.org\/wiki\/Moda\" target=\"_blank\">Celar <\/a>de manera desmedida a amigos o a la pareja<br \/>\n\u2022 Compulsi\u00f3n por obtener t\u00edtulos acad\u00e9micos y dinero<br \/>\n\u2022 Irrespetar a las personas<br \/>\n\u2022 Incapacidad para expresar los sentimientos y emociones<br \/>\n\u2022 Maltratar a los hijos en vez de optar por comunicarnos<br \/>\n\u2022 Denigrar de uno mismo y de los dem\u00e1s de manera frecuente<\/p>\n<p style=\"text-align: center\"><img loading=\"lazy\" decoding=\"async\" class=\"size-thumbnail wp-image-71  aligncenter\" src=\"http:\/\/blog.espol.edu.ec\/kategarc\/files\/2009\/11\/baja-autoestima-300x280-150x150.jpg\" alt=\"baja-autoestima-300x280\" width=\"150\" height=\"150\" \/><\/p>\n<h3 style=\"text-align: center\"><span style=\"color: #ffff99\">Algunos comportamiento de alta autoestima:<\/span><\/h3>\n<p>\u2022 <a href=\"http:\/\/www.lasangredelleonverde.com\/index.php?option=com_content&amp;view=article&amp;id=222:lo-que-es-aprender&amp;catid=35:reflexiones&amp;Itemid=83\">Aprender<\/a><br \/>\n\u2022 Agradecer<br \/>\n\u2022 <a href=\"http:\/\/es.wikipedia.org\/wiki\/Reflexi%C3%B3n\">Reflexionar <\/a><br \/>\n\u2022 Planificar<br \/>\n\u2022 Procurarse salud<br \/>\n\u2022 Producir dinero<br \/>\n\u2022 Cuidar el cuerpo<br \/>\n\u2022 Vivir el presente<br \/>\n\u2022 Valorar el tiempo<br \/>\n\u2022 Respetar a los dem\u00e1s<br \/>\n\u2022 Disfrutar la <a href=\"http:\/\/es.wikipedia.org\/wiki\/Soledad\" target=\"_blank\">soledad<br \/>\n<\/a>\u2022 Abrirse a lo nuevo<br \/>\n\u2022 Actuar honestamente<br \/>\n\u2022 Cumplir los acuerdos<br \/>\n\u2022 Perdonarse y perdonar<br \/>\n\u2022 Respetar a los dem\u00e1s<br \/>\n\u2022 Vivir con moderaci\u00f3n<br \/>\n\u2022 Actuar con originalidad<br \/>\n\u2022 Aceptarnos como somos<br \/>\n\u2022 Aceptar los \u00e9xitos ajenos<br \/>\n\u2022 Halagar y aceptar Halagos<br \/>\n\u2022 Disfrutar del trabajo diario<br \/>\n\u2022 Actuar para lograr objetivos<br \/>\n\u2022 Respetar el espacio f\u00edsico y psicol\u00f3gico de los dem\u00e1s<br \/>\n\u2022 Vivir con <a href=\"http:\/\/es.wikipedia.org\/wiki\/Alegr%C3%ADa_(emoci%C3%B3n)\" target=\"_blank\">alegr\u00eda<\/a> y <a href=\"http:\/\/www.leonismoargentino.com.ar\/INST134.htm\" target=\"_blank\">entusiasmo<\/a><br \/>\n\u2022 Cuidar la imagen personal<br \/>\n\u2022 Dar ejemplos positivos a los hijos<br \/>\n\u2022 <a href=\"http:\/\/es.wikipedia.org\/wiki\/Confianza\">Confiar<\/a> en las capacidades propias<br \/>\n\u2022 Reconocer y expresar los talentos<br \/>\n\u2022 Expresar los sentimientos y emociones<br \/>\n\u2022 Abrirse a la intimidad econ\u00f3mica y f\u00edsica<br \/>\n\u2022 Respetar las diferencias de ideas y actitudes<br \/>\n\u2022 Pensar y hablar bien de uno y de los dem\u00e1s<br \/>\n\u2022 <a href=\"http:\/\/es.wikipedia.org\/wiki\/Alegr%C3%ADa_(emoci%C3%B3n)\" target=\"_blank\">Relacionarse<\/a> con personas positivas y arm\u00f3nicas<br \/>\n\u2022 Disfrutar de las relaciones con las dem\u00e1s personas<br \/>\n\u2022 Desarrollar independencia en todos los \u00f3rdenes posibles.<\/p>\n<p style=\"text-align: center\"><img loading=\"lazy\" decoding=\"async\" class=\"size-thumbnail wp-image-72  aligncenter\" src=\"http:\/\/blog.espol.edu.ec\/kategarc\/files\/2009\/11\/niveles-de-la-autoestima-150x150.jpg\" alt=\"niveles-de-la-autoestima\" width=\"150\" height=\"150\" \/><\/p>\n<p><object width=\"340\" height=\"285\" data=\"http:\/\/www.youtube-nocookie.com\/v\/e6Zz1roDuwY&amp;hl=en_US&amp;fs=1&amp;color1=0x234900&amp;color2=0x4e9e00&amp;border=1\" type=\"application\/x-shockwave-flash\"><param name=\"allowFullScreen\" value=\"true\" \/><param name=\"allowscriptaccess\" value=\"always\" \/><param name=\"src\" value=\"http:\/\/www.youtube-nocookie.com\/v\/e6Zz1roDuwY&amp;hl=en_US&amp;fs=1&amp;color1=0x234900&amp;color2=0x4e9e00&amp;border=1\" \/><\/object><br \/>\n\u00a0<\/p>\n<p style=\"text-align: center\"><span style=\"color: #00ffff\"><strong><span style=\"color: #ccffff\">SUPER <\/span><\/strong><\/span><a href=\"http:\/\/www.psicoactiva.com\/tests\/test4.htm\" target=\"_blank\"><span style=\"color: #00ffff\"><strong><span style=\"color: #ccffff\">TEST DE AUTOESTIMA<\/span><\/strong><\/span><\/a><span style=\"color: #00ffff\"><strong><span style=\"color: #ccffff\">... AN\u00ccMATE! HAZLO!<\/span><\/strong><\/span><\/p>\n<p style=\"text-align: center\"><strong><\/strong><\/p>\n<p style=\"text-align: center\"><span style=\"color: #ffcc99\"><strong>\u00bfQUIERES CONFIRMAR RESULTADOS..? Aqu\u00ec hay un nuevo test.. REAL\u00ccZALO! <\/strong><\/span><a href=\"http:\/\/www.helios3000.net\/tests\/autoestima.shtml\" target=\"_blank\"><span style=\"color: #ffcc99\"><strong>TEST DE AUTOESTIMA 2<\/strong><\/span><\/a><\/p>\n","protected":false},"excerpt":{"rendered":"<p>\u00a0 Toda persona tiene en su interior sentimientos, que seg\u00fan su personalidad puede manifestarlos de diferentes maneras. Muchas veces esta manifestaciones dependen de otros factores, seg\u00fan el lugar f\u00edsico, sentimental y emocional, \u00e9stos pueden influir positiva o negativamente en la formaci\u00f3n de la persona o sea en la Autoestima. \u00bfPOR QU\u00c9 NECESITAMOS AUTOESTIMA? La vida [&hellip;]<\/p>\n","protected":false},"author":3028,"featured_media":0,"parent":0,"menu_order":1,"comment_status":"open","ping_status":"open","template":"","meta":{"footnotes":""},"class_list":["post-38","page","type-page","status-publish","hentry"],"_links":{"self":[{"href":"https:\/\/blog.espol.edu.ec\/kategarc\/wp-json\/wp\/v2\/pages\/38","targetHints":{"allow":["GET"]}}],"collection":[{"href":"https:\/\/blog.espol.edu.ec\/kategarc\/wp-json\/wp\/v2\/pages"}],"about":[{"href":"https:\/\/blog.espol.edu.ec\/kategarc\/wp-json\/wp\/v2\/types\/page"}],"author":[{"embeddable":true,"href":"https:\/\/blog.espol.edu.ec\/kategarc\/wp-json\/wp\/v2\/users\/3028"}],"replies":[{"embeddable":true,"href":"https:\/\/blog.espol.edu.ec\/kategarc\/wp-json\/wp\/v2\/comments?post=38"}],"version-history":[{"count":28,"href":"https:\/\/blog.espol.edu.ec\/kategarc\/wp-json\/wp\/v2\/pages\/38\/revisions"}],"predecessor-version":[{"id":41,"href":"https:\/\/blog.espol.edu.ec\/kategarc\/wp-json\/wp\/v2\/pages\/38\/revisions\/41"}],"wp:attachment":[{"href":"https:\/\/blog.espol.edu.ec\/kategarc\/wp-json\/wp\/v2\/media?parent=38"}],"curies":[{"name":"wp","href":"https:\/\/api.w.org\/{rel}","templated":true}]}}