{"id":42,"date":"2009-11-18T04:08:28","date_gmt":"2009-11-18T08:08:28","guid":{"rendered":"http:\/\/blog.espol.edu.ec\/kategarc\/?page_id=42"},"modified":"2009-11-22T15:12:46","modified_gmt":"2009-11-22T19:12:46","slug":"bailarmucho-mas-que-un-hobbie","status":"publish","type":"page","link":"https:\/\/blog.espol.edu.ec\/kategarc\/bailarmucho-mas-que-un-hobbie\/","title":{"rendered":"Bailar--Es mucho m\u00e0s que un Hobbie"},"content":{"rendered":"<p><a href=\"http:\/\/www.baileactivo.com\/galeria\/curso-baile1.jpg\"><\/a>La <strong>danza<\/strong> o el <strong>baile<\/strong> es la ejecuci\u00f3n de movimientos <a title=\"Comp\u00e1s (m\u00fasica)\" href=\"http:\/\/blog.espol.edu.ec\/wiki\/Comp%C3%A1s_(m%C3%BAsica)\">acompasados<\/a> con el cuerpo, los brazos y las piernas, con car\u00e1cter <a class=\"mw-redirect\" title=\"L\u00fadico\" href=\"http:\/\/blog.espol.edu.ec\/wiki\/L%C3%BAdico\">l\u00fadico<\/a>, <a title=\"Religi\u00f3n\" href=\"http:\/\/blog.espol.edu.ec\/wiki\/Religi%C3%B3n\">religioso<\/a> o <a class=\"mw-redirect\" title=\"Artistico\" href=\"http:\/\/blog.espol.edu.ec\/wiki\/Artistico\">artistico<\/a>. La <strong>danza<\/strong> ha formado parte de la historia de la <a title=\"Homo sapiens\" href=\"http:\/\/blog.espol.edu.ec\/wiki\/Homo_sapiens\">Humanidad<\/a> desde tiempo inmemorial.<\/p>\n<p style=\"text-align: center\"><strong>Actualmente.. \u00bfQui\u00e8n no gusta del baile?<\/strong><\/p>\n<p>En ocasiones encontramos personas qui\u00e8nes no realizan esta actividad frecuentemente pero no por esto dejan de admirarla.<\/p>\n<div class=\"user-picture \"><a href=\"http:\/\/atinachile.bligoo.com\/profile\/view\/33466\/bailemosalsa.html\"><\/a><\/div>\n<p><!--INFOLINKS_ON--><span lang=\"ES-AR\"><span style=\"font-size: small\">Debemos reconocer que los <a href=\"http:\/\/es.wikipedia.org\/wiki\/M%C3%BAsica_latina\" target=\"_blank\">ritmos latinos <\/a>son verdaderamente agradables, una vez familiarizados con los pasos principales, podemos verdaderamente divertimos. <\/span><\/span><\/p>\n<p class=\"MsoNormal\" align=\"left\"><span style=\"font-size: small\">Si logramos superar la verg\u00fcenza de sentir que no logramos movernos correctamente, y si nos dejamos guiar por la m\u00fasica, llegaremos a aprovechar la clase colectiva y a relajarnos completamente.<\/span><\/p>\n<p class=\"MsoNormal\" align=\"left\"><a href=\"http:\/\/www.baileactivo.com\/galeria\/curso-baile1.jpg\"><\/a><\/p>\n<p class=\"MsoNormal\" style=\"text-align: center\" align=\"left\"><img loading=\"lazy\" decoding=\"async\" class=\"size-thumbnail wp-image-139    aligncenter\" src=\"http:\/\/blog.espol.edu.ec\/kategarc\/files\/2009\/11\/curso-baile1-150x150.jpg\" alt=\"curso-baile1\" width=\"150\" height=\"150\" \/><\/p>\n<p class=\"MsoNormal\" align=\"left\">Beneficios<\/p>\n<p>\u00a0<strong><em>F\u00ecsicos:<\/em><\/strong><\/p>\n<p class=\"MsoNormal\" align=\"left\">El baile contribuye a la mejora del estado f\u00edsico, porque al afectuarlo:<\/p>\n<li>Hay mayor <a href=\"http:\/\/www.portalfitness.com\/actividad_fisica\/preparacion_f\/flexibilidad\/que_es.htm\" target=\"_blank\">elasticidad de tendones y m\u00fasculos<\/a>.<\/li>\n<li>Aumenta la fuerza muscular y los huesos, lo que provoca mayor capacidad de movimiento y al mismo tiempo disminuye el <a href=\"http:\/\/www.economia.com.mx\/el_miedo_sale_muy_caro.htm\"><span style=\"color: #0000ff\">riesgo<\/span><\/a> de padecer osteoporosis.<\/li>\n<li>Mejoran los <a href=\"http:\/\/es.wikipedia.org\/wiki\/Reflejo\" target=\"_blank\">reflejos<\/a>.<\/li>\n<li>Mejor circulaci\u00f3n, al mover y levantar las piernas.<\/li>\n<li>La respiraci\u00f3n es m\u00e1s profunda y ayuda a fortalecer los pulmones.<\/li>\n<li>Constribuye a disminuir la <a href=\"http:\/\/es.wikipedia.org\/wiki\/Presi%C3%B3n_arterial\" target=\"_blank\">presi\u00f3n arterial<\/a>.<\/li>\n<li>Contribuye a tener una mejor postura y alineaci\u00f3n corporal.<\/li>\n<li>Actividad que mejora extraordinariamente la expresi\u00f3n, coordinaci\u00f3n y flexibilidad.<\/li>\n<li>Ayuda a conciliar el sue\u00f1o con mayor facilidad.<\/li>\n<li>Reduce el <a href=\"http:\/\/es.wikipedia.org\/wiki\/Presi%C3%B3n_arterial\" target=\"_blank\">colesterol<\/a> y elimina sustancias t\u00f3xicas del cuerpo.<\/li>\n<li>Ayuda a quemar calor\u00edas manteniendo al cuerpo en un peso adecuado. Diversos estudios indican que con una hora de baile moderado se pueden quemar hasta 260 <a href=\"http:\/\/es.wikipedia.org\/wiki\/Calor%C3%ADa\" target=\"_blank\">calor\u00edas<\/a>, mientras que con el baile r\u00e1pido 365 calor\u00edas.<\/li>\n<li>Quien baila continuamente, se vuelve una persona m\u00e1s atr\u00e1ctiva, por que es un ejercicio que va d\u00e1ndole forma est\u00e9tica al cuerpo.<\/li>\n<p><strong><em>Psicol\u00f3gicos:<\/em><\/strong><\/p>\n<ul>\n<li>Al bailar nuestra mente se concentra en memorizar y realizar adecuadamente los pasos, que nos olvidamos de los problemas y por el contrario, nos relaja y llena de energ\u00eda.<\/li>\n<li>La <a href=\"http:\/\/www.chistes.com.mx\/\"><span style=\"color: #0000ff\">alegr\u00eda<\/span><\/a> que brinda la m\u00fasica y la destreza de sus movimientos animan el esp\u00edritu y obligan al cuerpo a moverse.<\/li>\n<li>Es Diversi\u00f3n y placer al tiempo que se aprende.<\/li>\n<li>Es un pasatiempo que estimula la creatividad.<\/li>\n<li>Eleva tanto la <a href=\"http:\/\/es.wikipedia.org\/wiki\/Autoestima\" target=\"_blank\">autoestima<\/a>, que nos hace sentir triunfadores.<\/li>\n<li>Ayuda al desarrollo de la disciplina y el autocontrol.<\/li>\n<li>Mejora el poder y la capacidad de seducci\u00f3n.<\/li>\n<li>Se desarrolla la sensibilidad de la persona, al conocer un nuevo arte.<\/li>\n<\/ul>\n<p>\u00a0Adem\u00e1s de ser una buena opci\u00f3n para reducir el estr\u00e9s y superar la timidez, el baile estimula la circulaci\u00f3n sangu\u00ednea y mejora la flexibilidad y la resistencia.\u00a0<\/p>\n<p>\u00a0<strong>Sociales:<\/strong><\/p>\n<ul>\n<li>Es un pasatiempo desafiante para cualquier persona, sin importar su <a href=\"http:\/\/www.pensamientos.com.mx\/la_felicidad_y_la_edad.htm\"><span style=\"color: #0000ff\">edad<\/span><\/a> o <a href=\"http:\/\/www.elkiosko.com.mx\/juego.htm\"><span style=\"color: #0000ff\">sexo<\/span><\/a>.<\/li>\n<li>El baile nos da la <a href=\"http:\/\/www.trabajo.com.mx\/caso_2_estar_bien_informado.htm\"><span style=\"color: #0000ff\">oportunidad<\/span><\/a> de interactuar y compartir un hobby con un compa\u00f1ero.<\/li>\n<li>Permite socializar, conocer gente.<\/li>\n<li>Nos abre a nuevas experiencias.<\/li>\n<li>Ayuda a vencer la <a href=\"http:\/\/kidshealth.org\/kid\/en_espanol\/sentimientos\/shy_esp.html\" target=\"_blank\">timidez<\/a>.<\/li>\n<li>Se desarrolla la cultura musical.<\/li>\n<li>Es un punto a tu favor al momento de salir a bailar a una discoteca, boda o cualquier otro evento.<\/li>\n<li>Reconocimiento por parte del <a href=\"http:\/\/www.elkiosko.com.mx\/juego.htm\"><span style=\"color: #0000ff\">sexo<\/span><\/a> opuesto, lo que provoca mejores relaciones.<\/li>\n<li>Actividad que se presta para establecer una relaci\u00f3n rom\u00e1ntica.\u00a0<\/li>\n<\/ul>\n<p><strong><em>Tipos de Baile<\/em><\/strong><\/p>\n<ul>\n<li>Existen gran cantidad de danzas que puede realizar de acuerdo a sus gustos. Puede practicar <a href=\"http:\/\/es.wikipedia.org\/wiki\/Jazz\" target=\"_blank\">jazz<\/a>, <a href=\"http:\/\/es.wikipedia.org\/wiki\/Danza_del_vientre\" target=\"_blank\">danza del vientre<\/a>, baile afrobrasile\u00f1o, o <a href=\"http:\/\/es.wikipedia.org\/wiki\/Ballet\" target=\"_blank\">danza cl\u00e1sica<\/a>. Cada una de ellas requiere de determinadas destrezas y exigencias, pero todas tienen un mismo objetivo: poner a la mente y al cuerpo en movimiento y dejar de lado el sedentarismo y la depresi\u00f3n.<\/li>\n<li>\n<h4>Para saber cual tipo de danza practicar, lo mejor es elegir aquella m\u00e1s cercana a sus capacidades f\u00edsicas y destrezas necesarias para practicarla.<\/h4>\n<\/li>\n<\/ul>\n<h4 style=\"text-align: center\"><span style=\"font-size: 11pt;font-family: &quot;Georgia&quot;,&quot;serif&amp;quot\"><span style=\"color: #ffffff\">\u00a1BAILAR TE LLENA DE BENEFICIOS!<\/span><\/span><\/h4>\n<h4 style=\"text-align: center\"><span style=\"font-size: 11pt;font-family: &quot;Georgia&quot;,&quot;serif&amp;quot\"><span style=\"color: #ffffff\">\u00bfPor qu\u00e9 no hacer parte de tu rutina a esta actividad?<\/span><\/span><\/h4>\n<h4 style=\"text-align: center\"><span style=\"font-size: 11pt;font-family: &quot;Georgia&quot;,&quot;serif&amp;quot\"><span style=\"color: #ffffff\">A continuaci\u00f3n dejo a tu disposici\u00f3n varios videos donde se visualiza la pr\u00e1ctica de diferentes ritmos.\u00a0As\u00ed que tienes la oportunidad de elegir tu favorito.<\/span><\/span><\/h4>\n<p style=\"text-align: center\"><span style=\"color: #ffff00\">\u00a0<strong>\u00a0<span style=\"text-decoration: underline\">REGGAET\u00d2N<\/span><\/strong><\/span><\/p>\n<p style=\"text-align: center\"><span style=\"color: #ffff00\"><strong><\/strong><\/span><br \/>\n<object width=\"340\" height=\"285\" data=\"http:\/\/www.youtube-nocookie.com\/v\/vBJWJJesW58&amp;hl=en_US&amp;fs=1&amp;color1=0x402061&amp;color2=0x9461ca&amp;border=1\" type=\"application\/x-shockwave-flash\"><param name=\"allowFullScreen\" value=\"true\" \/><param name=\"allowscriptaccess\" value=\"always\" \/><param name=\"src\" value=\"http:\/\/www.youtube-nocookie.com\/v\/vBJWJJesW58&amp;hl=en_US&amp;fs=1&amp;color1=0x402061&amp;color2=0x9461ca&amp;border=1\" \/><\/object><\/p>\n<p style=\"text-align: center\"><span style=\"color: #ffff00\"><span style=\"text-decoration: underline\"><strong>HIP HOP<\/strong><\/span><\/span><\/p>\n<p style=\"text-align: center\"><span style=\"color: #ffff00\"><strong><\/strong><\/span><br \/>\n<object width=\"340\" height=\"285\" data=\"http:\/\/www.youtube-nocookie.com\/v\/uCH7sx3QZ5w&amp;hl=en_US&amp;fs=1&amp;color1=0x5d1719&amp;color2=0xcd311b&amp;border=1\" type=\"application\/x-shockwave-flash\"><param name=\"allowFullScreen\" value=\"true\" \/><param name=\"allowscriptaccess\" value=\"always\" \/><param name=\"src\" value=\"http:\/\/www.youtube-nocookie.com\/v\/uCH7sx3QZ5w&amp;hl=en_US&amp;fs=1&amp;color1=0x5d1719&amp;color2=0xcd311b&amp;border=1\" \/><\/object><\/p>\n<p style=\"text-align: center\"><span style=\"color: #ffff00\"><span style=\"text-decoration: underline\"><strong>CLASES DE BREAK DANCE<\/strong><\/span><\/span><\/p>\n<p style=\"text-align: center\"><object width=\"340\" height=\"285\" data=\"http:\/\/www.youtube-nocookie.com\/v\/dBu6a0r4TI4&amp;hl=en_US&amp;fs=1&amp;color1=0xcc2550&amp;color2=0xe87a9f&amp;border=1\" type=\"application\/x-shockwave-flash\"><param name=\"allowFullScreen\" value=\"true\" \/><param name=\"allowscriptaccess\" value=\"always\" \/><param name=\"src\" value=\"http:\/\/www.youtube-nocookie.com\/v\/dBu6a0r4TI4&amp;hl=en_US&amp;fs=1&amp;color1=0xcc2550&amp;color2=0xe87a9f&amp;border=1\" \/><\/object><\/p>\n<p style=\"text-align: center\"><span style=\"color: #ffff00\"><strong><span style=\"text-decoration: underline\">BALLET<\/span><\/strong><\/span><\/p>\n<p style=\"text-align: center\"><span style=\"color: #ffff00\"><strong><\/strong><\/span><br \/>\n<object width=\"340\" height=\"285\" data=\"http:\/\/www.youtube-nocookie.com\/v\/WUrJuSh0evE&amp;hl=en_US&amp;fs=1&amp;color1=0xe1600f&amp;color2=0xfebd01&amp;border=1\" type=\"application\/x-shockwave-flash\"><param name=\"allowFullScreen\" value=\"true\" \/><param name=\"allowscriptaccess\" value=\"always\" \/><param name=\"src\" value=\"http:\/\/www.youtube-nocookie.com\/v\/WUrJuSh0evE&amp;hl=en_US&amp;fs=1&amp;color1=0xe1600f&amp;color2=0xfebd01&amp;border=1\" \/><\/object><\/p>\n<p style=\"text-align: center\"><span style=\"color: #ffff00\"><span style=\"text-decoration: underline\"><strong>AER\u00d2BICOS<\/strong><\/span><\/span><\/p>\n<p style=\"text-align: center\"><span style=\"color: #ffff00\"><strong><\/strong><\/span><br \/>\n<object width=\"340\" height=\"285\" data=\"http:\/\/www.youtube-nocookie.com\/v\/0qPBRC1CISs&amp;hl=en_US&amp;fs=1&amp;color1=0x234900&amp;color2=0x4e9e00&amp;border=1\" type=\"application\/x-shockwave-flash\"><param name=\"allowFullScreen\" value=\"true\" \/><param name=\"allowscriptaccess\" value=\"always\" \/><param name=\"src\" value=\"http:\/\/www.youtube-nocookie.com\/v\/0qPBRC1CISs&amp;hl=en_US&amp;fs=1&amp;color1=0x234900&amp;color2=0x4e9e00&amp;border=1\" \/><\/object><\/p>\n<p style=\"text-align: center\"><span style=\"color: #ffff00\"><span style=\"text-decoration: underline\"><strong>PILATES<\/strong><\/span><\/span><\/p>\n<p style=\"text-align: center\"><object width=\"340\" height=\"285\" data=\"http:\/\/www.youtube-nocookie.com\/v\/3YQPEL_JPiU&amp;hl=en_US&amp;fs=1&amp;color1=0x006699&amp;color2=0x54abd6&amp;border=1\" type=\"application\/x-shockwave-flash\"><param name=\"allowFullScreen\" value=\"true\" \/><param name=\"allowscriptaccess\" value=\"always\" \/><param name=\"src\" value=\"http:\/\/www.youtube-nocookie.com\/v\/3YQPEL_JPiU&amp;hl=en_US&amp;fs=1&amp;color1=0x006699&amp;color2=0x54abd6&amp;border=1\" \/><\/object><\/p>\n<p class=\"MsoNormal\" style=\"margin: 0cm 0cm 10pt;text-align: center\"><span style=\"font-size: small;font-family: Calibri\">Videos obtenidos de la p\u00e0gina <a href=\"http:\/\/www.youtube.com\/\" target=\"_blank\">http:\/\/www.youtube.com\/<\/a><\/span><\/p>\n<p class=\"MsoNormal\" style=\"margin: 0cm 0cm 10pt;text-align: center\">\u00a0Informaci\u00f2n obtenida de la p\u00e0gina <a href=\"http:\/\/www.chistes.com.mx\/\" target=\"_blank\">http:\/\/www.chistes.com.mx\/<\/a>\u00a0y <a href=\"http:\/\/www.danzaballet.com\/modules.php?name=News&amp;file=print&amp;sid=452\" target=\"_blank\">http:\/\/www.danzaballet.com<\/a><\/p>\n","protected":false},"excerpt":{"rendered":"<p>La danza o el baile es la ejecuci\u00f3n de movimientos acompasados con el cuerpo, los brazos y las piernas, con car\u00e1cter l\u00fadico, religioso o artistico. La danza ha formado parte de la historia de la Humanidad desde tiempo inmemorial. Actualmente.. \u00bfQui\u00e8n no gusta del baile? En ocasiones encontramos personas qui\u00e8nes no realizan esta actividad frecuentemente [&hellip;]<\/p>\n","protected":false},"author":3028,"featured_media":0,"parent":0,"menu_order":2,"comment_status":"open","ping_status":"open","template":"","meta":{"footnotes":""},"class_list":["post-42","page","type-page","status-publish","hentry"],"_links":{"self":[{"href":"https:\/\/blog.espol.edu.ec\/kategarc\/wp-json\/wp\/v2\/pages\/42","targetHints":{"allow":["GET"]}}],"collection":[{"href":"https:\/\/blog.espol.edu.ec\/kategarc\/wp-json\/wp\/v2\/pages"}],"about":[{"href":"https:\/\/blog.espol.edu.ec\/kategarc\/wp-json\/wp\/v2\/types\/page"}],"author":[{"embeddable":true,"href":"https:\/\/blog.espol.edu.ec\/kategarc\/wp-json\/wp\/v2\/users\/3028"}],"replies":[{"embeddable":true,"href":"https:\/\/blog.espol.edu.ec\/kategarc\/wp-json\/wp\/v2\/comments?post=42"}],"version-history":[{"count":27,"href":"https:\/\/blog.espol.edu.ec\/kategarc\/wp-json\/wp\/v2\/pages\/42\/revisions"}],"predecessor-version":[{"id":138,"href":"https:\/\/blog.espol.edu.ec\/kategarc\/wp-json\/wp\/v2\/pages\/42\/revisions\/138"}],"wp:attachment":[{"href":"https:\/\/blog.espol.edu.ec\/kategarc\/wp-json\/wp\/v2\/media?parent=42"}],"curies":[{"name":"wp","href":"https:\/\/api.w.org\/{rel}","templated":true}]}}