{"id":31,"date":"2014-06-10T20:51:40","date_gmt":"2014-06-10T20:51:40","guid":{"rendered":"http:\/\/blog.espol.edu.ec\/katesimbala\/?page_id=31"},"modified":"2014-06-10T20:57:06","modified_gmt":"2014-06-10T20:57:06","slug":"paquetes-mundial-2014","status":"publish","type":"page","link":"https:\/\/blog.espol.edu.ec\/katesimbala\/paquetes-mundial-2014\/","title":{"rendered":"PAQUETES MUNDIAL 2014"},"content":{"rendered":"<p>Aun estas a tiempo de viajar al mundial, compra tus boletos! \u00bfQue estas esperando?<\/p>\n<p>Paquetes de viajes al mundial Brasil 2014 en Ecuador<br \/>\nPublicado por Anacfs<br \/>\njunio 20, 2013 6:24 pm Ver m\u00e1s de: Brasil 2014, Ecuador<\/p>\n<p>Aqu\u00ed te dejamos algunas alternativas de viaje para el mundial Brasil 2014.<\/p>\n<p>Queremos saber que opinas, te parece caro, barato, \u00bfLo comprar\u00edas?<\/p>\n<p>\u00a1Tu opini\u00f3n es importante para nosotros.!<\/p>\n<p>OPCI\u00d3N 1<\/p>\n<p>SALIDA ESPECIAL<\/p>\n<p>Del 13 de Junio al 25 de Junio del 2014<\/p>\n<p>PROGRAMA INCLUYE<\/p>\n<p>Alojamiento seg\u00fan plan seleccionado en Hoteles Categor\u00eda 3 estrellas.<br \/>\nBoletas Categor\u00eda MATCH PREMIER de acuerdo a plan elegido.<br \/>\nDesayuno Buffet Brasile\u00f1o diario por persona.<br \/>\nTransfer Aeropuerto \u2013 Hotel- Aeropuerto en grupo.<br \/>\nTraslados Hotel \u2013 Aeropuerto \u2013 Estadio \u2013 Aeropuerto \u2013 Hotel.<br \/>\nTiquetes internos entre ciudades ( Solamente con paquete Gol #1 siguiendo a la selecci\u00f3n)<br \/>\nAdicional si la cuidad sede es RECIFE: City Tour a la ciudad de Olinda.<br \/>\nCity Tour de cortes\u00eda en cualquier paquete Gol Escogido.<br \/>\nGu\u00eda Correo.<br \/>\nTarjeta de Asistencia.<br \/>\nBeneficios hospitalidad MATCH PREMIER:<\/p>\n<p>\u00ba Categor\u00eda 1 entradas para los partidos.<br \/>\n\u00ba Ambiente exclusivo que encuentra dentro del \u00e1rea de seguridad en el Per\u00edmetro del estadio.<br \/>\n\u00ba Ambiente Incluye mesas de pie, pantallas de televisi\u00f3n y una Barra de bar estilo pub.<br \/>\n\u00ba Servicio de aperitivos y bebidas antes y despu\u00e9s del partido.<br \/>\n\u00ba Recibidor con azafatas multiling\u00fces.<br \/>\n\u00ba Parqueo.<\/p>\n<p>Kit de cortesia para el Mundial. Camiseta + Maletin + Garra deportiva.<br \/>\nMapa de la Cuidad.<br \/>\nImpuestos Hoteleros<br \/>\n5% de Salidas de capital.<br \/>\nImpuestos financiero.<br \/>\nImpuestos hoteleros.<br \/>\nIVA Turismo.<\/p>\n<p>Screen shot 2013-06-20 at 5.45.20 PM<\/p>\n<p>Para m\u00e1s informaci\u00f3n visite: www.solcaribe.com.ec<\/p>\n<p>FUENTE: SOLCARIBE.COM<br \/>\nOPCI\u00d3N 2<\/p>\n<p>Programa Incluye:<\/p>\n<p>4 D\u00edas 3 Noches<\/p>\n<p>\u2022 Traslado Aeropuerto \u2013 Hotel \u2013 Aeropuerto, al arribo a Recife.<br \/>\n\u2022 3 Noches de alojamiento en habitacion, sencilla, doble o triple en el Hotel de su elecci\u00f3n.<br \/>\n\u2022 Desayunos buffet brasile\u00f1o diario por persona.<br \/>\n\u2022 Traslado Hotel \u2013 Estadio \u2013 Hotel, v\u00eda terrestre o de ser necesario v\u00eda aerea.<br \/>\n\u2022 Asistencia a 1 partido de primera fase, acompa\u00f1ando a la selecci\u00f3n de Ecuador, con boletos Categor\u00eda Match Premier o Match Pavilion, de acuerdo al plan seleccionado. (Adicionar costo de la entrada.)<br \/>\n\u2022 City tour de cortesia.<br \/>\n\u2022 Guia correo.<br \/>\n\u2022 Tarjeta de Asistencia.<br \/>\n\u2022 Servicio de hospitalidad Match Premier o Pavilion.<br \/>\n\u2022 Kit Mundialero PGV.<br \/>\n\u2022 Mapa de la ciudad.<br \/>\n\u2022 Impuestos Hoteleros.<br \/>\n\u2022 Impuestos de Ley deEcuador.<\/p>\n<p>Programa No Incluye<\/p>\n<p>\u2022 Boleto A\u00e9reo Internacional Ecuador \u2013 Brasil \u2013 Ecuador.<br \/>\n\u2022 Gastos no especificados en el programa.<\/p>\n<p>Por persona:<\/p>\n<p>Screen shot 2013-06-20 at 7.32.50 PM<\/p>\n<p>Costo de las entradas USD<br \/>\nEntradas Premier 819 d\u00f3lares<br \/>\nEntrada Pavilion 1.936 d\u00f3lares<br \/>\nPara m\u00e1s informaci\u00f3n visitar www.ecuador-turistico.com<br \/>\nFUENTE: ECUADORTURISTICO.COM<\/p>\n","protected":false},"excerpt":{"rendered":"<p>Aun estas a tiempo de viajar al mundial, compra tus boletos! \u00bfQue estas esperando? Paquetes de viajes al mundial Brasil 2014 en Ecuador Publicado por Anacfs junio 20, 2013 6:24 pm Ver m\u00e1s de: Brasil 2014, Ecuador Aqu\u00ed te dejamos algunas alternativas de viaje para el mundial Brasil 2014. Queremos saber que opinas, te parece [&hellip;]<\/p>\n","protected":false},"author":9175,"featured_media":0,"parent":0,"menu_order":0,"comment_status":"open","ping_status":"open","template":"","meta":{"footnotes":""},"class_list":["post-31","page","type-page","status-publish","hentry"],"_links":{"self":[{"href":"https:\/\/blog.espol.edu.ec\/katesimbala\/wp-json\/wp\/v2\/pages\/31","targetHints":{"allow":["GET"]}}],"collection":[{"href":"https:\/\/blog.espol.edu.ec\/katesimbala\/wp-json\/wp\/v2\/pages"}],"about":[{"href":"https:\/\/blog.espol.edu.ec\/katesimbala\/wp-json\/wp\/v2\/types\/page"}],"author":[{"embeddable":true,"href":"https:\/\/blog.espol.edu.ec\/katesimbala\/wp-json\/wp\/v2\/users\/9175"}],"replies":[{"embeddable":true,"href":"https:\/\/blog.espol.edu.ec\/katesimbala\/wp-json\/wp\/v2\/comments?post=31"}],"version-history":[{"count":3,"href":"https:\/\/blog.espol.edu.ec\/katesimbala\/wp-json\/wp\/v2\/pages\/31\/revisions"}],"predecessor-version":[{"id":34,"href":"https:\/\/blog.espol.edu.ec\/katesimbala\/wp-json\/wp\/v2\/pages\/31\/revisions\/34"}],"wp:attachment":[{"href":"https:\/\/blog.espol.edu.ec\/katesimbala\/wp-json\/wp\/v2\/media?parent=31"}],"curies":[{"name":"wp","href":"https:\/\/api.w.org\/{rel}","templated":true}]}}