{"id":39,"date":"2014-06-18T02:50:56","date_gmt":"2014-06-18T02:50:56","guid":{"rendered":"http:\/\/blog.espol.edu.ec\/katesimbala\/?page_id=39"},"modified":"2014-06-18T02:55:13","modified_gmt":"2014-06-18T02:55:13","slug":"partidos-de-ecuador","status":"publish","type":"page","link":"https:\/\/blog.espol.edu.ec\/katesimbala\/partidos-de-ecuador\/","title":{"rendered":"PARTIDOS DE ECUADOR"},"content":{"rendered":"<h1 id=\"page-title\" class=\"title\" style=\"font-weight: bold\">Ecuador descarta cambios frente a Honduras tras derrota con Suiza<\/h1>\n<p><img decoding=\"async\" src=\"http:\/\/www.ecuavisa.com\/sites\/ecuavisa.com\/files\/styles\/ampliada\/public\/fotos\/2014\/06\/ecuador-montero-erazo.jpg\" alt=\"Ecuador va sin cambios ante Honduras. Foto: EFE.\" \/><\/p>\n<div style=\"color: #000000\"><span style=\"font-weight: inherit;font-style: inherit\">Ecuador\u00a0<\/span>alinear\u00e1<span style=\"font-weight: inherit;font-style: inherit\">\u00a0frente a Honduras el mismo equipo que perdi\u00f3 en el descuento con Suiza en el primer partido<\/span>mundialista<span style=\"font-weight: inherit;font-style: inherit\">\u00a0del grupo E, aunque se enfocar\u00e1 en ser m\u00e1s efectivo, dijo el\u00a0<\/span>seleccionador<span style=\"font-weight: inherit;font-style: inherit\">\u00a0<\/span>Reinaldo<span style=\"font-weight: inherit;font-style: inherit\">\u00a0Rueda.<\/span><\/div>\n<div style=\"color: #000000\"><\/div>\n<div style=\"color: #000000\">\"No va a haber cambios\", dijo Rueda a la prensa previo al entrenamiento en Viam\u00e3o, sur de Brasil, lugar de la concentraci\u00f3n de la \"Tricolor\".<\/div>\n<div style=\"color: #000000\"><\/div>\n<div style=\"color: #000000\">Rueda confirm\u00f3 al once debutante para el pr\u00f3ximo compromiso, pese a reconocer que internamente \"no ha sido f\u00e1cil\" asimilar la derrota por 2-1 frente los europeos en el tiempo extra luego de empezar ganando.<\/div>\n<div style=\"color: #000000\"><\/div>\n<div style=\"color: #000000\">Pero \"no hay tiempo de llorar, estamos recup\u00e9randonos, no es f\u00e1cil por lo que significa perder un juego\" en esas circunstancias, declar\u00f3 el entrenador colombiano.<\/div>\n<div style=\"color: #000000\"><\/div>\n<div style=\"color: #000000\">Rueda, que gui\u00f3 a Honduras en el Mundial de Sud\u00e1frica 2010, anticip\u00f3 un partido dif\u00edcil frente a los centroamericanos que dirigen su compatriota y ex seleccionador ecuatoriano, Luis Fernando Su\u00e1rez, el viernes pr\u00f3ximo en Curitiba.<\/div>\n<div style=\"color: #000000\"><\/div>\n<div style=\"color: #000000\">No obstante, relativiz\u00f3 la \"obligaci\u00f3n\" de vencer en su pr\u00f3ximo duelo antes de medirse a Francia, que dobleg\u00f3 por 3-0 a Honduras en la pasada fecha.<\/div>\n<div style=\"color: #000000\"><\/div>\n<div style=\"color: #000000\">\"Puede ser empatar este, ganar el otro, hay que jugar los partidos\", sostuvo Rueda, quien indic\u00f3 que d<span style=\"font-weight: inherit;font-style: inherit\">e todas formas, \"sabemos que Honduras es un rival dif\u00edcil, un rival bien estructurado. Va ser un partido intenso\".<\/span><\/div>\n<div style=\"color: #000000\"><\/div>\n<div style=\"color: #000000\">Rueda insisti\u00f3 en que su equipo jug\u00f3 bien en el estreno, pero que la falta de efectividad y la emoci\u00f3n lo privaron de una victoria.<\/div>\n<div style=\"color: #000000\"><\/div>\n<div style=\"color: #000000\">En ese sentido, anunci\u00f3 que se enfocar\u00e1 en que la selecci\u00f3n sea m\u00e1s efectiva frente a los hondure\u00f1os.<\/div>\n<div style=\"color: #000000\"><\/div>\n<div style=\"color: #000000\">\"Hicimos un buen juego \u00a0frente a Suiza y no fuimos eficacia. Esto es de eficacia\", enfatiz\u00f3.<\/div>\n<div style=\"color: #000000\"><\/div>\n<div style=\"color: #000000\">De no haber cambios de \u00faltima hora, Ecuador alinear\u00e1 en el arco a Alexander Dom\u00ednguez, y a Juan Paredes, Jorge Guagua, Frickson Erazo, y Walter Ayov\u00ed en la defensa.<\/div>\n<div style=\"color: #000000\"><\/div>\n<div style=\"color: #000000\">En el medio ir\u00e1n Luis Antonio Valencia (cap), Cristhian Noboa, Carlos Gruezo y Jefferson Montero. Felipe Caicedo y Enner Valencia comandar\u00e1n el ataque.<\/div>\n<div style=\"color: #000000\"><\/div>\n<div style=\"color: #000000\"><\/div>\n<p>http:\/\/www.youtube.com\/watch?v=AGG9qj4Leh8<\/p>\n","protected":false},"excerpt":{"rendered":"<p>Ecuador descarta cambios frente a Honduras tras derrota con Suiza Ecuador\u00a0alinear\u00e1\u00a0frente a Honduras el mismo equipo que perdi\u00f3 en el descuento con Suiza en el primer partidomundialista\u00a0del grupo E, aunque se enfocar\u00e1 en ser m\u00e1s efectivo, dijo el\u00a0seleccionador\u00a0Reinaldo\u00a0Rueda. \"No va a haber cambios\", dijo Rueda a la prensa previo al entrenamiento en Viam\u00e3o, sur de [&hellip;]<\/p>\n","protected":false},"author":9175,"featured_media":0,"parent":0,"menu_order":0,"comment_status":"open","ping_status":"open","template":"","meta":{"footnotes":""},"class_list":["post-39","page","type-page","status-publish","hentry"],"_links":{"self":[{"href":"https:\/\/blog.espol.edu.ec\/katesimbala\/wp-json\/wp\/v2\/pages\/39","targetHints":{"allow":["GET"]}}],"collection":[{"href":"https:\/\/blog.espol.edu.ec\/katesimbala\/wp-json\/wp\/v2\/pages"}],"about":[{"href":"https:\/\/blog.espol.edu.ec\/katesimbala\/wp-json\/wp\/v2\/types\/page"}],"author":[{"embeddable":true,"href":"https:\/\/blog.espol.edu.ec\/katesimbala\/wp-json\/wp\/v2\/users\/9175"}],"replies":[{"embeddable":true,"href":"https:\/\/blog.espol.edu.ec\/katesimbala\/wp-json\/wp\/v2\/comments?post=39"}],"version-history":[{"count":4,"href":"https:\/\/blog.espol.edu.ec\/katesimbala\/wp-json\/wp\/v2\/pages\/39\/revisions"}],"predecessor-version":[{"id":44,"href":"https:\/\/blog.espol.edu.ec\/katesimbala\/wp-json\/wp\/v2\/pages\/39\/revisions\/44"}],"wp:attachment":[{"href":"https:\/\/blog.espol.edu.ec\/katesimbala\/wp-json\/wp\/v2\/media?parent=39"}],"curies":[{"name":"wp","href":"https:\/\/api.w.org\/{rel}","templated":true}]}}