{"id":147,"date":"2011-01-27T15:31:56","date_gmt":"2011-01-27T15:31:56","guid":{"rendered":"http:\/\/blog.espol.edu.ec\/katt\/?page_id=147"},"modified":"2011-01-27T16:10:31","modified_gmt":"2011-01-27T16:10:31","slug":"mis-articulos","status":"publish","type":"page","link":"https:\/\/blog.espol.edu.ec\/katt\/mis-articulos\/","title":{"rendered":"mis articulos"},"content":{"rendered":"<p>\u00a0<\/p>\n<p style=\"text-align: center\">\u00a0<img loading=\"lazy\" decoding=\"async\" class=\"aligncenter\" title=\"45_101CMS\" src=\"http:\/\/blog.espol.edu.ec\/katt\/files\/2011\/01\/45_101CMS1-300x184.jpg\" alt=\"\" width=\"116\" height=\"84\" \/><\/p>\n<p style=\"text-align: center\"><strong>\u00bfQu\u00e9 es?, \u00bfEn que afecta en nuestro diario vivir?<\/strong><\/p>\n<p style=\"text-align: justify\"><strong>\u00a0<\/strong>Hoy en d\u00eda, es fascinante ver como las cosas van cambiando a nivel de la tecnolog\u00eda, estamos viviendo la era digital, ya que esta se ha apoderado de todos nosotros totalmente. Como todo cambio trae consigo muchas preguntas que solo se podr\u00e1n contestar con el tiempo, el temor de lo desconocido, las cr\u00edticas y las ganas de conocer; todo eso se ha juntado, y el ser humano esta animoso de experimentar todo lo nuevo.<\/p>\n<p style=\"text-align: justify\">No solo es necesario contar con la \u00faltima tecnolog\u00eda, sino tambi\u00e9n saber usarla, de una manera creativa y que ayude a<a href=\"http:\/\/blog.espol.edu.ec\/katt\/files\/2011\/01\/En-la-compu.jpg\"><img loading=\"lazy\" decoding=\"async\" class=\"alignright\" title=\"En-la-compu\" src=\"http:\/\/blog.espol.edu.ec\/katt\/files\/2011\/01\/En-la-compu-242x300.jpg\" alt=\"\" width=\"138\" height=\"151\" \/><\/a> esa misma sociedad que la puso en nuestras manos para que as\u00ed todos gocemos de sus beneficios, \u00f3sea el bien com\u00fan.<\/p>\n<p style=\"text-align: justify\">La ERA DIGITAL ha venido para quedarse y como es de esperarse ya todos nos estamos familiarizando con todo lo referente a esto, hasta con el lenguaje, y esos t\u00e9rminos inform\u00e1ticos - tecnol\u00f3gicos los hemos absorbidos en nuestro lenguaje cotidiano y ya es una forma de hablar com\u00fan y corriente, entre esas palabras tenemos: la internet, correo electr\u00f3nico, pagina web, modem, formatos de archivo, velocidad de conexi\u00f3n, webcam, chat, REDES SOCIALES,entre las m\u00e1s conocidas.<\/p>\n<p>Algunas de esas maravillas que nos han ayudado como no nos imaginamos son:<\/p>\n<ul>\n<li>La internet.- este instrumento ha logrado lo que ninguna persona crey\u00f3 que ocurrir\u00eda, cortar las fronteras, acortarlas o hasta eliminarlas, solo con un ordenador y un acceso internet.<\/li>\n<li>El tel\u00e9fono m\u00f3vil.- este aparato nos ayuda a comunicarnos entre un usuario y otro de una l\u00ednea m\u00f3vil, lo que antes era casi imposible.<\/li>\n<\/ul>\n<p style=\"text-align: justify\">Tan normal se ha convertido el uso de esta tecnolog\u00eda, que no solo los estudiados lo pueden hacer, sino todos y cada uno de aquellos que est\u00e1n dispuestos a sumergirse en esta novedosa y muy beneficiosa MODA, que dependiendo de la utilidad que le pongamos puede transf<a href=\"http:\/\/blog.espol.edu.ec\/katt\/files\/2011\/01\/LOGBOOK_DIGITALc.jpg\"><img loading=\"lazy\" decoding=\"async\" class=\"alignleft\" title=\"LOGBOOK_DIGITALc\" src=\"http:\/\/blog.espol.edu.ec\/katt\/files\/2011\/01\/LOGBOOK_DIGITALc-300x210.jpg\" alt=\"\" width=\"217\" height=\"128\" \/><\/a>ormar este mundo para bien.<\/p>\n<p style=\"text-align: justify\">ANTES DE ESTA ERA DIGITAL, cuando a un estudiante de escuela o de colegio le mandaban hacer una investigaci\u00f3n, lo primero que hac\u00eda era acudir a una biblioteca para encontrar aquella informaci\u00f3n que necesita para su deber, pero LUEGO CON LA ERA DIGITAL todo cambio, ya los libros vienen m\u00e1s peque\u00f1os, m\u00e1s f\u00e1ciles y m\u00e1s did\u00e1cticos, comprimidos en un CD que muy f\u00e1cilmente lo puedes leer en tu computador o sino es as\u00ed puedes bajar lo que necesites por la v\u00eda de la internet. Aqu\u00ed vienen unas preguntas que te har\u00e1n elegir por las opciones antes mencionadas, \u00bfQUE ES PREFERIBLE?, \u00bfHACER CLIC EN UN LINK O BUSCAR EL OTRO TOMO DE LA ENCICLOPEDIA?, \u00bfQUE ES MAS ESTIMULANTE?, \u00bfQUE ES MAS GRATO?, \u00bfQUE ES MEJOR?...<\/p>\n<p style=\"text-align: justify\">Pero as\u00ed como tiene su lado bueno en la educaci\u00f3n, hay algo que se conoce como la acci\u00f3n DEL MENOR ESFUERZO, que consiste en copiar y pegar la informaci\u00f3n proveniente de internet, lo que antes se demoraba un poco al transcribir ahora con la tecnolog\u00eda se ha vuelto un hecho que no va m\u00e1s all\u00e1 de 15 minutos.<\/p>\n<p style=\"text-align: justify\">As\u00ed como puede ayudar a un estudiante con su deber, de la misma manera puede la tecnolog\u00eda solucionar trabajos m\u00e1s complejos, para aquellos que necesitan una ayudita de m\u00e1s, \u00bfacaso nosotros valemos menos que una m\u00e1quina?, \u00bfacaso no somos capaces de hacer algo por nosotros mismos?, que esta enorme ayuda no sea una invitaci\u00f3n a la pereza, sino m\u00e1s bien que esto nos ayude a centrarnos en lo realmente importante en nuestra vida y nos ayude a superarnos.<\/p>\n<p><strong><span style=\"text-decoration: underline\">LAS REDES SOC<\/span><\/strong><strong><span style=\"text-decoration: underline\">IALES<\/span><\/strong><\/p>\n<p style=\"text-align: justify\">Es un servicio de red social, donde se pueden crear comunidades de personas con intereses mutuos en diversos \u00e1mbitos, tales como: m\u00fasica, deportes, pol\u00edtica, religi\u00f3n, etc\u2026 y as\u00ed poder relacionarnos con lo que gusta y hace otra persona o un grupo determinado.<\/p>\n<p>Entre las m\u00e1s utilizadas encontramos:<\/p>\n<ul>\n<li><strong>FACEBOOK.- <\/strong>esta es una red social gratuita , creada por un estudiante, Mark Zuckerberg, la cual era un proyecto de universidad pero se volvi\u00f3 tan f\u00e1cil que se extendi\u00f3 a todo el mundo, aqu\u00ed los usuarios pueden comunicarse entre ellos, subir fotos, videos, comentarlos y etiquetarlos, entre otras actividades.<\/li>\n<\/ul>\n<p style=\"text-align: center\"><a href=\"http:\/\/blog.espol.edu.ec\/katt\/files\/2011\/01\/imagesCAGX1D44.jpg\"><img loading=\"lazy\" decoding=\"async\" class=\"aligncenter\" title=\"imagesCAGX1D44\" src=\"http:\/\/blog.espol.edu.ec\/katt\/files\/2011\/01\/imagesCAGX1D44.jpg\" alt=\"\" width=\"151\" height=\"111\" \/><\/a><\/p>\n<ul>\n<li><strong>HI5.- <\/strong>esta fue lanzada en el 2003 y fundada por Ramun Yalamanchis, actual director general de la empresa HI5 Networks.<\/li>\n<\/ul>\n<p style=\"text-align: center\"><strong><a href=\"http:\/\/blog.espol.edu.ec\/katt\/files\/2011\/01\/hi5.gif\"><img loading=\"lazy\" decoding=\"async\" class=\"aligncenter\" title=\"hi5\" src=\"http:\/\/blog.espol.edu.ec\/katt\/files\/2011\/01\/hi5.gif\" alt=\"\" width=\"144\" height=\"98\" \/><\/a><br \/>\n<\/strong><\/p>\n<ul>\n<li><strong>MYSPACE.- <\/strong>es un sitio web de interacci\u00f3n social, que incluye perfil de amigos, grupos, blogs, fotos.<\/li>\n<\/ul>\n<p style=\"text-align: center\">\u00a0<a href=\"http:\/\/blog.espol.edu.ec\/katt\/files\/2011\/01\/myspace-logo.jpg\"><img loading=\"lazy\" decoding=\"async\" class=\"aligncenter\" title=\"myspace-logo\" src=\"http:\/\/blog.espol.edu.ec\/katt\/files\/2011\/01\/myspace-logo-300x83.jpg\" alt=\"\" width=\"218\" height=\"51\" \/><\/a><\/p>\n<ul>\n<li><strong>SONICO.- <\/strong>Es una red dirigida al p\u00fablico latinoamericano, al igual que las otras los usuarios pueden agregar personas, subir fotos, videos YouTube, etc.<\/li>\n<\/ul>\n<p style=\"text-align: center\">\u00a0<a href=\"http:\/\/blog.espol.edu.ec\/katt\/files\/2011\/01\/perfil-sonico-janaina-brandao.jpg\"><img loading=\"lazy\" decoding=\"async\" class=\"aligncenter\" title=\"perfil-sonico-janaina-brandao\" src=\"http:\/\/blog.espol.edu.ec\/katt\/files\/2011\/01\/perfil-sonico-janaina-brandao.jpg\" alt=\"\" width=\"154\" height=\"87\" \/><\/a><\/p>\n<ul>\n<li><strong>TWITTER.- <\/strong>Creado por Jack Dorsey, quien dice que no es una red social. El env\u00edo de mensajes o twees se puede hacer al sitio web o por v\u00eda MSN.<\/li>\n<\/ul>\n<p style=\"text-align: center\"><img loading=\"lazy\" decoding=\"async\" class=\"aligncenter\" title=\"twitter-logo11\" src=\"http:\/\/blog.espol.edu.ec\/katt\/files\/2011\/01\/twitter-logo11-300x300.png\" alt=\"\" width=\"157\" height=\"97\" \/>\u00a0<\/p>\n<p><strong><span style=\"text-decoration: underline\">VENTAJAS<\/span><\/strong><\/p>\n<ul>\n<li>Reencuentro con conocidos.<\/li>\n<li>Oportunidad para integrarse a grupos.<\/li>\n<li>Una buena forma de encontrar m\u00e1s amigos y compartir intereses no\u00a0 econ\u00f3micos.<\/li>\n<li>Eliminan fronteras.<\/li>\n<li>La comunicaci\u00f3n es en tiempo real.<\/li>\n<li>B\u00fasqueda de personas.<\/li>\n<li>Permite hacer foros y conferencias online.<\/li>\n<li>Sirve como forma para promocionar bienes y servicios.<\/li>\n<\/ul>\n<p><strong><span style=\"text-decoration: underline\">DESVENTAJAS<\/span><\/strong><\/p>\n<ul>\n<li>Son peligrosas, sino est\u00e1 configurada la privacidad de su perfil.<strong>\u00a0<\/strong><\/li>\n<li>Puede provocar adicci\u00f3n.<strong>\u00a0<\/strong><\/li>\n<li>Puede causar problemas de suplantaci\u00f3n de identidad.<strong>\u00a0<\/strong><\/li>\n<li>Puede ser utilizada para realizarse actos il\u00edcitos.<strong>\u00a0<\/strong><\/li>\n<li>Absorbe el tiempo a los trabajadores.<strong>\u00a0<\/strong><\/li>\n<li>Los mensajes no pueden ser extensos.<strong>\u00a0<\/strong><\/li>\n<\/ul>\n<p><strong><span style=\"text-decoration: underline\">\u00a0<\/span><\/strong><\/p>\n<p><strong><span style=\"text-decoration: underline\"><br \/>\n<\/span><\/strong><\/p>\n<p><strong><span style=\"text-decoration: underline\">CASOS REALES POR USAR LAS REDES SOCIALES<\/span><\/strong><\/p>\n<p style=\"text-align: justify\">Usas TUENTI, entonces ten mucho cuidado, porque por sus miles de usuarios este medio ha sido objeto de fraudes, delitos, etc\u2026<\/p>\n<p><span style=\"text-decoration: underline\">CARCEL POR SUBIR FOTOS:<\/span><\/p>\n<p style=\"text-align: justify\">Un joven espa\u00f1ol de 26 a\u00f1os de edad fue acusado ante las autoridades de subir las fotos de su ex novia desnuda en <strong>TUENTI <\/strong>y tal vez ir\u00eda a prisi\u00f3n por un largo a\u00f1o, esa relaci\u00f3n duro 11 meses, as\u00ed que cuidado y dejarse tomar fotos comprometedoras.<\/p>\n<p><span style=\"text-decoration: underline\">UN FALSO ALCALDE:<\/span><\/p>\n<p style=\"text-align: justify\">Suplantan la identidad de un alcalde en Coin. Un caso muy peculiar ya que este individuo hizo tan bien su trabajo que hasta vecinos y amigos lo agregaron sin sospechar nada. Pero el verdadero alcalde lo descubri\u00f3 y la cosa no paso a mayores.<\/p>\n<p><span style=\"text-decoration: underline\">CONOCEN A UN HOMBRE Y LO ESTORCIONAN:<\/span><\/p>\n<p style=\"text-align: justify\">Agentes de la Polic\u00eda Nacional de C\u00f3rdova hasta la fecha han capturado a cuatro individuos por pedirle informaci\u00f3n personal muy confidencial y 1000 euros, con ayuda de una mujer se realiz\u00f3 todo la extorci\u00f3n.<\/p>\n<p><strong>BIBLIOGRAFIA:<\/strong><\/p>\n<p><a href=\"http:\/\/www.atinachile.cl\/content\/view\/4125\/La-era-digital-Sociedad-de-la-informacion-y-nuevos-medios-de-comunicacion-publica.html\">http:\/\/www.atinachile.cl\/content\/view\/4125\/La-era-digital-Sociedad-de-la-informacion-y-nuevos-medios-de-comunicacion-publica.html<\/a><\/p>\n<p><a href=\"http:\/\/www.saladeprensa.org\/art170.htm\">http:\/\/www.saladeprensa.org\/art170.htm<\/a><\/p>\n<p><a href=\"http:\/\/www.uib.es\/depart\/gte\/edutec-e\/revelec17\/ortiz_16a.htm\">http:\/\/www.uib.es\/depart\/gte\/edutec-e\/revelec17\/ortiz_16a.htm<\/a><\/p>\n<p><a href=\"http:\/\/espora.org\/biblioweb\/cultura\/%20http:\/creativecommons.org\/licenses\/by-nc-sa\/1.0\/legalcode\">http:\/\/creativecommons.org\/licenses\/by-nc-sa\/1.0\/legalcode<\/a><\/p>\n<p><a href=\"http:\/\/www.infosol.com.mx\/espacio\/cont\/aula\/redes_sociales.html\">http:\/\/www.infosol.com.mx\/espacio\/cont\/aula\/redes_sociales.html<\/a><\/p>\n","protected":false},"excerpt":{"rendered":"<p>\u00a0 \u00a0 \u00bfQu\u00e9 es?, \u00bfEn que afecta en nuestro diario vivir? \u00a0Hoy en d\u00eda, es fascinante ver como las cosas van cambiando a nivel de la tecnolog\u00eda, estamos viviendo la era digital, ya que esta se ha apoderado de todos nosotros totalmente. Como todo cambio trae consigo muchas preguntas que solo se podr\u00e1n contestar con [&hellip;]<\/p>\n","protected":false},"author":5516,"featured_media":0,"parent":0,"menu_order":0,"comment_status":"open","ping_status":"open","template":"","meta":{"footnotes":""},"class_list":["post-147","page","type-page","status-publish","hentry"],"_links":{"self":[{"href":"https:\/\/blog.espol.edu.ec\/katt\/wp-json\/wp\/v2\/pages\/147","targetHints":{"allow":["GET"]}}],"collection":[{"href":"https:\/\/blog.espol.edu.ec\/katt\/wp-json\/wp\/v2\/pages"}],"about":[{"href":"https:\/\/blog.espol.edu.ec\/katt\/wp-json\/wp\/v2\/types\/page"}],"author":[{"embeddable":true,"href":"https:\/\/blog.espol.edu.ec\/katt\/wp-json\/wp\/v2\/users\/5516"}],"replies":[{"embeddable":true,"href":"https:\/\/blog.espol.edu.ec\/katt\/wp-json\/wp\/v2\/comments?post=147"}],"version-history":[{"count":6,"href":"https:\/\/blog.espol.edu.ec\/katt\/wp-json\/wp\/v2\/pages\/147\/revisions"}],"predecessor-version":[{"id":173,"href":"https:\/\/blog.espol.edu.ec\/katt\/wp-json\/wp\/v2\/pages\/147\/revisions\/173"}],"wp:attachment":[{"href":"https:\/\/blog.espol.edu.ec\/katt\/wp-json\/wp\/v2\/media?parent=147"}],"curies":[{"name":"wp","href":"https:\/\/api.w.org\/{rel}","templated":true}]}}