{"id":2,"date":"2010-11-16T15:26:09","date_gmt":"2010-11-16T15:26:09","guid":{"rendered":""},"modified":"2010-11-23T18:30:56","modified_gmt":"2010-11-23T18:30:56","slug":"about","status":"publish","type":"page","link":"https:\/\/blog.espol.edu.ec\/katt\/about\/","title":{"rendered":"yoppp!!!!!"},"content":{"rendered":"<p>holis!!!!<br \/>\nSoy Katherine, estudio en la Espol (Ecuador), espero y la conozcan. Soy de La Pen\u00ecnsula de Santa Elena, pero por mis estudios vivo tambi\u00e8n en Guayaquil.<br \/>\n\u00bfC\u00f2mo soy? es algo dificil decirlo, por que ni yo mismo estoy segura de eso, pero aqui  les voy:<br \/>\n*soy una chica normal ja ja ja<br \/>\n*un poco timida con personas que estoy empezando a conocer<br \/>\n*amiguera<br \/>\n*molestosa<br \/>\n*super apegada a mi familia<br \/>\n* hay..... y otras cositas mas<br \/>\nYo siempre he dicho esto \"cada persona tiene un poquito de todo\", solo que ni nosotros mismos sabemos que lo tenemos y lo dejamos alli guardadito sin explorarlo ni mostrarlo a los demas, pero hay otras cositas que tenemos y nos identifican como personas unicas y diferentes a otras.<\/p>\n<p><strong>MI FAMILIA<\/strong><\/p>\n<p>Es algo grande: pap\u00e0 (Te\u00f2filo), mam\u00e0 (Amalia), 3 hermanas (Karen, Keyla y Kayra) y 1 hermano ( Kevin). Todos mis hermanos sus nombres empiezan con la letra <strong>K<\/strong>, la verdad no se por que eligieron esa letra en particular pero que mas da ya esta, asi nos quedamos hasta que dejemos de existir, igual a mi m gusta mi nombre.<\/p>\n<p>Cada uno tiene algo en particular que me gusta y trato de copiarlo para mi vida ( ja ja ja soy copiona), ellos me ense\u00f1an todo lo que se ahora.<\/p>\n<p>Mi papito es un luchador, desde peque\u00f1ito lo fue y lo sigue siendo, todo lo que el tiene se lo a ganado con esfuerzo, perseverancia y ahora se ven los frutos de todo aquello, te amo papa eres lo maximo.<\/p>\n<p>Mi mamita, ELLA ES PURO AMOR, me ense\u00f1a lo que una madre deja por sus hijos, entrega total, con solo una mirada me hace sentir que nunca en la vida estare sola, que aunque sea como soy, no habra nadie en la vida que me ame mas por eso mama eres todo en mi vida.<\/p>\n<div id=\"attachment_15\" style=\"width: 265px\" class=\"wp-caption aligncenter\"><a href=\"http:\/\/blog.espol.edu.ec\/katt\/files\/2010\/11\/S4021806.jpg\"><img loading=\"lazy\" decoding=\"async\" aria-describedby=\"caption-attachment-15\" class=\"size-medium wp-image-15 \" title=\"mi mamita y yo\" src=\"http:\/\/blog.espol.edu.ec\/katt\/files\/2010\/11\/S4021806-300x225.jpg\" alt=\"el amor mas grande.\" width=\"255\" height=\"179\" \/><\/a><p id=\"caption-attachment-15\" class=\"wp-caption-text\">el amor mas grande<\/p><\/div>\n<p style=\"text-align: center\">\n<p style=\"text-align: left\">KAREN: coraje,templanza. Mi hermana mayor, demuestra que es un ejemplo a seguir.<\/p>\n<p style=\"text-align: left\">KEYLA: uiiiiiiiiiiii que miedo, mentira ella tiene un caracter bien fuerte, me ense\u00f1a que en la vida hay que salir a vivirla y nada mas, sin pensar en el pasado si no en el presente y un futuro cercano.<\/p>\n<p style=\"text-align: left\">KEVIN: esfuerzo, una lucha constante por ser mejor cada dia y que si se puede cambiar para bien, el es mi gordito feo (con cari\u00f1o).<\/p>\n<p style=\"text-align: left\">KAYRA: ella es como si fuera mi hija, es mi beb\u00e8 consentida, la luz de mis ojos, ella me ense\u00f1a la ternura, dulzura,\u00a0 tambien me ense\u00f1a a reir y ver cada cosa como si fuera la primera vez que las veo, a maravillarme de cada detalle de la vida.<\/p>\n<p style=\"text-align: left\">\n<div id=\"attachment_17\" style=\"width: 282px\" class=\"wp-caption aligncenter\"><a href=\"http:\/\/blog.espol.edu.ec\/katt\/files\/2010\/11\/54897_103557319711013_100001702353680_33001_2074721_o.jpg\"><img loading=\"lazy\" decoding=\"async\" aria-describedby=\"caption-attachment-17\" class=\"size-medium wp-image-17\" title=\"54897_103557319711013_100001702353680_33001_2074721_o\" src=\"http:\/\/blog.espol.edu.ec\/katt\/files\/2010\/11\/54897_103557319711013_100001702353680_33001_2074721_o-300x225.jpg\" alt=\"\" width=\"272\" height=\"189\" \/><\/a><p id=\"caption-attachment-17\" class=\"wp-caption-text\">mi titi preciosa<\/p><\/div>\n<p style=\"text-align: left\"><strong>AMIGOS DE JESUS<\/strong><\/p>\n<p style=\"text-align: left\">\n<div id=\"attachment_18\" style=\"width: 310px\" class=\"wp-caption alignleft\"><a href=\"http:\/\/blog.espol.edu.ec\/katt\/files\/2010\/11\/60322_130614666988568_100001201074575_192011_5957922_n.jpg\"><img loading=\"lazy\" decoding=\"async\" aria-describedby=\"caption-attachment-18\" class=\"size-medium wp-image-18\" title=\"LOS AMIGOS DE JESUS\" src=\"http:\/\/blog.espol.edu.ec\/katt\/files\/2010\/11\/60322_130614666988568_100001201074575_192011_5957922_n-300x225.jpg\" alt=\"\" width=\"300\" height=\"225\" srcset=\"https:\/\/blog.espol.edu.ec\/katt\/files\/2010\/11\/60322_130614666988568_100001201074575_192011_5957922_n-300x225.jpg 300w, https:\/\/blog.espol.edu.ec\/katt\/files\/2010\/11\/60322_130614666988568_100001201074575_192011_5957922_n.jpg 640w\" sizes=\"auto, (max-width: 300px) 100vw, 300px\" \/><\/a><p id=\"caption-attachment-18\" class=\"wp-caption-text\">los amigos de Jes\u00fas<\/p><\/div>\n<p>Este es un  grupo juvenil donde pertenezco, aqui se la pasa de pelos, hay un monton  de chicos y chicas de diferente estilo de vida, forma de ser, caracter  muy variado, pero lo mejor es q cada uno es \u00fanico, son lo M\u00c1XIMO.<\/p>\n<p>Nuestro  objetivo es SER AMIGOS ENTRE TODOS Y AMIGOS DE JESUS, que es algo que  lleva su proceso, su tiempo, pero quien dice que no es posible??????.<\/p>\n<p>Reimos,  lloramos, jugamos, charlamos, celebramos, en fin somos J\u00d3VENES  dispuestos a transformar nuestras vidas y las de los dem\u00e1s por Jes\u00fas,  nuestro mejor amigo.<\/p>\n<p>Tambien hay chance para los mas peque\u00f1itos que quieren y anhelan tambien ser un Amiguito de Jes\u00fas.<\/p>\n<p><strong>QUE ME GUSTA?????<\/strong><\/p>\n<p>A quien no le gusta salir a bailar, pues a mi tambien me gusta y mucho aunque lo hago con poca frecuencia, ir al cine, molestar por alli con mis amigos, compartir con mi familia sobre todo eso estar con mi familia. Leer es increible por que hace que tu mente vuele hasta lugares muy remotos que jam\u00e1s podras ir en la vida real, eso me encanta por que soy muy so\u00f1adora, dispuesta a conquistar el mundo(como pinqui y cerebro).<\/p>\n<p><strong>M\u00daSICA:<\/strong><\/p>\n<div style=\"width: 164px\" class=\"wp-caption aligncenter\"><strong><strong><img loading=\"lazy\" decoding=\"async\" src=\"http:\/\/conciertoalexcampos.com\/img\/alex-campos.jpg\" alt=\"\" width=\"154\" height=\"128\" \/><\/strong><\/strong><p class=\"wp-caption-text\">Alex Campos<\/p><\/div>\n<div style=\"width: 172px\" class=\"wp-caption aligncenter\"><a href=\"http:\/\/werasrecords.com\/wordpress\/wp-content\/uploads\/2010\/09\/camila232312312.jpg\"><img loading=\"lazy\" decoding=\"async\" src=\"http:\/\/werasrecords.com\/wordpress\/wp-content\/uploads\/2010\/09\/camila232312312.jpg\" alt=\"\" width=\"162\" height=\"147\" \/><\/a><p class=\"wp-caption-text\">Grupo Camila<\/p><\/div>\n<div style=\"width: 164px\" class=\"wp-caption aligncenter\"><a href=\"http:\/\/www.reddemusicacatolica.com\/images\/50795_l.jpg\"><img loading=\"lazy\" decoding=\"async\" src=\"http:\/\/www.reddemusicacatolica.com\/images\/50795_l.jpg\" alt=\"\" width=\"154\" height=\"172\" \/><\/a><p class=\"wp-caption-text\">Estaci\u00f3n Cero<\/p><\/div>\n<div style=\"width: 159px\" class=\"wp-caption aligncenter\"><a href=\"http:\/\/photos4.hi5.com\/0007\/378\/271\/iKM1cg378271-02.jpg\"><img loading=\"lazy\" decoding=\"async\" src=\"http:\/\/photos4.hi5.com\/0007\/378\/271\/iKM1cg378271-02.jpg\" alt=\"\" width=\"149\" height=\"143\" \/><\/a><p class=\"wp-caption-text\">Estaci\u00f3n Zero<\/p><\/div>\n<div style=\"width: 156px\" class=\"wp-caption aligncenter\"><a href=\"http:\/\/t1.gstatic.com\/images?q=tbn:GkFRCru_Sge78M:http:\/\/img716.imageshack.us\/img716\/2161\/tercercielofrontx.jpg&amp;t=1\"><img loading=\"lazy\" decoding=\"async\" src=\"http:\/\/t1.gstatic.com\/images?q=tbn:GkFRCru_Sge78M:http:\/\/img716.imageshack.us\/img716\/2161\/tercercielofrontx.jpg&amp;t=1\" alt=\"\" width=\"146\" height=\"147\" \/><\/a><p class=\"wp-caption-text\">Tercer Cielo<\/p><\/div>\n<p><strong> <\/strong><\/p>\n","protected":false},"excerpt":{"rendered":"<p>holis!!!! Soy Katherine, estudio en la Espol (Ecuador), espero y la conozcan. Soy de La Pen\u00ecnsula de Santa Elena, pero por mis estudios vivo tambi\u00e8n en Guayaquil. \u00bfC\u00f2mo soy? es algo dificil decirlo, por que ni yo mismo estoy segura de eso, pero aqui les voy: *soy una chica normal ja ja ja *un poco [&hellip;]<\/p>\n","protected":false},"author":5516,"featured_media":0,"parent":0,"menu_order":0,"comment_status":"open","ping_status":"open","template":"","meta":{"footnotes":""},"class_list":["post-2","page","type-page","status-publish","hentry"],"_links":{"self":[{"href":"https:\/\/blog.espol.edu.ec\/katt\/wp-json\/wp\/v2\/pages\/2","targetHints":{"allow":["GET"]}}],"collection":[{"href":"https:\/\/blog.espol.edu.ec\/katt\/wp-json\/wp\/v2\/pages"}],"about":[{"href":"https:\/\/blog.espol.edu.ec\/katt\/wp-json\/wp\/v2\/types\/page"}],"author":[{"embeddable":true,"href":"https:\/\/blog.espol.edu.ec\/katt\/wp-json\/wp\/v2\/users\/5516"}],"replies":[{"embeddable":true,"href":"https:\/\/blog.espol.edu.ec\/katt\/wp-json\/wp\/v2\/comments?post=2"}],"version-history":[{"count":7,"href":"https:\/\/blog.espol.edu.ec\/katt\/wp-json\/wp\/v2\/pages\/2\/revisions"}],"predecessor-version":[{"id":14,"href":"https:\/\/blog.espol.edu.ec\/katt\/wp-json\/wp\/v2\/pages\/2\/revisions\/14"}],"wp:attachment":[{"href":"https:\/\/blog.espol.edu.ec\/katt\/wp-json\/wp\/v2\/media?parent=2"}],"curies":[{"name":"wp","href":"https:\/\/api.w.org\/{rel}","templated":true}]}}