{"id":50,"date":"2016-06-01T17:43:00","date_gmt":"2016-06-01T17:43:00","guid":{"rendered":"http:\/\/blog.espol.edu.ec\/kavilleg\/?page_id=50"},"modified":"2016-06-01T20:41:48","modified_gmt":"2016-06-01T20:41:48","slug":"tips-de-belleza","status":"publish","type":"page","link":"https:\/\/blog.espol.edu.ec\/kavilleg\/tips-de-belleza\/","title":{"rendered":"TIPS DE BELLEZA"},"content":{"rendered":"<div id=\"attachment_51\" style=\"width: 236px\" class=\"wp-caption aligncenter\"><a href=\"http:\/\/www.hola.com\/belleza\/\" rel=\"attachment wp-att-51\"><img loading=\"lazy\" decoding=\"async\" aria-describedby=\"caption-attachment-51\" class=\"size-full wp-image-51\" src=\"http:\/\/blog.espol.edu.ec\/kavilleg\/files\/2016\/06\/b1f313cd07b094fd3895c4f8546aaa50.jpg\" alt=\"RESALTA TU BELLEZA NATURAL...\" width=\"236\" height=\"236\" \/><\/a><p id=\"caption-attachment-51\" class=\"wp-caption-text\">RESALTA TU BELLEZA NATURAL...<\/p><\/div>\n<p style=\"text-align: center\"><strong>Tip # 1: Nunca subestimes el poder de las cremas hidratantes<br \/>\n<\/strong>No importa si tu piel es seca, normal, o grasosa. No tienes que invertir en muchas cremas, con un s\u00f3lo producto que sea bueno puedes tener una piel de ensue\u00f1o. (Si este mes no te alcanz\u00f3 para esa crema hidratante, busca nuestro art\u00edculo de esta semana sobre \u2018mascarillas naturales\u2019\u2026 la miel y la avena son muy hidratantes)<\/p>\n<p>&nbsp;<\/p>\n<div id=\"attachment_52\" style=\"width: 307px\" class=\"wp-caption aligncenter\"><a href=\"http:\/\/blog.espol.edu.ec\/kavilleg\/tips-de-belleza\/shutterstockpepinillo_93837742\/\" rel=\"attachment wp-att-52\"><img loading=\"lazy\" decoding=\"async\" aria-describedby=\"caption-attachment-52\" class=\" wp-image-52\" src=\"http:\/\/blog.espol.edu.ec\/kavilleg\/files\/2016\/06\/shutterstockPEPINILLO_93837742-850x478.jpg\" alt=\"LO MEJOR EN TIPS CASEROS\" width=\"307\" height=\"173\" srcset=\"https:\/\/blog.espol.edu.ec\/kavilleg\/files\/2016\/06\/shutterstockPEPINILLO_93837742-850x478.jpg 850w, https:\/\/blog.espol.edu.ec\/kavilleg\/files\/2016\/06\/shutterstockPEPINILLO_93837742-250x141.jpg 250w\" sizes=\"auto, (max-width: 307px) 100vw, 307px\" \/><\/a><p id=\"caption-attachment-52\" class=\"wp-caption-text\">LO MEJOR EN TIPS CASEROS<\/p><\/div>\n<p style=\"text-align: center\"><strong>Tip # 2: El protector solar es el mejor producto Antienvejecimiento.<br \/>\n<\/strong><br \/>\nAntes de ver un cirujano pl\u00e1stico, antes de gastar la mitad del sueldo en cremas anti-envejecimiento, ponte protector solar. Todos sabemos que el protector solar reduce el riesgo de c\u00e1ncer de piel, pero \u00bfTambi\u00e9n sabes que es un secreto asombroso de belleza que ayuda a mantener una piel joven? Las personas que se exponen mucho al sol se arrugan mucho antes de su tiempo.<\/p>\n<p style=\"text-align: center\">\n<p style=\"text-align: center\"><strong>Tip # 3: Elige tu limpiador con prudencia.<br \/>\n<\/strong><br \/>\nSi lo que usas diariamente para limpiarte la cara es agua y jab\u00f3n, puedes ir reconsiderando tu estrategia de limpieza. Los dermat\u00f3logos dicen que uno de los mejores consejos de belleza es utilizar un limpiador suave y utilizarlo con moderaci\u00f3n.<br \/>\nLavarte la cara con demasiada frecuencia - m\u00e1s de dos veces al d\u00eda - puede hacer que da\u00f1es la barrera lip\u00eddica natural, la cual es el manto protector que mantiene tu piel lubricada para que luzca y se sienta saludable.<\/p>\n","protected":false},"excerpt":{"rendered":"<p>Tip # 1: Nunca subestimes el poder de las cremas hidratantes No importa si tu piel es seca, normal, o grasosa. No tienes que invertir en muchas cremas, con un s\u00f3lo producto que sea bueno puedes tener una piel de ensue\u00f1o. (Si este mes no te alcanz\u00f3 para esa crema hidratante, busca nuestro art\u00edculo de &hellip; <\/p>\n<p><a class=\"more-link btn\" href=\"https:\/\/blog.espol.edu.ec\/kavilleg\/tips-de-belleza\/\">Seguir leyendo<\/a><\/p>\n","protected":false},"author":10403,"featured_media":0,"parent":0,"menu_order":0,"comment_status":"closed","ping_status":"closed","template":"","meta":{"footnotes":""},"class_list":["post-50","page","type-page","status-publish","hentry","nodate","item-wrap"],"_links":{"self":[{"href":"https:\/\/blog.espol.edu.ec\/kavilleg\/wp-json\/wp\/v2\/pages\/50","targetHints":{"allow":["GET"]}}],"collection":[{"href":"https:\/\/blog.espol.edu.ec\/kavilleg\/wp-json\/wp\/v2\/pages"}],"about":[{"href":"https:\/\/blog.espol.edu.ec\/kavilleg\/wp-json\/wp\/v2\/types\/page"}],"author":[{"embeddable":true,"href":"https:\/\/blog.espol.edu.ec\/kavilleg\/wp-json\/wp\/v2\/users\/10403"}],"replies":[{"embeddable":true,"href":"https:\/\/blog.espol.edu.ec\/kavilleg\/wp-json\/wp\/v2\/comments?post=50"}],"version-history":[{"count":4,"href":"https:\/\/blog.espol.edu.ec\/kavilleg\/wp-json\/wp\/v2\/pages\/50\/revisions"}],"predecessor-version":[{"id":65,"href":"https:\/\/blog.espol.edu.ec\/kavilleg\/wp-json\/wp\/v2\/pages\/50\/revisions\/65"}],"wp:attachment":[{"href":"https:\/\/blog.espol.edu.ec\/kavilleg\/wp-json\/wp\/v2\/media?parent=50"}],"curies":[{"name":"wp","href":"https:\/\/api.w.org\/{rel}","templated":true}]}}