{"id":56,"date":"2016-06-01T17:48:45","date_gmt":"2016-06-01T17:48:45","guid":{"rendered":"http:\/\/blog.espol.edu.ec\/kavilleg\/?page_id=56"},"modified":"2016-06-01T17:49:23","modified_gmt":"2016-06-01T17:49:23","slug":"lo-ultimo-en-cosmetologia","status":"publish","type":"page","link":"https:\/\/blog.espol.edu.ec\/kavilleg\/lo-ultimo-en-cosmetologia\/","title":{"rendered":"LO \u00daLTIMO EN COSMETOLOGIA"},"content":{"rendered":"<p style=\"text-align: center\"><a href=\"http:\/\/blog.espol.edu.ec\/kavilleg\/productos\/attachment\/4\/\" rel=\"attachment wp-att-37\"><img loading=\"lazy\" decoding=\"async\" class=\"aligncenter wp-image-37\" src=\"http:\/\/blog.espol.edu.ec\/kavilleg\/files\/2016\/06\/4-640x478.jpg\" alt=\"4\" width=\"516\" height=\"385\" \/><strong>Pararte derecha con mucha confianza y creer en ti misma son aspectos importantes para que te sientas bien contigo misma. Despu\u00e9s de todo, al irradiar seguridad irradias belleza. Sin embargo, toda mujer que se para frente a un espejo puede decir que los secretos de belleza tambi\u00e9n cuentan. Toma nota. <\/strong><\/a><\/p>\n<p><strong> Para ser bella no necesitas lo m\u00e1s costoso, ni lo m\u00e1s complicado, ni lo m\u00e1s doloroso. Los expertos sostienen que la mayor\u00eda de nosotras s\u00f3lo debe prestar atenci\u00f3n a unos pocos secretos b\u00e1sicos de belleza que pueden ayudarte a lucir y sentirte bien sin gastar mucho tiempo o dinero.<\/strong> <a href=\"http:\/\/blog.espol.edu.ec\/kavilleg\/pagina-ejemplo\/attachment\/3\/\" rel=\"attachment wp-att-26\"><img loading=\"lazy\" decoding=\"async\" class=\"aligncenter wp-image-26\" src=\"http:\/\/blog.espol.edu.ec\/kavilleg\/files\/2016\/05\/3.jpg\" alt=\"3\" width=\"516\" height=\"357\" \/><\/a><\/p>\n","protected":false},"excerpt":{"rendered":"<p>Pararte derecha con mucha confianza y creer en ti misma son aspectos importantes para que te sientas bien contigo misma. Despu\u00e9s de todo, al irradiar seguridad irradias belleza. Sin embargo, toda mujer que se para frente a un espejo puede decir que los secretos de belleza tambi\u00e9n cuentan. Toma nota. Para ser bella no necesitas &hellip; <\/p>\n<p><a class=\"more-link btn\" href=\"https:\/\/blog.espol.edu.ec\/kavilleg\/lo-ultimo-en-cosmetologia\/\">Seguir leyendo<\/a><\/p>\n","protected":false},"author":10403,"featured_media":0,"parent":0,"menu_order":0,"comment_status":"closed","ping_status":"closed","template":"","meta":{"footnotes":""},"class_list":["post-56","page","type-page","status-publish","hentry","nodate","item-wrap"],"_links":{"self":[{"href":"https:\/\/blog.espol.edu.ec\/kavilleg\/wp-json\/wp\/v2\/pages\/56","targetHints":{"allow":["GET"]}}],"collection":[{"href":"https:\/\/blog.espol.edu.ec\/kavilleg\/wp-json\/wp\/v2\/pages"}],"about":[{"href":"https:\/\/blog.espol.edu.ec\/kavilleg\/wp-json\/wp\/v2\/types\/page"}],"author":[{"embeddable":true,"href":"https:\/\/blog.espol.edu.ec\/kavilleg\/wp-json\/wp\/v2\/users\/10403"}],"replies":[{"embeddable":true,"href":"https:\/\/blog.espol.edu.ec\/kavilleg\/wp-json\/wp\/v2\/comments?post=56"}],"version-history":[{"count":2,"href":"https:\/\/blog.espol.edu.ec\/kavilleg\/wp-json\/wp\/v2\/pages\/56\/revisions"}],"predecessor-version":[{"id":58,"href":"https:\/\/blog.espol.edu.ec\/kavilleg\/wp-json\/wp\/v2\/pages\/56\/revisions\/58"}],"wp:attachment":[{"href":"https:\/\/blog.espol.edu.ec\/kavilleg\/wp-json\/wp\/v2\/media?parent=56"}],"curies":[{"name":"wp","href":"https:\/\/api.w.org\/{rel}","templated":true}]}}