{"id":14,"date":"2014-11-04T13:03:27","date_gmt":"2014-11-04T13:03:27","guid":{"rendered":"http:\/\/blog.espol.edu.ec\/kbolanos\/?page_id=14"},"modified":"2014-11-11T04:49:30","modified_gmt":"2014-11-11T04:49:30","slug":"mi-primer-hipervinculo","status":"publish","type":"page","link":"https:\/\/blog.espol.edu.ec\/kbolanos\/mi-primer-hipervinculo\/","title":{"rendered":"Lugares que visitar.."},"content":{"rendered":"<p>El Guayaquil moderno cuenta con muchos lugares hermosos para pasar en familia, amigos, tomarse fotos, conocer historia de la ciudad, entre otros.. Entre ellos tenemos:<\/p>\n<p><a href=\"http:\/\/blog.espol.edu.ec\/kbolanos\/files\/2014\/11\/barrio-las-pe\u00f1as-guayaquil.jpg\">\u00a0\u00a0\u00a0\u00a0\u00a0\u00a0\u00a0\u00a0\u00a0\u00a0\u00a0\u00a0\u00a0\u00a0\u00a0\u00a0\u00a0\u00a0\u00a0\u00a0\u00a0 <img loading=\"lazy\" decoding=\"async\" class=\"alignnone wp-image-54 size-medium\" src=\"http:\/\/blog.espol.edu.ec\/kbolanos\/files\/2014\/11\/barrio-las-pe\u00f1as-guayaquil-300x136.jpg\" alt=\"barrio-las-pe\u00f1as-guayaquil\" width=\"300\" height=\"136\" srcset=\"https:\/\/blog.espol.edu.ec\/kbolanos\/files\/2014\/11\/barrio-las-pe\u00f1as-guayaquil-300x136.jpg 300w, https:\/\/blog.espol.edu.ec\/kbolanos\/files\/2014\/11\/barrio-las-pe\u00f1as-guayaquil.jpg 500w\" sizes=\"auto, (max-width: 300px) 100vw, 300px\" \/><\/a><\/p>\n<p><strong>Barrio Las Pe\u00f1as<\/strong>, lugar emblem\u00e1tico de la ciudad de Guayaquil. Es muy reconocido por el estido colonial y la increible arquitectura que posee. Se encuentra ubicado en las faldas del Cerro Santa Ana.<\/p>\n<p>En este sitio habitaron personas muy importantes para el pa\u00eds, 11 ex-presidentes del pais, entre ellos: <a href=\"http:\/\/www.enciclopediadelecuador.com\/temasOpt.php?Ind=1968&amp;Let=\">El Gral. Francisco Robles, <\/a><a href=\"http:\/\/www.enciclopediadelecuador.com\/temasOpt.php?Ind=130&amp;Let=\">Carlos Julio Arosemena Tola,<\/a> <a href=\"http:\/\/www.biografiasyvidas.com\/biografia\/a\/alfaro_eloy.htm\">Eloy Alfaro. <\/a>Algunos escritores como: <a href=\"http:\/\/www.biografiasyvidas.com\/biografia\/g\/gil_gilbert.htm\">Enrique Gil Gilbert, <\/a><a href=\"http:\/\/www.eruditos.net\/mediawiki\/index.php?title=Juan_Montalvo_%28Biograf%C3%ADa%29\">Juan Montalvo.\u00a0<\/a> Pintores como: <a href=\"http:\/\/www.latinamericanart.com\/es\/artistas\/manuel-rendon-seminario\/biografia.html\">Manuel Rendon Seminario, <\/a><a href=\"http:\/\/www.diccionariobiograficoecuador.com\/tomos\/tomo1\/e4.htm\">Alfredo Espinosa Tamayo. <\/a><\/p>\n<hr \/>\n<p>&nbsp;<\/p>\n<p>&nbsp;<\/p>\n<p><a href=\"http:\/\/blog.espol.edu.ec\/kbolanos\/files\/2014\/11\/Destinos-en-Guayaquil.jpg\">\u00a0\u00a0\u00a0\u00a0\u00a0\u00a0\u00a0\u00a0\u00a0\u00a0\u00a0\u00a0\u00a0\u00a0\u00a0\u00a0\u00a0\u00a0\u00a0\u00a0\u00a0\u00a0\u00a0 <img loading=\"lazy\" decoding=\"async\" class=\"alignnone size-medium wp-image-55\" src=\"http:\/\/blog.espol.edu.ec\/kbolanos\/files\/2014\/11\/Destinos-en-Guayaquil-300x210.jpg\" alt=\"Destinos-en-Guayaquil\" width=\"300\" height=\"210\" srcset=\"https:\/\/blog.espol.edu.ec\/kbolanos\/files\/2014\/11\/Destinos-en-Guayaquil-300x210.jpg 300w, https:\/\/blog.espol.edu.ec\/kbolanos\/files\/2014\/11\/Destinos-en-Guayaquil.jpg 500w\" sizes=\"auto, (max-width: 300px) 100vw, 300px\" \/><\/a><\/p>\n<p><strong>El Malecon 2000<\/strong> un ubicado junto al r\u00edo Guayas, tiene una extensi\u00f3n de 2,5Km donde se puede disfrutar de los grandes monumentos de la historia de guayaquil, como <a href=\"http:\/\/es.wikipedia.org\/wiki\/Hemiciclo_de_la_Rotonda\">El Hemiciclo de la Rotonda , <\/a>jardines, restaurantes, bares, el primer cine IMAX de Sudam\u00e9rica, asi como tambien se pueden abordar las embarcaciones oara realizar alg\u00fan paseo diurno o nocturno.<\/p>\n<hr \/>\n<p><a href=\"http:\/\/blog.espol.edu.ec\/kbolanos\/files\/2014\/11\/aniversario.jpg\"><br \/>\n<\/a><a href=\"http:\/\/blog.espol.edu.ec\/kbolanos\/files\/2014\/11\/aniversario.jpg\">\u00a0\u00a0\u00a0\u00a0\u00a0\u00a0\u00a0\u00a0\u00a0\u00a0\u00a0\u00a0\u00a0\u00a0\u00a0\u00a0\u00a0\u00a0\u00a0\u00a0\u00a0\u00a0\u00a0\u00a0\u00a0\u00a0\u00a0 <img loading=\"lazy\" decoding=\"async\" class=\"alignnone size-medium wp-image-66\" src=\"http:\/\/blog.espol.edu.ec\/kbolanos\/files\/2014\/11\/aniversario-300x207.jpg\" alt=\"aniversario\" width=\"300\" height=\"207\" srcset=\"https:\/\/blog.espol.edu.ec\/kbolanos\/files\/2014\/11\/aniversario-300x207.jpg 300w, https:\/\/blog.espol.edu.ec\/kbolanos\/files\/2014\/11\/aniversario.jpg 645w\" sizes=\"auto, (max-width: 300px) 100vw, 300px\" \/><\/a><\/p>\n<p>&nbsp;<\/p>\n<p><strong>Parque hist\u00f3rico de Guayaquil. <\/strong>Un lugar donde la historia se conjuga con la naturaleza, los edificios cuentan las memorias de un pasado que vive todav\u00eda y las tradiciones de culturas centenarias van marcando nuestros pasos.. Ubicado en el Km 1.5 V\u00eda Samborond\u00f3n y Av. Esmeraldas. Este parque cuenta con 8 h\u00e9ctareas divididas en tres zonas: arquitect\u00f3nica, urbana y tradicional. Abarca una gran variedad de flora y de fauna.<\/p>\n<p><a href=\"http:\/\/blog.espol.edu.ec\/kbolanos\/files\/2014\/11\/aniversario.jpg\">\u00a0\u00a0\u00a0\u00a0\u00a0\u00a0 <\/a><\/p>\n<hr \/>\n<p><a href=\"http:\/\/blog.espol.edu.ec\/kbolanos\/files\/2014\/11\/Parque-Centenario.jpg\">\u00a0\u00a0\u00a0\u00a0\u00a0\u00a0\u00a0\u00a0\u00a0\u00a0\u00a0\u00a0\u00a0\u00a0\u00a0\u00a0\u00a0\u00a0\u00a0\u00a0\u00a0\u00a0\u00a0\u00a0\u00a0\u00a0\u00a0\u00a0 <img loading=\"lazy\" decoding=\"async\" class=\"alignnone size-medium wp-image-67\" src=\"http:\/\/blog.espol.edu.ec\/kbolanos\/files\/2014\/11\/Parque-Centenario-300x225.jpg\" alt=\"Parque-Centenario\" width=\"300\" height=\"225\" srcset=\"https:\/\/blog.espol.edu.ec\/kbolanos\/files\/2014\/11\/Parque-Centenario-300x225.jpg 300w, https:\/\/blog.espol.edu.ec\/kbolanos\/files\/2014\/11\/Parque-Centenario.jpg 400w\" sizes=\"auto, (max-width: 300px) 100vw, 300px\" \/><\/a><\/p>\n<p><strong>El parque del centenario. <\/strong>En arcado por las calles Lorenzo de Garaycoa, V\u00e9lez, Pedro Moncayo y V\u00edctor Manuel Rend\u00f3n, el Parque del Centenario, con su columnas y monumentos, a m\u00e1s de jard\u00ednes, una amplia glorieta destinadas a conciertos y su hermosa fuente de agua, fue inaugurado el 9 de Octubre de de 1920 por el Presidente Constitucional de la Rep\u00fablica, Dr. Jos\u00e9 Luis Tamayo, y concluido en 1937, cuando se colocaron las \u00faltimas estatuas aleg\u00f3ricas -del lado de la calle V\u00edctor Manuel Rend\u00f3n- que son las que representan a La Agricultura y El Comercio.<\/p>\n<hr \/>\n<p><a href=\"http:\/\/blog.espol.edu.ec\/kbolanos\/files\/2014\/11\/iguanas.jpg\">\u00a0\u00a0\u00a0\u00a0\u00a0\u00a0\u00a0\u00a0\u00a0\u00a0\u00a0\u00a0\u00a0\u00a0\u00a0\u00a0\u00a0\u00a0\u00a0\u00a0\u00a0\u00a0\u00a0\u00a0\u00a0\u00a0\u00a0\u00a0\u00a0\u00a0 <img loading=\"lazy\" decoding=\"async\" class=\"alignnone size-medium wp-image-68\" src=\"http:\/\/blog.espol.edu.ec\/kbolanos\/files\/2014\/11\/iguanas-300x225.jpg\" alt=\"iguanas\" width=\"300\" height=\"225\" srcset=\"https:\/\/blog.espol.edu.ec\/kbolanos\/files\/2014\/11\/iguanas-300x225.jpg 300w, https:\/\/blog.espol.edu.ec\/kbolanos\/files\/2014\/11\/iguanas.jpg 500w\" sizes=\"auto, (max-width: 300px) 100vw, 300px\" \/><\/a><\/p>\n<p>El <b>Parque Seminario<\/b> o <b>Parque de las Iguanas<\/b> es un peque\u00f1o y tradicional parque urbano p\u00fablico ubicado en el sector Rocafuerte en el centro de la ciudad de Guayaquil. Fue originalmente la Plaza de Armas de la ciudad colonial, pero con el paso del tiempo perdi\u00f3 ese car\u00e1cter. En este parque se puede apreciar un monumento a <a href=\"http:\/\/es.wikipedia.org\/wiki\/Sim%C3%B3n_Bol%C3%ADvar\">Sim\u00f3n Bol\u00edvar, <\/a>as\u00ed como tambi\u00e9n una gran variedad de iguanas. Este parque esta conectado con la <a href=\"http:\/\/www.catedralgye.com\/historia\/\">Catedral de Guayaquil.<\/a><\/p>\n<hr \/>\n<p><a href=\"http:\/\/blog.espol.edu.ec\/kbolanos\/files\/2014\/11\/guayaquil-malecon-del-salado-ecuador.jpg\">\u00a0\u00a0\u00a0\u00a0\u00a0\u00a0\u00a0\u00a0\u00a0\u00a0\u00a0\u00a0\u00a0\u00a0\u00a0\u00a0\u00a0\u00a0\u00a0\u00a0\u00a0\u00a0\u00a0\u00a0\u00a0\u00a0\u00a0\u00a0\u00a0\u00a0\u00a0\u00a0 <img loading=\"lazy\" decoding=\"async\" class=\"alignnone size-medium wp-image-69\" src=\"http:\/\/blog.espol.edu.ec\/kbolanos\/files\/2014\/11\/guayaquil-malecon-del-salado-ecuador-300x114.jpg\" alt=\"guayaquil-malecon-del-salado-ecuador\" width=\"300\" height=\"114\" srcset=\"https:\/\/blog.espol.edu.ec\/kbolanos\/files\/2014\/11\/guayaquil-malecon-del-salado-ecuador-300x114.jpg 300w, https:\/\/blog.espol.edu.ec\/kbolanos\/files\/2014\/11\/guayaquil-malecon-del-salado-ecuador.jpg 734w\" sizes=\"auto, (max-width: 300px) 100vw, 300px\" \/><\/a><\/p>\n<p><strong>Malec\u00f3n del Salado <\/strong>forma parte de la regeneraci\u00f3n urbana de Guayaquil de 1999-2006. Actualmente cuenta con una monumental fuente de agua y luces multicolor.<\/p>\n<hr \/>\n<p>&nbsp;<\/p>\n<p>&nbsp;<\/p>\n<p>&nbsp;<\/p>\n<p>&nbsp;<\/p>\n","protected":false},"excerpt":{"rendered":"<p>El Guayaquil moderno cuenta con muchos lugares hermosos para pasar en familia, amigos, tomarse fotos, conocer historia de la ciudad, entre otros.. Entre ellos tenemos: \u00a0\u00a0\u00a0\u00a0\u00a0\u00a0\u00a0\u00a0\u00a0\u00a0\u00a0\u00a0\u00a0\u00a0\u00a0\u00a0\u00a0\u00a0\u00a0\u00a0\u00a0 Barrio Las Pe\u00f1as, lugar emblem\u00e1tico de la ciudad de Guayaquil. Es muy reconocido por el estido colonial y la increible arquitectura que posee. Se encuentra ubicado en las faldas &hellip; <\/p>\n<p><a class=\"more-link btn\" href=\"https:\/\/blog.espol.edu.ec\/kbolanos\/mi-primer-hipervinculo\/\">Seguir leyendo<\/a><\/p>\n","protected":false},"author":9353,"featured_media":0,"parent":0,"menu_order":0,"comment_status":"open","ping_status":"open","template":"","meta":{"footnotes":""},"class_list":["post-14","page","type-page","status-publish","hentry","nodate","item-wrap"],"_links":{"self":[{"href":"https:\/\/blog.espol.edu.ec\/kbolanos\/wp-json\/wp\/v2\/pages\/14","targetHints":{"allow":["GET"]}}],"collection":[{"href":"https:\/\/blog.espol.edu.ec\/kbolanos\/wp-json\/wp\/v2\/pages"}],"about":[{"href":"https:\/\/blog.espol.edu.ec\/kbolanos\/wp-json\/wp\/v2\/types\/page"}],"author":[{"embeddable":true,"href":"https:\/\/blog.espol.edu.ec\/kbolanos\/wp-json\/wp\/v2\/users\/9353"}],"replies":[{"embeddable":true,"href":"https:\/\/blog.espol.edu.ec\/kbolanos\/wp-json\/wp\/v2\/comments?post=14"}],"version-history":[{"count":4,"href":"https:\/\/blog.espol.edu.ec\/kbolanos\/wp-json\/wp\/v2\/pages\/14\/revisions"}],"predecessor-version":[{"id":70,"href":"https:\/\/blog.espol.edu.ec\/kbolanos\/wp-json\/wp\/v2\/pages\/14\/revisions\/70"}],"wp:attachment":[{"href":"https:\/\/blog.espol.edu.ec\/kbolanos\/wp-json\/wp\/v2\/media?parent=14"}],"curies":[{"name":"wp","href":"https:\/\/api.w.org\/{rel}","templated":true}]}}