{"id":2,"date":"2014-10-23T13:32:54","date_gmt":"2014-10-23T13:32:54","guid":{"rendered":"http:\/\/blog.espol.edu.ec\/kbolanos\/?page_id=2"},"modified":"2014-11-09T05:03:39","modified_gmt":"2014-11-09T05:03:39","slug":"pagina-ejemplo","status":"publish","type":"page","link":"https:\/\/blog.espol.edu.ec\/kbolanos\/pagina-ejemplo\/","title":{"rendered":"Su comida tipica..."},"content":{"rendered":"<p><strong>Encebollado<\/strong><\/p>\n<p><a href=\"http:\/\/blog.espol.edu.ec\/kbolanos\/files\/2014\/10\/encebollado-de-pescado4.jpg\">\u00a0\u00a0\u00a0\u00a0\u00a0\u00a0\u00a0\u00a0\u00a0\u00a0\u00a0\u00a0\u00a0\u00a0\u00a0\u00a0\u00a0\u00a0\u00a0\u00a0\u00a0\u00a0\u00a0\u00a0 <\/a><a href=\"http:\/\/blog.espol.edu.ec\/kbolanos\/files\/2014\/10\/encebollado-de-pescado4.jpg\"><img loading=\"lazy\" decoding=\"async\" class=\"alignnone wp-image-45 size-medium\" src=\"http:\/\/blog.espol.edu.ec\/kbolanos\/files\/2014\/10\/encebollado-de-pescado4-300x200.jpg\" alt=\"encebollado-de-pescado4\" width=\"300\" height=\"200\" srcset=\"https:\/\/blog.espol.edu.ec\/kbolanos\/files\/2014\/10\/encebollado-de-pescado4-300x200.jpg 300w, https:\/\/blog.espol.edu.ec\/kbolanos\/files\/2014\/10\/encebollado-de-pescado4.jpg 640w\" sizes=\"auto, (max-width: 300px) 100vw, 300px\" \/><\/a><\/p>\n<p>Hecho de pesacado (albacora o at\u00fan), yuca, aderezado con cebolla, cilantro y jugo de lim\u00f3n. Se dice que es un buen reanimador luego de una larga noche de farra. <a href=\"http:\/\/www.forosecuador.ec\/forum\/ecuador\/cocina-y-gastronom%C3%ADa\/127-receta-de-encebollado-ecuatoriano\">Ver modo de preparaci\u00f3n<\/a><\/p>\n<p>&nbsp;<\/p>\n<p><strong>Bollos de pescado<\/strong><\/p>\n<p><a href=\"http:\/\/blog.espol.edu.ec\/kbolanos\/files\/2014\/10\/bollo2.jpg\">\u00a0\u00a0\u00a0\u00a0\u00a0\u00a0\u00a0\u00a0\u00a0\u00a0\u00a0\u00a0\u00a0\u00a0\u00a0\u00a0\u00a0\u00a0\u00a0\u00a0\u00a0\u00a0\u00a0\u00a0\u00a0\u00a0\u00a0 <img loading=\"lazy\" decoding=\"async\" class=\"alignnone wp-image-46 size-medium\" src=\"http:\/\/blog.espol.edu.ec\/kbolanos\/files\/2014\/10\/bollo2-300x225.jpg\" alt=\"bollo2\" width=\"300\" height=\"225\" srcset=\"https:\/\/blog.espol.edu.ec\/kbolanos\/files\/2014\/10\/bollo2-300x225.jpg 300w, https:\/\/blog.espol.edu.ec\/kbolanos\/files\/2014\/10\/bollo2.jpg 500w\" sizes=\"auto, (max-width: 300px) 100vw, 300px\" \/><\/a><\/p>\n<p>&nbsp;<\/p>\n<p>Preparado con verde molido, pescado, man\u00ed, envuelto en una hoja de pl\u00e1tano. <a href=\"http:\/\/www.expresolatino.net\/magazine\/gastronomia\/1795-receta-de-la-costa-de-ecuador-bollo-de-pescado.html\">Ver modo de preparaci\u00f3n.<\/a><\/p>\n<p>&nbsp;<\/p>\n<p>&nbsp;<\/p>\n<p><strong>Arroz con menestra y carne asada<\/strong><\/p>\n<p><a href=\"http:\/\/blog.espol.edu.ec\/kbolanos\/files\/2014\/10\/menestra2.png\">\u00a0\u00a0\u00a0\u00a0\u00a0\u00a0\u00a0\u00a0\u00a0\u00a0\u00a0\u00a0\u00a0\u00a0\u00a0\u00a0\u00a0\u00a0\u00a0\u00a0\u00a0\u00a0\u00a0\u00a0\u00a0\u00a0\u00a0\u00a0\u00a0\u00a0 <img loading=\"lazy\" decoding=\"async\" class=\"alignnone wp-image-47 size-full\" src=\"http:\/\/blog.espol.edu.ec\/kbolanos\/files\/2014\/10\/menestra2.png\" alt=\"menestra2\" width=\"289\" height=\"246\" \/><\/a><\/p>\n<p>Contiene ingredientes como arroz,\u00a0 frejol o lenteja, carne... <a href=\"http:\/\/tenedordeoro.com.ec\/arroz-con-menestra-y-carne.html\">Ver modo de prepraraci\u00f3n.<\/a><\/p>\n<p>&nbsp;<\/p>\n<p><strong>Caldo de salchicha<\/strong><\/p>\n<p><a href=\"http:\/\/blog.espol.edu.ec\/kbolanos\/files\/2014\/10\/salchicha.jpg\">\u00a0\u00a0\u00a0\u00a0\u00a0\u00a0\u00a0\u00a0\u00a0\u00a0\u00a0\u00a0\u00a0\u00a0\u00a0\u00a0\u00a0\u00a0\u00a0\u00a0\u00a0\u00a0\u00a0\u00a0\u00a0\u00a0\u00a0\u00a0 <img loading=\"lazy\" decoding=\"async\" class=\"alignnone wp-image-49 size-medium\" src=\"http:\/\/blog.espol.edu.ec\/kbolanos\/files\/2014\/10\/salchicha-300x172.jpg\" alt=\"salchicha\" width=\"300\" height=\"172\" srcset=\"https:\/\/blog.espol.edu.ec\/kbolanos\/files\/2014\/10\/salchicha-300x172.jpg 300w, https:\/\/blog.espol.edu.ec\/kbolanos\/files\/2014\/10\/salchicha.jpg 680w\" sizes=\"auto, (max-width: 300px) 100vw, 300px\" \/><\/a><\/p>\n<p>Caldo realizado con menudencia que son rellenadas cpn sangre y arroz, tambien se las hace de verde rallado. <a href=\"http:\/\/www.recetasycomidas.com\/pais\/comida-de-ecuador\/caldo-de-salchicha\/\">Ver modo de preparaci\u00f3n.<\/a><\/p>\n<p>&nbsp;<\/p>\n<p><strong>Bolones de Verde<\/strong><\/p>\n<p><a href=\"http:\/\/blog.espol.edu.ec\/kbolanos\/files\/2014\/10\/4127594_640px.jpg\">\u00a0\u00a0\u00a0\u00a0\u00a0\u00a0\u00a0\u00a0\u00a0\u00a0\u00a0\u00a0\u00a0\u00a0\u00a0\u00a0\u00a0\u00a0\u00a0\u00a0\u00a0\u00a0\u00a0\u00a0\u00a0\u00a0\u00a0\u00a0 <img loading=\"lazy\" decoding=\"async\" class=\"alignnone wp-image-50 size-medium\" src=\"http:\/\/blog.espol.edu.ec\/kbolanos\/files\/2014\/10\/4127594_640px-300x200.jpg\" alt=\"4127594_640px\" width=\"300\" height=\"200\" srcset=\"https:\/\/blog.espol.edu.ec\/kbolanos\/files\/2014\/10\/4127594_640px-300x200.jpg 300w, https:\/\/blog.espol.edu.ec\/kbolanos\/files\/2014\/10\/4127594_640px.jpg 640w\" sizes=\"auto, (max-width: 300px) 100vw, 300px\" \/><\/a><\/p>\n<p>Es sin duda una de las opciones de desayuno de todo Guayaco. Son bolas de verde a los cuales una vez cocinado se les da forma con las manos y se les agrega trozos fritos de cerdo, o trocitos de queso. <a href=\"http:\/\/laylita.com\/recetas\/2012\/03\/14\/bolon-de-verde\/\">Ver modo de prepraci\u00f3n.<\/a><\/p>\n<p>&nbsp;<\/p>\n<p><strong>El Cangrejo<\/strong><\/p>\n<p><a href=\"http:\/\/blog.espol.edu.ec\/kbolanos\/files\/2014\/10\/crab.jpg\">\u00a0\u00a0\u00a0\u00a0\u00a0\u00a0\u00a0\u00a0\u00a0\u00a0\u00a0\u00a0\u00a0\u00a0\u00a0\u00a0\u00a0\u00a0\u00a0\u00a0\u00a0\u00a0\u00a0\u00a0\u00a0\u00a0\u00a0\u00a0 <img loading=\"lazy\" decoding=\"async\" class=\"alignnone wp-image-51 size-medium\" src=\"http:\/\/blog.espol.edu.ec\/kbolanos\/files\/2014\/10\/crab-300x187.jpg\" alt=\"crab\" width=\"300\" height=\"187\" srcset=\"https:\/\/blog.espol.edu.ec\/kbolanos\/files\/2014\/10\/crab-300x187.jpg 300w, https:\/\/blog.espol.edu.ec\/kbolanos\/files\/2014\/10\/crab.jpg 400w\" sizes=\"auto, (max-width: 300px) 100vw, 300px\" \/><\/a><\/p>\n<p>&nbsp;<\/p>\n<p>Un producto de mar muy popular y muy apetecido por muchos, sobre todo en los fines de semana. <a href=\"http:\/\/recetaecuatoriana.com\/2009\/05\/cangrejada\/\">Ver modo de preparaci\u00f3n.<\/a><\/p>\n<p>&nbsp;<\/p>\n<p>&nbsp;<\/p>\n","protected":false},"excerpt":{"rendered":"<p>Encebollado \u00a0\u00a0\u00a0\u00a0\u00a0\u00a0\u00a0\u00a0\u00a0\u00a0\u00a0\u00a0\u00a0\u00a0\u00a0\u00a0\u00a0\u00a0\u00a0\u00a0\u00a0\u00a0\u00a0\u00a0 Hecho de pesacado (albacora o at\u00fan), yuca, aderezado con cebolla, cilantro y jugo de lim\u00f3n. Se dice que es un buen reanimador luego de una larga noche de farra. Ver modo de preparaci\u00f3n &nbsp; Bollos de pescado \u00a0\u00a0\u00a0\u00a0\u00a0\u00a0\u00a0\u00a0\u00a0\u00a0\u00a0\u00a0\u00a0\u00a0\u00a0\u00a0\u00a0\u00a0\u00a0\u00a0\u00a0\u00a0\u00a0\u00a0\u00a0\u00a0\u00a0 &nbsp; Preparado con verde molido, pescado, man\u00ed, envuelto en una hoja de pl\u00e1tano. Ver modo &hellip; <\/p>\n<p><a class=\"more-link btn\" href=\"https:\/\/blog.espol.edu.ec\/kbolanos\/pagina-ejemplo\/\">Seguir leyendo<\/a><\/p>\n","protected":false},"author":9353,"featured_media":0,"parent":0,"menu_order":0,"comment_status":"open","ping_status":"open","template":"","meta":{"footnotes":""},"class_list":["post-2","page","type-page","status-publish","hentry","nodate","item-wrap"],"_links":{"self":[{"href":"https:\/\/blog.espol.edu.ec\/kbolanos\/wp-json\/wp\/v2\/pages\/2","targetHints":{"allow":["GET"]}}],"collection":[{"href":"https:\/\/blog.espol.edu.ec\/kbolanos\/wp-json\/wp\/v2\/pages"}],"about":[{"href":"https:\/\/blog.espol.edu.ec\/kbolanos\/wp-json\/wp\/v2\/types\/page"}],"author":[{"embeddable":true,"href":"https:\/\/blog.espol.edu.ec\/kbolanos\/wp-json\/wp\/v2\/users\/9353"}],"replies":[{"embeddable":true,"href":"https:\/\/blog.espol.edu.ec\/kbolanos\/wp-json\/wp\/v2\/comments?post=2"}],"version-history":[{"count":4,"href":"https:\/\/blog.espol.edu.ec\/kbolanos\/wp-json\/wp\/v2\/pages\/2\/revisions"}],"predecessor-version":[{"id":52,"href":"https:\/\/blog.espol.edu.ec\/kbolanos\/wp-json\/wp\/v2\/pages\/2\/revisions\/52"}],"wp:attachment":[{"href":"https:\/\/blog.espol.edu.ec\/kbolanos\/wp-json\/wp\/v2\/media?parent=2"}],"curies":[{"name":"wp","href":"https:\/\/api.w.org\/{rel}","templated":true}]}}