{"id":62,"date":"2014-11-10T04:06:07","date_gmt":"2014-11-10T04:06:07","guid":{"rendered":"http:\/\/blog.espol.edu.ec\/kbolanos\/?page_id=62"},"modified":"2014-11-10T04:24:37","modified_gmt":"2014-11-10T04:24:37","slug":"algunas-canciones-de-la-ciudad","status":"publish","type":"page","link":"https:\/\/blog.espol.edu.ec\/kbolanos\/algunas-canciones-de-la-ciudad\/","title":{"rendered":"Algunas canciones de la ciudad..."},"content":{"rendered":"<p><strong>Guayaquil de mis amores..<\/strong><br \/>\n<iframe loading=\"lazy\" src=\"\/\/www.youtube.com\/embed\/icOzijVFTK0\" width=\"420\" height=\"315\" frameborder=\"0\" allowfullscreen=\"allowfullscreen\"><\/iframe><\/p>\n<p>Tu eres perla que surgiste<br \/>\ndel mas grande e ignoto mar,<br \/>\ny si al son de su arrullar<br \/>\nen jardin te convertiste;<br \/>\nsoberana en sus empe\u00f1os<br \/>\nnuestro Dios formo un pensil<br \/>\ncon tus bellas Guayaquil;<br \/>\nGuayaquil de mis ensue\u00f1os... <a href=\"http:\/\/www.albumcancionyletra.com\/guayaquil-de-mis-amores_de_julio-jaramillo___214390.aspx\">Ver mas<\/a><\/p>\n<hr \/>\n<p>&nbsp;<\/p>\n<p><strong>Guayaquile\u00f1o Madera de Guerrero<\/strong><br \/>\n<iframe loading=\"lazy\" src=\"\/\/www.youtube.com\/embed\/cAlTRSPQPVE\" width=\"560\" height=\"315\" frameborder=\"0\" allowfullscreen=\"allowfullscreen\"><\/iframe><\/p>\n<p>Yo nac\u00ed en esta tierra de las<br \/>\nbellas palmeras, de<br \/>\ncristalinos r\u00edos, de paisaje<br \/>\nideal, nac\u00ed en ella y la quiero<br \/>\ny por ella aunque muera la<br \/>\nvida yo la diera por no verla<br \/>\nsufrir. <a href=\"http:\/\/www.elmejorartista.com\/2012\/10\/cancion-guayaquileno-madera-de-guerrero.html\">Ver mas<\/a><\/p>\n<hr \/>\n<p><strong>Guayaquil P\u00f3rtico de Oro<\/strong><br \/>\n<iframe loading=\"lazy\" src=\"\/\/www.youtube.com\/embed\/gcw770knncM\" width=\"420\" height=\"315\" frameborder=\"0\" allowfullscreen=\"allowfullscreen\"><\/iframe><\/p>\n<div style=\"text-align: left\" align=\"center\">\n<pre><span style=\"color: #92a4b8;font-family: Verdana\">\u00a1Guayaquil, Guayaquil \r\np\u00f3rtico de oro,\r\nque a la diestra del Guayas\r\nte levantas!\r\nTienes el alma \r\ndel cristal sonoro,\r\ncon que vibras\r\nen todas las gargantas. <a href=\"http:\/\/www.morellajimenez.com.do\/letguayaporticoro.htm\">Ver mas<\/a><\/span><\/pre>\n<hr \/>\n<p><strong>Yo soy Juan Pueblo<\/strong><\/p>\n<\/div>\n<div style=\"text-align: left\" align=\"center\"><\/div>\n<div style=\"text-align: left\" align=\"center\"><\/div>\n<p><iframe loading=\"lazy\" src=\"\/\/www.youtube.com\/embed\/iI9IY93qaRk\" width=\"420\" height=\"315\" frameborder=\"0\" allowfullscreen=\"allowfullscreen\"><\/iframe><\/p>\n<p>Con mi gorrita de papel<\/p>\n<p>Soy Juan Pueblo<\/p>\n<p>Nacido en un barrio muy popular<\/p>\n<p>Soy Juan Pueblo<\/p>\n<p>Azul y blanca es mi bandera<\/p>\n<p>Soy Juan Pueblo<\/p>\n<p>Trabajo con ganas por Guayaquil<\/p>\n<p>Soy Juan Pueblo. <a href=\"http:\/\/es.scribd.com\/doc\/99916482\/Juan-Pueblo\">Ver mas<\/a><\/p>\n<hr \/>\n<p><strong>Guayaquil vive por t\u00ed<\/strong><\/p>\n<p>&nbsp;<\/p>\n<p><iframe loading=\"lazy\" src=\"\/\/www.youtube.com\/embed\/YcNRd3EF65M\" width=\"420\" height=\"315\" frameborder=\"0\" allowfullscreen=\"allowfullscreen\"><\/iframe><\/p>\n<h6><a class=\"h2heading h6\" name=\"AHORA_O_NUNCA:_GUAYAQUIL_VIVE_POR_TI_&lt;br_\/&gt;_Letra:_Luis_Padilla_Guevara_y_Paul_Tapia._&lt;br_\/&gt;_Musica:_Luis_Padilla_Guevara._&lt;br_\/&gt;&lt;br_\/&gt;_Esta_en_el_canto_de_la_brisa_&lt;br_\/&gt;_En_el_Malec\u00f3n_y_el_Cerro_&lt;br_\/&gt;_En_los_t\u00ed\u00adpicos_portales_&lt;br_\/&gt;_En_los_balcones_risue\u00f1os._&lt;br_\/&gt;&lt;br_\/&gt;_En_los_parques_y_el_estero_&lt;br_\/&gt;_en_los_ni\u00f1os_y_en_los_viejos._&lt;br_\/&gt;&lt;br_\/&gt;_Es_acorde_de_guitarra_&lt;br_\/&gt;_Un_porte\u00f1o_en_guayabera_&lt;br_\/&gt;_Es_tu_pulso,_es_tu_emblema_&lt;br_\/&gt;_tu_ciudad_es_Guayaquil._&lt;br_\/&gt;&lt;br_\/&gt;_As\u00ed\u00ad_es_Guayaquil_&lt;br_\/&gt;_Cuna_de_libertad_&lt;br_\/&gt;_As\u00ed\u00ad_es_Guayaquil_&lt;br_\/&gt;_hogar_de_todos_&lt;br_\/&gt;_puerto_de_amistad._&lt;br_\/&gt;&lt;br_\/&gt;_Est\u00e1_en_los_rostros_de_la_gente_&lt;br_\/&gt;_En_la_fuerza_de_sus_hombres_&lt;br_\/&gt;_En_el_sudor_de_su_frente_&lt;br_\/&gt;_En_la_altivez_de_sus_mujeres._&lt;br_\/&gt;&lt;br_\/&gt;_En_las_calles_de_tu_barrio_&lt;br_\/&gt;_En_tu_car\u00e1cter_alegre._&lt;br_\/&gt;&lt;br_\/&gt;_Es_la_cuna_que_te_abriga_&lt;br_\/&gt;_Es_tu_suelo,_es_tu_herencia_&lt;br_\/&gt;_Es_tu_anhelo,_tu_conciencia_&lt;br_\/&gt;_Tu_horizonte_es_Guayaquil._&lt;br_\/&gt;&lt;br_\/&gt;_As\u00ed\u00ad_es_Guayaquil_&lt;br_\/&gt;_Cuna_de_libertad_&lt;br_\/&gt;_As\u00ed\u00ad_es_Guayaquil_&lt;br_\/&gt;_Hogar_de_todos_&lt;br_\/&gt;_Puerto_de_amistad._&lt;br_\/&gt;&lt;br_\/&gt;_\u00a1Guayaquil,_vive_por_ti!\"><\/a>Esta en el canto de la brisa<br \/>\nEn el Malec\u00f3n y el Cerro<br \/>\nEn los t\u00ed\u00adpicos portales<br \/>\nEn los balcones risue\u00f1os.... <a href=\"http:\/\/es.answers.com\/Q\/Letra_de_cancion_guayaquil_vive_por_ti\">Ver mas<\/a><\/h6>\n","protected":false},"excerpt":{"rendered":"<p>Guayaquil de mis amores.. Tu eres perla que surgiste del mas grande e ignoto mar, y si al son de su arrullar en jardin te convertiste; soberana en sus empe\u00f1os nuestro Dios formo un pensil con tus bellas Guayaquil; Guayaquil de mis ensue\u00f1os... Ver mas &nbsp; Guayaquile\u00f1o Madera de Guerrero Yo nac\u00ed en esta tierra &hellip; <\/p>\n<p><a class=\"more-link btn\" href=\"https:\/\/blog.espol.edu.ec\/kbolanos\/algunas-canciones-de-la-ciudad\/\">Seguir leyendo<\/a><\/p>\n","protected":false},"author":9353,"featured_media":0,"parent":0,"menu_order":0,"comment_status":"open","ping_status":"open","template":"","meta":{"footnotes":""},"class_list":["post-62","page","type-page","status-publish","hentry","nodate","item-wrap"],"_links":{"self":[{"href":"https:\/\/blog.espol.edu.ec\/kbolanos\/wp-json\/wp\/v2\/pages\/62","targetHints":{"allow":["GET"]}}],"collection":[{"href":"https:\/\/blog.espol.edu.ec\/kbolanos\/wp-json\/wp\/v2\/pages"}],"about":[{"href":"https:\/\/blog.espol.edu.ec\/kbolanos\/wp-json\/wp\/v2\/types\/page"}],"author":[{"embeddable":true,"href":"https:\/\/blog.espol.edu.ec\/kbolanos\/wp-json\/wp\/v2\/users\/9353"}],"replies":[{"embeddable":true,"href":"https:\/\/blog.espol.edu.ec\/kbolanos\/wp-json\/wp\/v2\/comments?post=62"}],"version-history":[{"count":3,"href":"https:\/\/blog.espol.edu.ec\/kbolanos\/wp-json\/wp\/v2\/pages\/62\/revisions"}],"predecessor-version":[{"id":65,"href":"https:\/\/blog.espol.edu.ec\/kbolanos\/wp-json\/wp\/v2\/pages\/62\/revisions\/65"}],"wp:attachment":[{"href":"https:\/\/blog.espol.edu.ec\/kbolanos\/wp-json\/wp\/v2\/media?parent=62"}],"curies":[{"name":"wp","href":"https:\/\/api.w.org\/{rel}","templated":true}]}}