{"id":2,"date":"2014-05-22T13:11:32","date_gmt":"2014-05-22T13:11:32","guid":{"rendered":"http:\/\/blog.espol.edu.ec\/kcanizar\/?page_id=2"},"modified":"2014-05-31T01:05:21","modified_gmt":"2014-05-31T01:05:21","slug":"pagina-ejemplo","status":"publish","type":"page","link":"https:\/\/blog.espol.edu.ec\/kcanizar\/pagina-ejemplo\/","title":{"rendered":"3D Beach"},"content":{"rendered":"<p><a href=\"http:\/\/blog.espol.edu.ec\/kcanizar\/files\/2014\/05\/10373994_526143794174944_7945668505544021250_n.jpg\"><img loading=\"lazy\" decoding=\"async\" class=\"alignnone  wp-image-35\" src=\"http:\/\/blog.espol.edu.ec\/kcanizar\/files\/2014\/05\/10373994_526143794174944_7945668505544021250_n-300x225.jpg\" alt=\"10373994_526143794174944_7945668505544021250_n\" width=\"415\" height=\"311\" srcset=\"https:\/\/blog.espol.edu.ec\/kcanizar\/files\/2014\/05\/10373994_526143794174944_7945668505544021250_n-300x225.jpg 300w, https:\/\/blog.espol.edu.ec\/kcanizar\/files\/2014\/05\/10373994_526143794174944_7945668505544021250_n.jpg 600w\" sizes=\"auto, (max-width: 415px) 100vw, 415px\" \/><\/a><\/p>\n<p><span style=\"color: #323232\">Jamie Harkins todo lo que necesita para crear son unos\u00a0palos de madera<\/span><span style=\"color: #323232\">, una visi\u00f3n de las\u00a0perspectivas\u00a0\u00fanica y una\u00a0playa<\/span><span style=\"color: #323232\">. Cuando no est\u00e1 pintando en su estudio en\u00a0Mount Maunganui,\u00a0Harkins\u00a0dedica parte de su tiempo a dibujar ilusiones fant\u00e1sticas en\u00a03D\u00a0en la arena. Estas vistas desde el \u00e1ngulo correcto pasan a tener una gran realidad tridimensional. Sus dibujos\u00a0anam\u00f3rficos\u00a0van desde la recreaci\u00f3n de escaleras, parques de\u00a0skate y escenas del oc\u00e9ano completando todas cuando sit\u00faa a sus amigos de manera precisa para hacer que la ilusi\u00f3n\u00a0\u00f3ptica\u00a0parezca del todo real. Harkins dice estar encantado de que sus creaciones desaparezcan con la subida de la marea.<\/span><\/p>\n<p><a href=\"http:\/\/blog.espol.edu.ec\/kcanizar\/files\/2014\/05\/10313389_526143734174950_4573254745162034461_n.jpg\"><img loading=\"lazy\" decoding=\"async\" class=\"alignnone  wp-image-36\" src=\"http:\/\/blog.espol.edu.ec\/kcanizar\/files\/2014\/05\/10313389_526143734174950_4573254745162034461_n-300x199.jpg\" alt=\"10313389_526143734174950_4573254745162034461_n\" width=\"416\" height=\"276\" srcset=\"https:\/\/blog.espol.edu.ec\/kcanizar\/files\/2014\/05\/10313389_526143734174950_4573254745162034461_n-300x199.jpg 300w, https:\/\/blog.espol.edu.ec\/kcanizar\/files\/2014\/05\/10313389_526143734174950_4573254745162034461_n.jpg 600w\" sizes=\"auto, (max-width: 416px) 100vw, 416px\" \/><\/a><\/p>\n<p><a href=\"http:\/\/blog.espol.edu.ec\/kcanizar\/files\/2014\/05\/10402433_526143724174951_8883500930709198633_n.jpg\"><img loading=\"lazy\" decoding=\"async\" class=\"alignnone  wp-image-37\" src=\"http:\/\/blog.espol.edu.ec\/kcanizar\/files\/2014\/05\/10402433_526143724174951_8883500930709198633_n-300x225.jpg\" alt=\"10402433_526143724174951_8883500930709198633_n\" width=\"411\" height=\"308\" srcset=\"https:\/\/blog.espol.edu.ec\/kcanizar\/files\/2014\/05\/10402433_526143724174951_8883500930709198633_n-300x225.jpg 300w, https:\/\/blog.espol.edu.ec\/kcanizar\/files\/2014\/05\/10402433_526143724174951_8883500930709198633_n.jpg 600w\" sizes=\"auto, (max-width: 411px) 100vw, 411px\" \/><\/a><\/p>\n","protected":false},"excerpt":{"rendered":"<p>Jamie Harkins todo lo que necesita para crear son unos\u00a0palos de madera, una visi\u00f3n de las\u00a0perspectivas\u00a0\u00fanica y una\u00a0playa. Cuando no est\u00e1 pintando en su estudio en\u00a0Mount Maunganui,\u00a0Harkins\u00a0dedica parte de su tiempo a dibujar ilusiones fant\u00e1sticas en\u00a03D\u00a0en la arena. Estas vistas desde el \u00e1ngulo correcto pasan a tener una gran realidad tridimensional. Sus dibujos\u00a0anam\u00f3rficos\u00a0van desde la &hellip; <\/p>\n<p><a class=\"more-link btn\" href=\"https:\/\/blog.espol.edu.ec\/kcanizar\/pagina-ejemplo\/\">Seguir leyendo<\/a><\/p>\n","protected":false},"author":9096,"featured_media":0,"parent":0,"menu_order":0,"comment_status":"open","ping_status":"open","template":"","meta":{"footnotes":""},"class_list":["post-2","page","type-page","status-publish","hentry","nodate","item-wrap"],"_links":{"self":[{"href":"https:\/\/blog.espol.edu.ec\/kcanizar\/wp-json\/wp\/v2\/pages\/2","targetHints":{"allow":["GET"]}}],"collection":[{"href":"https:\/\/blog.espol.edu.ec\/kcanizar\/wp-json\/wp\/v2\/pages"}],"about":[{"href":"https:\/\/blog.espol.edu.ec\/kcanizar\/wp-json\/wp\/v2\/types\/page"}],"author":[{"embeddable":true,"href":"https:\/\/blog.espol.edu.ec\/kcanizar\/wp-json\/wp\/v2\/users\/9096"}],"replies":[{"embeddable":true,"href":"https:\/\/blog.espol.edu.ec\/kcanizar\/wp-json\/wp\/v2\/comments?post=2"}],"version-history":[{"count":3,"href":"https:\/\/blog.espol.edu.ec\/kcanizar\/wp-json\/wp\/v2\/pages\/2\/revisions"}],"predecessor-version":[{"id":39,"href":"https:\/\/blog.espol.edu.ec\/kcanizar\/wp-json\/wp\/v2\/pages\/2\/revisions\/39"}],"wp:attachment":[{"href":"https:\/\/blog.espol.edu.ec\/kcanizar\/wp-json\/wp\/v2\/media?parent=2"}],"curies":[{"name":"wp","href":"https:\/\/api.w.org\/{rel}","templated":true}]}}