{"id":48,"date":"2014-06-09T23:57:43","date_gmt":"2014-06-09T23:57:43","guid":{"rendered":"http:\/\/blog.espol.edu.ec\/kcanizar\/?page_id=48"},"modified":"2014-06-09T23:57:43","modified_gmt":"2014-06-09T23:57:43","slug":"esculturas","status":"publish","type":"page","link":"https:\/\/blog.espol.edu.ec\/kcanizar\/esculturas\/","title":{"rendered":"Esculturas"},"content":{"rendered":"<p style=\"color: #000000\"><a href=\"http:\/\/www.xamou-art.co.uk\/introducing-you-to-british-sculptor-ptolemy-elrington\/\"><img loading=\"lazy\" decoding=\"async\" class=\"size-medium wp-image-52 aligncenter\" src=\"http:\/\/blog.espol.edu.ec\/kcanizar\/files\/2014\/06\/artist-258x300.jpg\" alt=\"artist\" width=\"258\" height=\"300\" srcset=\"https:\/\/blog.espol.edu.ec\/kcanizar\/files\/2014\/06\/artist-258x300.jpg 258w, https:\/\/blog.espol.edu.ec\/kcanizar\/files\/2014\/06\/artist.jpg 300w\" sizes=\"auto, (max-width: 258px) 100vw, 258px\" \/><\/a><\/p>\n<p style=\"color: #000000\"><a href=\"http:\/\/www.xamou-art.co.uk\/introducing-you-to-british-sculptor-ptolemy-elrington\/\">Ptolomeo ELRINGTON<\/a> trabaja con materiales reciclados.\u00a0Hay una serie de otros artistas\u00a0que inteligentemente trabajan con este tipo de materia.\u00a0Por ejemplo, Jason Mercier, o Brian Dettmer.\u00a0\u00a0ELRINGTON se relaciona con el <a style=\"color: #8b0b0b\" title=\"Arte Povera\" href=\"http:\/\/todacultura.com\/movimientosartisticos\/artepovera.htm\">Arte Povera<\/a>\u00a0tambi\u00e9n.\u00a0Para comenzar \u00a0el artista encontr\u00f3 estos tapacubos abandonados al borde del camino y comenz\u00f3 a crear esculturas ingeniosas a partir de ellos.<\/p>\n<p style=\"color: #000000\">Para recoger suficientes tapacubos,\u00a0apoyar su h\u00e1bito y mantenerse al tanto de las \u00f3rdenes, tiene que frecuentar el deposito de chatarra local<span id=\"yazn6_7\" class=\"yazn6\" style=\"color: #009900 !important\">\u00a0<\/span>estos d\u00edas - entre otras cosas, porque \u00e9l usa cada vez m\u00e1s otros materiales de desecho reciclados.\u00a0Con esta noble b\u00fasqueda de reciclaje, usted desarrolla una idea clara de que el tapacubos\u00a0Volkswagen crear\u00eda el mejor ojo para un pez, o el pl\u00e1stico Citro\u00ebn ser\u00eda el m\u00e1s flexible para una determinada forma del cuerpo.<\/p>\n<p style=\"color: #000000\"><a href=\"http:\/\/blog.espol.edu.ec\/kcanizar\/files\/2014\/06\/1907616_511151875674136_2773447672657628918_n.jpg\"><img loading=\"lazy\" decoding=\"async\" class=\"wp-image-49 aligncenter\" src=\"http:\/\/blog.espol.edu.ec\/kcanizar\/files\/2014\/06\/1907616_511151875674136_2773447672657628918_n-300x225.jpg\" alt=\"1907616_511151875674136_2773447672657628918_n\" width=\"373\" height=\"280\" srcset=\"https:\/\/blog.espol.edu.ec\/kcanizar\/files\/2014\/06\/1907616_511151875674136_2773447672657628918_n-300x225.jpg 300w, https:\/\/blog.espol.edu.ec\/kcanizar\/files\/2014\/06\/1907616_511151875674136_2773447672657628918_n.jpg 600w\" sizes=\"auto, (max-width: 373px) 100vw, 373px\" \/><\/a> <a href=\"http:\/\/blog.espol.edu.ec\/kcanizar\/files\/2014\/06\/1959255_511151795674144_6527231626575771816_n.jpg\"><img loading=\"lazy\" decoding=\"async\" class=\"size-medium wp-image-50 aligncenter\" src=\"http:\/\/blog.espol.edu.ec\/kcanizar\/files\/2014\/06\/1959255_511151795674144_6527231626575771816_n-300x282.jpg\" alt=\"1959255_511151795674144_6527231626575771816_n\" width=\"300\" height=\"282\" srcset=\"https:\/\/blog.espol.edu.ec\/kcanizar\/files\/2014\/06\/1959255_511151795674144_6527231626575771816_n-300x282.jpg 300w, https:\/\/blog.espol.edu.ec\/kcanizar\/files\/2014\/06\/1959255_511151795674144_6527231626575771816_n.jpg 600w\" sizes=\"auto, (max-width: 300px) 100vw, 300px\" \/><\/a> <a href=\"http:\/\/blog.espol.edu.ec\/kcanizar\/files\/2014\/06\/10172734_511151535674170_3758030940784457712_n-1.jpg\"><img loading=\"lazy\" decoding=\"async\" class=\"size-medium wp-image-51 aligncenter\" src=\"http:\/\/blog.espol.edu.ec\/kcanizar\/files\/2014\/06\/10172734_511151535674170_3758030940784457712_n-1-200x300.jpg\" alt=\"10172734_511151535674170_3758030940784457712_n (1)\" width=\"200\" height=\"300\" srcset=\"https:\/\/blog.espol.edu.ec\/kcanizar\/files\/2014\/06\/10172734_511151535674170_3758030940784457712_n-1-200x300.jpg 200w, https:\/\/blog.espol.edu.ec\/kcanizar\/files\/2014\/06\/10172734_511151535674170_3758030940784457712_n-1.jpg 600w\" sizes=\"auto, (max-width: 200px) 100vw, 200px\" \/><\/a><\/p>\n","protected":false},"excerpt":{"rendered":"<p>Ptolomeo ELRINGTON trabaja con materiales reciclados.\u00a0Hay una serie de otros artistas\u00a0que inteligentemente trabajan con este tipo de materia.\u00a0Por ejemplo, Jason Mercier, o Brian Dettmer.\u00a0\u00a0ELRINGTON se relaciona con el Arte Povera\u00a0tambi\u00e9n.\u00a0Para comenzar \u00a0el artista encontr\u00f3 estos tapacubos abandonados al borde del camino y comenz\u00f3 a crear esculturas ingeniosas a partir de ellos. Para recoger suficientes tapacubos,\u00a0apoyar &hellip; <\/p>\n<p><a class=\"more-link btn\" href=\"https:\/\/blog.espol.edu.ec\/kcanizar\/esculturas\/\">Seguir leyendo<\/a><\/p>\n","protected":false},"author":9096,"featured_media":0,"parent":0,"menu_order":0,"comment_status":"open","ping_status":"open","template":"","meta":{"footnotes":""},"class_list":["post-48","page","type-page","status-publish","hentry","nodate","item-wrap"],"_links":{"self":[{"href":"https:\/\/blog.espol.edu.ec\/kcanizar\/wp-json\/wp\/v2\/pages\/48","targetHints":{"allow":["GET"]}}],"collection":[{"href":"https:\/\/blog.espol.edu.ec\/kcanizar\/wp-json\/wp\/v2\/pages"}],"about":[{"href":"https:\/\/blog.espol.edu.ec\/kcanizar\/wp-json\/wp\/v2\/types\/page"}],"author":[{"embeddable":true,"href":"https:\/\/blog.espol.edu.ec\/kcanizar\/wp-json\/wp\/v2\/users\/9096"}],"replies":[{"embeddable":true,"href":"https:\/\/blog.espol.edu.ec\/kcanizar\/wp-json\/wp\/v2\/comments?post=48"}],"version-history":[{"count":2,"href":"https:\/\/blog.espol.edu.ec\/kcanizar\/wp-json\/wp\/v2\/pages\/48\/revisions"}],"predecessor-version":[{"id":54,"href":"https:\/\/blog.espol.edu.ec\/kcanizar\/wp-json\/wp\/v2\/pages\/48\/revisions\/54"}],"wp:attachment":[{"href":"https:\/\/blog.espol.edu.ec\/kcanizar\/wp-json\/wp\/v2\/media?parent=48"}],"curies":[{"name":"wp","href":"https:\/\/api.w.org\/{rel}","templated":true}]}}