{"id":6,"date":"2014-05-22T13:37:56","date_gmt":"2014-05-22T13:37:56","guid":{"rendered":"http:\/\/blog.espol.edu.ec\/kcanizar\/?page_id=6"},"modified":"2014-06-09T23:12:51","modified_gmt":"2014-06-09T23:12:51","slug":"mi-primera-pagina","status":"publish","type":"page","link":"https:\/\/blog.espol.edu.ec\/kcanizar\/mi-primera-pagina\/","title":{"rendered":"L\u00e1mpara IQlight\u00ae"},"content":{"rendered":"<p><span class=\"normal\" style=\"color: #000000\">Entre los dise\u00f1os de l\u00e1mparas modernas encontramos muchas con una estructura claramente poli\u00e9drica. El dise\u00f1o de las l\u00e1mparas del dan\u00e9s <a title=\"Holger Strom\" href=\"http:\/\/www.iqlight.com\/designer.html\" target=\"_blank\">Holger Str\u00f8m<\/a> est\u00e1 basado en las figuras poli\u00e9dricas que tienen caras con forma de rombos. La m\u00e1s conocida es la que se acerca<\/span><span class=\"normal\"><span style=\"color: #000000\">\u00a0m\u00e1s a una esfera, el<a href=\"http:\/\/es.wikipedia.org\/wiki\/Triacontaedro_r%C3%B3mbico\" target=\"_blank\">\u00a0<\/a><\/span><a href=\"http:\/\/es.wikipedia.org\/wiki\/Triacontaedro_r%C3%B3mbico\" target=\"_blank\">Triacontaedro R\u00f3mbico<\/a><span style=\"color: #000000\">.<\/span><\/span><\/p>\n<p style=\"color: #000000\"><span class=\"normal\">Los rombos est\u00e1n ligeramente deformados, lo que obliga a curvarlos para encajar unas piezas con otras. Unida la tensi\u00f3n de la curvatura a unos salientes en forma de ganchos de los v\u00e9rtices, permite que las piezas y la figura se mantengan sin necesidad de pegamento ni otros accesorios.<\/span><\/p>\n<p style=\"color: #000000\"><span class=\"normal\">La curvatura adem\u00e1s permite el paso de la luz de forma indirecta y\u00a0del aire\u00a0que evita el sobrecalentamiento.<\/span><\/p>\n<p><span class=\"normal\" style=\"color: #000000\">La l\u00e1mpara original<\/span><span class=\"normal\"><span style=\"color: #000000\">\u00a0est\u00e1 hecha con un material pl\u00e1stico semitrasl\u00facido, Para realizar la maqueta es conveniente que utilicemos un cart\u00f3n suficientemente resistente (de unos 240 gr\/m2). Las piezas van unidas de 5 en 5 en los v\u00e9rtices agudos y de 3 en 3 en los obtusos. (Para el triacontaedro r\u00f3mbico). Para otros dise\u00f1os las piezas se unen de 4 en 4 en alguno o en varios de sus puntos.<\/span><\/span><\/p>\n<p><span class=\"normal\"><span style=\"color: #000000\">\u00a0<\/span><\/span><!--more--><\/p>\n<p>&nbsp;<\/p>\n<div id=\"attachment_42\" style=\"width: 425px\" class=\"wp-caption alignnone\"><a href=\"http:\/\/blog.espol.edu.ec\/kcanizar\/files\/2014\/05\/2013-11-29-11.15.38.jpg\"><img loading=\"lazy\" decoding=\"async\" aria-describedby=\"caption-attachment-42\" class=\" wp-image-42\" src=\"http:\/\/blog.espol.edu.ec\/kcanizar\/files\/2014\/05\/2013-11-29-11.15.38-300x225.jpg\" alt=\"Trabajo hecho en EDCOM\" width=\"425\" height=\"319\" srcset=\"https:\/\/blog.espol.edu.ec\/kcanizar\/files\/2014\/05\/2013-11-29-11.15.38-300x225.jpg 300w, https:\/\/blog.espol.edu.ec\/kcanizar\/files\/2014\/05\/2013-11-29-11.15.38-1024x768.jpg 1024w, https:\/\/blog.espol.edu.ec\/kcanizar\/files\/2014\/05\/2013-11-29-11.15.38.jpg 2048w\" sizes=\"auto, (max-width: 425px) 100vw, 425px\" \/><\/a><p id=\"caption-attachment-42\" class=\"wp-caption-text\">Trabajo hecho en EDCOM<\/p><\/div>\n<p>&nbsp;<\/p>\n<p style=\"text-align: center\"><a href=\"http:\/\/blog.espol.edu.ec\/kcanizar\/files\/2014\/05\/royal-cph-4-1.jpg\"><img loading=\"lazy\" decoding=\"async\" class=\"alignnone  wp-image-45\" src=\"http:\/\/blog.espol.edu.ec\/kcanizar\/files\/2014\/05\/royal-cph-4-1-300x250.jpg\" alt=\"royal-cph-4 (1)\" width=\"425\" height=\"354\" srcset=\"https:\/\/blog.espol.edu.ec\/kcanizar\/files\/2014\/05\/royal-cph-4-1-300x250.jpg 300w, https:\/\/blog.espol.edu.ec\/kcanizar\/files\/2014\/05\/royal-cph-4-1.jpg 700w\" sizes=\"auto, (max-width: 425px) 100vw, 425px\" \/><\/a><\/p>\n","protected":false},"excerpt":{"rendered":"<p>Entre los dise\u00f1os de l\u00e1mparas modernas encontramos muchas con una estructura claramente poli\u00e9drica. El dise\u00f1o de las l\u00e1mparas del dan\u00e9s Holger Str\u00f8m est\u00e1 basado en las figuras poli\u00e9dricas que tienen caras con forma de rombos. La m\u00e1s conocida es la que se acerca\u00a0m\u00e1s a una esfera, el\u00a0Triacontaedro R\u00f3mbico. Los rombos est\u00e1n ligeramente deformados, lo que &hellip; <\/p>\n<p><a class=\"more-link btn\" href=\"https:\/\/blog.espol.edu.ec\/kcanizar\/mi-primera-pagina\/\">Seguir leyendo<\/a><\/p>\n","protected":false},"author":9096,"featured_media":0,"parent":0,"menu_order":0,"comment_status":"open","ping_status":"open","template":"","meta":{"footnotes":""},"class_list":["post-6","page","type-page","status-publish","hentry","nodate","item-wrap"],"_links":{"self":[{"href":"https:\/\/blog.espol.edu.ec\/kcanizar\/wp-json\/wp\/v2\/pages\/6","targetHints":{"allow":["GET"]}}],"collection":[{"href":"https:\/\/blog.espol.edu.ec\/kcanizar\/wp-json\/wp\/v2\/pages"}],"about":[{"href":"https:\/\/blog.espol.edu.ec\/kcanizar\/wp-json\/wp\/v2\/types\/page"}],"author":[{"embeddable":true,"href":"https:\/\/blog.espol.edu.ec\/kcanizar\/wp-json\/wp\/v2\/users\/9096"}],"replies":[{"embeddable":true,"href":"https:\/\/blog.espol.edu.ec\/kcanizar\/wp-json\/wp\/v2\/comments?post=6"}],"version-history":[{"count":5,"href":"https:\/\/blog.espol.edu.ec\/kcanizar\/wp-json\/wp\/v2\/pages\/6\/revisions"}],"predecessor-version":[{"id":46,"href":"https:\/\/blog.espol.edu.ec\/kcanizar\/wp-json\/wp\/v2\/pages\/6\/revisions\/46"}],"wp:attachment":[{"href":"https:\/\/blog.espol.edu.ec\/kcanizar\/wp-json\/wp\/v2\/media?parent=6"}],"curies":[{"name":"wp","href":"https:\/\/api.w.org\/{rel}","templated":true}]}}