{"id":103,"date":"2015-11-19T05:35:15","date_gmt":"2015-11-19T05:35:15","guid":{"rendered":"http:\/\/blog.espol.edu.ec\/kcasal\/?page_id=103"},"modified":"2015-11-19T05:35:15","modified_gmt":"2015-11-19T05:35:15","slug":"rock-2","status":"publish","type":"page","link":"https:\/\/blog.espol.edu.ec\/kcasal\/rock-2\/","title":{"rendered":"Rock"},"content":{"rendered":"<p>Cada a\u00f1o, con el anuncio de la pr\u00f3xima clase de nominados para la inducci\u00f3n al Sal\u00f3n de la Fama del Rock and Roll, un remolino de debates cuanto a lo que la m\u00fasica se considera <em>rock and roll<\/em>. El anuncio de los nominados al Sal\u00f3n de la Fama del Rock and Roll del 2014 - Paul Butterfield Blues Band, Chic, Deep Purple, Peter Gabriel, Hall and Oates, Kiss, LL Cool J, The Meters, Nirvana, NWA, the Replacements, Linda Ronstadt, Cat Stevens, Link Wray, Yes and the Zombies - trajo consigo discusiones apasionadas que no solo sobre qui\u00e9n debe ser incluido, sino tambi\u00e9n c\u00f3mo el Sal\u00f3n de la Fama del Rock and Roll y el Museo y la gente en todo el mundo interpretan y definen el rock and roll.<\/p>\n<p>Los visitantes del Museo en Cleveland encontrar\u00e1n un gran tratamiento de tipo y gr\u00e1fico presentado en la Principal Sala de Exposiciones, justo antes de las exposiciones de Ra\u00edces del Rock. Esto marca el comienzo no oficial a un recorrido por el Sal\u00f3n de la Fama y Museo del Rock and Roll, y explica las ra\u00edces del rock and roll, y c\u00f3mo el Sal\u00f3n de la Fama del Rock and Roll reconoce el rock and roll en la actualidad. Dice lo siguiente:<\/p>\n<p>El rock and roll es una forma de m\u00fasica popular que surgi\u00f3 en Estados Unidos a finales de los a\u00f1os cuarenta y principios de los a\u00f1os cincuenta. Pero las ra\u00edces del rock and roll pueden ser rastreadas a siglos atr\u00e1s a ritmos de tambor en la m\u00fasica tradicional de \u00c1frica y el Celtic en Europa. Como la gente de estas regiones emigr\u00f3 a Am\u00e9rica, trajeron su m\u00fasica con ellos, y a medida que fueron expuestos a la m\u00fasica de uno al otro, comenzaron a incorporar diferentes estilos.<\/p>\n<p>Las ra\u00edces m\u00e1s inmediatas del rock and roll yac\u00edan en la llamada \"carrera\" de la m\u00fasica, o <em>rhythm &amp; blues<\/em>, y <em>hillbilly<\/em>, o <em>country &amp; western<\/em> de los a\u00f1os cuarenta y cincuenta. Otras influencias importantes incluyen <em>blues<\/em>, <em>jazz<\/em>, <em>gospel<\/em>, <em>boogie-woogie<\/em>, <em>folk<\/em> y <em>bluegrass<\/em>.<\/p>\n<p>La frase real \"rock and roll\" surgi\u00f3 como palabras en clave para las relaciones sexuales en el blues. En 1922, las palabras de rock and roll aparecieron en un registro por primera vez. Ese registro, <em>My Daddy Rock Me (With One Steady Roll) <\/em>de Trixie Smith, pas\u00f3 a inspirar a otras canciones de blues.<\/p>\n<p>En los a\u00f1os treinta, las palabras tambi\u00e9n se utilizaron para describir ritmos y ritmos musicales, como en <em>Rockin 'in Rhythm<\/em> de Duke Ellington. En 1947, el blues <em>shouter<\/em> Wynonie hizo un cover de Harris, <em>Good Rockin\u2019 Tonight<\/em>, que lleg\u00f3 al n\u00famero uno.<\/p>\n<p>El dj de Cleveland y el inducido al Sal\u00f3n de la Fama del Rock and Roll, Alan Freed, es ampliamente reconocido primero por utilizar las palabras para describir el rhythm and blues de la m\u00fasica que estaba tocando en la radio. En las \u00faltimas cinco d\u00e9cadas, el rock and roll ha evolucionado en muchas direcciones. Numerosos estilos de m\u00fasica - desde <em>soul<\/em> hasta el <em>hip-hop<\/em>, desde el <em>heavy metal<\/em> al <em>punk<\/em>, del <em>rock progresivo<\/em> a <em>electr\u00f3nica<\/em> - han ca\u00eddo bajo el \u201cparaguas\u201d de rock and roll.<\/p>\n<p>El Sal\u00f3n de la Fama del Rock and Roll reconoce estos diferentes tipos de m\u00fasica y espera ver c\u00f3mo seguir\u00e1 el rock and roll de reinventarse en el futuro.<\/p>\n<p>&nbsp;<\/p>\n<p>Art\u00edculo de rockhall.com<br \/>\nTraducido por Nicole Casal<\/p>\n","protected":false},"excerpt":{"rendered":"<p>Cada a\u00f1o, con el anuncio de la pr\u00f3xima clase de nominados para la inducci\u00f3n al Sal\u00f3n de la Fama del Rock and Roll, un remolino de debates cuanto a lo que la m\u00fasica se considera rock and roll. El anuncio de los nominados al Sal\u00f3n de la Fama del Rock and Roll del 2014 - [&hellip;]<\/p>\n","protected":false},"author":10014,"featured_media":0,"parent":0,"menu_order":0,"comment_status":"closed","ping_status":"closed","template":"","meta":{"footnotes":""},"class_list":["post-103","page","type-page","status-publish","hentry"],"_links":{"self":[{"href":"https:\/\/blog.espol.edu.ec\/kcasal\/wp-json\/wp\/v2\/pages\/103","targetHints":{"allow":["GET"]}}],"collection":[{"href":"https:\/\/blog.espol.edu.ec\/kcasal\/wp-json\/wp\/v2\/pages"}],"about":[{"href":"https:\/\/blog.espol.edu.ec\/kcasal\/wp-json\/wp\/v2\/types\/page"}],"author":[{"embeddable":true,"href":"https:\/\/blog.espol.edu.ec\/kcasal\/wp-json\/wp\/v2\/users\/10014"}],"replies":[{"embeddable":true,"href":"https:\/\/blog.espol.edu.ec\/kcasal\/wp-json\/wp\/v2\/comments?post=103"}],"version-history":[{"count":1,"href":"https:\/\/blog.espol.edu.ec\/kcasal\/wp-json\/wp\/v2\/pages\/103\/revisions"}],"predecessor-version":[{"id":104,"href":"https:\/\/blog.espol.edu.ec\/kcasal\/wp-json\/wp\/v2\/pages\/103\/revisions\/104"}],"wp:attachment":[{"href":"https:\/\/blog.espol.edu.ec\/kcasal\/wp-json\/wp\/v2\/media?parent=103"}],"curies":[{"name":"wp","href":"https:\/\/api.w.org\/{rel}","templated":true}]}}