{"id":112,"date":"2009-10-19T12:10:25","date_gmt":"2009-10-19T17:10:25","guid":{"rendered":"http:\/\/blog.espol.edu.ec\/kcoello\/?page_id=112"},"modified":"2011-09-22T22:36:27","modified_gmt":"2011-09-23T03:36:27","slug":"bienvenida","status":"publish","type":"page","link":"https:\/\/blog.espol.edu.ec\/kcoello\/bienvenida\/","title":{"rendered":"Bienvenida"},"content":{"rendered":"<p><img decoding=\"async\" class=\"alignleft size-full wp-image-303\" src=\"http:\/\/blog.espol.edu.ec\/kcoello\/files\/2009\/10\/copia-de-karin-2009.jpg\" alt=\"Kcoello2009\" \/><\/p>\n<p>Hola! Este blog ha sido elaborado para intercambiar experiencias en el \u00e1mbito docente, investigativo y profesional. Bienvenidos a todos los estudiantes que se preparan en esta maravillosa rama de la Ciencia, la Tecnolog\u00eda y la Ingenier\u00eda de los Alimentos. Bienvenidos profesionales del \u00e1rea, quienes d\u00eda a d\u00eda transforman y conservan alimentos impulsando as\u00ed el desarrollo de la Industria Alimentaria ecuatoriana y del mundo. Bienvenidos todos quienes d\u00eda a d\u00eda necesitan alimentarse...m\u00e1s y mejor.<\/p>\n<p>Kar\u00edn Coello Ojeda, Ing. Alim., M.Sc.<\/p>\n","protected":false},"excerpt":{"rendered":"<p>Hola! Este blog ha sido elaborado para intercambiar experiencias en el \u00e1mbito docente, investigativo y profesional. Bienvenidos a todos los estudiantes que se preparan en esta maravillosa rama de la Ciencia, la Tecnolog\u00eda y la Ingenier\u00eda de los Alimentos. Bienvenidos profesionales del \u00e1rea, quienes d\u00eda a d\u00eda transforman y conservan alimentos impulsando as\u00ed el desarrollo [&hellip;]<\/p>\n","protected":false},"author":2988,"featured_media":0,"parent":0,"menu_order":0,"comment_status":"open","ping_status":"closed","template":"","meta":{"footnotes":""},"class_list":["post-112","page","type-page","status-publish","hentry"],"_links":{"self":[{"href":"https:\/\/blog.espol.edu.ec\/kcoello\/wp-json\/wp\/v2\/pages\/112","targetHints":{"allow":["GET"]}}],"collection":[{"href":"https:\/\/blog.espol.edu.ec\/kcoello\/wp-json\/wp\/v2\/pages"}],"about":[{"href":"https:\/\/blog.espol.edu.ec\/kcoello\/wp-json\/wp\/v2\/types\/page"}],"author":[{"embeddable":true,"href":"https:\/\/blog.espol.edu.ec\/kcoello\/wp-json\/wp\/v2\/users\/2988"}],"replies":[{"embeddable":true,"href":"https:\/\/blog.espol.edu.ec\/kcoello\/wp-json\/wp\/v2\/comments?post=112"}],"version-history":[{"count":4,"href":"https:\/\/blog.espol.edu.ec\/kcoello\/wp-json\/wp\/v2\/pages\/112\/revisions"}],"predecessor-version":[{"id":510,"href":"https:\/\/blog.espol.edu.ec\/kcoello\/wp-json\/wp\/v2\/pages\/112\/revisions\/510"}],"wp:attachment":[{"href":"https:\/\/blog.espol.edu.ec\/kcoello\/wp-json\/wp\/v2\/media?parent=112"}],"curies":[{"name":"wp","href":"https:\/\/api.w.org\/{rel}","templated":true}]}}