{"id":26,"date":"2011-06-20T20:43:19","date_gmt":"2011-06-20T20:43:19","guid":{"rendered":"http:\/\/blog.espol.edu.ec\/kcolcha\/?page_id=26"},"modified":"2011-06-23T06:41:33","modified_gmt":"2011-06-23T06:41:33","slug":"the-fourth-kind","status":"publish","type":"page","link":"https:\/\/blog.espol.edu.ec\/kcolcha\/the-fourth-kind\/","title":{"rendered":"Animales en peligro de extincion"},"content":{"rendered":"<p style=\"text-align: justify\"><a href=\"http:\/\/blog.espol.edu.ec\/kcolcha\/files\/2011\/06\/1_461.jpg\"><img loading=\"lazy\" decoding=\"async\" class=\"alignleft size-medium wp-image-64\" title=\"OSO PANDA\" src=\"http:\/\/blog.espol.edu.ec\/kcolcha\/files\/2011\/06\/1_461-300x199.jpg\" alt=\"\" width=\"300\" height=\"199\" srcset=\"https:\/\/blog.espol.edu.ec\/kcolcha\/files\/2011\/06\/1_461-300x199.jpg 300w, https:\/\/blog.espol.edu.ec\/kcolcha\/files\/2011\/06\/1_461.jpg 461w\" sizes=\"auto, (max-width: 300px) 100vw, 300px\" \/><\/a><span style=\"color: #000000\"><span style=\"font-size: medium\">El oso panda gigante es un animal grande, parecido a un  oso, con pelaje blanco largo, denso y de aspecto lanoso; las patas, los  hombros, las orejas y la zona de los ojos son negras. La cola es ancha y  corta. El oso panda gigante habita en los bosques de bamb\u00fa del centro  de China, a altitudes que oscilan entre los 1.500 y los 3.000 m.<\/span><\/span><\/p>\n<p><span style=\"color: #000000\"> <\/span><\/p>\n<p style=\"text-align: justify\"><span style=\"color: #000000\"><span style=\"font-size: medium\">Es bien conocido el llamado falso pulgar del panda, que  consiste en realidad en un hueso sesamoideo radial muy desarrollado y  que forma una especie de sexto dedo oponible a los otros cinco; gracias a  esta modificaci\u00f3n, el panda gigante puede manipular y agarrar con  cierta destreza objetos tan peque\u00f1os como los tallos de bamb\u00fa, que  constituyen la parte principal de su dieta. Adem\u00e1s de bamb\u00fa, tambi\u00e9n  come bulbos, ra\u00edces, huevos y algunos mam\u00edferos peque\u00f1os.<\/span><\/span><\/p>\n<p><span style=\"color: #000000\"> <\/span><\/p>\n<p><span style=\"color: #000000\"> <\/span><\/p>\n<p style=\"text-align: justify\"><span style=\"color: #000000\"><a href=\"http:\/\/blog.espol.edu.ec\/kcolcha\/files\/2011\/06\/ballenas22.jpg\"><img loading=\"lazy\" decoding=\"async\" class=\"alignleft size-medium wp-image-70\" title=\"ballenas\" src=\"http:\/\/blog.espol.edu.ec\/kcolcha\/files\/2011\/06\/ballenas22-300x233.jpg\" alt=\"\" width=\"300\" height=\"233\" srcset=\"https:\/\/blog.espol.edu.ec\/kcolcha\/files\/2011\/06\/ballenas22-300x233.jpg 300w, https:\/\/blog.espol.edu.ec\/kcolcha\/files\/2011\/06\/ballenas22.jpg 600w\" sizes=\"auto, (max-width: 300px) 100vw, 300px\" \/><\/a><\/span><\/p>\n<p><span style=\"color: #000000\"> <\/span><\/p>\n<p style=\"text-align: justify\"><span style=\"color: #000000\"><span style=\"font-family: Arial,Helvetica,sans-serif;font-size: small\">Las  Ballenas son mam\u00edferos acu\u00e1ticos y vienen de la familia de los Cet\u00e1ceos.  Otros Cet\u00e1ceos son los delfines, las marsopas y los cachalotes.<\/span><\/span><\/p>\n<p><span style=\"color: #000000\"> <\/span><\/p>\n<p style=\"text-align: justify\"><span style=\"color: #000000\"><span style=\"font-family: Arial,Helvetica,sans-serif;font-size: small\"> Las ballenas son animales de un muy gran tama\u00f1o y la <em>Ballena Azul<\/em> es la m\u00e1s grande de todos los animales ya que mide 30 metros de longitud.<\/span><\/span><\/p>\n<p><span style=\"color: #000000\"> <\/span><\/p>\n<p style=\"text-align: justify\"><span style=\"color: #000000\"><span style=\"font-family: Arial,Helvetica,sans-serif;font-size: small\"> Las ballenas tienen la piel lisa y tienen debajo de ella una capa de  grasa como si fuera ropa t\u00e9rmica. Las ballenas pueden nadar gracias a su  aleta caudal que est\u00e1 puesta horizontalmente. <\/span><span style=\"font-family: Arial,Helvetica,sans-serif;font-size: small\">No  tienen dientes y su boca en lugar de dientes tiene unas l\u00e1minas o  barbas, con las cuales puede filtrar el plancton o el krill.<\/span><\/span><\/p>\n<p><span style=\"color: #000000\"> <\/span><\/p>\n<p style=\"text-align: justify\"><span style=\"color: #000000\"><span style=\"font-family: Arial,Helvetica,sans-serif;font-size: small\">Se han encontrado  ballenas azules de hasta 33 metros de longitud y su peso de 190  toneladas, pero normalmente son de 25 metros de longitud. Las ballenas  azules hembras son un poquito m\u00e1s grandes que los machos.                 La <strong>Ballena Azul<\/strong>, como su nombre lo  dice, es azul pero su panza o vientre gris\u00e1ceo o amarillento. Esta  ballena es f\u00e1cil de confundir con la Ballena Rorcual ya que es muy  parecida, en su forma pero es diferente en tama\u00f1o y su color de piel es  de un gris oscuro o negro. <\/span><\/span><\/p>\n<p style=\"text-align: justify\">\n<h1 style=\"text-align: justify\"><span style=\"color: #000000\"><span style=\"font-family: Arial,Helvetica,sans-serif;font-size: small\"><span style=\"text-decoration: underline\"><span style=\"color: #000000\"> <\/span><\/span><br \/>\n<\/span><\/span><\/h1>\n<p><span style=\"color: #000000\"> <\/span><\/p>\n<p style=\"text-align: justify\"><span style=\"color: #000000\"><a href=\"http:\/\/blog.espol.edu.ec\/kcolcha\/files\/2011\/06\/bwbimd754372.jpg\"><img loading=\"lazy\" decoding=\"async\" class=\"alignleft size-medium wp-image-71\" title=\"AGUILA\" src=\"http:\/\/blog.espol.edu.ec\/kcolcha\/files\/2011\/06\/bwbimd754372-300x221.jpg\" alt=\"\" width=\"300\" height=\"221\" srcset=\"https:\/\/blog.espol.edu.ec\/kcolcha\/files\/2011\/06\/bwbimd754372-300x221.jpg 300w, https:\/\/blog.espol.edu.ec\/kcolcha\/files\/2011\/06\/bwbimd754372.jpg 392w\" sizes=\"auto, (max-width: 300px) 100vw, 300px\" \/><\/a><\/span><\/p>\n<p style=\"text-align: justify\"><span style=\"color: #000000\"> <\/span><span style=\"color: #000000\"><span style=\"font-family: Arial,Helvetica,sans-serif\">Lamentablemente                    sus poblaciones han disminuido dr\u00e1sticamente y desde                    hace ya varios a\u00f1os se encuentra catalogada como una                    especie en peligro de extinci\u00f3n. Pero, quiz\u00e1s                    ustedes se pregunten \u00bfA qu\u00e9 se debe esto?<\/span><\/span><\/p>\n<p><span style=\"color: #000000\"> <\/span><\/p>\n<p style=\"text-align: justify\"><span style=\"color: #000000\"><span style=\"font-family: Arial,Helvetica,sans-serif\"> En general se puede decir que son cuatro los factores principales                    que la afectan: <\/span><\/span><\/p>\n<p><span style=\"color: #000000\"> <\/span><\/p>\n<blockquote><p><span style=\"color: #000000\"><span style=\"font-family: Arial,Helvetica,sans-serif\"> <strong>1<\/strong>. La destrucci\u00f3n                      del h\u00e1bitat y la alteraci\u00f3n de su ambiente natural                      por parte de los seres humanos. Esto ha ocasionado una considerable                      disminuci\u00f3n en las poblaciones de \u00e1guilas en                      los distintos estados donde se le tiene detectada. <\/span><\/span><\/p>\n<p><span style=\"color: #000000\"> <\/span><\/p>\n<p><span style=\"color: #000000\"><span style=\"font-family: Arial,Helvetica,sans-serif\"> <strong>2<\/strong>. La contaminaci\u00f3n                      por pesticidas, los cuales llegan a infiltrarse en la cadena                      alimenticia de las \u00e1guilas, llegando as\u00ed a alteran                      la composici\u00f3n del cascar\u00f3n de estas aves, a                      tal grado que el cascar\u00f3n llega a ser tan delgado que                      las aves al posarse sobre el huevo para incubarlo lo rompen. <\/span><\/span><\/p>\n<p><span style=\"color: #000000\"> <\/span><\/p>\n<p><span style=\"color: #000000\"><span style=\"font-family: Arial,Helvetica,sans-serif\"> <strong>3<\/strong>. La captura,                      venta y compra ilegal de \u00e1guilas. Cada a\u00f1o,                      un gran n\u00famero de aves rapaces y sus huevos son capturadas                      en sus ambientes naturales para luego ser vendidas como mascotas,                      ya sea como aves de ornato, para cetrer\u00eda o colecci\u00f3n                      de huevos. <\/span><\/span><\/p>\n<p><span style=\"color: #000000\"> <\/span><\/p>\n<p><span style=\"color: #000000\"><span style=\"font-family: Arial,Helvetica,sans-serif\"> <strong>4<\/strong>. En varios                      estados de la Rep\u00fablica Mexicana, las \u00e1guilas                      se consideran nocivas, ya que en ocasiones pueden llegar a                      cazar peque\u00f1os animales dom\u00e9sticos en las granjas.                      Por ello los granjeros, ganaderos y campesinos la cazan.<\/span><\/span><\/p><\/blockquote>\n<p><span style=\"color: #000000\"> <\/span><\/p>\n<p style=\"text-align: justify\"><span style=\"color: #000000\"><span style=\"font-family: Arial,Helvetica,sans-serif\"> Ayudemos a rescatar a nuestra \u00e1guila real. Actualmente                    existen varias organizaciones tanto gubernamentales como la                    Semarnat y no gubernamentales, conocidas como ONGs, que est\u00e1n                    trabajando en el rescate de esta ave, pero \u00e9stas necesitan                    de cada uno de nosotros para poder lograrlo.<\/span><\/span><\/p>\n<p><strong><em> <\/em><\/strong><\/p>\n","protected":false},"excerpt":{"rendered":"<p>El oso panda gigante es un animal grande, parecido a un oso, con pelaje blanco largo, denso y de aspecto lanoso; las patas, los hombros, las orejas y la zona de los ojos son negras. La cola es ancha y corta. El oso panda gigante habita en los bosques de bamb\u00fa del centro de China, [&hellip;]<\/p>\n","protected":false},"author":5905,"featured_media":0,"parent":0,"menu_order":0,"comment_status":"open","ping_status":"open","template":"","meta":{"footnotes":""},"class_list":["post-26","page","type-page","status-publish","hentry"],"_links":{"self":[{"href":"https:\/\/blog.espol.edu.ec\/kcolcha\/wp-json\/wp\/v2\/pages\/26","targetHints":{"allow":["GET"]}}],"collection":[{"href":"https:\/\/blog.espol.edu.ec\/kcolcha\/wp-json\/wp\/v2\/pages"}],"about":[{"href":"https:\/\/blog.espol.edu.ec\/kcolcha\/wp-json\/wp\/v2\/types\/page"}],"author":[{"embeddable":true,"href":"https:\/\/blog.espol.edu.ec\/kcolcha\/wp-json\/wp\/v2\/users\/5905"}],"replies":[{"embeddable":true,"href":"https:\/\/blog.espol.edu.ec\/kcolcha\/wp-json\/wp\/v2\/comments?post=26"}],"version-history":[{"count":13,"href":"https:\/\/blog.espol.edu.ec\/kcolcha\/wp-json\/wp\/v2\/pages\/26\/revisions"}],"predecessor-version":[{"id":81,"href":"https:\/\/blog.espol.edu.ec\/kcolcha\/wp-json\/wp\/v2\/pages\/26\/revisions\/81"}],"wp:attachment":[{"href":"https:\/\/blog.espol.edu.ec\/kcolcha\/wp-json\/wp\/v2\/media?parent=26"}],"curies":[{"name":"wp","href":"https:\/\/api.w.org\/{rel}","templated":true}]}}