{"id":11,"date":"2014-05-28T17:12:35","date_gmt":"2014-05-28T17:12:35","guid":{"rendered":"http:\/\/blog.espol.edu.ec\/kdtorres\/?page_id=11"},"modified":"2014-06-07T02:24:05","modified_gmt":"2014-06-07T02:24:05","slug":"power-point","status":"publish","type":"page","link":"https:\/\/blog.espol.edu.ec\/kdtorres\/power-point\/","title":{"rendered":"Leyendas y Tradiciones"},"content":{"rendered":"<p><strong>El Diablo en la Calderona<\/strong><\/p>\n<p><a href=\"http:\/\/blog.espol.edu.ec\/kdtorres\/files\/2014\/05\/descarga.jpg\"><img loading=\"lazy\" decoding=\"async\" class=\"alignnone size-full wp-image-61\" src=\"http:\/\/blog.espol.edu.ec\/kdtorres\/files\/2014\/05\/descarga.jpg\" alt=\"descarga\" width=\"205\" height=\"246\" \/><\/a><\/p>\n<p>Cuenta lo sucedido a principios del siglo XX al sereno \u00c1ngel Mar\u00eda, encargado de encender los faroles en las noches y dar las horas cuando en Zaruma a\u00fan no hab\u00eda un reloj publico. El sereno viv\u00eda en el barrio San Francisco y cierta noche escuch\u00f3 el llamado desesperado de un viajero a qui\u00e9n se le apareci\u00f3 el diablo en el sitio la Calderona, un lugar t\u00e9trico que desemboca en un barranco.<\/p>\n<p>\u201c\u00a1\u00c1ngel Mar\u00eda! \u00a1\u00c1ngel Mar\u00eda! \u00a1Por Dios, soc\u00f3rreme! Gritaba desesperado el infortunado hombre.<\/p>\n<p>El \u201cNegro\u201d Angel Maria sale angustiado a ver qu\u00e9 pasa y \u00a1Oh sorpresa! Observa que el hombre se acercaba montando un asustado burro y con el Diablo al anca. Presuroso el sereno penetra a su casa y regresa de inmediato con un crucifijo bendito; Cristo clavado en la cruz que hab\u00eda recibido en la Iglesia por muchas ocasiones ba\u00f1os de agua bendita; ante esta circunstancia, el bulto mal\u00e9fico se desprendi\u00f3 y rodo barranco abajo haciendo un ruido tremendo. Su cuerpo peludo se fue perdiendo en la obscuridad, aunque sus ojos de braza, como \u201cpuchos\u201d encendidos de cigarro, aun se dejaban ver lejos.<\/p>\n<p>El hombre que vivi\u00f3 el terror\u00edfico episodio cay\u00f3 desde la silla de montar al suelo, sin conocimiento, mientras que el burro bajaba la calle San Francisco a carrera desenfrenada\u2026<\/p>\n<p>Unos vecinos acudieron al bullicio, trataron de ver al diablo pero fue imposible, \u00fanicamente un hombre con palidez de muerte yac\u00eda desmayado mientras el ambiente se impregnaba de olor a azufre quemado y una fetidez de porquer\u00eda\u2026\u2026\u2026\u2026\u201d<br \/>\n<strong>La Dama Misteriosa<\/strong><\/p>\n<p><a href=\"http:\/\/blog.espol.edu.ec\/kdtorres\/files\/2014\/05\/damamisteriosa.jpg\"><img loading=\"lazy\" decoding=\"async\" class=\"alignnone size-full wp-image-63\" src=\"http:\/\/blog.espol.edu.ec\/kdtorres\/files\/2014\/05\/damamisteriosa.jpg\" alt=\"damamisteriosa\" width=\"195\" height=\"193\" \/><\/a><\/p>\n<p>Cuenta esta leyenda que, atra\u00eddas por el oro, a Zaruma llegaban personas de toda \u00edndole desde tiempos coloniales. Entre ellas, una bella mujer se\u00f1alada por la comunidad como pecadora y perseguidora de hombres. Jam\u00e1s pis\u00f3 la iglesia, y cuando muri\u00f3 de manera inesperada unas damas caritativas la depositaron directamente en un hoyo del cementerio, porque el cura no quiso ni o\u00edr que una mala mujer entre al templo, pues \u00e9ste pod\u00eda reventar por la presencia de un cuerpo que era un fardo apretujado de pecados.<\/p>\n<p>Pasado el tiempo, esta mujer pas\u00f3 a convertirse en \u201calma en pena\u201d. Se la ve\u00eda por las noches alrededor de la quebrada denominada Juan G\u00f3mez y por el camino que conduce hacia la mina el Sesmo. Conservaba un cuerpo esbelto, un rostro hermoso, un cabello sedoso y ondulado, labios voluptuosos y un mirar coqueto. Los hombres que caminaban por dicho lugar, especialmente los mineros espa\u00f1oles y criollos, eran atra\u00eddos por aquella figura y la segu\u00edan para cortejarla, sin jam\u00e1s lograr alcanzarla. Por alg\u00fan motivo sobrenatural, siempre manten\u00eda una distancia frente al s\u00e1tiro perseguidor.<\/p>\n<p>En un punto cualquiera, la dama se deten\u00eda con manifiestas intenciones de corresponder a su pretendiente mostrando su hermoso rostro, mientras el emocionado gal\u00e1n quedaba extasiado frente a una radiante ninfa de hermosura indescriptible. De repente, sus ojos se perd\u00edan en la nada, dejando dos oquedades huesudas, sus encarnados labios ca\u00edan para dejar sus dientes a la vista dibujando una sonrisa de t\u00e9tricos presagios\u2026 el rostro iba desintegr\u00e1ndose poco a poco, prontamente, y el cabello sedoso y ondulado desaparec\u00eda quedando su cabeza en calavera y todo su tentador cuerpo en esqueleto.<\/p>\n<p>El pobre gal\u00e1n, con este cuadro de horror sal\u00eda en arremetida fuga, era presa de convulsiones o p\u00e9rdida de conocimiento cayendo pesadamente al suelo h\u00famedo y frio de la noche.<\/p>\n<p><strong>La Virgen del Carmen<\/strong><\/p>\n<p><a href=\"http:\/\/blog.espol.edu.ec\/kdtorres\/files\/2014\/05\/descarga-1.jpg\"><img loading=\"lazy\" decoding=\"async\" class=\"alignnone size-full wp-image-64\" src=\"http:\/\/blog.espol.edu.ec\/kdtorres\/files\/2014\/05\/descarga-1.jpg\" alt=\"descarga (1)\" width=\"183\" height=\"275\" \/><\/a><\/p>\n<p>La Virgen del Carmen, Patrona de Zaruma, es venerada por siglos. Sus devotos le atribuyen milagros prodigiosos. Nos salv\u00f3 del bombardeo de la aviaci\u00f3n peruana en la invasi\u00f3n del 41, atendiendo los ruegos, rezos y s\u00faplicas de los moradores. Densas nubes cubrieron la ciudad cuando los aviones se acercaban a da\u00f1arnos con sus armas letales, pasaron de largo, Zaruma no fue vista, pero s\u00ed el cercano pueblito de San Roque, donde dicen estallaron los artefactos.<\/p>\n<p><strong>El Milagro de la Virgen del Consuelo<\/strong><\/p>\n<p>En 1630, la mina \u201cBetilla\u201d de propiedad del Alf\u00e9rez Juan Ruiz de Aranda, espa\u00f1ol, colaps\u00f3, dejando en su interior a tres indios que laboraban. Luego de cinco d\u00edas de intentos de rescate, los vecinos de la Villa, decidieron dejarlos por muertos mientras el Alf\u00e9rez fue encadenado. No obstante, Alonso Ortiz de Montesdeoca, otro de los vecinos espa\u00f1oles, no se dio por vencido y, con peninsulares, indios y negros, sigui\u00f3 en el intento de salvaci\u00f3n; simult\u00e1neamente Magdalena Guill\u00e9n, esposa del Alf\u00e9rez Juan Ruiz de Aranda, llev\u00f3 la imagen de la Virgen del Consuelo que tenia en casa y la ubic\u00f3 en un nicho que hab\u00eda sido cavado a prop\u00f3sito. A los nueve d\u00edas encontraron a los indios sin lesi\u00f3n alguna. Los vecinos corrieron con agua y comida, pero ellos dijeron no tener hambre, pues hab\u00edan visto una luz celestial y all\u00ed la imagen de la Virgen de la Consolaci\u00f3n. Con su imagen se hab\u00edan alentado y consolado, no hab\u00edan tenido hambre ni sed en ese obligado cautiverio. Cuando fueron del todo rescatados, el resto de la mina cay\u00f3 con estr\u00e9pito, tap\u00e1ndose totalmente, pero la Virgen qued\u00f3 intacta en su nicho.<\/p>\n<p>Hubo fiesta en Zaruma, procesiones y rezos, por este milagro que, documentadamente y con testigos, consta en el libro escrito por Jorge L\u00f3pez de Herrera, publicado en Lima de 1675, titulado \u201cCr\u00f3nicas de la Religios\u00edsima provincia de los Doce Ap\u00f3stoles del Per\u00fa, de la orden del padre San francisco, de regular Observancia\u201d.<\/p>\n<p class=\"titprin2_red1\" style=\"font-weight: bold;color: #c3141e\">LA VACA QUE CAYO DEL CIELO<\/p>\n<p class=\"cursiva\" style=\"font-style: italic;color: #000000\">Autor: Gonzalo Rodr\u00edguez Calder\u00f3n<\/p>\n<p class=\"cursiva\" style=\"font-style: italic;color: #000000\"><a href=\"http:\/\/blog.espol.edu.ec\/kdtorres\/files\/2014\/05\/vacacaecielo.jpg\"><img loading=\"lazy\" decoding=\"async\" class=\"alignnone size-full wp-image-66\" src=\"http:\/\/blog.espol.edu.ec\/kdtorres\/files\/2014\/05\/vacacaecielo.jpg\" alt=\"vacacaecielo\" width=\"170\" height=\"239\" \/><\/a><\/p>\n<p style=\"font-style: normal\">Suceden a veces en Zaruma cosas ins\u00f3litas dignas de hac\u00e9rselas conocer a Ripley para que haga negocio con los peri\u00f3dicos del mundo.<\/p>\n<p style=\"font-style: normal\">Estas l\u00edneas las escribo el 3 de agosto de 1985 y del hecho que voy a narrar apenas han transcurrido 2 meses, el asunto es que una negra, grande y fornida vaca fue tra\u00edda del campo al la ciudad de Zaruma para, en el Camal Municipal, ser faenada y poder vender su carne en el mercado, el se\u00f1or Roberto Carri\u00f3n fue quien mediante un contrato transporto el bovino hasta el matadero.<\/p>\n<p style=\"color: #000000\">Un filudo cuchillo penetro en su cuerpo hasta lastimarle el coraz\u00f3n y un chorro de roja sangre broto rauda por la herid, pero el animal se resisti\u00f3 a la muerte, todav\u00eda quer\u00eda seguir viviendo para deleitarse de las penalidades de este mundo y aprovecho que sus patas no hab\u00edan sido bien amarradas y con la desesperaci\u00f3n de la muerte que quer\u00eda llevarla se paro violentamente y sale en precipitada carrera del Camal, subiendo jadeante la calle de la Colon y desde all\u00ed empieza un corretero desesperado por las estrechas y tortuosas callejuelas zarume\u00f1as.All\u00ed la vaca negra fornida quedo esperando hasta que le llegue su turno que le permitieran convertirse en bistec, para que con un delicioso arroz ir a parar a los est\u00f3magos de los golosos zarume\u00f1os. Es costumbre de esta tierra pelar las reses en hora de la madrugada, y a la robusto vaca le llego su hora en eso de la una de la ma\u00f1ana, los matarifes presurosos la condujeron a la sala de sacrificios, la tendieron en el piso y la ataron a sus extremidades a unas grandes argollas.<\/p>\n<p style=\"color: #000000\">Conocemos bien aquellos que nacimos en esta villa y aquellos que no nacimos en ella , nos han visitado, que Zaruma es una tierra accidentada, completamente irregular, con casas que por un lado tienen un piso y por el otro 4 o 5 o con edificaciones que por el frente tienen una calle y por la parte posterior una loma. Por estas irregularidades corr\u00eda de madrugada la vaca desesperada tomando la calle Sucre y dejando un rastro de sangre, sube por las escalinatas que dan acceso a las casas de los herederos del Se\u00f1or Segundo Galarza y por detr\u00e1s de estas continua su alocada por un bordo que justamente estaba en los techos de las otras casas del sector.<\/p>\n<p style=\"color: #000000\">Corre y corre el desgraciado animal con su coraz\u00f3n herido, y con su desesperaci\u00f3n segu\u00eda por donde la nariz le apuntaba tal es as\u00ed que del bordo mencionado pasa al techo de la se\u00f1ora Orfa Astudillo mete un estruendo infernal pisando la cubierta del zinc, y todos se sobresaltaron porque cre\u00edan que era un terremoto, continuaba el animal sobre el techo y llega a un sector donde no tenia zinc sino eternit, se rompe este con el excesivo peso de la grande vaca cae en la sala de ese mismo departamento donde habitaba el se\u00f1or Carri\u00f3n que la hab\u00eda transportado para su sacrificio. Imag\u00ednese lectores del susto que habr\u00e1 pasado esa gente, que cuando estando durmiendo pl\u00e1cidamente de pronto a las 2 de la ma\u00f1ana les cae una vaca del cielo. Terrible estruendo al caer sobre un elegante sof\u00e1 que orgullosos los due\u00f1os ten\u00edan en la sala; el animal herido ahora golpeado por la ca\u00edda llego a adoptar poses de locura y empez\u00f3 a correr de un lado a otro de la sala, buscando una salida. No la encontr\u00f3, \u00fanicamente una puerta abierta que quedaba en un dormitorio de una ni\u00f1ita que descansaba con un pesado sue\u00f1o.<\/p>\n<p style=\"color: #000000\">El padre de la ni\u00f1ita viendo que el furioso animal entro al dormitorio de su hija corri\u00f3 a protegerla y en esos afanes de salvaci\u00f3n la vaca golpea a la criatura con esos duros cuernos dej\u00e1ndola en estado de gravedad. Haciendo esfuerzos sobrehumanos el Sr. Carri\u00f3n logra abrir la puerta de calle y luego de varis malabares como si se tratase de un diestro torero, logra que el animal salga, quedando con un susto terrible con el coraz\u00f3n golpe\u00e1ndole violentamente en el pecho y en sus brazos su tierna hija sumida en el dolor.<\/p>\n<p style=\"color: #000000\">La vaca luego de una larga persecuci\u00f3n, fue cogida y ahora si bien atada, recibi\u00f3 otra cuchillada y junto con un mugido desesperante hizo escuchar su \u00faltimo suspiro.<br \/>\nAs\u00ed es aunque no lo crean una vaca cayo del cielo para ser mas veraces-del cielo raso.<\/p>\n<p>&nbsp;<\/p>\n","protected":false},"excerpt":{"rendered":"<p>El Diablo en la Calderona Cuenta lo sucedido a principios del siglo XX al sereno \u00c1ngel Mar\u00eda, encargado de encender los faroles en las noches y dar las horas cuando en Zaruma a\u00fan no hab\u00eda un reloj publico. El sereno viv\u00eda en el barrio San Francisco y cierta noche escuch\u00f3 el llamado desesperado de un &hellip; <\/p>\n<p><a class=\"more-link btn\" href=\"https:\/\/blog.espol.edu.ec\/kdtorres\/power-point\/\">Seguir leyendo<\/a><\/p>\n","protected":false},"author":9038,"featured_media":0,"parent":0,"menu_order":0,"comment_status":"open","ping_status":"open","template":"","meta":{"footnotes":""},"class_list":["post-11","page","type-page","status-publish","hentry","nodate","item-wrap"],"_links":{"self":[{"href":"https:\/\/blog.espol.edu.ec\/kdtorres\/wp-json\/wp\/v2\/pages\/11","targetHints":{"allow":["GET"]}}],"collection":[{"href":"https:\/\/blog.espol.edu.ec\/kdtorres\/wp-json\/wp\/v2\/pages"}],"about":[{"href":"https:\/\/blog.espol.edu.ec\/kdtorres\/wp-json\/wp\/v2\/types\/page"}],"author":[{"embeddable":true,"href":"https:\/\/blog.espol.edu.ec\/kdtorres\/wp-json\/wp\/v2\/users\/9038"}],"replies":[{"embeddable":true,"href":"https:\/\/blog.espol.edu.ec\/kdtorres\/wp-json\/wp\/v2\/comments?post=11"}],"version-history":[{"count":6,"href":"https:\/\/blog.espol.edu.ec\/kdtorres\/wp-json\/wp\/v2\/pages\/11\/revisions"}],"predecessor-version":[{"id":67,"href":"https:\/\/blog.espol.edu.ec\/kdtorres\/wp-json\/wp\/v2\/pages\/11\/revisions\/67"}],"wp:attachment":[{"href":"https:\/\/blog.espol.edu.ec\/kdtorres\/wp-json\/wp\/v2\/media?parent=11"}],"curies":[{"name":"wp","href":"https:\/\/api.w.org\/{rel}","templated":true}]}}