{"id":31,"date":"2016-06-02T15:41:19","date_gmt":"2016-06-02T15:41:19","guid":{"rendered":"http:\/\/blog.espol.edu.ec\/kedamoro\/?page_id=31"},"modified":"2016-06-02T16:38:42","modified_gmt":"2016-06-02T16:38:42","slug":"femenina","status":"publish","type":"page","link":"https:\/\/blog.espol.edu.ec\/kedamoro\/femenina\/","title":{"rendered":"Femenina"},"content":{"rendered":"<p>La variante femenina de esta modalidad se denomina Lucha Libre Femenina o simplemente lucha femenina. A estas tres modalidades de lucha (lucha grecorromana, lucha libre masculina y lucha libre femenina) se les denomina luchas ol\u00edmpicas ya que est\u00e1n presentes en los Juegos Ol\u00edmpicos.<\/p>\n<h2><span id=\"Historia_ol.C3.ADmpica\" class=\"mw-headline\">Historia ol\u00edmpica<\/span><\/h2>\n<p>Cuando los Juegos Ol\u00edmpicos rehicieron su aparici\u00f3n en Olimpia en los primeros Juegos Ol\u00edmpicos de la era moderna en 1896, se consider\u00f3 importante que la lucha fuera incluida desde un punto de vista hist\u00f3rico de tal forma que se volvi\u00f3 uno de los elementos centrales de los Juegos. La lucha grecorromana se percib\u00eda como la verdadera reencarnaci\u00f3n de la lucha griega y la lucha romana de la Antig\u00fcedad y fue la que estuvo presente en la primera olimpiada.<\/p>\n<p>Sin embargo, y en contra de lo que la gente cre\u00eda, la lucha que se practicaba en los antiguos juegos ol\u00edmpicos era similar a la actual Lucha Libre Ol\u00edmpica, ya que s\u00ed que estaba permitido atacar las piernas del adversario, as\u00ed como usar las propias activamente en el ataque, si era estilo grecorromana este solo se permit\u00eda hacer llaves de la cintura hacia arriba, por lo cual el uso de agarres a las piernas era totalmente ilegal en este estilo de combate.<\/p>\n<p>La lucha libre se admiti\u00f3 en los Juegos ol\u00edmpicos en la sesi\u00f3n del COI celebrada en Par\u00eds en 1901. Las primeras pruebas ol\u00edmpicas tuvieron lugar en los Juegos Ol\u00edmpicos de verano de 1904 a Saint Louis en los Estados Unidos. Los oficiales ol\u00edmpicos decidieron a\u00f1adir esta nueva disciplina, de pasado ciertamente menos rico y menos noble que la anterior pero gozando de un enorme renombre, en particular, en Gran Breta\u00f1a y a los Estados Unidos, que era una de las atracciones estrellas de las verbenas y ferias del siglo XIX, una forma de entretenimiento profesional. Al igual que la lucha grecorromana, cuenta desde entonces entre las grandes disciplinas de los Juegos Ol\u00edmpicos.<\/p>\n<p>En 1912, en Suecia, se cre\u00f3 la FILA (Federaci\u00f3n Internacional de Luchas Asociadas) que es el organismo internacional que dirige este deporte. En la actualidad, la Federaci\u00f3n Rusa domina en lucha, en particular en grecorromana, pero es dominada por Estados Unidos en lucha libre. A la fila de los pa\u00edses de d\u00f3nde salen luchadores de nivel internacional figuran Ir\u00e1n, Turqu\u00eda y Mongolia, pa\u00edses donde la lucha es el deporte nacional. Para los Juegos Ol\u00edmpicos de S\u00eddney en 2000, se modific\u00f3 el programa de lucha. Desde 1972, la lucha se divid\u00eda en diez categor\u00edas de peso en los dos estilos. En los Juegos de S\u00eddney, se presentaron solamente ocho categor\u00edas de peso en cada estilo. Los pesos tambi\u00e9n cambiaron ligeramente y se suprimi\u00f3 la categor\u00eda m\u00e1s ligera, llamada com\u00fanmente peso semimosca simplemente.<\/p>\n<p>La reducci\u00f3n del n\u00famero de categor\u00edas de 10 a 7 en LL y en GR permiti\u00f3 la introducci\u00f3n de la lucha femenina con cuatro categor\u00edas de peso en los Juegos Ol\u00edmpicos de Atenas en 2004, aunque en los campeonatos del mundo, al igual que las dem\u00e1s categor\u00edas, se disputan 7 pesos. El primer campeonato del mundo de lucha grecorromana fue en Viena en 1904 y el primero de lucha libre tuvo lugar en Helsinki en 1951.<\/p>\n<p>Diecisiete pa\u00edses se compartieron las medallas de lucha libre a los Juegos Ol\u00edmpicos de 1996 en Atlanta. Fueron 15 en S\u00eddney y 17 en Atenas.<\/p>\n<form id=\"vozme_form_e02b7ef1068beec548a9a24ae502b858\" method=\"post\" name=\"vozme_form_e02b7ef1068beec548a9a24ae502b858\" target=\"e02b7ef1068beec548a9a24ae502b858\" action=\"http:\/\/vozme.com\/text2voice.php\"><input name=\"text\" type=\"hidden\" value=\"Femenina. La variante femenina de esta modalidad se denomina Lucha Libre Femenina o simplemente lucha femenina. A estas tres modalidades de lucha (lucha grecorromana, lucha libre masculina y lucha libre femenina) se les denomina luchas ol\u00edmpicas ya que est\u00e1n presentes en los Juegos Ol\u00edmpicos.\nHistoria ol\u00edmpica\nCuando los Juegos Ol\u00edmpicos rehicieron su aparici\u00f3n en Olimpia en los primeros Juegos Ol\u00edmpicos de la era moderna en 1896, se consider\u00f3 importante que la lucha fuera incluida desde un punto de vista hist\u00f3rico de tal forma que se volvi\u00f3 uno de los elementos centrales de los Juegos. La lucha grecorromana se percib\u00eda como la verdadera reencarnaci\u00f3n de la lucha griega y la lucha romana de la Antig\u00fcedad y fue la que estuvo presente en la primera olimpiada.\nSin embargo, y en contra de lo que la gente cre\u00eda, la lucha que se practicaba en los antiguos juegos ol\u00edmpicos era similar a la actual Lucha Libre Ol\u00edmpica, ya que s\u00ed que estaba permitido atacar las piernas del adversario, as\u00ed como usar las propias activamente en el ataque, si era estilo grecorromana este solo se permit\u00eda hacer llaves de la cintura hacia arriba, por lo cual el uso de agarres a las piernas era totalmente ilegal en este estilo de combate.\nLa lucha libre se admiti\u00f3 en los Juegos ol\u00edmpicos en la sesi\u00f3n del COI celebrada en Par\u00eds en 1901. Las primeras pruebas ol\u00edmpicas tuvieron lugar en los Juegos Ol\u00edmpicos de verano de 1904 a Saint Louis en los Estados Unidos. Los oficiales ol\u00edmpicos decidieron a\u00f1adir esta nueva disciplina, de pasado ciertamente menos rico y menos noble que la anterior pero gozando de un enorme renombre, en particular, en Gran Breta\u00f1a y a los Estados Unidos, que era una de las atracciones estrellas de las verbenas y ferias del siglo XIX, una forma de entretenimiento profesional. Al igual que la lucha grecorromana, cuenta desde entonces entre las grandes disciplinas de los Juegos Ol\u00edmpicos.\nEn 1912, en Suecia, se cre\u00f3 la FILA (Federaci\u00f3n Internacional de Luchas Asociadas) que es el organismo internacional que dirige este deporte. En la actualidad, la Federaci\u00f3n Rusa domina en lucha, en particular en grecorromana, pero es dominada por Estados Unidos en lucha libre. A la fila de los pa\u00edses de d\u00f3nde salen luchadores de nivel internacional figuran Ir\u00e1n, Turqu\u00eda y Mongolia, pa\u00edses donde la lucha es el deporte nacional. Para los Juegos Ol\u00edmpicos de S\u00eddney en 2000, se modific\u00f3 el programa de lucha. Desde 1972, la lucha se divid\u00eda en diez categor\u00edas de peso en los dos estilos. En los Juegos de S\u00eddney, se presentaron solamente ocho categor\u00edas de peso en cada estilo. Los pesos tambi\u00e9n cambiaron ligeramente y se suprimi\u00f3 la categor\u00eda m\u00e1s ligera, llamada com\u00fanmente peso semimosca simplemente.\nLa reducci\u00f3n del n\u00famero de categor\u00edas de 10 a 7 en LL y en GR permiti\u00f3 la introducci\u00f3n de la lucha femenina con cuatro categor\u00edas de peso en los Juegos Ol\u00edmpicos de Atenas en 2004, aunque en los campeonatos del mundo, al igual que las dem\u00e1s categor\u00edas, se disputan 7 pesos. El primer campeonato del mundo de lucha grecorromana fue en Viena en 1904 y el primero de lucha libre tuvo lugar en Helsinki en 1951.\nDiecisiete pa\u00edses se compartieron las medallas de lucha libre a los Juegos Ol\u00edmpicos de 1996 en Atlanta. Fueron 15 en S\u00eddney y 17 en Atenas.\n\" \/><input name=\"lang\" type=\"hidden\" value=\"es\" \/><input name=\"gn\" type=\"hidden\" value=\"ml\" \/><input type=\"hidden\" id=\"interface\" name=\"interface\" value=\"full\" \/>\n\t\t\t<div style=\"margin-left:40%;\">\n\t\t\t\n\t\t\t\t<input style=\"float:left;\" type=\"image\" width=\"40\" height=\"40\" src=\"http:\/\/blog.espol.edu.ec\/kedamoro\/wp-content\/plugins\/vozme\/img\/megaphone40x40w.gif\" alt=\"Escucha este post\" onclick=\"window.open('', 'e02b7ef1068beec548a9a24ae502b858', 'width=600,height=370,scrollbars=yes,location=yes,menubar=yes,resizable=yes,status=yes,toolbar=yes');\">\n\t\t\t\t<div style=\"margin-left:48px; text-align:left;\"><a style=\"font-size:12px;\" href=\"javascript:void(0);\" onclick=\"window.open('', 'e02b7ef1068beec548a9a24ae502b858', 'width=600,height=370,scrollbars=yes,location=yes,menubar=yes,resizable=yes,status=yes,toolbar=yes'); document.getElementById('vozme_form_e02b7ef1068beec548a9a24ae502b858').submit();\">Escucha<br\/>este post<\/a><\/div>\n\t\t\t<\/div><\/form>","protected":false},"excerpt":{"rendered":"<p>La variante femenina de esta modalidad se denomina Lucha Libre Femenina o simplemente lucha femenina. A estas tres modalidades de lucha (lucha grecorromana, lucha libre masculina y lucha libre femenina) se les denomina luchas ol\u00edmpicas ya que est\u00e1n presentes en los Juegos Ol\u00edmpicos. Historia ol\u00edmpica Cuando los Juegos Ol\u00edmpicos rehicieron su aparici\u00f3n en Olimpia en [&hellip;]<\/p>\n","protected":false},"author":10405,"featured_media":0,"parent":0,"menu_order":0,"comment_status":"closed","ping_status":"closed","template":"","meta":{"footnotes":""},"class_list":["post-31","page","type-page","status-publish","hentry"],"_links":{"self":[{"href":"https:\/\/blog.espol.edu.ec\/kedamoro\/wp-json\/wp\/v2\/pages\/31","targetHints":{"allow":["GET"]}}],"collection":[{"href":"https:\/\/blog.espol.edu.ec\/kedamoro\/wp-json\/wp\/v2\/pages"}],"about":[{"href":"https:\/\/blog.espol.edu.ec\/kedamoro\/wp-json\/wp\/v2\/types\/page"}],"author":[{"embeddable":true,"href":"https:\/\/blog.espol.edu.ec\/kedamoro\/wp-json\/wp\/v2\/users\/10405"}],"replies":[{"embeddable":true,"href":"https:\/\/blog.espol.edu.ec\/kedamoro\/wp-json\/wp\/v2\/comments?post=31"}],"version-history":[{"count":3,"href":"https:\/\/blog.espol.edu.ec\/kedamoro\/wp-json\/wp\/v2\/pages\/31\/revisions"}],"predecessor-version":[{"id":53,"href":"https:\/\/blog.espol.edu.ec\/kedamoro\/wp-json\/wp\/v2\/pages\/31\/revisions\/53"}],"wp:attachment":[{"href":"https:\/\/blog.espol.edu.ec\/kedamoro\/wp-json\/wp\/v2\/media?parent=31"}],"curies":[{"name":"wp","href":"https:\/\/api.w.org\/{rel}","templated":true}]}}