{"id":113,"date":"2012-07-07T00:38:56","date_gmt":"2012-07-07T00:38:56","guid":{"rendered":"http:\/\/blog.espol.edu.ec\/kelsintr\/?page_id=113"},"modified":"2012-07-12T05:43:38","modified_gmt":"2012-07-12T05:43:38","slug":"novia-2012","status":"publish","type":"page","link":"https:\/\/blog.espol.edu.ec\/kelsintr\/novia-2012\/","title":{"rendered":"NOVIA 2012"},"content":{"rendered":"<div><img loading=\"lazy\" decoding=\"async\" src=\"http:\/\/magazine.zankyou.com\/am\/wp-content\/uploads\/2011\/02\/novias-2012.jpg\" alt=\"Vestidos de novia para 2012, todas las tendencias. Fotos: Pronovias y Rosa Clar\u00e1\" width=\"500\" height=\"312\" \/><\/div>\n<div>Vestidos de novia para 2012, todas las tendencias. Fotos: Pronovias y Rosa Clar\u00e1<\/div>\n<p>\u00bf<strong>Te casas en 2012<\/strong>? \u00a1Enhorabuena! Y no pierdas el tiempo porque ya tienes que preparar el gran evento. Nosotros te ayudamos consiguiendo todas <strong>las tendencias en vestidos de novia 2012 <\/strong>al igual que ya te adelant\u00e1bamos<strong> <a title=\"vestidos novia 2011\" href=\"http:\/\/zankyou.terra.com\/p\/vestidos-novia-2011-colecciones\" target=\"_self\">las tendencias de novia para 2011<\/a>. <\/strong>Se llevar\u00e1n los vestidos rom\u00e1nticos, las faldas amplias y los trajes de novia con un s\u00f3lo tirante. \u00bfQuieres verlos?<\/p>\n<p>&nbsp;<\/p>\n<p><strong>Kate Middleton y Charlene Wittsotck<\/strong> han marcado algunas de las tendencias para las <strong>novias de 2012<\/strong>. Te recordamos como fueron sus vestidos de novia y te presentamos una selecci\u00f3n de vestidos de novia de cada una de las tendencias, para que veas el que m\u00e1s se adapta a tu estilo.<\/p>\n<div>\n<div><img loading=\"lazy\" decoding=\"async\" src=\"http:\/\/magazine.zankyou.com\/am\/wp-content\/uploads\/2011\/02\/Kate-Middleton-y-Charlene-Wittstock-dos-novias-que-marcan-tendencia-en-2012.jpg\" alt=\"Kate Middleton y Charlene Wittstock, dos novias que marcan tendencia en 2012\" width=\"500\" height=\"462\" \/><\/div>\n<div>Kate Middleton y Charlene Wittstock, dos novias que marcan tendencia en 2012<\/div>\n<\/div>\n<p>Entre las muchas colecciones de vestidos de novias para las futuras esposas de 2012, destacan algunas tendencias. Est\u00e1n de moda los<strong> escotes palabra de honor<\/strong>, los vestidos de <strong>novia con un s\u00f3lo tirante<\/strong>, los vestidos de novia de <strong>estilo vintage<\/strong>, las novias con un<strong> look de princesas<\/strong>, los<strong> lazos en la cintura<\/strong>, los <strong>detalles de color<\/strong> en los vestidos de novia, los vestidos de novia con <strong>cuerpo de encaje,<\/strong> los vestidos de novia con<strong> la espalda descubierta<\/strong> y las <strong>faldas amplias<\/strong> que hacen que las novias luzcan muy <strong>rom\u00e1nticas<\/strong>.<\/p>\n<p><strong>ESCOTE PALABRA DE HONOR<\/strong><\/p>\n<p>Ha sido el <strong><a title=\"escotes\" href=\"http:\/\/zankyou.terra.com\/p\/escotes-para-vestidos-de-novia\" target=\"_self\">escote de moda en las novias de 2011<\/a><\/strong> y lo seguir\u00e1 siendo tambi\u00e9n en 2012. Los hombros al descubierto son sensuales y favorecedores, as\u00ed que hay muchos <strong><a title=\"palabra honor\" href=\"http:\/\/zankyou.terra.com\/p\/escote-palabra-de-honor-para-novias-2011\" target=\"_self\">vestidos de novia palabra de honor o strapless<\/a><\/strong> que te quedar\u00e1n divinos.<\/p>\n<div>\n<div><img loading=\"lazy\" decoding=\"async\" src=\"http:\/\/magazine.zankyou.com\/am\/wp-content\/uploads\/2011\/02\/Palabra-honor-pronovias-Palco-D1.jpg\" alt=\"Vestido de novia palabra de honor. Modelo Palco-D. Foto: Pronovias\" width=\"500\" height=\"648\" \/><\/div>\n<div>Vestido de novia palabra de honor. Modelo Palco-D. Foto: Pronovias<\/div>\n<\/div>\n<div>\n<div><img loading=\"lazy\" decoding=\"async\" src=\"http:\/\/magazine.zankyou.com\/am\/wp-content\/uploads\/2011\/02\/Praga.jpg\" alt=\"Vestido de novia Praga de Manuel Mota para Pronovias. Foto: Pronovias\" width=\"500\" height=\"670\" \/><\/div>\n<div>Vestido de novia Praga de Manuel Mota para Pronovias. Foto: Pronovias<\/div>\n<\/div>\n<p>&nbsp;<\/p>\n<p><strong>NOVIAS VINTAGE 2012<\/strong><\/p>\n<p>El <strong><a title=\"estilo vintage\" href=\"http:\/\/zankyou.terra.com\/p\/novias-estilo-vintage\" target=\"_self\">estilo retro y vintage<\/a><\/strong> sigue de moda. Vestidos que recuerdan a <strong><a title=\"novias vintage\" href=\"http:\/\/zankyou.terra.com\/p\/vestidos-de-novia-de-cada-decada-estilo-vintage-y-retro\" target=\"_self\">otras \u00e9pocas llenas de glamour<\/a><\/strong> inundan las tendencias en vestidos de novia en 2012.<\/p>\n<p>&nbsp;<\/p>\n<div>\n<div><img loading=\"lazy\" decoding=\"async\" src=\"http:\/\/magazine.zankyou.com\/am\/wp-content\/uploads\/2011\/02\/Vintage-pronovias-Pareo-B-725x1024.jpg\" alt=\"Vestido de novia vintage Pareo-B. Foto: Pronovias \" width=\"500\" height=\"700\" \/><\/div>\n<div>Vestido de novia vintage Pareo-B. Foto: Pronovias<\/div>\n<\/div>\n<div>\n<div><img loading=\"lazy\" decoding=\"async\" src=\"http:\/\/magazine.zankyou.com\/am\/wp-content\/uploads\/2011\/02\/vintage-rosa-clara-800x1024.jpg\" alt=\"Vestido de novia de inspiraci\u00f3n vintage. Foto: Rosa Clar\u00e1\" width=\"500\" height=\"715\" \/><\/div>\n<div>Vestido de novia de inspiraci\u00f3n vintage. Foto: Rosa Clar\u00e1<\/div>\n<\/div>\n<div>\n<div><img loading=\"lazy\" decoding=\"async\" src=\"http:\/\/magazine.zankyou.com\/pt\/wp-content\/uploads\/2011\/03\/Puebla.jpg\" alt=\"Modelo Puebla - Manuel Mota para Pronovias 2012\" width=\"500\" height=\"680\" \/><\/div>\n<div>Vestidos de novia de inspiraci\u00f3n vintage. Foto: Pronovias<\/div>\n<\/div>\n<p>&nbsp;<\/p>\n<p><strong>BOLEROS O CUERPOS DE ENCAJE<\/strong><\/p>\n<p>Es otra de las tendencias que veremos en los <strong>vestidos de novia en 2012<\/strong>. Los lazos en la cintura realzan y pueden ser en blanco o en cualquier color.<\/p>\n<div>\n<div><img loading=\"lazy\" decoding=\"async\" src=\"http:\/\/magazine.zankyou.com\/am\/wp-content\/uploads\/2011\/02\/Vestido-de-novia-con-encaje.-Fotos-Pronovias-y-Rosa-Clar\u00e1.jpg\" alt=\"Vestido de novia con encaje. Fotos Pronovias y Rosa Clar\u00e1\" width=\"500\" height=\"462\" \/><\/div>\n<div>Vestido de novia con encaje. Fotos Pronovias y Rosa Clar\u00e1<\/div>\n<\/div>\n<div>\n<div><img loading=\"lazy\" decoding=\"async\" src=\"http:\/\/magazine.zankyou.com\/am\/wp-content\/uploads\/2011\/02\/Vestidos-de-novia-con-encaje-clara-tendencia-de-2012.jpg\" alt=\"Vestidos de novia con encaje, clara tendencia de 2012. Fotos: Rosa Clar\u00e1\" width=\"500\" height=\"450\" \/><\/div>\n<div>Vestidos de novia con encaje, clara tendencia de 2012. Fotos: Rosa Clar\u00e1<\/div>\n<\/div>\n<p>&nbsp;<\/p>\n<p><strong>LAZOS EN LA CINTURA<\/strong><\/p>\n<p>Es otra de las tendencias que veremos en los <strong>vestidos de novia en 2012<\/strong>. Los lazos en la cintura realzan y pueden ser en blanco o en cualquier color.<\/p>\n<div>\n<div><img loading=\"lazy\" decoding=\"async\" src=\"http:\/\/magazine.zankyou.com\/am\/wp-content\/uploads\/2011\/02\/lazos-1-vera.jpg\" alt=\"Lazos en la cintura para vestidos de novia. Foto: Vera Wang\" width=\"500\" height=\"650\" \/><\/div>\n<div>Lazos en la cintura para vestidos de novia. Foto: Vera Wang<\/div>\n<\/div>\n<div>\n<div><img loading=\"lazy\" decoding=\"async\" src=\"http:\/\/magazine.zankyou.com\/am\/wp-content\/uploads\/2011\/02\/lazos-vera.jpg\" alt=\"Vestido de novia con gran lazo en la cintura. Foto: Vera Wang\" width=\"500\" height=\"640\" \/><\/div>\n<div>Vestido de novia con gran lazo en la cintura. Foto: Vera Wang<\/div>\n<\/div>\n<p><strong>NOVIAS PRINCESA PARA 2012<\/strong><\/p>\n<p>La<strong>s novias de 2012<\/strong> quieren deslumbrar y por eso hay una vuelta a los <a title=\"novias princesa\" href=\"http:\/\/zankyou.terra.com\/p\/el-vestido-de-la-semana-novias-como-princesas\" target=\"_self\">vestidos de novia de estilo princesa<\/a>. Nada de sobriedad. Las faldas son de cuento de hadas y los vestidos al m\u00e1s <a title=\"novias disney\" href=\"http:\/\/zankyou.terra.com\/p\/%C2%BFquieres-un-vestido-de-novia-de-princesa-de-disney\" target=\"_self\">puro estilo Disney<\/a>.<\/p>\n<div>\n<div><img loading=\"lazy\" decoding=\"async\" src=\"http:\/\/magazine.zankyou.com\/am\/wp-content\/uploads\/2011\/02\/princesa-rosa-clara-vestido_de_novia_rosa_clara_131-1-799x1024.jpg\" alt=\"Novias con look de princesa. Foto: Rosa Clar\u00e1\" width=\"500\" height=\"600\" \/><\/div>\n<div>Novias con look de princesa. Foto: Rosa Clar\u00e1<\/div>\n<\/div>\n<div>\n<div><img loading=\"lazy\" decoding=\"async\" src=\"http:\/\/magazine.zankyou.com\/pt\/wp-content\/uploads\/2011\/03\/Primor-A.jpg\" alt=\"Las novias quieren ser princesa. Modelo Primor de Manuel Mota para Pronovias 2012\" width=\"500\" height=\"410\" \/><\/div>\n<div>Las novias quieren ser princesa. Modelo Primor de Manuel Mota para Pronovias 2012<\/div>\n<\/div>\n<p><strong>COLORES PARA VESTIDOS DE NOVIA<\/strong><\/p>\n<p>Muchas novias est\u00e1n aburridas del blanco y los dise\u00f1adores tambi\u00e9n, as\u00ed que la apuesta m\u00e1s innovadora es el color. <strong><a title=\"vestidos novia colores\" href=\"http:\/\/zankyou.terra.com\/p\/vestidos-de-novia-de-colores\" target=\"_self\">Vestidos de novia con detalles de colores<\/a><\/strong> triunfan en la <strong>moda nupcial de 2012<\/strong>. Echa un vistazo a nuestro especial de la derecha con vestidos de novia de colores <a href=\"http:\/\/zankyou.terra.com\/p\/vestidos-de-novia-lila\" target=\"_self\">lila<\/a>, <a href=\"http:\/\/zankyou.terra.com\/p\/vestidos-de-novia-en-color-verde\" target=\"_self\">verde<\/a>, <a title=\"rojo\" href=\"http:\/\/zankyou.terra.com\/p\/vestidos-de-novia-en-color-rojo\" target=\"_self\">rojo<\/a>, <a href=\"http:\/\/zankyou.terra.com\/p\/vestidos-de-novia-de-colorazul\">azul<\/a>, <a href=\"http:\/\/zankyou.terra.com\/p\/vestidos-de-novia-color-rosa\" target=\"_self\">rosa<\/a> y hasta <a href=\"http:\/\/zankyou.terra.com\/p\/vestidos-de-novia-combinados-con-negro\" target=\"_self\">negro<\/a>\u2026 Un universo de color para las novias de 2012.<\/p>\n<p>&nbsp;<\/p>\n<div>\n<div><img loading=\"lazy\" decoding=\"async\" src=\"http:\/\/magazine.zankyou.com\/am\/wp-content\/uploads\/2011\/02\/Collage-de-Picnik11.jpg\" alt=\"Vestidos de novia en color o con detalles de color como los guantes rojos. Foto: Reem Acra y Vera Wang\" width=\"500\" height=\"462\" \/><\/div>\n<div>Vestidos de novia en color o con detalles de color como los guantes rojos. Foto: Reem Acra y Vera Wang<\/div>\n<\/div>\n<div>\n<div><img loading=\"lazy\" decoding=\"async\" src=\"http:\/\/magazine.zankyou.com\/am\/wp-content\/uploads\/2011\/02\/Collage-de-Picnik5.jpg\" alt=\"Vestidos de novia de colores para 2012. Foto: Vera Wang\" width=\"500\" height=\"462\" \/><\/div>\n<div>Vestidos de novia de colores para 2012. Foto: Vera Wang<\/div>\n<\/div>\n<p><strong>FALDAS AMPLIAS<\/strong><\/p>\n<p>Las telas que dan volumen a las faldas son clave. El tul es uno de los <strong><a title=\"tejidos novias\" href=\"http:\/\/zankyou.terra.com\/p\/los-mejores-tejidos-para-vestidos-de-novia\" target=\"_self\">tejidos estrella para los vestidos de novia<\/a><\/strong> porque se consiguen faldas amplias y vaporosas.<\/p>\n<div>\n<div><img loading=\"lazy\" decoding=\"async\" src=\"http:\/\/magazine.zankyou.com\/am\/wp-content\/uploads\/2011\/02\/Faldas-amplias-pronovias-Panda-A-1024x827.jpg\" alt=\"Faldas amplias para vestidos de novia. Modelo Panda-A. Foto: Pronovias \" width=\"500\" height=\"400\" \/><\/div>\n<div>Faldas amplias para vestidos de novia. Modelo Panda-A. Foto: Pronovias<\/div>\n<\/div>\n<div>\n<div><img loading=\"lazy\" decoding=\"async\" src=\"http:\/\/magazine.zankyou.com\/am\/wp-content\/uploads\/2011\/01\/884-vestidos-de-novia-otono-invierno-2011-2012-alvina-valent_03.jpg\" alt=\"Faldas amplias de novia. Foto: Alvina Valenta 2012\" width=\"500\" height=\"375\" \/><\/div>\n<div>Novias rom\u00e1nticas. Foto: Elie Saab<\/div>\n<\/div>\n<p><strong>NOVIAS ROM\u00c1NTICAS PARA 2012.<\/strong><\/p>\n<p>El romanticismo tambi\u00e9n vuelve y con \u00e9l, <strong>las novias m\u00e1s rom\u00e1nticas en 2012<\/strong>. Todas irradian amor y dulzura a la vista de las nuevas colecciones de novia de 2012.<\/p>\n<div>\n<div><img loading=\"lazy\" decoding=\"async\" src=\"http:\/\/magazine.zankyou.com\/am\/wp-content\/uploads\/2011\/02\/Romanticos-Pronovias-Pamela-A-1024x827.jpg\" alt=\"Las novias de 2012 lucir\u00e1n muy rom\u00e1nticas. Modelo Pamela-A. Foto: Pronovias\" width=\"500\" height=\"400\" \/><\/div>\n<div>Las novias de 2012 lucir\u00e1n muy rom\u00e1nticas. Modelo Pamela-A. Foto: Pronovias<\/div>\n<\/div>\n<p><strong>UN S\u00d3LO TIRANTE<\/strong><\/p>\n<p>En <strong>2012 veremos muchas novias con escote que llevan un s\u00f3lo tirante<\/strong>. Este estilo de escote recuerda a la Antigua Roma y es favorecedor y muy original.<\/p>\n<div>\n<div><img loading=\"lazy\" decoding=\"async\" src=\"http:\/\/magazine.zankyou.com\/am\/wp-content\/uploads\/2011\/02\/Collage-de-Picnik-ok-1.jpg\" alt=\"Vestidos de novia que llevan un solo tirante, de inspiraci\u00f3n romana. Foto: Pronovias\" width=\"500\" height=\"462\" \/><\/div>\n<div>Vestidos de novia que llevan un solo tirante, de inspiraci\u00f3n romana. Foto: Pronovias<\/div>\n<\/div>\n<div>\n<div><img loading=\"lazy\" decoding=\"async\" src=\"http:\/\/magazine.zankyou.com\/am\/wp-content\/uploads\/2011\/02\/Collage-de-Picnik-ok.jpg\" alt=\"Esta temporada hay muchos modelos con un s\u00f3lo tirante. Foto: Pronovias\" width=\"500\" height=\"462\" \/><\/div>\n<div>Esta temporada hay muchos modelos con un s\u00f3lo tirante. Foto: Pronovias<\/div>\n<\/div>\n<p><strong>ESPALDA AL DESCUBIERTO<\/strong><\/p>\n<p>Las novias buscan un <strong>look m\u00e1s sexy<\/strong>, por eso nos encontramos con muchos modelos de <strong><a href=\"http:\/\/zankyou.terra.com\/p\/10-vestidos-de-novia-con-la-espalda-descubierta\">vestidos de novia para 2012 que muestran la espalda al descubierto<\/a><\/strong>. Es una propuesta para las novias m\u00e1s sensuales.<\/p>\n<div>\n<div><img loading=\"lazy\" decoding=\"async\" src=\"http:\/\/magazine.zankyou.com\/am\/wp-content\/uploads\/2011\/02\/espalda.jpg\" alt=\"Vestidos de novia con la espalda al descubierto, una de las tendencias para 2012. Foto: Rosa Clar\u00e1\" width=\"500\" height=\"462\" \/><\/div>\n<div>Vestidos de novia con la espalda al descubierto, una de las tendencias para 2012. Foto: Rosa Clar\u00e1<\/div>\n<\/div>\n<div>\n<div><img loading=\"lazy\" decoding=\"async\" src=\"http:\/\/magazine.zankyou.com\/am\/wp-content\/uploads\/2011\/02\/espalda-2.jpg\" alt=\"Sensuales vestidos de novia con la espalda al descubierto. Foto: Rosa Clar\u00e1\" width=\"500\" height=\"462\" \/><\/div>\n<div>Sensuales vestidos de novia con la espalda al descubierto. Foto: Rosa Clar\u00e1<\/div>\n<\/div>\n<div>\n<div><img loading=\"lazy\" decoding=\"async\" src=\"http:\/\/magazine.zankyou.com\/am\/wp-content\/uploads\/2011\/02\/espalda-1.jpg\" alt=\"Vestidos de novia con las espalda al aire. Foto: Rosa Clar\u00e1\" width=\"500\" height=\"462\" \/><\/div>\n<div>Vestidos de novia con las espalda al aire. Foto: Rosa Clar\u00e1<\/div>\n<\/div>\n<p>&nbsp;<\/p>\n<p>\u00bfIrresistibles, no? Y eso que es s\u00f3lo un avance de la <strong>temporada de novias 2012\u2026<\/strong> Prometemos seguir ense\u00f1ando todas las colecciones de novia para que seas la m\u00e1s guapa el d\u00eda de tu boda. Si te apetece, puedes comentar tus ideas o mostrar tus opiniones en nuestro foro de novias.<\/p>\n","protected":false},"excerpt":{"rendered":"<p>Vestidos de novia para 2012, todas las tendencias. Fotos: Pronovias y Rosa Clar\u00e1 \u00bfTe casas en 2012? \u00a1Enhorabuena! Y no pierdas el tiempo porque ya tienes que preparar el gran evento. Nosotros te ayudamos consiguiendo todas las tendencias en vestidos &hellip; <a href=\"https:\/\/blog.espol.edu.ec\/kelsintr\/novia-2012\/\">Sigue leyendo <span class=\"meta-nav\">&rarr;<\/span><\/a><\/p>\n","protected":false},"author":7631,"featured_media":0,"parent":0,"menu_order":0,"comment_status":"open","ping_status":"open","template":"","meta":{"footnotes":""},"class_list":["post-113","page","type-page","status-publish","hentry"],"_links":{"self":[{"href":"https:\/\/blog.espol.edu.ec\/kelsintr\/wp-json\/wp\/v2\/pages\/113","targetHints":{"allow":["GET"]}}],"collection":[{"href":"https:\/\/blog.espol.edu.ec\/kelsintr\/wp-json\/wp\/v2\/pages"}],"about":[{"href":"https:\/\/blog.espol.edu.ec\/kelsintr\/wp-json\/wp\/v2\/types\/page"}],"author":[{"embeddable":true,"href":"https:\/\/blog.espol.edu.ec\/kelsintr\/wp-json\/wp\/v2\/users\/7631"}],"replies":[{"embeddable":true,"href":"https:\/\/blog.espol.edu.ec\/kelsintr\/wp-json\/wp\/v2\/comments?post=113"}],"version-history":[{"count":2,"href":"https:\/\/blog.espol.edu.ec\/kelsintr\/wp-json\/wp\/v2\/pages\/113\/revisions"}],"predecessor-version":[{"id":141,"href":"https:\/\/blog.espol.edu.ec\/kelsintr\/wp-json\/wp\/v2\/pages\/113\/revisions\/141"}],"wp:attachment":[{"href":"https:\/\/blog.espol.edu.ec\/kelsintr\/wp-json\/wp\/v2\/media?parent=113"}],"curies":[{"name":"wp","href":"https:\/\/api.w.org\/{rel}","templated":true}]}}