{"id":2,"date":"2012-06-08T22:10:48","date_gmt":"2012-06-08T22:10:48","guid":{"rendered":"http:\/\/blog.espol.edu.ec\/kelsintr\/?page_id=2"},"modified":"2012-07-12T05:42:56","modified_gmt":"2012-07-12T05:42:56","slug":"pagina-ejemplo","status":"publish","type":"page","link":"https:\/\/blog.espol.edu.ec\/kelsintr\/pagina-ejemplo\/","title":{"rendered":"MODA PLAYERA"},"content":{"rendered":"<p>&nbsp;<\/p>\n<p><strong><em><img loading=\"lazy\" decoding=\"async\" src=\"http:\/\/ve.tuaviso.net\/imagenes\/anuncios\/big\/2009\/03\/22\/204c96d30d907c2dd1525278597cf145.jpg\" alt=\"photo\" width=\"300\" height=\"525\" \/><img loading=\"lazy\" decoding=\"async\" src=\"http:\/\/ve.tuaviso.net\/imagenes\/anuncios\/big\/2009\/03\/22\/d523c494e0081eb9a24a7cc6373fdeb3.jpg\" alt=\"photo\" width=\"300\" height=\"525\" \/><img loading=\"lazy\" decoding=\"async\" src=\"http:\/\/ve.tuaviso.net\/imagenes\/anuncios\/big\/2009\/03\/22\/a7948a0f5c4ca47e569cff2cf0709732.jpg\" alt=\"photo\" width=\"300\" height=\"525\" \/><\/em><\/strong><\/p>\n<p><strong><em>Descripci\u00f3n:<\/em><\/strong><\/p>\n<p><em>Tienes una Boda en la Playa, un Crucero, un paseo en una Isla, un fin de semana entre amigas, a la piscina... para cada ocasi\u00f3n puedes estar elegante, c\u00f3moda, fresca y muy Playera. <\/em><br \/>\n<em>\"MODA DA MARE\"<\/em><br \/>\n<em>Ya no hay excusas para no estar Fashion en la Playa<\/em><br \/>\n<em>* Vestidos<\/em><br \/>\n<em>* Pareos<\/em><br \/>\n<em>* Conjuntos Capri<\/em><br \/>\n<em>* Conjuntos de Top y Falda<\/em><br \/>\n<em>* Minifaldas<\/em><br \/>\n<em>* Shorts<\/em><br \/>\n<em>*Coquet\u00edsimas falditas pareo para ni\u00f1as<\/em><br \/>\n<em>* La mas variada l\u00ednea de accesorios playeros<\/em><br \/>\n<em>Excelentes telas, decorados fashion para lucir muy Chic en la Playa.<\/em><\/p>\n<p><em>Las mejores y mas bellas prendas de vestir para combinar con tu Trajes de Ba\u00f1o.<\/em><br \/>\n<em>\"MODA DA MARE\"<\/em><br \/>\n<em>La exclusiva L\u00ednea de Ropa Playera de TOP BRONZE<\/em><br \/>\n<em>Cada prenda est\u00e1 confeccionada con los mejores y mas selectos materiales, cuidando cada detalle para que luzcas impactante.<\/em><br \/>\n<em>Bell\u00edsimos decorados complementan el dise\u00f1o para obtener una delicada prenda de vestir que completar\u00e1 el Atuendo Playero perfecto para ti...<\/em><\/p>\n","protected":false},"excerpt":{"rendered":"<p>&nbsp; Descripci\u00f3n: Tienes una Boda en la Playa, un Crucero, un paseo en una Isla, un fin de semana entre amigas, a la piscina... para cada ocasi\u00f3n puedes estar elegante, c\u00f3moda, fresca y muy Playera. \"MODA DA MARE\" Ya no &hellip; <a href=\"https:\/\/blog.espol.edu.ec\/kelsintr\/pagina-ejemplo\/\">Sigue leyendo <span class=\"meta-nav\">&rarr;<\/span><\/a><\/p>\n","protected":false},"author":7631,"featured_media":0,"parent":0,"menu_order":0,"comment_status":"open","ping_status":"open","template":"","meta":{"footnotes":""},"class_list":["post-2","page","type-page","status-publish","hentry"],"_links":{"self":[{"href":"https:\/\/blog.espol.edu.ec\/kelsintr\/wp-json\/wp\/v2\/pages\/2","targetHints":{"allow":["GET"]}}],"collection":[{"href":"https:\/\/blog.espol.edu.ec\/kelsintr\/wp-json\/wp\/v2\/pages"}],"about":[{"href":"https:\/\/blog.espol.edu.ec\/kelsintr\/wp-json\/wp\/v2\/types\/page"}],"author":[{"embeddable":true,"href":"https:\/\/blog.espol.edu.ec\/kelsintr\/wp-json\/wp\/v2\/users\/7631"}],"replies":[{"embeddable":true,"href":"https:\/\/blog.espol.edu.ec\/kelsintr\/wp-json\/wp\/v2\/comments?post=2"}],"version-history":[{"count":4,"href":"https:\/\/blog.espol.edu.ec\/kelsintr\/wp-json\/wp\/v2\/pages\/2\/revisions"}],"predecessor-version":[{"id":140,"href":"https:\/\/blog.espol.edu.ec\/kelsintr\/wp-json\/wp\/v2\/pages\/2\/revisions\/140"}],"wp:attachment":[{"href":"https:\/\/blog.espol.edu.ec\/kelsintr\/wp-json\/wp\/v2\/media?parent=2"}],"curies":[{"name":"wp","href":"https:\/\/api.w.org\/{rel}","templated":true}]}}