{"id":116,"date":"2011-01-16T13:12:34","date_gmt":"2011-01-16T18:12:34","guid":{"rendered":"http:\/\/blog.espol.edu.ec\/kelvintinoco\/?page_id=116"},"modified":"2011-01-16T19:14:39","modified_gmt":"2011-01-17T00:14:39","slug":"biodiesel","status":"publish","type":"page","link":"https:\/\/blog.espol.edu.ec\/kelvintinoco\/biodiesel\/","title":{"rendered":"biodiesel"},"content":{"rendered":"<p>Proceso de Fabricacion<\/p>\n<p>Teniendo  en cuenta que este era uno de los objetivos de mi trabajo en un  principio, aunque luego tuve que abandonar la idea, no pod\u00eda dejar de  incluir las diferentes maneras que hay de producir biodiesel de una  manera casera. Primero explicar\u00e9 el procedimiento que segu\u00ed en mi primer  y \u00fanico intento para luego mencionar otras variantes que pensaba  intentar despu\u00e9s.<\/p>\n<h3>Pr\u00e1ctica: Biodiesel a partir de aceite nuevo<\/h3>\n<p><em> <\/em> <span style=\"text-decoration: underline\"> Objetivo:<\/span><em> <\/em>Preparar combustible diesel a partir de aceite vegetal nuevo.<em>xml:namespace prefix = o \/&gt;<\/em><\/p>\n<p><em> <\/em><\/p>\n<p><em> <\/em><\/p>\n<p><span style=\"text-decoration: underline\">Materiales:<\/span><\/p>\n<p>-\u00a0\u00a0\u00a0\u00a0\u00a0\u00a0\u00a0\u00a0 Papel de filtro<\/p>\n<p>-\u00a0\u00a0\u00a0\u00a0\u00a0\u00a0\u00a0\u00a0 Term\u00f3metro<\/p>\n<p>-\u00a0\u00a0\u00a0\u00a0\u00a0\u00a0\u00a0\u00a0 Varita<\/p>\n<p>-\u00a0\u00a0\u00a0\u00a0\u00a0\u00a0\u00a0\u00a0 Matraz de 500 cm<sup>3<\/sup><\/p>\n<p>-\u00a0\u00a0\u00a0\u00a0\u00a0\u00a0\u00a0\u00a0 Vaso de precipitados<\/p>\n<p>-\u00a0\u00a0\u00a0\u00a0\u00a0\u00a0\u00a0\u00a0 Probeta<\/p>\n<p>-\u00a0\u00a0\u00a0\u00a0\u00a0\u00a0\u00a0\u00a0 Bunsen<\/p>\n<p><span style=\"text-decoration: underline\">Productos:<\/span><\/p>\n<p>-\u00a0\u00a0\u00a0\u00a0\u00a0\u00a0\u00a0\u00a0 Aceite nuevo de girasol<\/p>\n<p>-\u00a0\u00a0\u00a0\u00a0\u00a0\u00a0\u00a0\u00a0 Hidr\u00f3xido de sodio<\/p>\n<p>-\u00a0\u00a0\u00a0\u00a0\u00a0\u00a0\u00a0\u00a0 Metanol<\/p>\n<p>-\u00a0\u00a0\u00a0\u00a0\u00a0\u00a0\u00a0\u00a0 Agua destilada<\/p>\n<p><span style=\"text-decoration: underline\">Procedimiento:<\/span><\/p>\n<p>1-\u00a0\u00a0\u00a0\u00a0\u00a0 Medimos el n\u00famero de litros de aceite con los cuales queremos experimentar (en este caso 1 litro).<\/p>\n<p>2-\u00a0\u00a0\u00a0\u00a0\u00a0 Vertimos el aceite vegetal en el vaso de precipitados donde prepararemos la mezcla.<\/p>\n<p>3-\u00a0\u00a0\u00a0\u00a0\u00a0 Si  la temperatura es inferior a 21\u00baC o si el aceite vegetal se encuentra  en estado s\u00f3lido o espeso, ser\u00e1 necesario calentar los reactivos antes  de mezclarlos.<\/p>\n<p>4-\u00a0\u00a0\u00a0\u00a0\u00a0 Introducimos con mucho cuidado 3,5 g de sosa c\u00e1ustica y 0,2\u00a0 litros de metanol dentro de un vaso de precipitados.<\/p>\n<p>5-\u00a0\u00a0\u00a0\u00a0\u00a0 Removemos la mezcla hasta que la sosa de haya disuelto en el metanol (Se produce met\u00f3xido s\u00f3dico que\u00a0 es una sustancia t\u00f3xica que no se ha de respirar bajo ning\u00fan concepto).<\/p>\n<p>6-\u00a0\u00a0\u00a0\u00a0\u00a0 Vertimos seguidamente el met\u00f3xido de sodio dentro del aceite vegetal<\/p>\n<p>7-\u00a0\u00a0\u00a0\u00a0\u00a0 Mezclamos  el conjunto de forma vigorosa durante una hora, manteni\u00e9ndolo a una  temperatura constante de aproximadamente unos 40-50\u00baC. Para esto lo  colocamos sobre el bunsen siempre controlando la Temp. con un  term\u00f3metro.<\/p>\n<p>8-\u00a0\u00a0\u00a0\u00a0\u00a0 Dejamos que la mezcla repose durante 12 horas.<\/p>\n<p>9-\u00a0\u00a0\u00a0\u00a0\u00a0 Separamos las dos capas con la ayuda de un embudo de decantaci\u00f3n.<\/p>\n<p>10- \u00a0Dejamos  que la glicerina, que aparece como una capa oscura y espesa en la parte  inferior del recipiente, se deposite en el fondo durante una semana.  Pasado este tiempo se habr\u00e1 evaporado el resto de metanol y se obtendr\u00e1  un jab\u00f3n de glicerina.<\/p>\n<p>11- \u00a0Luego  procedemos al lavado del Biodiesel para eliminar cualquier resto de  glicerina u otras impurezas. A\u00f1adimos agua y agitamos, dejamos que esta  se asiente en el fondo y desaguamos.<\/p>\n<p>12- \u00a0Medimos el pH y repetimos el proceso hasta que el pH sea de 6-7.<\/p>\n<p>13- \u00a0Al final se ha de calentar lentamente para evaporar restos de agua.<\/p>\n<p><span style=\"text-decoration: underline\">Conclusiones:<\/span><\/p>\n<p>Si  bien hacer biodiesel me parec\u00eda en un principio que no era ning\u00fan  secreto, solo mezclar aceite vegetal con metanol para obtener el \u00e9ster  met\u00edlico y la glicerina. Despu\u00e9s de intentarlo cambi\u00e9 de opini\u00f3n al y  darme la impresi\u00f3n de que no hab\u00eda conseguido obtener resultados  positivos, ya que\u00a0 como expliqu\u00e9 en la  introducci\u00f3n no consegu\u00ed el material necesario para probarlo. As\u00ed que  por su aspecto bastante viscoso y olor a aceite, se podr\u00eda deducir que  no se hab\u00eda producido ninguna reacci\u00f3n o por lo menos no la esperada.<\/p>\n<p>Despu\u00e9s  de hacer algunas averiguaciones me comentaron que esta reacci\u00f3n ten\u00eda  dos particularidades por las cuales pod\u00eda haber fallado. Primero que  solo se da a muy alta temperatura y presi\u00f3n. Pero para solucionar esto  es que utilizaba el hidr\u00f3xido s\u00f3dico como catalizador. Utilic\u00e9 este  porque como la informaci\u00f3n la hab\u00eda sacado de una p\u00e1gina norteamericana y  ellos usaban el NaOH porque all\u00ed les sal\u00eda m\u00e1s conveniente de precio.  La segunda particularidad y es en la que creo que fall\u00f3 este intento es  que el equilibrio de esta reacci\u00f3n es muy dif\u00edcil de romper, por eso  deber\u00eda haber utilizado el metanol en exceso y poner m\u00e1s de lo que hab\u00eda  calculado en un principio. Igualmente ninguna de estas ideas son  seguras puesto a que no pude seguir intentando variando la cantidad de  metanol, porque igualmente no ten\u00eda sentido si despu\u00e9s no pod\u00eda  comprobar si los resultados que obten\u00eda eran positivos o no.\ufeff<\/p>\n","protected":false},"excerpt":{"rendered":"<p>Proceso de Fabricacion Teniendo en cuenta que este era uno de los objetivos de mi trabajo en un principio, aunque luego tuve que abandonar la idea, no pod\u00eda dejar de incluir las diferentes maneras que hay de producir biodiesel de una manera casera. Primero explicar\u00e9 el procedimiento que segu\u00ed en mi primer y \u00fanico intento [&hellip;]<\/p>\n","protected":false},"author":5183,"featured_media":0,"parent":0,"menu_order":0,"comment_status":"open","ping_status":"open","template":"","meta":{"footnotes":""},"class_list":["post-116","page","type-page","status-publish","hentry"],"_links":{"self":[{"href":"https:\/\/blog.espol.edu.ec\/kelvintinoco\/wp-json\/wp\/v2\/pages\/116","targetHints":{"allow":["GET"]}}],"collection":[{"href":"https:\/\/blog.espol.edu.ec\/kelvintinoco\/wp-json\/wp\/v2\/pages"}],"about":[{"href":"https:\/\/blog.espol.edu.ec\/kelvintinoco\/wp-json\/wp\/v2\/types\/page"}],"author":[{"embeddable":true,"href":"https:\/\/blog.espol.edu.ec\/kelvintinoco\/wp-json\/wp\/v2\/users\/5183"}],"replies":[{"embeddable":true,"href":"https:\/\/blog.espol.edu.ec\/kelvintinoco\/wp-json\/wp\/v2\/comments?post=116"}],"version-history":[{"count":2,"href":"https:\/\/blog.espol.edu.ec\/kelvintinoco\/wp-json\/wp\/v2\/pages\/116\/revisions"}],"predecessor-version":[{"id":118,"href":"https:\/\/blog.espol.edu.ec\/kelvintinoco\/wp-json\/wp\/v2\/pages\/116\/revisions\/118"}],"wp:attachment":[{"href":"https:\/\/blog.espol.edu.ec\/kelvintinoco\/wp-json\/wp\/v2\/media?parent=116"}],"curies":[{"name":"wp","href":"https:\/\/api.w.org\/{rel}","templated":true}]}}