{"id":9,"date":"2010-10-13T17:38:52","date_gmt":"2010-10-13T17:38:52","guid":{"rendered":"http:\/\/blog.espol.edu.ec\/kelvintinoco\/?page_id=9"},"modified":"2010-10-13T17:38:52","modified_gmt":"2010-10-13T17:38:52","slug":"esto-forma-la-espol","status":"publish","type":"page","link":"https:\/\/blog.espol.edu.ec\/kelvintinoco\/esto-forma-la-espol\/","title":{"rendered":"ESTO FORMA LA ESPOL"},"content":{"rendered":"<p><em><strong><a>Misi\u00f3n<\/a><\/strong><\/em><\/p>\n<p>Formar profesionales de excelencia, l\u00edderes, emprendedores, con  s\u00f3lidos valores morales y \u00e9ticos que contribuyan al desarrollo del pa\u00eds,  para mejorarlo en lo social, econ\u00f3mico, ambiental y pol\u00edtico. Hacer  investigaci\u00f3n, transferencia de tecnolog\u00eda y extensi\u00f3n de calidad para  servir a la sociedad.<\/p>\n<p><em><strong><a>Visi\u00f3n<\/a><\/strong><\/em><br \/>\nSer l\u00edder y referente de la Educaci\u00f3n Superior de Am\u00e9rica Latina.<\/p>\n","protected":false},"excerpt":{"rendered":"<p>Misi\u00f3n Formar profesionales de excelencia, l\u00edderes, emprendedores, con s\u00f3lidos valores morales y \u00e9ticos que contribuyan al desarrollo del pa\u00eds, para mejorarlo en lo social, econ\u00f3mico, ambiental y pol\u00edtico. Hacer investigaci\u00f3n, transferencia de tecnolog\u00eda y extensi\u00f3n de calidad para servir a la sociedad. Visi\u00f3n Ser l\u00edder y referente de la Educaci\u00f3n Superior de Am\u00e9rica Latina.<\/p>\n","protected":false},"author":5183,"featured_media":0,"parent":0,"menu_order":0,"comment_status":"open","ping_status":"open","template":"","meta":{"footnotes":""},"class_list":["post-9","page","type-page","status-publish","hentry"],"_links":{"self":[{"href":"https:\/\/blog.espol.edu.ec\/kelvintinoco\/wp-json\/wp\/v2\/pages\/9","targetHints":{"allow":["GET"]}}],"collection":[{"href":"https:\/\/blog.espol.edu.ec\/kelvintinoco\/wp-json\/wp\/v2\/pages"}],"about":[{"href":"https:\/\/blog.espol.edu.ec\/kelvintinoco\/wp-json\/wp\/v2\/types\/page"}],"author":[{"embeddable":true,"href":"https:\/\/blog.espol.edu.ec\/kelvintinoco\/wp-json\/wp\/v2\/users\/5183"}],"replies":[{"embeddable":true,"href":"https:\/\/blog.espol.edu.ec\/kelvintinoco\/wp-json\/wp\/v2\/comments?post=9"}],"version-history":[{"count":2,"href":"https:\/\/blog.espol.edu.ec\/kelvintinoco\/wp-json\/wp\/v2\/pages\/9\/revisions"}],"predecessor-version":[{"id":11,"href":"https:\/\/blog.espol.edu.ec\/kelvintinoco\/wp-json\/wp\/v2\/pages\/9\/revisions\/11"}],"wp:attachment":[{"href":"https:\/\/blog.espol.edu.ec\/kelvintinoco\/wp-json\/wp\/v2\/media?parent=9"}],"curies":[{"name":"wp","href":"https:\/\/api.w.org\/{rel}","templated":true}]}}