{"id":2,"date":"2010-05-19T20:13:34","date_gmt":"2010-05-19T20:13:34","guid":{"rendered":""},"modified":"2010-11-18T16:31:52","modified_gmt":"2010-11-18T16:31:52","slug":"about","status":"publish","type":"page","link":"https:\/\/blog.espol.edu.ec\/kelwivas\/about\/","title":{"rendered":"Perfil."},"content":{"rendered":"<p>Soy un joven alegre, sincero, que sabe comunicarse muy bien con toda clase de personas, me gusta tener muchos amigos.<\/p>\n<p>Entre las cosas que mas disfruto est\u00e1n pasar tiempo con mi familia que aunque no es tan \"grande\",\u00a0 pues solo somos 4 hermanos, es muy unida; y con mis amigos es divertidisimo siempre salen con sus patanadas; me gusta mucho practicar algun deporte ( de vez en cuando)\u00a0 no soy muy buen nadador mas bien nada de nada, en realidad me gusta mas verlos por television. Aqu\u00ed algunos deportes de los cuales disfruto:<\/p>\n<p><img decoding=\"async\" src=\"\/DOCUME%7E1\/USUARI%7E1\/CONFIG%7E1\/Temp\/moz-screenshot.png\" alt=\"\" \/><img loading=\"lazy\" decoding=\"async\" class=\"alignnone size-full wp-image-18\" title=\"pista\" src=\"http:\/\/blog.espol.edu.ec\/kelwivas\/files\/2010\/05\/pista1.jpeg\" alt=\"\" width=\"200\" height=\"180\" \/> <a href=\"http:\/\/blog.espol.edu.ec\/kelwivas\/files\/2010\/05\/soccer1.jpeg\"><img loading=\"lazy\" decoding=\"async\" class=\"alignnone size-full wp-image-20\" title=\"soccer\" src=\"http:\/\/blog.espol.edu.ec\/kelwivas\/files\/2010\/05\/soccer1.jpeg\" alt=\"\" width=\"180\" height=\"180\" \/><\/a><\/p>\n<p><a href=\"http:\/\/blog.espol.edu.ec\/kelwivas\/files\/2010\/05\/escalada.jpeg\"><img loading=\"lazy\" decoding=\"async\" class=\"alignnone size-full wp-image-21\" title=\"escalada\" src=\"http:\/\/blog.espol.edu.ec\/kelwivas\/files\/2010\/05\/escalada.jpeg\" alt=\"\" width=\"200\" height=\"180\" \/><\/a> <a href=\"http:\/\/blog.espol.edu.ec\/kelwivas\/files\/2010\/05\/basket.jpeg\"><img loading=\"lazy\" decoding=\"async\" class=\"alignnone size-full wp-image-22\" title=\"basket\" src=\"http:\/\/blog.espol.edu.ec\/kelwivas\/files\/2010\/05\/basket.jpeg\" alt=\"\" width=\"150\" height=\"180\" \/><\/a><\/p>\n<p>Soy muy nacionalista, estoy orgulloso de mi pa\u00eds que no es ni el m\u00e1s grande ni el mejor pero para m\u00ed es el m\u00e1s rico culturalmente hablando.....<\/p>\n","protected":false},"excerpt":{"rendered":"<p>Soy un joven alegre, sincero, que sabe comunicarse muy bien con toda clase de personas, me gusta tener muchos amigos. Entre las cosas que mas disfruto est\u00e1n pasar tiempo con mi familia que aunque no es tan \"grande\",\u00a0 pues solo somos 4 hermanos, es muy unida; y con mis amigos es divertidisimo siempre salen con [&hellip;]<\/p>\n","protected":false},"author":3852,"featured_media":0,"parent":0,"menu_order":0,"comment_status":"open","ping_status":"open","template":"","meta":{"footnotes":""},"class_list":["post-2","page","type-page","status-publish","hentry"],"_links":{"self":[{"href":"https:\/\/blog.espol.edu.ec\/kelwivas\/wp-json\/wp\/v2\/pages\/2","targetHints":{"allow":["GET"]}}],"collection":[{"href":"https:\/\/blog.espol.edu.ec\/kelwivas\/wp-json\/wp\/v2\/pages"}],"about":[{"href":"https:\/\/blog.espol.edu.ec\/kelwivas\/wp-json\/wp\/v2\/types\/page"}],"author":[{"embeddable":true,"href":"https:\/\/blog.espol.edu.ec\/kelwivas\/wp-json\/wp\/v2\/users\/3852"}],"replies":[{"embeddable":true,"href":"https:\/\/blog.espol.edu.ec\/kelwivas\/wp-json\/wp\/v2\/comments?post=2"}],"version-history":[{"count":3,"href":"https:\/\/blog.espol.edu.ec\/kelwivas\/wp-json\/wp\/v2\/pages\/2\/revisions"}],"predecessor-version":[{"id":6,"href":"https:\/\/blog.espol.edu.ec\/kelwivas\/wp-json\/wp\/v2\/pages\/2\/revisions\/6"}],"wp:attachment":[{"href":"https:\/\/blog.espol.edu.ec\/kelwivas\/wp-json\/wp\/v2\/media?parent=2"}],"curies":[{"name":"wp","href":"https:\/\/api.w.org\/{rel}","templated":true}]}}