{"id":1,"date":"2008-10-22T15:32:56","date_gmt":"2008-10-22T19:32:56","guid":{"rendered":""},"modified":"2008-11-04T03:29:03","modified_gmt":"2008-11-04T07:29:03","slug":"about","status":"publish","type":"page","link":"https:\/\/blog.espol.edu.ec\/kerlyta\/about\/","title":{"rendered":"~ Con\u00f3ceme ~"},"content":{"rendered":"<div><\/div>\n<p><span style=\"font-size: 12pt;color: #b74de1;font-family: &quot;American Classic&amp;quot\"><\/p>\n<p class=\"MsoNormal\" style=\"margin: 0cm 0cm 10pt;text-align: justify\"><span style=\"font-size: 12pt;color: #b74de1;font-family: &quot;American Classic&amp;quot\">Soy Kerly Jazzie Tagle Jim\u00e9nez tengo 18 a\u00f1os y nac\u00ed el 7 de abril de 1990,\u00a0Siendo hija de Juan Jos\u00e9 Tagle Guerrero y Nancy Jeaneth Jim\u00e9nez G\u00f3mez. Mi vida la defino como algo normal, llena de alegr\u00eda, diversi\u00f3n, amistad y compa\u00f1erismo.<\/span><\/p>\n<div><\/div>\n<p><span style=\"font-size: 12pt;color: #b74de1;font-family: &quot;American Classic&amp;quot\"><\/p>\n<p class=\"MsoNormal\" style=\"margin: 0cm 0cm 10pt;text-align: justify\"><span style=\"font-size: 12pt;color: #b74de1;font-family: &quot;American Classic&amp;quot\">Me encantan los girasoles y las rosas. Admiro much\u00edsimo a mis padres en especial a mi madre, ya que a dem\u00e1s de ser mi madre ha sido siempre mi amiga y pues se ha esforzado much\u00edsimo por m\u00ed.<\/span><\/p>\n<p class=\"MsoNormal\" style=\"margin: 0cm 0cm 10pt;text-align: justify\"><span style=\"font-size: 12pt;color: #b74de1;font-family: &quot;American Classic&amp;quot\">Si solo de escuchar se trata pues prefiero la m\u00fasica suave y de no mucho movimiento, tal y como es la m\u00fasica rom\u00e1ntica, tal y como es Shakira y Ricardo Arjona, siendo \u201cAntolog\u00eda\u201d, \u201cTe Conozco\u201d, mis canciones favoritas. De ah\u00ed disfruto escuchar a Alejandro Sanz, Sin Banderas, entre otros muchos que perteneces a este g\u00e9nero. As\u00ed que si alguno de estos artistas decide conversar un rato escr\u00edbame o si simplemente desean un comentario acerca de sus canciones pueden escribirme.<\/span><\/p>\n<div><\/div>\n<div><span style=\"color: #b74de1;font-family: &quot;American Classic&amp;quot\"><\/span><\/div>\n<p><\/span><span style=\"color: #b74de1;font-family: &quot;American Classic&amp;quot\"><span style=\"font-size: 12pt;color: #b74de1;font-family: &quot;American Classic&amp;quot\"><\/p>\n<p class=\"MsoNormal\" style=\"margin: 0cm 0cm 10pt;text-align: justify\"><span style=\"font-size: 12pt;color: #b74de1;font-family: &quot;American Classic&amp;quot\">Dentro de mi car\u00e1cter habitual est\u00e1 el ser muy alegre, serena, amistosa, introvertida, muy cari\u00f1osa, rom\u00e1ntica. Puedo recalcar que soy muy sensible. Otro motivo por el cual me entristezco es cuando estoy mal con alguna de mis amigas. <\/span><\/p>\n<p class=\"MsoNormal\" style=\"margin: 0cm 0cm 10pt;text-align: justify\"><span style=\"font-size: 12pt;color: #b74de1;font-family: &quot;American Classic&amp;quot\">Pero me enojo cuando me mienten, o cuando desconf\u00edan de m\u00ed, ya que siempre trato de dar lo mejor de m\u00ed y abrirme por completo a los dem\u00e1s esperando lo mismo de los dem\u00e1s. Asi que si necesitan de alg\u00fan consejo o si de alguien que simplemente los escuche entonces pueden localizarme llam\u00e1ndome al +59385053457 o a mis correos <a href=\"mailto:kerjatag@espol.edu.ec\"><span style=\"color: #b74de1\">kerjatag@espol.edu.ec<\/span><\/a>, <a href=\"mailto:kerly10@hotmail.com\"><span style=\"color: #b74de1\">kerly10@hotmail.com<\/span><\/a>, <a href=\"mailto:la_nena_jazzie@yahoo.com\"><span style=\"color: #b74de1\">la_nena_jazzie@yahoo.com<\/span><\/a> no lo duden en hacer ya que siempre tendr\u00e1n respuesta a sus mensajes.<\/span><\/p>\n<p class=\"MsoNormal\" style=\"margin: 0cm 0cm 10pt;text-align: justify\"><span style=\"font-size: 12pt;color: #b74de1;font-family: &quot;American Classic&amp;quot\">Puedo recalcar que se enojan conmigo busco la manera de remediar mis errores lo m\u00e1s r\u00e1pido posible y hacer que la persona que est\u00e1 enojada conmigo se contente otra vez y ya no lo este.<\/span><\/p>\n<p class=\"MsoNormal\" style=\"margin: 0cm 0cm 10pt;text-align: center\">\u00a0<\/p>\n<div id=\"attachment_39\" style=\"width: 252px\" class=\"wp-caption aligncenter\"><a href=\"http:\/\/blog.espol.edu.ec\/kerlyta\/files\/2008\/11\/yop2.jpg\"><img loading=\"lazy\" decoding=\"async\" aria-describedby=\"caption-attachment-39\" class=\"size-medium wp-image-39\" src=\"http:\/\/blog.espol.edu.ec\/kerlyta\/files\/2008\/11\/yop2-242x300.jpg\" alt=\"aki estoy yop\" width=\"242\" height=\"300\" \/><\/a><p id=\"caption-attachment-39\" class=\"wp-caption-text\">aki estoy yop<\/p><\/div>\n<p>\u00a0<\/p>\n<p><\/span><\/span><\/span><\/p>\n","protected":false},"excerpt":{"rendered":"<p>Soy Kerly Jazzie Tagle Jim\u00e9nez tengo 18 a\u00f1os y nac\u00ed el 7 de abril de 1990,\u00a0Siendo hija de Juan Jos\u00e9 Tagle Guerrero y Nancy Jeaneth Jim\u00e9nez G\u00f3mez. Mi vida la defino como algo normal, llena de alegr\u00eda, diversi\u00f3n, amistad y compa\u00f1erismo. Me encantan los girasoles y las rosas. Admiro much\u00edsimo a mis padres en especial [&hellip;]<\/p>\n","protected":false},"author":238,"featured_media":0,"parent":0,"menu_order":0,"comment_status":"open","ping_status":"open","template":"","meta":{"footnotes":""},"class_list":["post-1","page","type-page","status-publish","hentry"],"_links":{"self":[{"href":"https:\/\/blog.espol.edu.ec\/kerlyta\/wp-json\/wp\/v2\/pages\/1","targetHints":{"allow":["GET"]}}],"collection":[{"href":"https:\/\/blog.espol.edu.ec\/kerlyta\/wp-json\/wp\/v2\/pages"}],"about":[{"href":"https:\/\/blog.espol.edu.ec\/kerlyta\/wp-json\/wp\/v2\/types\/page"}],"author":[{"embeddable":true,"href":"https:\/\/blog.espol.edu.ec\/kerlyta\/wp-json\/wp\/v2\/users\/238"}],"replies":[{"embeddable":true,"href":"https:\/\/blog.espol.edu.ec\/kerlyta\/wp-json\/wp\/v2\/comments?post=1"}],"version-history":[{"count":11,"href":"https:\/\/blog.espol.edu.ec\/kerlyta\/wp-json\/wp\/v2\/pages\/1\/revisions"}],"predecessor-version":[{"id":12,"href":"https:\/\/blog.espol.edu.ec\/kerlyta\/wp-json\/wp\/v2\/pages\/1\/revisions\/12"}],"wp:attachment":[{"href":"https:\/\/blog.espol.edu.ec\/kerlyta\/wp-json\/wp\/v2\/media?parent=1"}],"curies":[{"name":"wp","href":"https:\/\/api.w.org\/{rel}","templated":true}]}}