{"id":2,"date":"2008-10-22T17:06:00","date_gmt":"2008-10-22T21:06:00","guid":{"rendered":"http:\/\/blog.espol.edu.ec\/kerlyta\/?page_id=2"},"modified":"2008-10-27T05:40:29","modified_gmt":"2008-10-27T09:40:29","slug":"acerda-de-mi","status":"publish","type":"page","link":"https:\/\/blog.espol.edu.ec\/kerlyta\/acerda-de-mi\/","title":{"rendered":"Cuesti\u00f3n de Gustos!!"},"content":{"rendered":"<div><span style=\"font-size: 12pt;color: #b74de1;font-family: &quot;American Classic&amp;quot\"><\/p>\n<p class=\"MsoNormal\" style=\"margin: 0cm 0cm 0pt;text-align: center\"><span style=\"font-size: 12pt;color: #b74de1;font-family: 'American Classic'\"><img decoding=\"async\" src=\"http:\/\/gst-do.com\/images\/logo-microsoft.jpg\" alt=\"\" \/><\/span><\/p>\n<p class=\"MsoNormal\">\u00a0<\/p>\n<p class=\"MsoNormal\"><span style=\"font-size: 12pt;color: #b74de1;font-family: 'American Classic'\">Una\u00a0de las instituciones que me gustan es la de\u00a0Microsoft ya que\u00a0todo naci\u00f3 de un sue\u00f1o que millones de personas al conocerlos lo criticaron y pensaron que quienes los ten\u00edan estar\u00edan locos pues ahora es toda una realidad.\u00a0<span>\u00a0<\/span><\/span><\/p>\n<p class=\"MsoNormal\">\u00a0<\/p>\n<div><span style=\"font-size: 12pt;color: #b74de1;font-family: 'American Classic'\"><\/p>\n<div><\/div>\n<p><\/span><\/div>\n<p><span style=\"font-size: 12pt;color: #b74de1;font-family: 'American Classic'\"><span><\/p>\n<p class=\"MsoNormal\" style=\"margin: 0cm 0cm 10pt;text-align: justify\"><strong><span style=\"font-size: 12pt;color: #b74de1;font-family: &quot;American Classic&amp;quot\">Microsoft<\/span><\/strong><span style=\"font-size: 12pt;color: #b74de1;font-family: &quot;American Classic&amp;quot\"> (<a title=\"NASDAQ\" href=\"http:\/\/es.wikipedia.org\/wiki\/NASDAQ\"><span style=\"color: #b74de1;text-decoration: none\">NASDAQ<\/span><\/a>: <a title=\"http:\/\/quotes.nasdaq.com\/asp\/SummaryQuote.asp?symbol=MSFT&amp;selected=MSFT\" href=\"http:\/\/quotes.nasdaq.com\/asp\/SummaryQuote.asp?symbol=MSFT&amp;selected=MSFT\"><strong><span style=\"color: #b74de1;text-decoration: none\">MSFT<\/span><\/strong><\/a>) es una empresa <a title=\"Multinacional\" href=\"http:\/\/es.wikipedia.org\/wiki\/Multinacional\"><span style=\"color: #b74de1;text-decoration: none\">multinacional<\/span><\/a> estadounidense, fundada en <a title=\"1975\" href=\"http:\/\/es.wikipedia.org\/wiki\/1975\"><span style=\"color: #b74de1;text-decoration: none\">1975<\/span><\/a> por <a title=\"Bill Gates\" href=\"http:\/\/es.wikipedia.org\/wiki\/Bill_Gates\"><span style=\"color: #b74de1;text-decoration: none\">Bill Gates<\/span><\/a> y <a title=\"Paul Allen\" href=\"http:\/\/es.wikipedia.org\/wiki\/Paul_Allen\"><span style=\"color: #b74de1;text-decoration: none\">Paul Allen<\/span><\/a>. Dedicada al sector de la <a title=\"Inform\u00e1tica\" href=\"http:\/\/es.wikipedia.org\/wiki\/Inform%C3%A1tica\"><span style=\"color: #b74de1;text-decoration: none\">inform\u00e1tica<\/span><\/a>, con sede en <a title=\"Redmond\" href=\"http:\/\/es.wikipedia.org\/wiki\/Redmond\"><span style=\"color: #b74de1;text-decoration: none\">Redmond<\/span><\/a>, <a title=\"Washington (estado)\" href=\"http:\/\/es.wikipedia.org\/wiki\/Washington_%28estado%29\"><span style=\"color: #b74de1;text-decoration: none\">Washington<\/span><\/a>, <a title=\"Estados Unidos\" href=\"http:\/\/es.wikipedia.org\/wiki\/Estados_Unidos\"><span style=\"color: #b74de1;text-decoration: none\">Estados Unidos<\/span><\/a>. Microsoft desarrolla, fabrica, licencia y produce <a title=\"Software\" href=\"http:\/\/es.wikipedia.org\/wiki\/Software\"><span style=\"color: #b74de1;text-decoration: none\">software<\/span><\/a> y equipos electr\u00f3nicos. Siendo sus productos m\u00e1s usados el <a title=\"Sistema operativo\" href=\"http:\/\/es.wikipedia.org\/wiki\/Sistema_operativo\"><span style=\"color: #b74de1;text-decoration: none\">Sistema operativo<\/span><\/a> <a title=\"Microsoft Windows\" href=\"http:\/\/es.wikipedia.org\/wiki\/Microsoft_Windows\"><span style=\"color: #b74de1;text-decoration: none\">Microsoft Windows<\/span><\/a> y la suite <a title=\"Microsoft Office\" href=\"http:\/\/es.wikipedia.org\/wiki\/Microsoft_Office\"><span style=\"color: #b74de1;text-decoration: none\">Microsoft Office<\/span><\/a>, estos productos tienen una importante posici\u00f3n entre los ordenadores personales. Con una cuota de mercado cercana al 90% para Office en 2003 y para Windows en el 2006. Siguiendo la estrategia de <a title=\"Bill Gates\" href=\"http:\/\/es.wikipedia.org\/wiki\/Bill_Gates\"><span style=\"color: #b74de1;text-decoration: none\">Bill Gates<\/span><\/a> de <em>\"tener una estaci\u00f3n de trabajo que funcione con nuestro software en cada escritorio y en cada hogar\"<\/em>.<\/span><\/p>\n<p class=\"MsoNormal\" style=\"margin: 0cm 0cm 10pt;text-align: justify\"><span style=\"font-size: 12pt;color: #b74de1;font-family: &quot;American Classic&amp;quot\"><span style=\"font-size: 12pt;color: #b74de1;font-family: &quot;American Classic&amp;quot\">La compa\u00f1\u00eda tambi\u00e9n suele ser nombrada como MS, por sus iniciales en el <a title=\"NASDAQ\" href=\"http:\/\/es.wikipedia.org\/wiki\/NASDAQ\"><span style=\"color: #b74de1;text-decoration: none\">NASDAQ<\/span><\/a>: <a title=\"http:\/\/quotes.nasdaq.com\/asp\/SummaryQuote.asp?symbol=MSFT&amp;selected=MSFT\" href=\"http:\/\/quotes.nasdaq.com\/asp\/SummaryQuote.asp?symbol=MSFT&amp;selected=MSFT\"><span style=\"color: #b74de1;text-decoration: none\">MSFT<\/span><\/a> o simplemente como <strong>Redmond<\/strong>, debido a la gran influencia que tiene sobre la <a title=\"Redmond\" href=\"http:\/\/es.wikipedia.org\/wiki\/Redmond\"><span style=\"color: #b74de1;text-decoration: none\">localidad<\/span><\/a> de su centro de operaciones. Tiene 80.000 empleados en 102 pa\u00edses diferentes y cuenta con unos beneficios de 51.120 millones de <a title=\"D\u00f3lar\" href=\"http:\/\/es.wikipedia.org\/wiki\/D%C3%B3lar\"><span style=\"color: #b74de1;text-decoration: none\">d\u00f3lares<\/span><\/a> durante el a\u00f1o 2007<\/span><\/span><\/p>\n<p class=\"MsoNormal\" style=\"margin: 0cm 0cm 10pt;text-align: justify\"><span style=\"font-size: 12pt;color: #b74de1;font-family: &quot;American Classic&amp;quot\">Fundada para desarrollar y vender <a title=\"Int\u00e9rprete inform\u00e1tico\" href=\"http:\/\/es.wikipedia.org\/wiki\/Int%C3%A9rprete_inform%C3%A1tico\"><span style=\"color: #b74de1;text-decoration: none\">int\u00e9rpretes<\/span><\/a> de <a title=\"BASIC\" href=\"http:\/\/es.wikipedia.org\/wiki\/BASIC\"><span style=\"color: #b74de1;text-decoration: none\">BASIC<\/span><\/a> para el <a title=\"Altair 8800\" href=\"http:\/\/es.wikipedia.org\/wiki\/Altair_8800\"><span style=\"color: #b74de1;text-decoration: none\">Altair 8800<\/span><\/a>, a mediados de los 80 consigui\u00f3 dominar el mercado de <a title=\"Computador personal\" href=\"http:\/\/es.wikipedia.org\/wiki\/Computador_personal\"><span style=\"color: #b74de1;text-decoration: none\">ordenadores personales<\/span><\/a> con el sistema operativo <a title=\"MS-DOS\" href=\"http:\/\/es.wikipedia.org\/wiki\/MS-DOS\"><span style=\"color: #b74de1;text-decoration: none\">MS-DOS<\/span><\/a>. La compa\u00f1\u00eda inici\u00f3 una <a title=\"Oferta P\u00fablica de Venta\" href=\"http:\/\/es.wikipedia.org\/wiki\/Oferta_P%C3%BAblica_de_Venta\"><span style=\"color: #b74de1;text-decoration: none\">Oferta P\u00fablica de Venta<\/span><\/a> en el mercado de valores en 1986, la cual, debido a la subida de cotizaci\u00f3n de las acciones, llev\u00f3 a 4 empleados a convertirse en milmillonarios y a 12,000 en millonarios. <\/span><\/p>\n<div><\/div>\n<p><span style=\"font-size: 12pt;color: #b74de1;font-family: &quot;American Classic&amp;quot\"><\/p>\n<p class=\"MsoNormal\" style=\"margin: 0cm 0cm 10pt;text-align: justify\"><span style=\"font-size: 12pt;color: #b74de1;font-family: &quot;American Classic&amp;quot\">Durante su historia, ha sido objeto de cr\u00edticas, como acusaciones de realizar pr\u00e1cticas <a title=\"Monopolio\" href=\"http:\/\/es.wikipedia.org\/wiki\/Monopolio\"><span style=\"color: #b74de1;text-decoration: none\">monopol\u00edsticas<\/span><\/a> que la han llevado ante la <a title=\"Comisi\u00f3n Europea\" href=\"http:\/\/es.wikipedia.org\/wiki\/Comisi%C3%B3n_Europea\"><span style=\"color: #b74de1;text-decoration: none\">Comisi\u00f3n Europea<\/span><\/a> y el <a title=\"Departamento de Justicia de los Estados Unidos\" href=\"http:\/\/es.wikipedia.org\/wiki\/Departamento_de_Justicia_de_los_Estados_Unidos\"><span style=\"color: #b74de1;text-decoration: none\">Departamento de Justicia de los Estados Unidos<\/span><\/a>.<\/span><\/p>\n<p class=\"MsoNormal\" style=\"margin: 0cm 0cm 10pt;text-align: justify\"><span style=\"font-size: 12pt;color: #b74de1;font-family: &quot;American Classic&amp;quot\">Microsoft afianz\u00f3 su posici\u00f3n en otros mercados como el de sistemas operativos y suites de oficina, con recursos como la red de televisi\u00f3n por cable <a title=\"MSNBC\" href=\"http:\/\/es.wikipedia.org\/wiki\/MSNBC\"><span style=\"color: #b74de1;text-decoration: none\">MSNBC<\/span><\/a>, el portal de <a title=\"Internet\" href=\"http:\/\/es.wikipedia.org\/wiki\/Internet\"><span style=\"color: #b74de1;text-decoration: none\">Internet<\/span><\/a> <a title=\"MSN\" href=\"http:\/\/es.wikipedia.org\/wiki\/MSN\"><span style=\"color: #b74de1;text-decoration: none\">MSN<\/span><\/a>, y la enciclopedia multimedia <a title=\"Microsoft Encarta\" href=\"http:\/\/es.wikipedia.org\/wiki\/Microsoft_Encarta\"><span style=\"color: #b74de1;text-decoration: none\">Microsoft Encarta<\/span><\/a>. La compa\u00f1\u00eda tambi\u00e9n comercializa <a title=\"Hardware\" href=\"http:\/\/es.wikipedia.org\/wiki\/Hardware\"><span style=\"color: #b74de1;text-decoration: none\">hardware<\/span><\/a> como el <a title=\"Mouse\" href=\"http:\/\/es.wikipedia.org\/wiki\/Mouse\"><span style=\"color: #b74de1;text-decoration: none\">rat\u00f3n<\/span><\/a> de Microsoft y productos de entretenimiento casero como <a title=\"Xbox\" href=\"http:\/\/es.wikipedia.org\/wiki\/Xbox\"><span style=\"color: #b74de1;text-decoration: none\">Xbox<\/span><\/a>, <a title=\"Xbox 360\" href=\"http:\/\/es.wikipedia.org\/wiki\/Xbox_360\"><span style=\"color: #b74de1;text-decoration: none\">Xbox 360<\/span><\/a>, <a title=\"Zune\" href=\"http:\/\/es.wikipedia.org\/wiki\/Zune\"><span style=\"color: #b74de1;text-decoration: none\">Zune<\/span><\/a> y <a title=\"WebTV\" href=\"http:\/\/es.wikipedia.org\/wiki\/WebTV\"><span style=\"color: #b74de1;text-decoration: none\">WebTV<\/span><\/a><sup><a href=\"http:\/\/es.wikipedia.org\/wiki\/Microsoft#cite_note-20\"><span style=\"color: #b74de1;text-decoration: none\">[21]<\/span><\/a><\/sup> Microsoft ha dado soporte a sus usuarios a trav\u00e9s de <a title=\"Usenet\" href=\"http:\/\/es.wikipedia.org\/wiki\/Usenet\"><span style=\"color: #b74de1;text-decoration: none\">Usenet<\/span><\/a> en grupos de noticias<sup> <\/sup>y en Internet, tambi\u00e9n premia con la categor\u00eda de Microsoft MVP (<em>Most Valuable Professional<\/em>) a aquellos voluntarios que demuestran ser \u00fatiles en la asistencia a los clientes. Su web oficial es una de las p\u00e1ginas m\u00e1s visitadas de la red, recibiendo por d\u00eda m\u00e1s de 2'4 millones de visitas \u00fanicas seg\u00fan datos de <a title=\"Alexa Internet\" href=\"http:\/\/es.wikipedia.org\/wiki\/Alexa_Internet\"><span style=\"color: #b74de1;text-decoration: none\">Alexa<\/span><\/a>, que situ\u00f3 el <a title=\"11 de Mayo (a\u00fan no redactado)\" href=\"http:\/\/es.wikipedia.org\/w\/index.php?title=11_de_Mayo&amp;action=edit&amp;redlink=1\"><span style=\"color: #b74de1;text-decoration: none\">11 de Mayo<\/span><\/a> de <a title=\"2008\" href=\"http:\/\/es.wikipedia.org\/wiki\/2008\"><span style=\"color: #b74de1;text-decoration: none\">2008<\/span><\/a> a Microsoft.com como la 14\u00aa p\u00e1gina web con m\u00e1s visitas del mundo.<\/span><\/p>\n<p class=\"MsoNormal\" style=\"margin: 0cm 0cm 10pt;text-align: center\"><span style=\"font-size: 12pt;color: #b74de1;font-family: &quot;American Classic&amp;quot\"><img loading=\"lazy\" decoding=\"async\" class=\"aligncenter\" src=\"http:\/\/upload.wikimedia.org\/wikipedia\/fr\/4\/43\/Windows_XP_Logo.jpg\" alt=\"\" width=\"267\" height=\"213\" \/><\/span><\/p>\n<p class=\"MsoNormal\" style=\"margin: 0cm 0cm 10pt;text-align: justify\">\u00a0<\/p>\n<div><\/div>\n<p><\/span><\/span><\/span><span style=\"color: #b74de1;font-family: &quot;American Classic&amp;quot\"><\/p>\n<p class=\"MsoNormal\" style=\"margin: 0cm 0cm 10pt;text-align: justify\">\u00a0<\/p>\n<p>\u00a0<\/p>\n<p><\/span><\/p>\n<p><\/span><\/div>\n<p class=\"MsoNormal\" style=\"margin: 0cm 0cm 10pt;text-align: justify\"><span style=\"font-size: 12pt;color: #b74de1;font-family: 'American Classic'\">Sin embargo si de visitas se trata de nuestro pa\u00eds me encantar\u00eda visitar NESTLE, La Universal, ya que son empresas que a pesar de los a\u00f1os se han mantenido firmes en su lucha.<\/span><\/p>\n<p class=\"MsoNormal\" style=\"margin: 0cm 0cm 10pt;text-align: center\"><span style=\"font-size: 12pt;color: #b74de1;font-family: 'American Classic'\"><img loading=\"lazy\" decoding=\"async\" src=\"http:\/\/www.freewebs.com\/ernestomoreno\/logo-Nestle.jpg\" alt=\"\" width=\"178\" height=\"149\" \/>\u00a0\u00a0\u00a0\u00a0\u00a0\u00a0\u00a0\u00a0\u00a0\u00a0\u00a0\u00a0\u00a0 <a href=\"http:\/\/webnacionalistaecuador.4mg.com\/anti-nacionales\/dulces_universal.jpg\" target=\"_top\"><img loading=\"lazy\" decoding=\"async\" src=\"http:\/\/tbn0.google.com\/images?q=tbn:Z5Jgey6VoWyJEM:http:\/\/webnacionalistaecuador.4mg.com\/anti-nacionales\/dulces_universal.jpg\" alt=\"\" width=\"173\" height=\"119\" \/><\/a><\/span><\/p>\n<p class=\"MsoNormal\" style=\"margin: 0cm 0cm 10pt;text-align: center\">\u00a0<\/p>\n<div><\/div>\n<p><span style=\"font-size: 12pt;color: #b74de1;font-family: 'American Classic'\"><\/p>\n<p class=\"MsoNormal\" style=\"margin: 0cm 0cm 10pt;text-align: justify\"><span style=\"font-size: 12pt;color: #b74de1;font-family: &quot;American Classic&amp;quot\">Nestl\u00e9 llega a Ecuador (1950 - 1960) <\/span><\/p>\n<p class=\"MsoNormal\" style=\"margin: 0cm 0cm 10pt;text-align: justify\"><span style=\"font-size: 12pt;color: #b74de1;font-family: &quot;American Classic&amp;quot\"><span>\u00a0<\/span>Como parte de la expansi\u00f3n de la empresa en Am\u00e9rica Latina, los productos Nestl\u00e9 se empieza a vender en Ecuador a trav\u00e9s de Comercial Panamericana, cuya estaba en la calle P. Icaza, entre Pedro Carbo y Pichincha en Guayaquil.<\/span><\/p>\n<p class=\"MsoNormal\" style=\"margin: 0cm 0cm 10pt;text-align: justify\"><span style=\"font-size: 12pt;color: #b74de1;font-family: &quot;American Classic&amp;quot\">A ra\u00edz de una visita al pa\u00eds de los ejecutivos de Nestl\u00e9 Products Export Inc., empresa creada para comercializar los productos Nestl\u00e9 durante la Segunda guerra Mundial, con sede en Stanford, Connecticut, en 1955 se resolvi\u00f3 montar una organizaci\u00f3n propia, tal como funcionaba en todos los pa\u00edses. Marcel Guignard Bermey, de origen suizo, fue nombrado agente consignatorio, cargo que desempe\u00f1ar\u00eda hasta 1957. Pronto comenzaron a llegar embarque de Nescaf\u00e9 y leche condensada. Tambi\u00e9n se tra\u00eda leche en polvo de las marcas Lirio Blanco, Perla y la famosa Nido.<\/span><\/p>\n<p class=\"MsoNormal\" style=\"margin: 0cm 0cm 10pt;text-align: justify\"><span style=\"font-size: 12pt;color: #b74de1;font-family: &quot;American Classic&amp;quot\">Las primeras oficinas estuvieron en Guayaquil, en la calle V\u00e9lez 1006 y Quito, y comenzaron a funcionar el 1 de junio del a\u00f1o 1955, pero no se pod\u00eda iniciar todav\u00eda la comercializaci\u00f3n de los productos.<\/span><\/p>\n<p class=\"MsoNormal\" style=\"margin: 0cm 0cm 10pt;text-align: justify\"><span style=\"font-size: 12pt;color: #b74de1;font-family: &quot;American Classic&amp;quot\">Los primeros meses el personal se dedic\u00f3 a hacer los tr\u00e1mites necesarios para el funcionamiento de la empresa y a montar la estructura sobre la que se implementar\u00edan las ventas. Hab\u00eda que esperar, adem\u00e1s, la llegada de las importaciones, ya que todav\u00eda Nestl\u00e9 no ten\u00eda plantas en el pa\u00eds. Los empleados fundadores fueron cinco: Rosa Bonnard, C\u00e9sar Delgado, Enna Garc\u00eda, Modesto Mor\u00e1n Maquil\u00f3n y Alberto Villamar.<\/span><\/p>\n<p class=\"MsoNormal\" style=\"margin: 0cm 0cm 10pt;text-align: justify\"><span style=\"font-size: 12pt;color: #b74de1;font-family: &quot;American Classic&amp;quot\">El primer producto en salir al p\u00fablico fue Nest\u00f3geno en formatos de media libra y una libra, del que se concret\u00f3 la primera venta exactamente el 3 de septiembre de 1955, un pedido cuyo valor ascendi\u00f3 a 3.000 sucres.<\/span><\/p>\n<p class=\"MsoNormal\" style=\"margin: 0cm 0cm 10pt;text-align: justify\"><span style=\"font-size: 12pt;color: #b74de1;font-family: &quot;American Classic&amp;quot\">Desde entonces Nestl\u00e9 ser\u00e1 una marca que, en el recuerdo de una generaci\u00f3n, aparece unida de una manera indisoluble con el progreso. Los ni\u00f1os desayunaban con el cereal Nestum. Las labores de cocina se facilitaron con sopas y salsas Maggi. Podemos decir as\u00ed que la modernidad se sentaba en la mesa de los ecuatorianos.<\/span><\/p>\n<p class=\"MsoNormal\" style=\"margin: 0cm 0cm 10pt;text-align: justify\"><span style=\"font-size: 12pt;color: #b74de1;font-family: &quot;American Classic&amp;quot\">El segundo agente consignatorio de Nestl\u00e9 para Ecuador fue Hans Zearinger, tambi\u00e9n de nacionalidad suiza; \u00e9l ser\u00eda reemplazado en 1958 por el espa\u00f1ol Luis Manglanos y Gallegos, quien ven\u00eda ya con el cargo de gerente de la empresa Productos Nestl\u00e9 Ecuador, hasta 1960.<\/span><\/p>\n<p class=\"MsoNormal\" style=\"margin: 0cm 0cm 10pt;text-align: justify\"><span style=\"font-size: 12pt;color: #b74de1;font-family: &quot;American Classic&amp;quot\">Nestl\u00e9 importaba chocolates y caramelos con su marca, en elegantes cajas, desde Suiza. En el a\u00f1o de 1963 se logr\u00f3 un pico de ventas: un mill\u00f3n de sucres. Esta meta se celebr\u00f3 en grande, los empleados fueron premiados con un viaje a Salinas y bonificaciones.<\/span><\/p>\n<p class=\"MsoNormal\" style=\"margin: 0cm 0cm 10pt;text-align: justify\"><span style=\"font-size: 12pt;color: #b74de1;font-family: &quot;American Classic&amp;quot\">Durante algunos a\u00f1os Nestl\u00e9 no ten\u00eda una oficina propia en Quito, sino que era representada en toda la Sierra por la empresa Darquea Hnos. Hacia 1960 se abri\u00f3 el Distrito Quito, con sus propias bodegas y oficinas. Pr\u00e1cticamente desde el inicio estuvo entre las avenidas Col\u00f3n y 10 de Agosto. <\/span><\/p>\n<div><\/div>\n<p><span style=\"color: #b74de1;font-family: 'American Classic'\"><\/p>\n<p class=\"MsoNormal\" style=\"margin: 0cm 0cm 10pt;text-align: center\">\u00a0<\/p>\n<p>\u00a0<\/p>\n<p><\/span><\/span><\/p>\n<p class=\"MsoNormal\" style=\"margin: 0cm 0cm 10pt;text-align: center\">\u00a0<\/p>\n","protected":false},"excerpt":{"rendered":"<p>\u00a0 Una\u00a0de las instituciones que me gustan es la de\u00a0Microsoft ya que\u00a0todo naci\u00f3 de un sue\u00f1o que millones de personas al conocerlos lo criticaron y pensaron que quienes los ten\u00edan estar\u00edan locos pues ahora es toda una realidad.\u00a0\u00a0 \u00a0 Microsoft (NASDAQ: MSFT) es una empresa multinacional estadounidense, fundada en 1975 por Bill Gates y Paul [&hellip;]<\/p>\n","protected":false},"author":238,"featured_media":0,"parent":0,"menu_order":0,"comment_status":"open","ping_status":"open","template":"","meta":{"footnotes":""},"class_list":["post-2","page","type-page","status-publish","hentry"],"_links":{"self":[{"href":"https:\/\/blog.espol.edu.ec\/kerlyta\/wp-json\/wp\/v2\/pages\/2","targetHints":{"allow":["GET"]}}],"collection":[{"href":"https:\/\/blog.espol.edu.ec\/kerlyta\/wp-json\/wp\/v2\/pages"}],"about":[{"href":"https:\/\/blog.espol.edu.ec\/kerlyta\/wp-json\/wp\/v2\/types\/page"}],"author":[{"embeddable":true,"href":"https:\/\/blog.espol.edu.ec\/kerlyta\/wp-json\/wp\/v2\/users\/238"}],"replies":[{"embeddable":true,"href":"https:\/\/blog.espol.edu.ec\/kerlyta\/wp-json\/wp\/v2\/comments?post=2"}],"version-history":[{"count":11,"href":"https:\/\/blog.espol.edu.ec\/kerlyta\/wp-json\/wp\/v2\/pages\/2\/revisions"}],"predecessor-version":[{"id":38,"href":"https:\/\/blog.espol.edu.ec\/kerlyta\/wp-json\/wp\/v2\/pages\/2\/revisions\/38"}],"wp:attachment":[{"href":"https:\/\/blog.espol.edu.ec\/kerlyta\/wp-json\/wp\/v2\/media?parent=2"}],"curies":[{"name":"wp","href":"https:\/\/api.w.org\/{rel}","templated":true}]}}