{"id":33,"date":"2008-10-27T05:39:56","date_gmt":"2008-10-27T09:39:56","guid":{"rendered":"http:\/\/blog.espol.edu.ec\/kerlyta\/?page_id=33"},"modified":"2008-10-27T05:39:56","modified_gmt":"2008-10-27T09:39:56","slug":"datos-curiosos","status":"publish","type":"page","link":"https:\/\/blog.espol.edu.ec\/kerlyta\/datos-curiosos\/","title":{"rendered":"** Datos Curiosos **"},"content":{"rendered":"<p class=\"MsoNormal\" style=\"margin: 0cm 0cm 10pt;text-align: justify\"><span style=\"font-size: 12pt;color: #b74de1;font-family: &quot;American Classic&amp;quot\">Dos personajes nacidos el mismo d\u00eda de mi cumplea\u00f1os\u00a0fueron los siguientes<\/span><\/p>\n<p class=\"MsoNormal\" style=\"margin: 0cm 0cm 10pt;text-align: justify\"><span style=\"font-size: 12pt;color: #b74de1;font-family: &quot;American Classic&amp;quot\">\u00a0<strong>Jos\u00e9 Mauricio Contreras<\/strong><\/span><\/p>\n<p class=\"MsoNormal\" style=\"margin: 0cm 0cm 10pt;text-align: justify\"><span style=\"font-size: 12pt;color: #b74de1;font-family: &quot;American Classic&amp;quot\">Naci\u00f3 el 7 de abril de 1960. Licenciado en Qu\u00edmica de la Universidad Pedag\u00f3gica Nacional de Bogot\u00e1. Organizador del I, II, II, IV y V ENCUENTRO NACIONAL DE PROFESORES DE LITERATURA, ESCRITORES \u00a0 E INVESTIGADORES, convocado por la Cooperativa Editorial Magisterio en concertaci\u00f3n con el Ministerio de Cultura, durante los a\u00f1os 1995-2001. \u00a0 Entre sus libros de poes\u00eda publicados se encuentran: <strong><em>Geograf\u00edas <\/em><\/strong>(1988), <strong><em>En la ra\u00edz del grito <\/em><\/strong>(1996), <strong><em>De la incesante partida <\/em><\/strong><em>( <\/em>2003), <strong><em>Devastaci\u00f3n y memoria <\/em><\/strong><em>( <\/em>2005) y <strong><em>La herida intacta <\/em><\/strong>(2005), este \u00faltimo ganador del Premio Nacional de poes\u00eda \"Ciudad de Bogot\u00e1\" del Instituto Distrital de Cultura y Turismo. En 1991 se le otorg\u00f3 una menci\u00f3n especial, concedida por la C\u00e1mara Colombiana del Libro, por la columna publicada en el Magaz\u00edn Dominical de El Espectador bajo el t\u00edtulo <strong><em>La flauta de Hamelin <\/em><\/strong>, Feria Internacional del Libro, Bogot\u00e1.<\/span><\/p>\n<p class=\"MsoNormal\" style=\"margin: 0cm 0cm 10pt;text-align: justify\"><strong><span style=\"font-size: 12pt;color: #b74de1;font-family: &quot;American Classic&amp;quot\">Mario L\u00f3pez Larrave<\/span><\/strong><\/p>\n<p class=\"MsoNormal\" style=\"margin: 0cm 0cm 10pt;text-align: justify\"><span style=\"font-size: 12pt;color: #b74de1;font-family: &quot;American Classic&amp;quot\">Mario L\u00f3pez Larrave(1929-1977). Abogado y Notario; asesor sindical del Comit\u00e9 de Unidad Sindical CNUS. Naci\u00f3 el 7 de abril de 1929. Tuvo dos hijos con Elsa Cord\u00f3n. <\/span><\/p>\n<p class=\"MsoNormal\" style=\"margin: 0cm 0cm 10pt;text-align: justify\"><span style=\"font-size: 12pt;color: #b74de1;font-family: &quot;American Classic&amp;quot\">En la Universidad de San Carlos, centro de estudios en el cual obtuvo sus t\u00edtulos profesionales de Abogado y Notario, desempe\u00f1\u00f3 los cargos de Decano de la Facultad de Ciencias Jur\u00eddicas y Sociales y miembro del Consejo Superior Universitario. <\/span><\/p>\n<p class=\"MsoNormal\" style=\"margin: 0cm 0cm 10pt;text-align: justify\"><span style=\"font-size: 12pt;color: #b74de1;font-family: &quot;American Classic&amp;quot\">En 1971 inici\u00f3 la formaci\u00f3n de la Escuela de Orientaci\u00f3n Sindical. Fundador de la Asociaci\u00f3n Guatemalteca del Derecho del Trabajador y miembro de la Academia Mexicana de Derecho Procesal del Trabajo. Escribi\u00f3 \"Breve Historia del Movimiento Sindical\". <\/span><\/p>\n<p class=\"MsoNormal\" style=\"margin: 0cm 0cm 10pt;text-align: justify\"><span style=\"font-size: 12pt;color: #b74de1;font-family: &quot;American Classic&amp;quot\">Abogado laboralista. Profesor de Derecho en la Universidad de San Carlos de Guatemala(USAC). Fue asesinado por fuego de ametralladora cuando sal\u00eda de su oficina el 8 de Junio de 1977. <\/span><\/p>\n<p class=\"MsoNormal\" style=\"margin: 0cm 0cm 10pt;text-align: justify\"><span style=\"font-size: 12pt;color: #b74de1;font-family: &quot;American Classic&amp;quot\">Cultiv\u00f3 la vocaci\u00f3n por la defensa de los derechos laborales desde sus a\u00f1os de estudiante de Derecho en la USAC, donde se gradu\u00f3 con una tesis sobre Derecho Procesal del Trabajo. M\u00e1s tarde, se destac\u00f3 como abogado laboralista, docente universitario e investigador. <\/span><\/p>\n<p class=\"MsoNormal\" style=\"margin: 0cm 0cm 10pt;text-align: justify\"><span style=\"font-size: 12pt;color: #b74de1;font-family: &quot;American Classic&amp;quot\">Altern\u00f3 su actividad entre las aulas universitarias y la defensa de los trabajadores. Su participaci\u00f3n en la pol\u00edtica universitaria siempre fue de primer orden desde que se iniciara como dirigente estudiantil en 1952 en la Asociaci\u00f3n de Estudiantes de Derecho. <\/span><\/p>\n<p class=\"MsoNormal\" style=\"margin: 0cm 0cm 10pt;text-align: justify\"><span style=\"font-size: 12pt;color: #b74de1;font-family: &quot;American Classic&amp;quot\">Fue secretario de la Facultad de Ciencias Jur\u00eddicas y Sociales, de la cual fue decano en el per\u00edodo 1970-1974 y, en el momento de su muerte, miembro del Consejo Superior Universitario en representaci\u00f3n del Colegio de Abogados y Notarios de Guatemala. Sin dudas, era un profesional notable dentro de la Universidad. <\/span><\/p>\n<p class=\"MsoNormal\" style=\"margin: 0cm 0cm 10pt;text-align: justify\"><span style=\"font-size: 12pt;color: #b74de1;font-family: &quot;American Classic&amp;quot\">En 1970, al asumir el Decanato de la Facultad de Ciencias Jur\u00eddicas y Sociales, cre\u00f3 una \"extensi\u00f3n universitaria\", que ten\u00eda por finalidad capacitar a los sindicalistas para que conocieran las leyes laborales y sus derechos. La \"extensi\u00f3n\" funcion\u00f3 en la Antigua Facultad de Medicina, pero tuvo que cerrar, debido a que los alumnos fueron amenazados de muerte si se presentaban a clases. <\/span><\/p>\n<p class=\"MsoNormal\" style=\"margin: 0cm 0cm 10pt;text-align: justify\"><span style=\"font-size: 12pt;color: #b74de1;font-family: &quot;American Classic&amp;quot\">Entre 1975 y 1976 L\u00f3pez Larrave cre\u00f3, junto con Manuel Andrade Roca y Santiago L\u00f3pez Aguilar, ambos asesinados posteriormente, la Escuela de Orientaci\u00f3n Sindical (EOS), que no s\u00f3lo daba cursos de formaci\u00f3n, sino tambi\u00e9n asesor\u00eda jur\u00eddica y, en general, asistencia a la formaci\u00f3n de nuevos sindicatos. <\/span><\/p>\n<p class=\"MsoNormal\" style=\"margin: 0cm 0cm 10pt;text-align: justify\"><span style=\"font-size: 12pt;color: #b74de1;font-family: &quot;American Classic&amp;quot\">El trabajo de la EOS se extendi\u00f3 a nivel nacional y cubri\u00f3 temas que trascend\u00edan el derecho laboral. \"Buscaba impulsar no un sindicalismo por s\u00ed solo sino un sindicalismo que condujera tanto a la defensa de los intereses inmediatos de la clase obrera como a que la clase obrera pudiera hacer valer sus derechos plenos como ciudadanos\", objetivos que revelan la dimensi\u00f3n pol\u00edtica que adquir\u00eda la actividad acad\u00e9mica y profesional de L\u00f3pez Larrave, quien, en todo caso, se ci\u00f1\u00f3 siempre a la Constituci\u00f3n Pol\u00edtica y a las leyes, en particular al C\u00f3digo de Trabajo, del que fue un tenaz defensor. <\/span><\/p>\n<p class=\"MsoNormal\" style=\"margin: 0cm 0cm 10pt;text-align: justify\"><span style=\"font-size: 12pt;color: #b74de1;font-family: &quot;American Classic&amp;quot\">A principios de los setenta Mario L\u00f3pez Larrave trabaj\u00f3 en la creaci\u00f3n de los sindicatos bancarios, logrando organizar, entre otros, los de los bancos de Guatemala, de Londres y de los Trabajadores. Estos sindicatos constituir\u00edan despu\u00e9s la Federaci\u00f3n de Empleados Bancarios y de Seguros (FESEBS), entidad que ha jugado un papel determinante en el movimiento sindical bancario guatemalteco. <\/span><\/p>\n<p class=\"MsoNormal\" style=\"margin: 0cm 0cm 10pt;text-align: justify\"><span style=\"font-size: 12pt;color: #b74de1;font-family: &quot;American Classic&amp;quot\">Durante el per\u00edodo presidencial del general Kjell Eugenio Laugerud Garc\u00eda, el movimiento sindical, que hab\u00eda sido reprimido con dureza bajo el Gobierno de Arana Osorio, se fue rehaciendo y en marzo de 1976 se forma el Comit\u00e9 Nacional de Unidad Sindical (CNUS), uno de los logros m\u00e1s significativos en los esfuerzos de integraci\u00f3n sindical, y del cual Mario L\u00f3pez Larrave fue uno de sus principales asesores legales. <\/span><\/p>\n<p class=\"MsoNormal\" style=\"margin: 0cm 0cm 10pt;text-align: justify\"><span style=\"font-size: 12pt;color: #b74de1;font-family: &quot;American Classic&amp;quot\">En el a\u00f1o de su muerte, 1977, continuaba asesorando sindicatos, entre los cuales destacaba el del Ingenio Pantale\u00f3n, que meses despu\u00e9s del asesinato de L\u00f3pez Larrave llev\u00f3 a cabo una huelga trascendental en la historia sindical de la Costa Sur. <\/span><\/p>\n<p class=\"MsoNormal\" style=\"margin: 0cm 0cm 10pt;text-align: justify\"><span style=\"font-size: 12pt;color: #b74de1;font-family: &quot;American Classic&amp;quot\">El 8 de junio de 1977 Mario L\u00f3pez Larrave particip\u00f3 en una reuni\u00f3n del Consejo Superior de la Universidad de San Carlos, que se prolong\u00f3 durante casi todo el d\u00eda. Hacia las cinco de la tarde, lleg\u00f3 a su oficina ubicada en la V\u00eda 7, 4-79, zona 4 de la ciudad capital. Dej\u00f3 en su escritorio los documentos que tra\u00eda de la reuni\u00f3n y luego sali\u00f3, para ir a dar clases a la Facultad de Ciencias Jur\u00eddicas y Sociales. Aunque estuvo poco tiempo en la oficina. En el momento que se dispon\u00eda a salir del inmueble a bordo de su veh\u00edculo, fue atacado con armas de fuego. <\/span><\/p>\n<p class=\"MsoNormal\" style=\"margin: 0cm 0cm 10pt;text-align: justify\"><span style=\"font-size: 12pt;color: #b74de1;font-family: &quot;American Classic&amp;quot\">La CEH considera que el asesinato del profesor L\u00f3pez Larrave es ilustrativo de un conjunto de casos an\u00e1logos, que consistieron en la represi\u00f3n estatal clandestina de car\u00e1cter selectivo, utilizando m\u00e9todos criminales, contra miembros de la Universidad de San Carlos y del movimiento sindical. El fundamento de esta persecuci\u00f3n fue la identificaci\u00f3n que se hac\u00eda de ambos grupos con la insurgencia, sobre la base de la extensi\u00f3n impropia que, del concepto de enemigo, hac\u00eda la denominada Doctrina de la Seguridad Nacional. <\/span><\/p>\n<p class=\"MsoNormal\" style=\"margin: 0cm 0cm 10pt;text-align: justify\"><span style=\"font-size: 12pt;color: #b74de1;font-family: &quot;American Classic&amp;quot\">El d\u00eda 20 de junio de 2007, autoridades de la Facultad de Ciencias Jur\u00eddicas y Sociales develaron la fotograf\u00eda del insigne maestro Mario L\u00f3pez Larrave a treinta a\u00f1os de su desaparici\u00f3n f\u00edsica, fotograf\u00eda que ahora est\u00e1 ubicada en la parte principal de la entrada al audit\u00f3rium que lleva su nombre. <\/span><\/p>\n<p class=\"MsoNormal\" style=\"margin: 0cm 0cm 10pt\"><span style=\"font-size: 12pt;color: #b74de1;font-family: &quot;American Classic&amp;quot\">En un futuro quiero ser muy reconocida, alguien importante y que sirva de ejemplo de vida de todas aquellas personas que no encuentran un modelo.\u00a0La verdad es que no soy perfecta y cometo muchisimos errores como cualquier ser humano\u00a0sin embargo lo m\u00e1s importante de todo es que haya aprendido de los errores y que esas experiencias de vida sean de mucha ayuda para el mejoramiento personal de los dem\u00e1s. A parte de todo eso quiero ser alguien que ayude y colabore siempre con\u00a0aquellas actividades que beneficien a\u00a0aquellos desamparados que necesitan de alguien que les brinde protecci\u00f3n y cuidado<\/span><\/p>\n","protected":false},"excerpt":{"rendered":"<p>Dos personajes nacidos el mismo d\u00eda de mi cumplea\u00f1os\u00a0fueron los siguientes \u00a0Jos\u00e9 Mauricio Contreras Naci\u00f3 el 7 de abril de 1960. Licenciado en Qu\u00edmica de la Universidad Pedag\u00f3gica Nacional de Bogot\u00e1. Organizador del I, II, II, IV y V ENCUENTRO NACIONAL DE PROFESORES DE LITERATURA, ESCRITORES \u00a0 E INVESTIGADORES, convocado por la Cooperativa Editorial Magisterio [&hellip;]<\/p>\n","protected":false},"author":238,"featured_media":0,"parent":0,"menu_order":0,"comment_status":"open","ping_status":"open","template":"","meta":{"footnotes":""},"class_list":["post-33","page","type-page","status-publish","hentry"],"_links":{"self":[{"href":"https:\/\/blog.espol.edu.ec\/kerlyta\/wp-json\/wp\/v2\/pages\/33","targetHints":{"allow":["GET"]}}],"collection":[{"href":"https:\/\/blog.espol.edu.ec\/kerlyta\/wp-json\/wp\/v2\/pages"}],"about":[{"href":"https:\/\/blog.espol.edu.ec\/kerlyta\/wp-json\/wp\/v2\/types\/page"}],"author":[{"embeddable":true,"href":"https:\/\/blog.espol.edu.ec\/kerlyta\/wp-json\/wp\/v2\/users\/238"}],"replies":[{"embeddable":true,"href":"https:\/\/blog.espol.edu.ec\/kerlyta\/wp-json\/wp\/v2\/comments?post=33"}],"version-history":[{"count":2,"href":"https:\/\/blog.espol.edu.ec\/kerlyta\/wp-json\/wp\/v2\/pages\/33\/revisions"}],"predecessor-version":[{"id":37,"href":"https:\/\/blog.espol.edu.ec\/kerlyta\/wp-json\/wp\/v2\/pages\/33\/revisions\/37"}],"wp:attachment":[{"href":"https:\/\/blog.espol.edu.ec\/kerlyta\/wp-json\/wp\/v2\/media?parent=33"}],"curies":[{"name":"wp","href":"https:\/\/api.w.org\/{rel}","templated":true}]}}