{"id":33,"date":"2010-10-17T16:30:18","date_gmt":"2010-10-17T16:30:18","guid":{"rendered":"http:\/\/blog.espol.edu.ec\/kevinlucon\/?page_id=33"},"modified":"2010-10-30T23:54:15","modified_gmt":"2010-10-30T23:54:15","slug":"33","status":"publish","type":"page","link":"https:\/\/blog.espol.edu.ec\/kevinlucon\/33\/","title":{"rendered":"El Pais de las Cucharas Largas"},"content":{"rendered":"<p style=\"text-align: center\"><strong><em><a href=\"http:\/\/blog.espol.edu.ec\/kevinlucon\/files\/2010\/10\/paisajes-solitarios-02.jpg\"><img loading=\"lazy\" decoding=\"async\" class=\"aligncenter size-full wp-image-46\" title=\"paisajes-solitarios-02\" src=\"http:\/\/blog.espol.edu.ec\/kevinlucon\/files\/2010\/10\/paisajes-solitarios-02.jpg\" alt=\"\" width=\"500\" height=\"368\" srcset=\"https:\/\/blog.espol.edu.ec\/kevinlucon\/files\/2010\/10\/paisajes-solitarios-02.jpg 500w, https:\/\/blog.espol.edu.ec\/kevinlucon\/files\/2010\/10\/paisajes-solitarios-02-300x220.jpg 300w\" sizes=\"auto, (max-width: 500px) 100vw, 500px\" \/><\/a><br \/>\n<\/em><\/strong><\/p>\n<p><strong> <strong> <\/strong><\/strong><\/p>\n<p><strong><strong>Aquel se\u00f1or hab\u00eda viajado\u00a0mucho. A lo largo de su vida hab\u00eda visitado cientos de pa\u00edses reales e imaginarios...<\/strong><\/strong><\/p>\n<p><strong><strong>Uno de los viajes que mas recorda<\/strong><\/strong><strong>\ufeffba\u00a0era su corta visita al Pa\u00eds de la cucharas largas. Hab\u00eda llegado a la frontera por casualidad...: en el camino de Uvilandia a Paradise , habia un peque\u00f1o desv\u00edo hacia el mencionado pa\u00eds y explorador como era, tom\u00f3 el de<\/strong><strong>sv\u00edo. El sinuoso camino terminaba en una sola casa enorme . al acercarse noto que la mansion parec\u00eda dividida en dos paredones : una ala oeste y un ala este. Estaciono el auto y se acerco hasta la casa . en la puerta , un cartel anunciaba:<\/strong><\/p>\n<p><strong>*PAIS DE LAS CUCHARAS LARGAS*<\/strong><\/p>\n<p><strong>\u201cESTE PEQUE\u00d1O PAIS CONSTA SOLO DE DOS HABITACIONES LLAMADAS NEGRA Y BLANCA. PARA RECORRERLO, DEBE ACANZAR POR EL PASILLO HASTA QUE SE DIVIDE Y DOBLAR A LA DERECHA SI QUIERE VISITAR LA HABITACION NEGRA, O A LA IZQUIERDA SI QUIERE VISITAR LA HABITACION BLANCA\u201d<\/strong><\/p>\n<p><strong>El hombre avanzo por el pasillo y al azar lo hizo doblar primero a la derecha. Un nuevo corredor de unos cincuenta metros terminaban en una puerta enorme. Desde los primeros pasos por el pasillo, empez\u00f3 a escuchare los \u201cayes\u201d y quejidos que ven\u00edan de la habitaci\u00f3n negra.<\/strong><strong><br \/>\n<strong>Por un momento las exclamaciones de dolor y sufrimiento lo hicieron dudar, pero siguio adelante. Llego a la puerta, la abrio y entro.<\/strong><br \/>\n<strong>Sentados alrededor de una mesa enorme, habia cientos de personas. En el centro de la mesa estaban los manjares mas exquisitos que cualeruia podr\u00eda imaginar y aunque todos tenian cuchara con la cual alcanzaban el plato central...se estaban mueriendo de hambre. El motivo era que las cucharas tenian el doble de largo de su brazo y estaban fijadas a sus manos. De ese modo todos pod\u00edan servirse pero nadie pod\u00eda llevarse el alimento a la boca. L a situaci\u00f3n era tan desesperante y los gritos desgarradores, que el hombre dio media vuelta y sali\u00f3 casi huyendo del sal\u00f3n.<\/strong><br \/>\n<strong>Volvi\u00f3 al hall central y tomo el pasillo de la izquierda que iba a la habitaci\u00f3n blanca. un corredor igual a otro terminaba en una puerta similar . la unnica diferencia era que, en el camino no habia quejidos ni lamentos. Al llegar a loa puerta, el explorador giro el picaporte y entro en el cuarto.<\/strong><br \/>\n<strong>Cientos de personas estaban tambi\u00e9n sentados en una mesa igual a la de habitaci\u00f3n negra. Tambien en centro habia manjares exquisitos, tambi\u00e9n cada persona tenia una larga cuchara fijada a su mano...<\/strong><br \/>\n<strong>Pero nadie se quejaba ni lamentaba. Nadie estaba muriendo de hambre , porque todos ...se daban de comer unos a otros..!!<\/strong><br \/>\n<strong>El hombre sonr\u00edo se dio media vuelta y sali\u00f3 d ela habitaci\u00f3n blanca. Cuando escucho el \u201cplic!!\u201d de la puerta que se cerraba encontr\u00f3 de pronto y misteriosamente , en su propio auto, manejando camino a Paradise..<\/strong><\/strong><\/p>\n<form id=\"vozme_form_1faf7de76f51879a6955044ced19f6a3\" method=\"post\" name=\"vozme_form_1faf7de76f51879a6955044ced19f6a3\" target=\"1faf7de76f51879a6955044ced19f6a3\" action=\"http:\/\/vozme.com\/text2voice.php\"><input name=\"text\" type=\"hidden\" value=\"El Pais de las Cucharas Largas. \n\n  \nAquel se\u00f1or hab\u00eda viajado\u00a0mucho. A lo largo de su vida hab\u00eda visitado cientos de pa\u00edses reales e imaginarios...\nUno de los viajes que mas recorda\ufeffba\u00a0era su corta visita al Pa\u00eds de la cucharas largas. Hab\u00eda llegado a la frontera por casualidad...: en el camino de Uvilandia a Paradise , habia un peque\u00f1o desv\u00edo hacia el mencionado pa\u00eds y explorador como era, tom\u00f3 el desv\u00edo. El sinuoso camino terminaba en una sola casa enorme . al acercarse noto que la mansion parec\u00eda dividida en dos paredones : una ala oeste y un ala este. Estaciono el auto y se acerco hasta la casa . en la puerta , un cartel anunciaba:\n*PAIS DE LAS CUCHARAS LARGAS*\n\u201cESTE PEQUE\u00d1O PAIS CONSTA SOLO DE DOS HABITACIONES LLAMADAS NEGRA Y BLANCA. PARA RECORRERLO, DEBE ACANZAR POR EL PASILLO HASTA QUE SE DIVIDE Y DOBLAR A LA DERECHA SI QUIERE VISITAR LA HABITACION NEGRA, O A LA IZQUIERDA SI QUIERE VISITAR LA HABITACION BLANCA\u201d\nEl hombre avanzo por el pasillo y al azar lo hizo doblar primero a la derecha. Un nuevo corredor de unos cincuenta metros terminaban en una puerta enorme. Desde los primeros pasos por el pasillo, empez\u00f3 a escuchare los \u201cayes\u201d y quejidos que ven\u00edan de la habitaci\u00f3n negra.\nPor un momento las exclamaciones de dolor y sufrimiento lo hicieron dudar, pero siguio adelante. Llego a la puerta, la abrio y entro.\nSentados alrededor de una mesa enorme, habia cientos de personas. En el centro de la mesa estaban los manjares mas exquisitos que cualeruia podr\u00eda imaginar y aunque todos tenian cuchara con la cual alcanzaban el plato central...se estaban mueriendo de hambre. El motivo era que las cucharas tenian el doble de largo de su brazo y estaban fijadas a sus manos. De ese modo todos pod\u00edan servirse pero nadie pod\u00eda llevarse el alimento a la boca. L a situaci\u00f3n era tan desesperante y los gritos desgarradores, que el hombre dio media vuelta y sali\u00f3 casi huyendo del sal\u00f3n.\nVolvi\u00f3 al hall central y tomo el pasillo de la izquierda que iba a la habitaci\u00f3n blanca. un corredor igual a otro terminaba en una puerta similar . la unnica diferencia era que, en el camino no habia quejidos ni lamentos. Al llegar a loa puerta, el explorador giro el picaporte y entro en el cuarto.\nCientos de personas estaban tambi\u00e9n sentados en una mesa igual a la de habitaci\u00f3n negra. Tambien en centro habia manjares exquisitos, tambi\u00e9n cada persona tenia una larga cuchara fijada a su mano...\nPero nadie se quejaba ni lamentaba. Nadie estaba muriendo de hambre , porque todos ...se daban de comer unos a otros..!!\nEl hombre sonr\u00edo se dio media vuelta y sali\u00f3 d ela habitaci\u00f3n blanca. Cuando escucho el \u201cplic!!\u201d de la puerta que se cerraba encontr\u00f3 de pronto y misteriosamente , en su propio auto, manejando camino a Paradise..\n\" \/><input name=\"lang\" type=\"hidden\" value=\"en\" \/><input name=\"gn\" type=\"hidden\" value=\"ml\" \/><input type=\"hidden\" id=\"interface\" name=\"interface\" value=\"full\" \/>\n\t\t\t<div style=\"margin-left:40%;\">\n\t\t\t\n\t\t\t\t<input style=\"float:left;\" type=\"image\" width=\"40\" height=\"40\" src=\"http:\/\/blog.espol.edu.ec\/kevinlucon\/wp-content\/plugins\/vozme\/img\/megaphone40x40w.gif\" alt=\"Hear this post\" onclick=\"window.open('', '1faf7de76f51879a6955044ced19f6a3', 'width=600,height=370,scrollbars=yes,location=yes,menubar=yes,resizable=yes,status=yes,toolbar=yes');\">\n\t\t\t\t<div style=\"margin-left:48px; text-align:left;\"><a style=\"font-size:12px;\" href=\"javascript:void(0);\" onclick=\"window.open('', '1faf7de76f51879a6955044ced19f6a3', 'width=600,height=370,scrollbars=yes,location=yes,menubar=yes,resizable=yes,status=yes,toolbar=yes'); document.getElementById('vozme_form_1faf7de76f51879a6955044ced19f6a3').submit();\">Hear<br\/>this post<\/a><\/div>\n\t\t\t<\/div><\/form>","protected":false},"excerpt":{"rendered":"<p>Aquel se\u00f1or hab\u00eda viajado\u00a0mucho. A lo largo de su vida hab\u00eda visitado cientos de pa\u00edses reales e imaginarios... Uno de los viajes que mas recorda\ufeffba\u00a0era su corta visita al Pa\u00eds de la cucharas largas. Hab\u00eda llegado a la frontera por casualidad...: en el camino de Uvilandia a Paradise , habia un peque\u00f1o desv\u00edo hacia el [&hellip;]<\/p>\n","protected":false},"author":5249,"featured_media":0,"parent":0,"menu_order":0,"comment_status":"open","ping_status":"open","template":"","meta":{"footnotes":""},"class_list":["post-33","page","type-page","status-publish","hentry"],"_links":{"self":[{"href":"https:\/\/blog.espol.edu.ec\/kevinlucon\/wp-json\/wp\/v2\/pages\/33","targetHints":{"allow":["GET"]}}],"collection":[{"href":"https:\/\/blog.espol.edu.ec\/kevinlucon\/wp-json\/wp\/v2\/pages"}],"about":[{"href":"https:\/\/blog.espol.edu.ec\/kevinlucon\/wp-json\/wp\/v2\/types\/page"}],"author":[{"embeddable":true,"href":"https:\/\/blog.espol.edu.ec\/kevinlucon\/wp-json\/wp\/v2\/users\/5249"}],"replies":[{"embeddable":true,"href":"https:\/\/blog.espol.edu.ec\/kevinlucon\/wp-json\/wp\/v2\/comments?post=33"}],"version-history":[{"count":9,"href":"https:\/\/blog.espol.edu.ec\/kevinlucon\/wp-json\/wp\/v2\/pages\/33\/revisions"}],"predecessor-version":[{"id":63,"href":"https:\/\/blog.espol.edu.ec\/kevinlucon\/wp-json\/wp\/v2\/pages\/33\/revisions\/63"}],"wp:attachment":[{"href":"https:\/\/blog.espol.edu.ec\/kevinlucon\/wp-json\/wp\/v2\/media?parent=33"}],"curies":[{"name":"wp","href":"https:\/\/api.w.org\/{rel}","templated":true}]}}