{"id":59,"date":"2015-06-24T16:54:27","date_gmt":"2015-06-24T16:54:27","guid":{"rendered":"http:\/\/blog.espol.edu.ec\/kevintoala\/?page_id=59"},"modified":"2015-06-27T18:12:54","modified_gmt":"2015-06-27T18:12:54","slug":"cruceros-de-batalla","status":"publish","type":"page","link":"https:\/\/blog.espol.edu.ec\/kevintoala\/cruceros-de-batalla\/","title":{"rendered":"Cruceros de Batalla"},"content":{"rendered":"<p>Los cruceros de batalla fueron los mayores buques de guerra durante la primera mitad del siglo XX desde que fueron introducidos por la Royal Navy brit\u00e1nica. Los cruceros de batalla fueron desarrollados como los sucesores de los cruceros acorazados, pero su evoluci\u00f3n estuvo estrechamente ligada a la de los acorazados tipo dreadnought. El primero de estos buques, el Invincible, estuvo designado originalmente como \"crucero dreadnought\".<\/p>\n<p>Los cruceros de batalla compart\u00edan con los acorazados el mismo armamento principal de grueso calibre, y eran generalmente, tan grandes y costosos como los acorazados de la misma generaci\u00f3n. Cambiaban blindaje o potencia de fuego por velocidad, la cual era posible gracias a la potencia de sus m\u00e1quinas y a la esbeltez de sus cascos. Los primeros cruceros de batalla, portaban un blindaje notablemente menor que los acorazados equivalentes, lo que implicaba, que al contrario que estos, no estaban dise\u00f1ados para resistir impactos del calibre que ellos mismos portaban. Estos buques, eran capaces de infligir un da\u00f1o mucho mayor del que eran capaces de absorber.<\/p>\n<p>La relaci\u00f3n entre el crucero de batalla y el acorazado, nunca estuvo totalmente clara. La invenci\u00f3n del crucero de batalla por parte de la Royal Navy fue conducida por el almirante Sir John Arbuthnot Fisher, que los concibi\u00f3 como un nuevo y revolucionario tipo de crucero acorazado el cual, podr\u00eda reemplazar al acorazado como principal arma brit\u00e1nica de combate en el mar. La idea de Fisher, se centraba en que los cruceros ser\u00edan los responsables de la defensa imperial, dentro de una red de informaci\u00f3n del almirantazgo para destruir a los buques m\u00e1s d\u00e9biles, y apresar a los buques mercantes enemigos en aguas internacionales, mientras que para los buques de guerra m\u00e1s poderosos, aprovechar\u00edan sus ca\u00f1ones de mayor alcance .<\/p>\n<p>No obstante, el acorazado continu\u00f3 dominando la guerra naval durante la Primera Guerra Mundial, y el crucero de batalla fue utilizado principalmente para proporcionar velocidad y potencia de disparo en apoyo a las flotas de acorazados. Los cruceros de batalla formaban parte de las armadas Brit\u00e1nica, alemana y Japonesa durante la primera guerra mundial, en la que tomaron parte en batallas entre las flotas brit\u00e1nica y germana, incluida la Batalla de Jutlandia. Al final de la guerra hab\u00eda muy pocas diferencias entre los dise\u00f1os de los cruceros de batalla y los acorazados r\u00e1pidos. Brit\u00e1nicos, Japoneses y estadounidenses dise\u00f1aron cruceros de batalla al final de la primera guerra mundial, los cuales estaban tan blindados como los acorazados y, aunque eran r\u00e1pidos, no estaban tan armados como sus predecesores. El Tratado naval de Washington, de 1922, que limitaba la construcci\u00f3n de buques capitales, trataba por igual a los acorazados y los cruceros de batalla, por lo que la nueva generaci\u00f3n de cruceros de batalla en construcci\u00f3n, fue desguazada o convertida en portaaviones bajo los t\u00e9rminos del tratado.<\/p>\n<p>Desde los a\u00f1os 30, \u00fanicamente la Royal Navy continuo usando la denominaci\u00f3n crucero de batalla en sus buques. Sin embargo, los buques capitales r\u00e1pidos desarrollados por Alemania y Francia, las clases Gneisenau y Dunkerque fueron y son en ocasiones catalogados como cruceros de batalla. Estos buques estaban tan bien blindados como muchos acorazados, pero portaban un armamento de menor calibre.<\/p>\n<p>Durante la Segunda Guerra Mundial, los cruceros de batalla, volvieron a participar en combate. No obstante, no se comenzaron nuevos cruceros de batalla durante la guerra, y la construcci\u00f3n de acorazados, se paraliz\u00f3, para proporcionar los recursos necesarios para la construcci\u00f3n de nuevos aviones y portaaviones. Desde el inicio de la segunda guerra mundial, no se ha iniciado la construcci\u00f3n de ning\u00fan crucero de batalla, aunque en ocasiones, algunos buques han sido descritos como cruceros de batalla como la Clase Kirov.<\/p>\n<p><a href=\"http:\/\/blog.espol.edu.ec\/kevintoala\/files\/2015\/06\/HMS_Hood_by_Edward_Tufnell.jpg\"><img loading=\"lazy\" decoding=\"async\" class=\"  wp-image-73 alignleft\" src=\"http:\/\/blog.espol.edu.ec\/kevintoala\/files\/2015\/06\/HMS_Hood_by_Edward_Tufnell-300x204.jpg\" alt=\"HMS_Hood_by_Edward_Tufnell\" width=\"241\" height=\"164\" srcset=\"https:\/\/blog.espol.edu.ec\/kevintoala\/files\/2015\/06\/HMS_Hood_by_Edward_Tufnell-300x204.jpg 300w, https:\/\/blog.espol.edu.ec\/kevintoala\/files\/2015\/06\/HMS_Hood_by_Edward_Tufnell.jpg 740w\" sizes=\"auto, (max-width: 241px) 100vw, 241px\" \/><\/a> <a href=\"http:\/\/blog.espol.edu.ec\/kevintoala\/files\/2015\/06\/HMS_Invincible_1907_British_Battleship.jpg\"><img loading=\"lazy\" decoding=\"async\" class=\"  wp-image-74 alignright\" src=\"http:\/\/blog.espol.edu.ec\/kevintoala\/files\/2015\/06\/HMS_Invincible_1907_British_Battleship-300x185.jpg\" alt=\"HMS_Invincible_(1907)_British_Battleship\" width=\"264\" height=\"163\" srcset=\"https:\/\/blog.espol.edu.ec\/kevintoala\/files\/2015\/06\/HMS_Invincible_1907_British_Battleship-300x185.jpg 300w, https:\/\/blog.espol.edu.ec\/kevintoala\/files\/2015\/06\/HMS_Invincible_1907_British_Battleship.jpg 962w\" sizes=\"auto, (max-width: 264px) 100vw, 264px\" \/><\/a><\/p>\n","protected":false},"excerpt":{"rendered":"<p>Los cruceros de batalla fueron los mayores buques de guerra durante la primera mitad del siglo XX desde que fueron introducidos por la Royal Navy brit\u00e1nica. Los cruceros de batalla fueron desarrollados como los sucesores de los cruceros acorazados, pero su evoluci\u00f3n estuvo estrechamente ligada a la de los acorazados tipo dreadnought. El primero de [&hellip;]<\/p>\n","protected":false},"author":9722,"featured_media":0,"parent":0,"menu_order":0,"comment_status":"open","ping_status":"open","template":"","meta":{"footnotes":""},"class_list":["post-59","page","type-page","status-publish","hentry"],"_links":{"self":[{"href":"https:\/\/blog.espol.edu.ec\/kevintoala\/wp-json\/wp\/v2\/pages\/59","targetHints":{"allow":["GET"]}}],"collection":[{"href":"https:\/\/blog.espol.edu.ec\/kevintoala\/wp-json\/wp\/v2\/pages"}],"about":[{"href":"https:\/\/blog.espol.edu.ec\/kevintoala\/wp-json\/wp\/v2\/types\/page"}],"author":[{"embeddable":true,"href":"https:\/\/blog.espol.edu.ec\/kevintoala\/wp-json\/wp\/v2\/users\/9722"}],"replies":[{"embeddable":true,"href":"https:\/\/blog.espol.edu.ec\/kevintoala\/wp-json\/wp\/v2\/comments?post=59"}],"version-history":[{"count":4,"href":"https:\/\/blog.espol.edu.ec\/kevintoala\/wp-json\/wp\/v2\/pages\/59\/revisions"}],"predecessor-version":[{"id":84,"href":"https:\/\/blog.espol.edu.ec\/kevintoala\/wp-json\/wp\/v2\/pages\/59\/revisions\/84"}],"wp:attachment":[{"href":"https:\/\/blog.espol.edu.ec\/kevintoala\/wp-json\/wp\/v2\/media?parent=59"}],"curies":[{"name":"wp","href":"https:\/\/api.w.org\/{rel}","templated":true}]}}