{"id":133,"date":"2012-11-04T19:38:29","date_gmt":"2012-11-05T00:38:29","guid":{"rendered":"http:\/\/blog.espol.edu.ec\/kgfranco\/?page_id=133"},"modified":"2012-11-04T19:38:47","modified_gmt":"2012-11-05T00:38:47","slug":"mi-marca-su-administradora","status":"publish","type":"page","link":"https:\/\/blog.espol.edu.ec\/kgfranco\/mi-marca-su-administradora\/","title":{"rendered":"Mi marca: Su Administradora"},"content":{"rendered":"<p>\u2665<\/p>\n<p>Queridos visitantes de este blog...<\/p>\n<p>Aquellos que aman el Rap Espa\u00f1ol, La Literatura y el Rock!!....Se pueden identificar con este sitio..<\/p>\n<p>Arriesgarse a hacer cosas nuevas es mi marca,\u00a0aqu\u00ed\u00a0estar\u00e1n\u00a0estos tres mundos fusionados...<\/p>\n<p>Si estas viendo esto, es porque te intereso saber quien soy T___T, o por simple curiosidad..:)...pues bien..<\/p>\n<div><\/div>\n<div style=\"text-align: center\">\n<dl>\n<dt><a href=\"http:\/\/blog.espol.edu.ec\/kgfranco\/files\/2012\/10\/Es-mi-hermana2.jpg\"><img loading=\"lazy\" decoding=\"async\" class=\"alignnone\" src=\"http:\/\/blog.espol.edu.ec\/kgfranco\/files\/2012\/10\/Es-mi-hermana2-300x217.jpg\" alt=\"Amy y yo\" width=\"300\" height=\"217\" \/><\/a><\/dt>\n<dd>Amy y yo<\/dd>\n<\/dl>\n<\/div>\n<p>\u00c9ste es el estilo de mi mejor amiga Amy, la adoro.\u00a0\u2665<\/p>\n<p>Mi nombre: Karla G\u00e9nesis Franco Reyes.<\/p>\n<p>Tengo 16 a\u00f1os y estoy estudiando en la mejor universidad, ESPOL, y mi meta es ser Ingenieria en Alimentos.<\/p>\n<p>Como ya pudieron ver me encanta expresarme por medio de letras, es por ese motivo el nombre de \u00e9ste sitio -----&gt; Letras que suenan y sienten. &gt;.&lt;<\/p>\n<div style=\"text-align: center\">\n<dl>\n<dt><a href=\"http:\/\/blog.espol.edu.ec\/kgfranco\/files\/2012\/10\/Julie-y-Yo3.jpg\"><img loading=\"lazy\" decoding=\"async\" class=\"aligncenter\" src=\"http:\/\/blog.espol.edu.ec\/kgfranco\/files\/2012\/10\/Julie-y-Yo3-300x225.jpg\" alt=\"Julie y Yo\" width=\"300\" height=\"225\" \/><\/a><\/dt>\n<dd>Julia y Yo<\/dd>\n<\/dl>\n<\/div>\n<p>Esta es mi amiga Julia, la conoc\u00ed en la Universidad. Tambien tiene un blog, asi que visintenlo.<a title=\"Julia Herrera\" href=\"http:\/\/blog.espol.edu.ec\/juliadesiree\/\" target=\"_blank\">.\u00a0http:\/\/blog.espol.edu.ec\/juliadesiree\/<\/a><\/p>\n<p>M\u00fasica favorita: El Rock y el Rap. (Cada vez que digo esto em ven como alguien anormal, con gustos extra\u00f1os; pero es la verdad, estos dos g\u00e9neros me apasionan).<\/p>\n<p>En mis pasatiempo compongo y me inspiro, escucho m\u00fasica y aveces canto (cuando quiero y nadie est\u00e1)...C=<\/p>\n<div style=\"text-align: center\">\n<dl>\n<dt><a href=\"http:\/\/blog.espol.edu.ec\/kgfranco\/files\/2012\/10\/379856_242332835824322_1417934640_n.jpg\"><img loading=\"lazy\" decoding=\"async\" src=\"http:\/\/blog.espol.edu.ec\/kgfranco\/files\/2012\/10\/379856_242332835824322_1417934640_n-286x300.jpg\" alt=\"Mi hermanito y yo!\" width=\"286\" height=\"300\" \/><\/a><\/dt>\n<dd>Mi hermanito y yo!<\/dd>\n<\/dl>\n<\/div>\n<p>Tengo un hermano, su nombre es Joel, y lo adoro.\u2665<\/p>\n<p>Mi ciudad natal es Santa Elena pero vivo en Guayaquil debido a la Universidad.<\/p>\n<p>Ya no les aburro m\u00e1s, pero tenia que hablar de mi..... Es petici\u00f3n de mi profesor.<\/p>\n<p>Gracias visitantes del blog...:)\u2665<\/p>\n<p>&nbsp;<\/p>\n<p>&nbsp;<\/p>\n","protected":false},"excerpt":{"rendered":"<p>\u2665 Queridos visitantes de este blog... Aquellos que aman el Rap Espa\u00f1ol, La Literatura y el Rock!!....Se pueden identificar con este sitio.. Arriesgarse a hacer cosas nuevas es mi marca,\u00a0aqu\u00ed\u00a0estar\u00e1n\u00a0estos tres mundos fusionados... Si estas viendo esto, es porque te &hellip; <a href=\"https:\/\/blog.espol.edu.ec\/kgfranco\/mi-marca-su-administradora\/\">Sigue leyendo <span class=\"meta-nav\">&rarr;<\/span><\/a><\/p>\n","protected":false},"author":8076,"featured_media":0,"parent":0,"menu_order":0,"comment_status":"open","ping_status":"open","template":"","meta":{"footnotes":""},"class_list":["post-133","page","type-page","status-publish","hentry"],"_links":{"self":[{"href":"https:\/\/blog.espol.edu.ec\/kgfranco\/wp-json\/wp\/v2\/pages\/133","targetHints":{"allow":["GET"]}}],"collection":[{"href":"https:\/\/blog.espol.edu.ec\/kgfranco\/wp-json\/wp\/v2\/pages"}],"about":[{"href":"https:\/\/blog.espol.edu.ec\/kgfranco\/wp-json\/wp\/v2\/types\/page"}],"author":[{"embeddable":true,"href":"https:\/\/blog.espol.edu.ec\/kgfranco\/wp-json\/wp\/v2\/users\/8076"}],"replies":[{"embeddable":true,"href":"https:\/\/blog.espol.edu.ec\/kgfranco\/wp-json\/wp\/v2\/comments?post=133"}],"version-history":[{"count":3,"href":"https:\/\/blog.espol.edu.ec\/kgfranco\/wp-json\/wp\/v2\/pages\/133\/revisions"}],"predecessor-version":[{"id":137,"href":"https:\/\/blog.espol.edu.ec\/kgfranco\/wp-json\/wp\/v2\/pages\/133\/revisions\/137"}],"wp:attachment":[{"href":"https:\/\/blog.espol.edu.ec\/kgfranco\/wp-json\/wp\/v2\/media?parent=133"}],"curies":[{"name":"wp","href":"https:\/\/api.w.org\/{rel}","templated":true}]}}