{"id":193,"date":"2013-01-20T19:37:44","date_gmt":"2013-01-21T00:37:44","guid":{"rendered":"http:\/\/blog.espol.edu.ec\/kgfranco\/?page_id=193"},"modified":"2013-01-20T19:42:17","modified_gmt":"2013-01-21T00:42:17","slug":"escritores","status":"publish","type":"page","link":"https:\/\/blog.espol.edu.ec\/kgfranco\/escritores\/","title":{"rendered":"Escritores"},"content":{"rendered":"<p>Jam\u00e1s pens\u00e9 en dedicarme a escribir, se dice que en la actualidad de eso no se puede vivir; pero como se puede vivir sin escribir.<\/p>\n<p>Aquellas personas que callan, son las personas mas infelices dentro de su mundo, no se expresan.<\/p>\n<div id=\"attachment_195\" style=\"width: 268px\" class=\"wp-caption aligncenter\"><a href=\"http:\/\/blog.espol.edu.ec\/kgfranco\/files\/2013\/01\/67735_422641871134845_1883443578_n.jpg\"><img loading=\"lazy\" decoding=\"async\" aria-describedby=\"caption-attachment-195\" class=\"size-medium wp-image-195\" src=\"http:\/\/blog.espol.edu.ec\/kgfranco\/files\/2013\/01\/67735_422641871134845_1883443578_n-258x300.jpg\" alt=\"Una dulce escritora\" width=\"258\" height=\"300\" srcset=\"https:\/\/blog.espol.edu.ec\/kgfranco\/files\/2013\/01\/67735_422641871134845_1883443578_n-258x300.jpg 258w, https:\/\/blog.espol.edu.ec\/kgfranco\/files\/2013\/01\/67735_422641871134845_1883443578_n.jpg 500w\" sizes=\"auto, (max-width: 258px) 100vw, 258px\" \/><\/a><p id=\"caption-attachment-195\" class=\"wp-caption-text\">Una dulce escritora<\/p><\/div>\n<p>Soy un poco extra\u00f1a, no tengo muchos amigos, no le\u00a0sonri\u00f3\u00a0a todo aquel que lo haga conmigo porque pienso que las personas que me rodean practican lo fr\u00edbolo\u00a0de la\u00a0hipocres\u00eda.<\/p>\n<p>Cuando sea grande quiero ser una ni\u00f1a, el ser mas dulce e inocente que existe sobre la faz de la tierra.<\/p>\n<p>Mi\u00a0intenci\u00f3n\u00a0en esta vida no es ser la mejor, es s\u00f3lo ser \u00fatil para quien quiera y lo necesite.<\/p>\n<p>Admiro mucho a una escritora que ha aparecido en una red social, es mexicana y su nombre es Lyan.<\/p>\n<div id=\"attachment_197\" style=\"width: 310px\" class=\"wp-caption aligncenter\"><a href=\"http:\/\/blog.espol.edu.ec\/kgfranco\/files\/2013\/01\/263641_416417591757273_1447111091_n.jpg\"><img loading=\"lazy\" decoding=\"async\" aria-describedby=\"caption-attachment-197\" class=\"size-medium wp-image-197\" src=\"http:\/\/blog.espol.edu.ec\/kgfranco\/files\/2013\/01\/263641_416417591757273_1447111091_n-300x165.jpg\" alt=\"El viaje de una l\u00e1grima\" width=\"300\" height=\"165\" srcset=\"https:\/\/blog.espol.edu.ec\/kgfranco\/files\/2013\/01\/263641_416417591757273_1447111091_n-300x165.jpg 300w, https:\/\/blog.espol.edu.ec\/kgfranco\/files\/2013\/01\/263641_416417591757273_1447111091_n.jpg 500w\" sizes=\"auto, (max-width: 300px) 100vw, 300px\" \/><\/a><p id=\"caption-attachment-197\" class=\"wp-caption-text\">El viaje de una l\u00e1grima<\/p><\/div>\n<p>Ella expresa todo lo que siente de manera incre\u00edble, la admiro indescriptiblemente.<\/p>\n<p>Mi admiraci\u00f3n no va para la persona mas grande, no va para la persona llena de gracia; ser\u00e1 aquella persona oculta en un mundo de gente com\u00fan.<\/p>\n<p><a title=\"Lyan\" href=\"http:\/\/www.facebook.com\/alwaysdreaminglyan?ref=ts&amp;fref=ts\" target=\"_blank\">http:\/\/www.facebook.com\/alwaysdreaminglyan?ref=ts&amp;fref=ts\u00a0<\/a><\/p>\n<p>&nbsp;<\/p>\n","protected":false},"excerpt":{"rendered":"<p>Jam\u00e1s pens\u00e9 en dedicarme a escribir, se dice que en la actualidad de eso no se puede vivir; pero como se puede vivir sin escribir. Aquellas personas que callan, son las personas mas infelices dentro de su mundo, no se &hellip; <a href=\"https:\/\/blog.espol.edu.ec\/kgfranco\/escritores\/\">Sigue leyendo <span class=\"meta-nav\">&rarr;<\/span><\/a><\/p>\n","protected":false},"author":8076,"featured_media":0,"parent":0,"menu_order":0,"comment_status":"open","ping_status":"open","template":"","meta":{"footnotes":""},"class_list":["post-193","page","type-page","status-publish","hentry"],"_links":{"self":[{"href":"https:\/\/blog.espol.edu.ec\/kgfranco\/wp-json\/wp\/v2\/pages\/193","targetHints":{"allow":["GET"]}}],"collection":[{"href":"https:\/\/blog.espol.edu.ec\/kgfranco\/wp-json\/wp\/v2\/pages"}],"about":[{"href":"https:\/\/blog.espol.edu.ec\/kgfranco\/wp-json\/wp\/v2\/types\/page"}],"author":[{"embeddable":true,"href":"https:\/\/blog.espol.edu.ec\/kgfranco\/wp-json\/wp\/v2\/users\/8076"}],"replies":[{"embeddable":true,"href":"https:\/\/blog.espol.edu.ec\/kgfranco\/wp-json\/wp\/v2\/comments?post=193"}],"version-history":[{"count":3,"href":"https:\/\/blog.espol.edu.ec\/kgfranco\/wp-json\/wp\/v2\/pages\/193\/revisions"}],"predecessor-version":[{"id":196,"href":"https:\/\/blog.espol.edu.ec\/kgfranco\/wp-json\/wp\/v2\/pages\/193\/revisions\/196"}],"wp:attachment":[{"href":"https:\/\/blog.espol.edu.ec\/kgfranco\/wp-json\/wp\/v2\/media?parent=193"}],"curies":[{"name":"wp","href":"https:\/\/api.w.org\/{rel}","templated":true}]}}