{"id":114,"date":"2013-11-25T04:15:50","date_gmt":"2013-11-25T07:45:50","guid":{"rendered":"http:\/\/blog.espol.edu.ec\/kiamvera\/?page_id=114"},"modified":"2013-11-25T04:15:50","modified_gmt":"2013-11-25T07:45:50","slug":"forjadores-de-nuestro-propio-destino","status":"publish","type":"page","link":"https:\/\/blog.espol.edu.ec\/kiamvera\/forjadores-de-nuestro-propio-destino\/","title":{"rendered":"Forjadores de nuestro propio destino"},"content":{"rendered":"<p><a href=\"http:\/\/blog.espol.edu.ec\/kiamvera\/files\/2013\/11\/1209255_453701741418735_1724317464_n.jpg\"><img loading=\"lazy\" decoding=\"async\" class=\"aligncenter size-full wp-image-47\" alt=\"1209255_453701741418735_1724317464_n\" src=\"http:\/\/blog.espol.edu.ec\/kiamvera\/files\/2013\/11\/1209255_453701741418735_1724317464_n.jpg\" width=\"401\" height=\"315\" srcset=\"https:\/\/blog.espol.edu.ec\/kiamvera\/files\/2013\/11\/1209255_453701741418735_1724317464_n.jpg 401w, https:\/\/blog.espol.edu.ec\/kiamvera\/files\/2013\/11\/1209255_453701741418735_1724317464_n-300x235.jpg 300w\" sizes=\"auto, (max-width: 401px) 100vw, 401px\" \/><\/a><\/p>\n<blockquote><p>Somos arquitectos de nuestro propio destino -Albert Einsten<\/p><\/blockquote>\n<p>Y antes que todo, \u00bfqu\u00e9 es el destino?<\/p>\n<p>Muchas personas dicen que es algo que no puedes cambiar porque hacia all\u00e1 vas quieras o no, en cambio a quienes se oponen a esta forma de describir al destino y argumentan que el destino puede ser cambiado y que todo depende a cada individuo porque sus decisiones har\u00e1n en un futuro lo que el se proyecto ser o cumplir.<\/p>\n<p>Algunas personas argumentan que el destino es el porque de encontrarse a personas en su vida sean esta una pareja o una amistad o simplemente un conocido pero hay otras que dicen que lo casual no existe m\u00e1s bien todo es causal y llegan a la controversia del significado de esta peque\u00f1a palabra la cual cada persona tiene su propio significado; como \u00bfqu\u00e9 es para ti el destino?.<\/p>\n<p>Si conocer a las personas a mi alrededor es porque el destino lo ten\u00eda previsto, entonces agradecer no est\u00e1 de m\u00e1s porque toda mi familia, la de sangre y la que escog\u00ed, es realmente mi apoyo incondicional.<\/p>\n<p>Una peque\u00f1a dedicaci\u00f3n al presente.<\/p>\n<p><iframe loading=\"lazy\" src=\"http:\/\/www.slideshare.net\/slideshow\/embed_code\/28592221\" height=\"356\" width=\"427\" allowfullscreen=\"\" frameborder=\"0\"><\/iframe><\/p>\n<div style=\"margin-bottom: 5px\"><strong> <a title=\"Vera Mera Kiara su amistad\" href=\"https:\/\/es.slideshare.net\/MerKia1\/vera-mera-kiara-su-amistad\" target=\"_blank\">Vera Mera Kiara su amistad<\/a> <\/strong> from <strong><a href=\"http:\/\/www.slideshare.net\/MerKia1\" target=\"_blank\">Kiara Vera<\/a><\/strong><\/div>\n","protected":false},"excerpt":{"rendered":"<p>Somos arquitectos de nuestro propio destino -Albert Einsten Y antes que todo, \u00bfqu\u00e9 es el destino? Muchas personas dicen que es algo que no puedes cambiar porque hacia all\u00e1 vas quieras o no, en cambio a quienes se oponen a esta forma de describir al destino y argumentan que el destino puede ser cambiado y [&hellip;]<\/p>\n","protected":false},"author":8800,"featured_media":0,"parent":0,"menu_order":0,"comment_status":"open","ping_status":"open","template":"","meta":{"footnotes":""},"class_list":["post-114","page","type-page","status-publish","hentry"],"_links":{"self":[{"href":"https:\/\/blog.espol.edu.ec\/kiamvera\/wp-json\/wp\/v2\/pages\/114","targetHints":{"allow":["GET"]}}],"collection":[{"href":"https:\/\/blog.espol.edu.ec\/kiamvera\/wp-json\/wp\/v2\/pages"}],"about":[{"href":"https:\/\/blog.espol.edu.ec\/kiamvera\/wp-json\/wp\/v2\/types\/page"}],"author":[{"embeddable":true,"href":"https:\/\/blog.espol.edu.ec\/kiamvera\/wp-json\/wp\/v2\/users\/8800"}],"replies":[{"embeddable":true,"href":"https:\/\/blog.espol.edu.ec\/kiamvera\/wp-json\/wp\/v2\/comments?post=114"}],"version-history":[{"count":4,"href":"https:\/\/blog.espol.edu.ec\/kiamvera\/wp-json\/wp\/v2\/pages\/114\/revisions"}],"predecessor-version":[{"id":118,"href":"https:\/\/blog.espol.edu.ec\/kiamvera\/wp-json\/wp\/v2\/pages\/114\/revisions\/118"}],"wp:attachment":[{"href":"https:\/\/blog.espol.edu.ec\/kiamvera\/wp-json\/wp\/v2\/media?parent=114"}],"curies":[{"name":"wp","href":"https:\/\/api.w.org\/{rel}","templated":true}]}}