{"id":124,"date":"2013-11-25T04:54:31","date_gmt":"2013-11-25T08:24:31","guid":{"rendered":"http:\/\/blog.espol.edu.ec\/kiamvera\/?page_id=124"},"modified":"2013-11-25T04:55:59","modified_gmt":"2013-11-25T08:25:59","slug":"la-naturaleza-y-sus-deleites","status":"publish","type":"page","link":"https:\/\/blog.espol.edu.ec\/kiamvera\/la-naturaleza-y-sus-deleites\/","title":{"rendered":"La naturaleza y sus deleites"},"content":{"rendered":"<p style=\"text-align: center\"><a href=\"http:\/\/blog.espol.edu.ec\/kiamvera\/files\/2013\/11\/Imagenes-paisajes-hermosos-1.jpg\"><img loading=\"lazy\" decoding=\"async\" class=\"wp-image-56 aligncenter\" alt=\"Imagenes-paisajes-hermosos (1)\" src=\"http:\/\/blog.espol.edu.ec\/kiamvera\/files\/2013\/11\/Imagenes-paisajes-hermosos-1.jpg\" width=\"461\" height=\"288\" srcset=\"https:\/\/blog.espol.edu.ec\/kiamvera\/files\/2013\/11\/Imagenes-paisajes-hermosos-1.jpg 1600w, https:\/\/blog.espol.edu.ec\/kiamvera\/files\/2013\/11\/Imagenes-paisajes-hermosos-1-300x187.jpg 300w, https:\/\/blog.espol.edu.ec\/kiamvera\/files\/2013\/11\/Imagenes-paisajes-hermosos-1-1024x640.jpg 1024w\" sizes=\"auto, (max-width: 461px) 100vw, 461px\" \/><\/a><\/p>\n<p style=\"text-align: center\"><a href=\"http:\/\/blog.espol.edu.ec\/kiamvera\/files\/2013\/11\/images.jpg\"><img loading=\"lazy\" decoding=\"async\" class=\"aligncenter size-full wp-image-57\" alt=\"images\" src=\"http:\/\/blog.espol.edu.ec\/kiamvera\/files\/2013\/11\/images.jpg\" width=\"259\" height=\"194\" \/><\/a><\/p>\n<p style=\"text-align: center\"><a href=\"http:\/\/blog.espol.edu.ec\/kiamvera\/files\/2013\/11\/paisajes.jpg\"><img loading=\"lazy\" decoding=\"async\" class=\"aligncenter  wp-image-58\" alt=\"paisajes\" src=\"http:\/\/blog.espol.edu.ec\/kiamvera\/files\/2013\/11\/paisajes.jpg\" width=\"600\" height=\"390\" srcset=\"https:\/\/blog.espol.edu.ec\/kiamvera\/files\/2013\/11\/paisajes.jpg 1000w, https:\/\/blog.espol.edu.ec\/kiamvera\/files\/2013\/11\/paisajes-300x195.jpg 300w\" sizes=\"auto, (max-width: 600px) 100vw, 600px\" \/><\/a><\/p>\n<p style=\"text-align: center\"><a href=\"http:\/\/blog.espol.edu.ec\/kiamvera\/files\/2013\/11\/paisajes1.jpg\"><img loading=\"lazy\" decoding=\"async\" class=\"aligncenter size-full wp-image-59\" alt=\"paisajes1\" src=\"http:\/\/blog.espol.edu.ec\/kiamvera\/files\/2013\/11\/paisajes1.jpg\" width=\"400\" height=\"266\" srcset=\"https:\/\/blog.espol.edu.ec\/kiamvera\/files\/2013\/11\/paisajes1.jpg 400w, https:\/\/blog.espol.edu.ec\/kiamvera\/files\/2013\/11\/paisajes1-300x199.jpg 300w\" sizes=\"auto, (max-width: 400px) 100vw, 400px\" \/><\/a><\/p>\n<p style=\"text-align: center\"><a href=\"http:\/\/blog.espol.edu.ec\/kiamvera\/files\/2013\/11\/sitios-tur\u00edsticos.jpg\"><img loading=\"lazy\" decoding=\"async\" class=\"aligncenter  wp-image-60\" alt=\"sitios tur\u00edsticos\" src=\"http:\/\/blog.espol.edu.ec\/kiamvera\/files\/2013\/11\/sitios-tur\u00edsticos.jpg\" width=\"594\" height=\"358\" srcset=\"https:\/\/blog.espol.edu.ec\/kiamvera\/files\/2013\/11\/sitios-tur\u00edsticos.jpg 990w, https:\/\/blog.espol.edu.ec\/kiamvera\/files\/2013\/11\/sitios-tur\u00edsticos-300x180.jpg 300w\" sizes=\"auto, (max-width: 594px) 100vw, 594px\" \/><\/a><\/p>\n<p style=\"text-align: center\"><a href=\"http:\/\/blog.espol.edu.ec\/kiamvera\/files\/2013\/11\/hermosa-ciudad-que-se-esconde-en-los-andes.jpg\"><img loading=\"lazy\" decoding=\"async\" class=\"aligncenter  wp-image-55\" alt=\"hermosa-ciudad-que-se-esconde-en-los-andes\" src=\"http:\/\/blog.espol.edu.ec\/kiamvera\/files\/2013\/11\/hermosa-ciudad-que-se-esconde-en-los-andes.jpg\" width=\"600\" height=\"450\" srcset=\"https:\/\/blog.espol.edu.ec\/kiamvera\/files\/2013\/11\/hermosa-ciudad-que-se-esconde-en-los-andes.jpg 1000w, https:\/\/blog.espol.edu.ec\/kiamvera\/files\/2013\/11\/hermosa-ciudad-que-se-esconde-en-los-andes-300x225.jpg 300w\" sizes=\"auto, (max-width: 600px) 100vw, 600px\" \/><\/a><\/p>\n<p style=\"text-align: center\"><a href=\"http:\/\/blog.espol.edu.ec\/kiamvera\/files\/2013\/11\/fotos_paisajes_monasterio_de_piedra_46.jpg\"><img loading=\"lazy\" decoding=\"async\" class=\"aligncenter  wp-image-54\" alt=\"fotos_paisajes_monasterio_de_piedra_46\" src=\"http:\/\/blog.espol.edu.ec\/kiamvera\/files\/2013\/11\/fotos_paisajes_monasterio_de_piedra_46.jpg\" width=\"538\" height=\"430\" srcset=\"https:\/\/blog.espol.edu.ec\/kiamvera\/files\/2013\/11\/fotos_paisajes_monasterio_de_piedra_46.jpg 1280w, https:\/\/blog.espol.edu.ec\/kiamvera\/files\/2013\/11\/fotos_paisajes_monasterio_de_piedra_46-300x240.jpg 300w, https:\/\/blog.espol.edu.ec\/kiamvera\/files\/2013\/11\/fotos_paisajes_monasterio_de_piedra_46-1024x819.jpg 1024w\" sizes=\"auto, (max-width: 538px) 100vw, 538px\" \/><\/a><\/p>\n<p style=\"text-align: center\"><a href=\"http:\/\/blog.espol.edu.ec\/kiamvera\/files\/2013\/11\/001fd04cfc6211c0d6e906.jpg\"><img loading=\"lazy\" decoding=\"async\" class=\"aligncenter size-full wp-image-53\" alt=\"001fd04cfc6211c0d6e906\" src=\"http:\/\/blog.espol.edu.ec\/kiamvera\/files\/2013\/11\/001fd04cfc6211c0d6e906.jpg\" width=\"600\" height=\"374\" srcset=\"https:\/\/blog.espol.edu.ec\/kiamvera\/files\/2013\/11\/001fd04cfc6211c0d6e906.jpg 600w, https:\/\/blog.espol.edu.ec\/kiamvera\/files\/2013\/11\/001fd04cfc6211c0d6e906-300x187.jpg 300w\" sizes=\"auto, (max-width: 600px) 100vw, 600px\" \/><\/a><\/p>\n<p style=\"text-align: center\">Algunos paisajes hermosos y cuantos m\u00e1s habr\u00e1n... Visitarlos ser\u00eda espectacular aunque los hermosos paisajes se disfrutan con excelente compa\u00f1\u00eda \ud83d\ude09 \ud83d\ude00<\/p>\n","protected":false},"excerpt":{"rendered":"<p>Algunos paisajes hermosos y cuantos m\u00e1s habr\u00e1n... Visitarlos ser\u00eda espectacular aunque los hermosos paisajes se disfrutan con excelente compa\u00f1\u00eda \ud83d\ude09 \ud83d\ude00<\/p>\n","protected":false},"author":8800,"featured_media":0,"parent":0,"menu_order":0,"comment_status":"open","ping_status":"open","template":"","meta":{"footnotes":""},"class_list":["post-124","page","type-page","status-publish","hentry"],"_links":{"self":[{"href":"https:\/\/blog.espol.edu.ec\/kiamvera\/wp-json\/wp\/v2\/pages\/124","targetHints":{"allow":["GET"]}}],"collection":[{"href":"https:\/\/blog.espol.edu.ec\/kiamvera\/wp-json\/wp\/v2\/pages"}],"about":[{"href":"https:\/\/blog.espol.edu.ec\/kiamvera\/wp-json\/wp\/v2\/types\/page"}],"author":[{"embeddable":true,"href":"https:\/\/blog.espol.edu.ec\/kiamvera\/wp-json\/wp\/v2\/users\/8800"}],"replies":[{"embeddable":true,"href":"https:\/\/blog.espol.edu.ec\/kiamvera\/wp-json\/wp\/v2\/comments?post=124"}],"version-history":[{"count":3,"href":"https:\/\/blog.espol.edu.ec\/kiamvera\/wp-json\/wp\/v2\/pages\/124\/revisions"}],"predecessor-version":[{"id":127,"href":"https:\/\/blog.espol.edu.ec\/kiamvera\/wp-json\/wp\/v2\/pages\/124\/revisions\/127"}],"wp:attachment":[{"href":"https:\/\/blog.espol.edu.ec\/kiamvera\/wp-json\/wp\/v2\/media?parent=124"}],"curies":[{"name":"wp","href":"https:\/\/api.w.org\/{rel}","templated":true}]}}