{"id":132,"date":"2013-11-25T05:23:34","date_gmt":"2013-11-25T08:53:34","guid":{"rendered":"http:\/\/blog.espol.edu.ec\/kiamvera\/?page_id=132"},"modified":"2013-11-25T05:23:34","modified_gmt":"2013-11-25T08:53:34","slug":"frases-del-ayer-hoy-y-manana","status":"publish","type":"page","link":"https:\/\/blog.espol.edu.ec\/kiamvera\/frases-del-ayer-hoy-y-manana\/","title":{"rendered":"Frases del ayer, hoy y ma\u00f1ana"},"content":{"rendered":"<ol>\n<li>\n<blockquote><p>Es una locura amar a menos que se ame con locura.<\/p><\/blockquote>\n<\/li>\n<li>\n<blockquote><p>El amor es corto y el olvido largo. -Pablo Neruda-<\/p><\/blockquote>\n<\/li>\n<li>\n<blockquote><p>Disfruta del poder y de la belleza de tu juventud. -El Gran Kahuna-<\/p><\/blockquote>\n<\/li>\n<li>\n<blockquote><p>Cualquiera que haya amado tiene una cicatriz -Mussel-<\/p><\/blockquote>\n<\/li>\n<li>\n<blockquote><p>El amor es como un rayo, no se sabe donde cae, hasta que ha ca\u00eddo. -Henri Lacorlare-<\/p><\/blockquote>\n<\/li>\n<li>\n<blockquote><p>Estamos hechos de la misma materia que los sue\u00f1os. -William Shakespeare-<\/p><\/blockquote>\n<\/li>\n<li>\n<blockquote><p>Es mejor haber amado y haber perdido, que no haber amado nunca. -Alfred Tenoson-<\/p><\/blockquote>\n<\/li>\n<li>\n<blockquote><p>Todo lo que hagas hazlo pensando en ser leal, sincero y honesto, no vivas de la vanidad, ni vivas de la hipocres\u00eda. -Francisco Antonio Vega-<\/p><\/blockquote>\n<\/li>\n<li>\n<blockquote><p>No basta decir solamente la verdad, m\u00e1s conviene mostrar la causa de la falsedad -Arist\u00f3teles-<\/p><\/blockquote>\n<\/li>\n<li>\n<blockquote><p>El hombre honesto no le teme ni a la luz, ni a la oscuridad. -Thomas Fuller-<\/p><\/blockquote>\n<\/li>\n<li>\n<blockquote><p>La mentira es como una bola de nieve; cuantas m\u00e1s vueltas da, mayor se hace. -Mart\u00edn Lutero-<\/p><\/blockquote>\n<\/li>\n<li>\n<blockquote><p>Las palabras honestas nos dan un claro indicio de la honestidad del que las pronuncia o escribe. -Miguel de Cervantes Saavedra-<\/p><\/blockquote>\n<\/li>\n<li>\n<blockquote><p>La felicidad se alcanza cuando lo que uno piensa, lo que uno dice y lo que uno hace est\u00e1n en armon\u00eda. -Canahi, India-<\/p><\/blockquote>\n<\/li>\n<li>\n<blockquote><p>Tanta prisa tenemos por hacer escribir y dejar o\u00edr nuestra voz en el silencio de la eternidad, que olvidamos lo \u00fanico realmente importante: VIVIR. -Robert Stevenson-<\/p><\/blockquote>\n<\/li>\n<li>\n<blockquote><p>Afronta tu camino con coraje, no tengas miedo de las cr\u00edticas de los dem\u00e1s y, sobre todo, no te dejes paralizar por tus propias cr\u00edticas. -Paulo Coelho-<\/p><\/blockquote>\n<\/li>\n<li>\n<blockquote><p>La confianza en s\u00ed mismo es el primer secreto del \u00e9xito. -Ralph Waldo Emerson-<\/p><\/blockquote>\n<\/li>\n<li>\n<blockquote><p>Una persona se puede quedar sin dinero, sin salud, sin profesi\u00f3n, sin familia, sin honor; pero nunca se quedar\u00e1 sin alguien a quien echarle la culpa. -Carlos Cuauhtemoc S\u00e1nchez-<\/p><\/blockquote>\n<\/li>\n<li>\n<blockquote><p>Siempre imagin\u00e9 que el para\u00edso ser\u00eda alg\u00fan tipo de biblioteca. -Jorge Luis Borges-<\/p><\/blockquote>\n<\/li>\n<\/ol>\n","protected":false},"excerpt":{"rendered":"<p>Es una locura amar a menos que se ame con locura. El amor es corto y el olvido largo. -Pablo Neruda- Disfruta del poder y de la belleza de tu juventud. -El Gran Kahuna- Cualquiera que haya amado tiene una cicatriz -Mussel- El amor es como un rayo, no se sabe donde cae, hasta que [&hellip;]<\/p>\n","protected":false},"author":8800,"featured_media":0,"parent":0,"menu_order":0,"comment_status":"open","ping_status":"open","template":"","meta":{"footnotes":""},"class_list":["post-132","page","type-page","status-publish","hentry"],"_links":{"self":[{"href":"https:\/\/blog.espol.edu.ec\/kiamvera\/wp-json\/wp\/v2\/pages\/132","targetHints":{"allow":["GET"]}}],"collection":[{"href":"https:\/\/blog.espol.edu.ec\/kiamvera\/wp-json\/wp\/v2\/pages"}],"about":[{"href":"https:\/\/blog.espol.edu.ec\/kiamvera\/wp-json\/wp\/v2\/types\/page"}],"author":[{"embeddable":true,"href":"https:\/\/blog.espol.edu.ec\/kiamvera\/wp-json\/wp\/v2\/users\/8800"}],"replies":[{"embeddable":true,"href":"https:\/\/blog.espol.edu.ec\/kiamvera\/wp-json\/wp\/v2\/comments?post=132"}],"version-history":[{"count":2,"href":"https:\/\/blog.espol.edu.ec\/kiamvera\/wp-json\/wp\/v2\/pages\/132\/revisions"}],"predecessor-version":[{"id":134,"href":"https:\/\/blog.espol.edu.ec\/kiamvera\/wp-json\/wp\/v2\/pages\/132\/revisions\/134"}],"wp:attachment":[{"href":"https:\/\/blog.espol.edu.ec\/kiamvera\/wp-json\/wp\/v2\/media?parent=132"}],"curies":[{"name":"wp","href":"https:\/\/api.w.org\/{rel}","templated":true}]}}