{"id":29,"date":"2013-11-24T21:48:13","date_gmt":"2013-11-24T21:48:13","guid":{"rendered":"http:\/\/blog.espol.edu.ec\/kiamvera\/?page_id=29"},"modified":"2013-11-24T21:49:17","modified_gmt":"2013-11-24T21:49:17","slug":"el-aquel-antes-de-hoy","status":"publish","type":"page","link":"https:\/\/blog.espol.edu.ec\/kiamvera\/el-aquel-antes-de-hoy\/","title":{"rendered":"El aquel antes de hoy"},"content":{"rendered":"<p>La vida pre-polit\u00e9cnica trajo consigo muchos momentos de alegr\u00edas, nostalgias, vivencias \u00fanicas, recuerdos inolvidables y amistades incomparables.<\/p>\n<div id=\"attachment_30\" style=\"width: 618px\" class=\"wp-caption aligncenter\"><a href=\"http:\/\/blog.espol.edu.ec\/kiamvera\/files\/2013\/11\/SAM_2283.jpg\"><img loading=\"lazy\" decoding=\"async\" aria-describedby=\"caption-attachment-30\" class=\" wp-image-30    \" alt=\"Con uds no importa el lugar...siempre las sonrisas siguen :D\" src=\"http:\/\/blog.espol.edu.ec\/kiamvera\/files\/2013\/11\/SAM_2283.jpg\" width=\"608\" height=\"456\" srcset=\"https:\/\/blog.espol.edu.ec\/kiamvera\/files\/2013\/11\/SAM_2283.jpg 3520w, https:\/\/blog.espol.edu.ec\/kiamvera\/files\/2013\/11\/SAM_2283-300x224.jpg 300w, https:\/\/blog.espol.edu.ec\/kiamvera\/files\/2013\/11\/SAM_2283-1024x768.jpg 1024w\" sizes=\"auto, (max-width: 608px) 100vw, 608px\" \/><\/a><p id=\"caption-attachment-30\" class=\"wp-caption-text\">Con uds no importa el lugar...siempre las sonrisas siguen \ud83d\ude00<\/p><\/div>\n<p>Vivir muchas experiencias y en ambiente bastante relajante, un poco impredecible algunos d\u00edas pero simplemente hermoso si se observaba bien.<\/p>\n<div id=\"attachment_32\" style=\"width: 526px\" class=\"wp-caption aligncenter\"><a href=\"http:\/\/blog.espol.edu.ec\/kiamvera\/files\/2013\/11\/Foto2044.jpg\"><img loading=\"lazy\" decoding=\"async\" aria-describedby=\"caption-attachment-32\" class=\" wp-image-32   \" alt=\"Una tarde de salida \" src=\"http:\/\/blog.espol.edu.ec\/kiamvera\/files\/2013\/11\/Foto2044.jpg\" width=\"516\" height=\"387\" srcset=\"https:\/\/blog.espol.edu.ec\/kiamvera\/files\/2013\/11\/Foto2044.jpg 2048w, https:\/\/blog.espol.edu.ec\/kiamvera\/files\/2013\/11\/Foto2044-300x225.jpg 300w, https:\/\/blog.espol.edu.ec\/kiamvera\/files\/2013\/11\/Foto2044-1024x768.jpg 1024w\" sizes=\"auto, (max-width: 516px) 100vw, 516px\" \/><\/a><p id=\"caption-attachment-32\" class=\"wp-caption-text\">Una tarde de salida<\/p><\/div>\n<p>Un aquel pre-polit\u00e9cnico que lleva a una vida polit\u00e9cnica tranquila y amena si esta esta rodeada de pensamientos positivos y de entusiasmo con lo que te propones y con lo que las personas a tu alrededor te transmiten.<\/p>\n<blockquote><p>Un polit\u00e9cnico no es inteligente, porque todos somos inteligentes; un polit\u00e9cnico se caracteriza por ser una persona dedicada. -C.V.C-<\/p>\n<p>&nbsp;<\/p><\/blockquote>\n","protected":false},"excerpt":{"rendered":"<p>La vida pre-polit\u00e9cnica trajo consigo muchos momentos de alegr\u00edas, nostalgias, vivencias \u00fanicas, recuerdos inolvidables y amistades incomparables. Vivir muchas experiencias y en ambiente bastante relajante, un poco impredecible algunos d\u00edas pero simplemente hermoso si se observaba bien. Un aquel pre-polit\u00e9cnico que lleva a una vida polit\u00e9cnica tranquila y amena si esta esta rodeada de pensamientos [&hellip;]<\/p>\n","protected":false},"author":8800,"featured_media":0,"parent":0,"menu_order":0,"comment_status":"open","ping_status":"open","template":"","meta":{"footnotes":""},"class_list":["post-29","page","type-page","status-publish","hentry"],"_links":{"self":[{"href":"https:\/\/blog.espol.edu.ec\/kiamvera\/wp-json\/wp\/v2\/pages\/29","targetHints":{"allow":["GET"]}}],"collection":[{"href":"https:\/\/blog.espol.edu.ec\/kiamvera\/wp-json\/wp\/v2\/pages"}],"about":[{"href":"https:\/\/blog.espol.edu.ec\/kiamvera\/wp-json\/wp\/v2\/types\/page"}],"author":[{"embeddable":true,"href":"https:\/\/blog.espol.edu.ec\/kiamvera\/wp-json\/wp\/v2\/users\/8800"}],"replies":[{"embeddable":true,"href":"https:\/\/blog.espol.edu.ec\/kiamvera\/wp-json\/wp\/v2\/comments?post=29"}],"version-history":[{"count":5,"href":"https:\/\/blog.espol.edu.ec\/kiamvera\/wp-json\/wp\/v2\/pages\/29\/revisions"}],"predecessor-version":[{"id":36,"href":"https:\/\/blog.espol.edu.ec\/kiamvera\/wp-json\/wp\/v2\/pages\/29\/revisions\/36"}],"wp:attachment":[{"href":"https:\/\/blog.espol.edu.ec\/kiamvera\/wp-json\/wp\/v2\/media?parent=29"}],"curies":[{"name":"wp","href":"https:\/\/api.w.org\/{rel}","templated":true}]}}