{"id":37,"date":"2013-11-24T22:06:56","date_gmt":"2013-11-24T22:06:56","guid":{"rendered":"http:\/\/blog.espol.edu.ec\/kiamvera\/?page_id=37"},"modified":"2013-11-24T21:25:15","modified_gmt":"2013-11-25T00:55:15","slug":"una-dedicada-por-ti","status":"publish","type":"page","link":"https:\/\/blog.espol.edu.ec\/kiamvera\/una-dedicada-por-ti\/","title":{"rendered":"Una dedicada por ti"},"content":{"rendered":"<p style=\"text-align: center\">Decirte que te amo se me queda peque\u00f1o, alguien deber\u00eda inventar nuevas palabras para definir mis sentimientos de entrega, de devoci\u00f3n, de admiraci\u00f3n, de necesitarte cada segundo. Eso siento y m\u00e1s. Te digo que te amo, pero ya lo sabes, quiz\u00e1s de tanto repet\u00edrtelo se desvirt\u00faan las palabras, pero no, cada vez que te lo digo es porque mi amor por ti ha aumentado. Quiero que lo sepas, no te amo en pasado, no te amo en presente, ni te amo en futuro, es un amor sin tiempo, tampoco tiene distancias, es simplemente amor puro, cargado de ilusiones, lleno de promesas que no deben cumplirse porque ya se cumplieron todas al conocerte. Te amo, como dos palabras que forman una sonrisa en tus labios, como dos cielos llenos de colores reflejados en tus ojos, como dos palabras infinitas que no deben dejar de sentirse. Amarte en realidad es un Sue\u00f1o, desconozco si te merezco, al menos lucho por merecerte, es un regalo que cualquier persona deber\u00eda recibir, pero que s\u00f3lo tengo yo. Por dejarme amarte te doy las gracias y te ofrezco mil a\u00f1os de amor que condenso en este beso que te entrego desde el fondo de mi mismo.<\/p>\n<p><a href=\"http:\/\/blog.espol.edu.ec\/kiamvera\/files\/2013\/11\/1385514_517831251641540_156465117_n.jpg\"><img loading=\"lazy\" decoding=\"async\" class=\"aligncenter size-full wp-image-38\" alt=\"1385514_517831251641540_156465117_n\" src=\"http:\/\/blog.espol.edu.ec\/kiamvera\/files\/2013\/11\/1385514_517831251641540_156465117_n.jpg\" width=\"533\" height=\"374\" srcset=\"https:\/\/blog.espol.edu.ec\/kiamvera\/files\/2013\/11\/1385514_517831251641540_156465117_n.jpg 533w, https:\/\/blog.espol.edu.ec\/kiamvera\/files\/2013\/11\/1385514_517831251641540_156465117_n-300x210.jpg 300w\" sizes=\"auto, (max-width: 533px) 100vw, 533px\" \/><\/a><\/p>\n<p style=\"text-align: center\">Verte sonre\u00edr es una sensaci\u00f3n indescriptible, es como si miles de fuegos artificiales explotaran ante mis ojos, como si se cayera un pedazo de cielo en forma de ser alado, como si de repente todos los problemas del mundo dejaran de existir y solo qued\u00e1ramos t\u00fa y yo, el uno frente al otro, suspendidos en el tiempo y mir\u00e1ndonos a los ojos. Tu cautivadora sonrisa me atrap\u00f3 desde el momento en que te vi, y supe con certeza que desde aquel preciso instante har\u00eda lo imposible por tenerte a mi lado, por tener el enorme privilegio de ser la raz\u00f3n de tus sonrisas y de tu felicidad. Ha pasado el tiempo y mi sue\u00f1o se ha hecho realidad, sentirte cerca llena mi interior hasta l\u00edmites antes desconocidos para m\u00ed, y no puedo evitar so\u00f1arte despierto a cada momento. Si en alg\u00fan momento flaqueo, te da\u00f1o o te decepciono, te regalo esta carta para que puedas recordarme que no tengo otro anhelo, otro objetivo, otra meta que hacerte sincera y completamente feliz.<\/p>\n<blockquote>\n<p style=\"text-align: center\">El tiempo es mi mejor aliado, aquel que cura heridas y no borra sentimientos. -josuverl-<\/p>\n<\/blockquote>\n","protected":false},"excerpt":{"rendered":"<p>Decirte que te amo se me queda peque\u00f1o, alguien deber\u00eda inventar nuevas palabras para definir mis sentimientos de entrega, de devoci\u00f3n, de admiraci\u00f3n, de necesitarte cada segundo. Eso siento y m\u00e1s. Te digo que te amo, pero ya lo sabes, quiz\u00e1s de tanto repet\u00edrtelo se desvirt\u00faan las palabras, pero no, cada vez que te lo [&hellip;]<\/p>\n","protected":false},"author":8800,"featured_media":0,"parent":0,"menu_order":0,"comment_status":"open","ping_status":"open","template":"","meta":{"footnotes":""},"class_list":["post-37","page","type-page","status-publish","hentry"],"_links":{"self":[{"href":"https:\/\/blog.espol.edu.ec\/kiamvera\/wp-json\/wp\/v2\/pages\/37","targetHints":{"allow":["GET"]}}],"collection":[{"href":"https:\/\/blog.espol.edu.ec\/kiamvera\/wp-json\/wp\/v2\/pages"}],"about":[{"href":"https:\/\/blog.espol.edu.ec\/kiamvera\/wp-json\/wp\/v2\/types\/page"}],"author":[{"embeddable":true,"href":"https:\/\/blog.espol.edu.ec\/kiamvera\/wp-json\/wp\/v2\/users\/8800"}],"replies":[{"embeddable":true,"href":"https:\/\/blog.espol.edu.ec\/kiamvera\/wp-json\/wp\/v2\/comments?post=37"}],"version-history":[{"count":5,"href":"https:\/\/blog.espol.edu.ec\/kiamvera\/wp-json\/wp\/v2\/pages\/37\/revisions"}],"predecessor-version":[{"id":69,"href":"https:\/\/blog.espol.edu.ec\/kiamvera\/wp-json\/wp\/v2\/pages\/37\/revisions\/69"}],"wp:attachment":[{"href":"https:\/\/blog.espol.edu.ec\/kiamvera\/wp-json\/wp\/v2\/media?parent=37"}],"curies":[{"name":"wp","href":"https:\/\/api.w.org\/{rel}","templated":true}]}}