{"id":72,"date":"2013-11-24T22:59:13","date_gmt":"2013-11-25T02:29:13","guid":{"rendered":"http:\/\/blog.espol.edu.ec\/kiamvera\/?page_id=72"},"modified":"2013-11-24T22:59:13","modified_gmt":"2013-11-25T02:29:13","slug":"reflexiones","status":"publish","type":"page","link":"https:\/\/blog.espol.edu.ec\/kiamvera\/reflexiones\/","title":{"rendered":"Reflexiones"},"content":{"rendered":"<p><iframe loading=\"lazy\" src=\"\/\/www.youtube.com\/embed\/4YbBs-XEUUU\" height=\"360\" width=\"480\" allowfullscreen=\"\" frameborder=\"0\"><\/iframe><\/p>\n<p>\u00bfQu\u00e9 es una reflexi\u00f3n para ti?<\/p>\n<p>Aqu\u00ed les dejo unas pocas frases espero les gusten \ud83d\ude00 \ud83d\ude09<\/p>\n<div id=\"attachment_75\" style=\"width: 509px\" class=\"wp-caption aligncenter\"><a href=\"http:\/\/blog.espol.edu.ec\/kiamvera\/files\/2013\/11\/602305_10151994983136211_822516329_n.jpg\"><img loading=\"lazy\" decoding=\"async\" aria-describedby=\"caption-attachment-75\" class=\"size-full wp-image-75\" alt=\"Asumimos (falsamente) que como nos sentimos ahora es como nos sentiremos en el futuro.\" src=\"http:\/\/blog.espol.edu.ec\/kiamvera\/files\/2013\/11\/602305_10151994983136211_822516329_n.jpg\" width=\"499\" height=\"499\" srcset=\"https:\/\/blog.espol.edu.ec\/kiamvera\/files\/2013\/11\/602305_10151994983136211_822516329_n.jpg 499w, https:\/\/blog.espol.edu.ec\/kiamvera\/files\/2013\/11\/602305_10151994983136211_822516329_n-150x150.jpg 150w, https:\/\/blog.espol.edu.ec\/kiamvera\/files\/2013\/11\/602305_10151994983136211_822516329_n-300x300.jpg 300w\" sizes=\"auto, (max-width: 499px) 100vw, 499px\" \/><\/a><p id=\"caption-attachment-75\" class=\"wp-caption-text\">Asumimos (falsamente) que como nos sentimos ahora es como nos sentiremos en el futuro.<\/p><\/div>\n<p><a href=\"http:\/\/blog.espol.edu.ec\/kiamvera\/files\/2013\/11\/1463095_10151998618916211_797406810_n.jpg\"><img loading=\"lazy\" decoding=\"async\" class=\"aligncenter size-full wp-image-88\" alt=\"1463095_10151998618916211_797406810_n\" src=\"http:\/\/blog.espol.edu.ec\/kiamvera\/files\/2013\/11\/1463095_10151998618916211_797406810_n.jpg\" width=\"500\" height=\"500\" srcset=\"https:\/\/blog.espol.edu.ec\/kiamvera\/files\/2013\/11\/1463095_10151998618916211_797406810_n.jpg 500w, https:\/\/blog.espol.edu.ec\/kiamvera\/files\/2013\/11\/1463095_10151998618916211_797406810_n-150x150.jpg 150w, https:\/\/blog.espol.edu.ec\/kiamvera\/files\/2013\/11\/1463095_10151998618916211_797406810_n-300x300.jpg 300w\" sizes=\"auto, (max-width: 500px) 100vw, 500px\" \/><\/a><\/p>\n<p><a href=\"http:\/\/blog.espol.edu.ec\/kiamvera\/files\/2013\/11\/1461598_10151983552891211_163710581_n.jpg\"><img loading=\"lazy\" decoding=\"async\" class=\"aligncenter size-full wp-image-87\" alt=\"1461598_10151983552891211_163710581_n\" src=\"http:\/\/blog.espol.edu.ec\/kiamvera\/files\/2013\/11\/1461598_10151983552891211_163710581_n.jpg\" width=\"500\" height=\"500\" srcset=\"https:\/\/blog.espol.edu.ec\/kiamvera\/files\/2013\/11\/1461598_10151983552891211_163710581_n.jpg 500w, https:\/\/blog.espol.edu.ec\/kiamvera\/files\/2013\/11\/1461598_10151983552891211_163710581_n-150x150.jpg 150w, https:\/\/blog.espol.edu.ec\/kiamvera\/files\/2013\/11\/1461598_10151983552891211_163710581_n-300x300.jpg 300w\" sizes=\"auto, (max-width: 500px) 100vw, 500px\" \/><\/a><\/p>\n<p><a href=\"http:\/\/blog.espol.edu.ec\/kiamvera\/files\/2013\/11\/1483922_10200790206908101_825149977_n.jpg\"><img loading=\"lazy\" decoding=\"async\" class=\"aligncenter size-full wp-image-93\" alt=\"1483922_10200790206908101_825149977_n\" src=\"http:\/\/blog.espol.edu.ec\/kiamvera\/files\/2013\/11\/1483922_10200790206908101_825149977_n.jpg\" width=\"400\" height=\"338\" srcset=\"https:\/\/blog.espol.edu.ec\/kiamvera\/files\/2013\/11\/1483922_10200790206908101_825149977_n.jpg 400w, https:\/\/blog.espol.edu.ec\/kiamvera\/files\/2013\/11\/1483922_10200790206908101_825149977_n-300x253.jpg 300w\" sizes=\"auto, (max-width: 400px) 100vw, 400px\" \/><\/a><\/p>\n<p><a href=\"http:\/\/blog.espol.edu.ec\/kiamvera\/files\/2013\/11\/1478967_10151987854976211_291317317_n.jpg\"><img loading=\"lazy\" decoding=\"async\" class=\"wp-image-92 alignright\" alt=\"1478967_10151987854976211_291317317_n\" src=\"http:\/\/blog.espol.edu.ec\/kiamvera\/files\/2013\/11\/1478967_10151987854976211_291317317_n.jpg\" width=\"450\" height=\"450\" srcset=\"https:\/\/blog.espol.edu.ec\/kiamvera\/files\/2013\/11\/1478967_10151987854976211_291317317_n.jpg 500w, https:\/\/blog.espol.edu.ec\/kiamvera\/files\/2013\/11\/1478967_10151987854976211_291317317_n-150x150.jpg 150w, https:\/\/blog.espol.edu.ec\/kiamvera\/files\/2013\/11\/1478967_10151987854976211_291317317_n-300x300.jpg 300w\" sizes=\"auto, (max-width: 450px) 100vw, 450px\" \/><\/a><\/p>\n<p>&nbsp;<\/p>\n<p>&nbsp;<\/p>\n<p>&nbsp;<\/p>\n<p style=\"text-align: center\">\n<p style=\"text-align: center\"><a href=\"http:\/\/blog.espol.edu.ec\/kiamvera\/files\/2013\/11\/1472797_10151988636491211_924048839_n.jpg\"><img loading=\"lazy\" decoding=\"async\" class=\"aligncenter  wp-image-90\" alt=\"1472797_10151988636491211_924048839_n\" src=\"http:\/\/blog.espol.edu.ec\/kiamvera\/files\/2013\/11\/1472797_10151988636491211_924048839_n.jpg\" width=\"420\" height=\"420\" srcset=\"https:\/\/blog.espol.edu.ec\/kiamvera\/files\/2013\/11\/1472797_10151988636491211_924048839_n.jpg 700w, https:\/\/blog.espol.edu.ec\/kiamvera\/files\/2013\/11\/1472797_10151988636491211_924048839_n-150x150.jpg 150w, https:\/\/blog.espol.edu.ec\/kiamvera\/files\/2013\/11\/1472797_10151988636491211_924048839_n-300x300.jpg 300w\" sizes=\"auto, (max-width: 420px) 100vw, 420px\" \/><\/a><\/p>\n<p style=\"text-align: center\"><a href=\"http:\/\/blog.espol.edu.ec\/kiamvera\/files\/2013\/11\/1465222_10151993603201211_1680717109_n.jpg\"><img loading=\"lazy\" decoding=\"async\" class=\"aligncenter size-full wp-image-89\" alt=\"1465222_10151993603201211_1680717109_n\" src=\"http:\/\/blog.espol.edu.ec\/kiamvera\/files\/2013\/11\/1465222_10151993603201211_1680717109_n.jpg\" width=\"400\" height=\"400\" srcset=\"https:\/\/blog.espol.edu.ec\/kiamvera\/files\/2013\/11\/1465222_10151993603201211_1680717109_n.jpg 400w, https:\/\/blog.espol.edu.ec\/kiamvera\/files\/2013\/11\/1465222_10151993603201211_1680717109_n-150x150.jpg 150w, https:\/\/blog.espol.edu.ec\/kiamvera\/files\/2013\/11\/1465222_10151993603201211_1680717109_n-300x300.jpg 300w\" sizes=\"auto, (max-width: 400px) 100vw, 400px\" \/><\/a><\/p>\n<p style=\"text-align: center\"><a href=\"http:\/\/blog.espol.edu.ec\/kiamvera\/files\/2013\/11\/1459760_10151991092881211_907966704_n.jpg\"><img loading=\"lazy\" decoding=\"async\" class=\"aligncenter  wp-image-84\" alt=\"1459760_10151991092881211_907966704_n\" src=\"http:\/\/blog.espol.edu.ec\/kiamvera\/files\/2013\/11\/1459760_10151991092881211_907966704_n.jpg\" width=\"405\" height=\"405\" srcset=\"https:\/\/blog.espol.edu.ec\/kiamvera\/files\/2013\/11\/1459760_10151991092881211_907966704_n.jpg 450w, https:\/\/blog.espol.edu.ec\/kiamvera\/files\/2013\/11\/1459760_10151991092881211_907966704_n-150x150.jpg 150w, https:\/\/blog.espol.edu.ec\/kiamvera\/files\/2013\/11\/1459760_10151991092881211_907966704_n-300x300.jpg 300w\" sizes=\"auto, (max-width: 405px) 100vw, 405px\" \/><\/a><\/p>\n<p style=\"text-align: center\"><a href=\"http:\/\/blog.espol.edu.ec\/kiamvera\/files\/2013\/11\/1460259_10151995166026211_1059581687_n.jpg\"><img loading=\"lazy\" decoding=\"async\" class=\"aligncenter size-full wp-image-85\" alt=\"1460259_10151995166026211_1059581687_n\" src=\"http:\/\/blog.espol.edu.ec\/kiamvera\/files\/2013\/11\/1460259_10151995166026211_1059581687_n.jpg\" width=\"400\" height=\"400\" srcset=\"https:\/\/blog.espol.edu.ec\/kiamvera\/files\/2013\/11\/1460259_10151995166026211_1059581687_n.jpg 400w, https:\/\/blog.espol.edu.ec\/kiamvera\/files\/2013\/11\/1460259_10151995166026211_1059581687_n-150x150.jpg 150w, https:\/\/blog.espol.edu.ec\/kiamvera\/files\/2013\/11\/1460259_10151995166026211_1059581687_n-300x300.jpg 300w\" sizes=\"auto, (max-width: 400px) 100vw, 400px\" \/><\/a><\/p>\n<p style=\"text-align: center\"><a href=\"http:\/\/blog.espol.edu.ec\/kiamvera\/files\/2013\/11\/1461082_10151997703826211_260075427_n.jpg\"><img loading=\"lazy\" decoding=\"async\" class=\"aligncenter size-full wp-image-86\" alt=\"1461082_10151997703826211_260075427_n\" src=\"http:\/\/blog.espol.edu.ec\/kiamvera\/files\/2013\/11\/1461082_10151997703826211_260075427_n.jpg\" width=\"400\" height=\"400\" srcset=\"https:\/\/blog.espol.edu.ec\/kiamvera\/files\/2013\/11\/1461082_10151997703826211_260075427_n.jpg 400w, https:\/\/blog.espol.edu.ec\/kiamvera\/files\/2013\/11\/1461082_10151997703826211_260075427_n-150x150.jpg 150w, https:\/\/blog.espol.edu.ec\/kiamvera\/files\/2013\/11\/1461082_10151997703826211_260075427_n-300x300.jpg 300w\" sizes=\"auto, (max-width: 400px) 100vw, 400px\" \/><\/a><\/p>\n<p style=\"text-align: center\"><a href=\"http:\/\/blog.espol.edu.ec\/kiamvera\/files\/2013\/11\/reflexiones-5.jpg\"><img loading=\"lazy\" decoding=\"async\" class=\"aligncenter  wp-image-108\" alt=\"reflexiones-5\" src=\"http:\/\/blog.espol.edu.ec\/kiamvera\/files\/2013\/11\/reflexiones-5.jpg\" width=\"534\" height=\"371\" srcset=\"https:\/\/blog.espol.edu.ec\/kiamvera\/files\/2013\/11\/reflexiones-5.jpg 1484w, https:\/\/blog.espol.edu.ec\/kiamvera\/files\/2013\/11\/reflexiones-5-300x208.jpg 300w, https:\/\/blog.espol.edu.ec\/kiamvera\/files\/2013\/11\/reflexiones-5-1024x712.jpg 1024w\" sizes=\"auto, (max-width: 534px) 100vw, 534px\" \/><\/a><\/p>\n<p style=\"text-align: center\"><a href=\"http:\/\/blog.espol.edu.ec\/kiamvera\/files\/2013\/11\/Reflexiones-de-Albert-Einstein.jpg\"><img loading=\"lazy\" decoding=\"async\" class=\"aligncenter  wp-image-107\" alt=\"Reflexiones de  Albert Einstein\" src=\"http:\/\/blog.espol.edu.ec\/kiamvera\/files\/2013\/11\/Reflexiones-de-Albert-Einstein.jpg\" width=\"672\" height=\"414\" srcset=\"https:\/\/blog.espol.edu.ec\/kiamvera\/files\/2013\/11\/Reflexiones-de-Albert-Einstein.jpg 1600w, https:\/\/blog.espol.edu.ec\/kiamvera\/files\/2013\/11\/Reflexiones-de-Albert-Einstein-300x185.jpg 300w, https:\/\/blog.espol.edu.ec\/kiamvera\/files\/2013\/11\/Reflexiones-de-Albert-Einstein-1024x631.jpg 1024w\" sizes=\"auto, (max-width: 672px) 100vw, 672px\" \/><\/a><\/p>\n<p style=\"text-align: center\">\n<p style=\"text-align: center\"><a href=\"http:\/\/blog.espol.edu.ec\/kiamvera\/files\/2013\/11\/palabras-y-sentimientos.jpg\"><img loading=\"lazy\" decoding=\"async\" class=\"aligncenter  wp-image-105\" alt=\"palabras-y-sentimientos\" src=\"http:\/\/blog.espol.edu.ec\/kiamvera\/files\/2013\/11\/palabras-y-sentimientos.jpg\" width=\"403\" height=\"403\" srcset=\"https:\/\/blog.espol.edu.ec\/kiamvera\/files\/2013\/11\/palabras-y-sentimientos.jpg 960w, https:\/\/blog.espol.edu.ec\/kiamvera\/files\/2013\/11\/palabras-y-sentimientos-150x150.jpg 150w, https:\/\/blog.espol.edu.ec\/kiamvera\/files\/2013\/11\/palabras-y-sentimientos-300x300.jpg 300w\" sizes=\"auto, (max-width: 403px) 100vw, 403px\" \/><\/a><\/p>\n<p style=\"text-align: center\"><a href=\"http:\/\/blog.espol.edu.ec\/kiamvera\/files\/2013\/11\/palabras.jpg\"><img loading=\"lazy\" decoding=\"async\" class=\"aligncenter  wp-image-104\" alt=\"palabras\" src=\"http:\/\/blog.espol.edu.ec\/kiamvera\/files\/2013\/11\/palabras.jpg\" width=\"576\" height=\"432\" srcset=\"https:\/\/blog.espol.edu.ec\/kiamvera\/files\/2013\/11\/palabras.jpg 1600w, https:\/\/blog.espol.edu.ec\/kiamvera\/files\/2013\/11\/palabras-300x225.jpg 300w, https:\/\/blog.espol.edu.ec\/kiamvera\/files\/2013\/11\/palabras-1024x768.jpg 1024w\" sizes=\"auto, (max-width: 576px) 100vw, 576px\" \/><\/a><\/p>\n<p style=\"text-align: center\"><a href=\"http:\/\/blog.espol.edu.ec\/kiamvera\/files\/2013\/11\/frases-de-buda.jpg\"><img loading=\"lazy\" decoding=\"async\" class=\"aligncenter size-full wp-image-99\" alt=\"frases-de-buda\" src=\"http:\/\/blog.espol.edu.ec\/kiamvera\/files\/2013\/11\/frases-de-buda.jpg\" width=\"465\" height=\"421\" srcset=\"https:\/\/blog.espol.edu.ec\/kiamvera\/files\/2013\/11\/frases-de-buda.jpg 465w, https:\/\/blog.espol.edu.ec\/kiamvera\/files\/2013\/11\/frases-de-buda-300x271.jpg 300w\" sizes=\"auto, (max-width: 465px) 100vw, 465px\" \/><\/a><\/p>\n<p style=\"text-align: center\"><a href=\"http:\/\/blog.espol.edu.ec\/kiamvera\/files\/2013\/11\/Frases-de-motivacion-en-ingles.jpg\"><img loading=\"lazy\" decoding=\"async\" class=\"aligncenter size-full wp-image-100\" alt=\"Frases-de-motivacion-en-ingles\" src=\"http:\/\/blog.espol.edu.ec\/kiamvera\/files\/2013\/11\/Frases-de-motivacion-en-ingles.jpg\" width=\"500\" height=\"410\" srcset=\"https:\/\/blog.espol.edu.ec\/kiamvera\/files\/2013\/11\/Frases-de-motivacion-en-ingles.jpg 500w, https:\/\/blog.espol.edu.ec\/kiamvera\/files\/2013\/11\/Frases-de-motivacion-en-ingles-300x246.jpg 300w\" sizes=\"auto, (max-width: 500px) 100vw, 500px\" \/><\/a><\/p>\n<p style=\"text-align: center\"><a href=\"http:\/\/blog.espol.edu.ec\/kiamvera\/files\/2013\/11\/frases-de-reflexion.jpg\"><img loading=\"lazy\" decoding=\"async\" class=\"aligncenter size-full wp-image-101\" alt=\"frases-de-reflexion\" src=\"http:\/\/blog.espol.edu.ec\/kiamvera\/files\/2013\/11\/frases-de-reflexion.jpg\" width=\"600\" height=\"500\" srcset=\"https:\/\/blog.espol.edu.ec\/kiamvera\/files\/2013\/11\/frases-de-reflexion.jpg 600w, https:\/\/blog.espol.edu.ec\/kiamvera\/files\/2013\/11\/frases-de-reflexion-300x250.jpg 300w\" sizes=\"auto, (max-width: 600px) 100vw, 600px\" \/><\/a><\/p>\n<p><a href=\"http:\/\/blog.espol.edu.ec\/kiamvera\/files\/2013\/11\/images-1.jpg\"><img loading=\"lazy\" decoding=\"async\" class=\"size-full wp-image-102 alignleft\" alt=\"images (1)\" src=\"http:\/\/blog.espol.edu.ec\/kiamvera\/files\/2013\/11\/images-1.jpg\" width=\"256\" height=\"197\" \/><\/a> <a href=\"http:\/\/blog.espol.edu.ec\/kiamvera\/files\/2013\/11\/images1.jpg\"><img loading=\"lazy\" decoding=\"async\" class=\"size-full wp-image-103 alignright\" alt=\"images\" src=\"http:\/\/blog.espol.edu.ec\/kiamvera\/files\/2013\/11\/images1.jpg\" width=\"246\" height=\"205\" \/><\/a><\/p>\n<p>&nbsp;<\/p>\n<p style=\"text-align: center\"><a href=\"http:\/\/blog.espol.edu.ec\/kiamvera\/files\/2013\/11\/frases_de_reflexion_raiz_amarga.jpg\"><img loading=\"lazy\" decoding=\"async\" class=\"wp-image-98 aligncenter\" alt=\"frases_de_reflexion_raiz_amarga\" src=\"http:\/\/blog.espol.edu.ec\/kiamvera\/files\/2013\/11\/frases_de_reflexion_raiz_amarga.jpg\" width=\"480\" height=\"400\" srcset=\"https:\/\/blog.espol.edu.ec\/kiamvera\/files\/2013\/11\/frases_de_reflexion_raiz_amarga.jpg 600w, https:\/\/blog.espol.edu.ec\/kiamvera\/files\/2013\/11\/frases_de_reflexion_raiz_amarga-300x250.jpg 300w\" sizes=\"auto, (max-width: 480px) 100vw, 480px\" \/><\/a><\/p>\n<p><a href=\"http:\/\/blog.espol.edu.ec\/kiamvera\/files\/2013\/11\/frase-reflexion-tiempo-ensena.jpg\"><img loading=\"lazy\" decoding=\"async\" class=\"aligncenter size-full wp-image-97\" alt=\"frase-reflexion-tiempo-ensena\" src=\"http:\/\/blog.espol.edu.ec\/kiamvera\/files\/2013\/11\/frase-reflexion-tiempo-ensena.jpg\" width=\"637\" height=\"640\" srcset=\"https:\/\/blog.espol.edu.ec\/kiamvera\/files\/2013\/11\/frase-reflexion-tiempo-ensena.jpg 637w, https:\/\/blog.espol.edu.ec\/kiamvera\/files\/2013\/11\/frase-reflexion-tiempo-ensena-150x150.jpg 150w, https:\/\/blog.espol.edu.ec\/kiamvera\/files\/2013\/11\/frase-reflexion-tiempo-ensena-298x300.jpg 298w\" sizes=\"auto, (max-width: 637px) 100vw, 637px\" \/><\/a> <a href=\"http:\/\/blog.espol.edu.ec\/kiamvera\/files\/2013\/11\/frase-de-reflexion.jpg\"><img loading=\"lazy\" decoding=\"async\" class=\"aligncenter size-full wp-image-96\" alt=\"frase-de-reflexion\" src=\"http:\/\/blog.espol.edu.ec\/kiamvera\/files\/2013\/11\/frase-de-reflexion.jpg\" width=\"480\" height=\"381\" srcset=\"https:\/\/blog.espol.edu.ec\/kiamvera\/files\/2013\/11\/frase-de-reflexion.jpg 480w, https:\/\/blog.espol.edu.ec\/kiamvera\/files\/2013\/11\/frase-de-reflexion-300x238.jpg 300w\" sizes=\"auto, (max-width: 480px) 100vw, 480px\" \/><\/a> <a href=\"http:\/\/blog.espol.edu.ec\/kiamvera\/files\/2013\/11\/c9cd6__elhombrequeseatreveadesperdiciar.jpg\"><img loading=\"lazy\" decoding=\"async\" class=\"aligncenter size-full wp-image-95\" alt=\"c9cd6__elhombrequeseatreveadesperdiciar\" src=\"http:\/\/blog.espol.edu.ec\/kiamvera\/files\/2013\/11\/c9cd6__elhombrequeseatreveadesperdiciar.jpg\" width=\"500\" height=\"575\" srcset=\"https:\/\/blog.espol.edu.ec\/kiamvera\/files\/2013\/11\/c9cd6__elhombrequeseatreveadesperdiciar.jpg 500w, https:\/\/blog.espol.edu.ec\/kiamvera\/files\/2013\/11\/c9cd6__elhombrequeseatreveadesperdiciar-260x300.jpg 260w\" sizes=\"auto, (max-width: 500px) 100vw, 500px\" \/><\/a><\/p>\n<p><a href=\"http:\/\/blog.espol.edu.ec\/kiamvera\/files\/2013\/11\/1346963813-c53e3bc677d2375c4839de3f1d542ee0.jpg\"><img loading=\"lazy\" decoding=\"async\" class=\"aligncenter size-full wp-image-94\" alt=\"1346963813-c53e3bc677d2375c4839de3f1d542ee0\" src=\"http:\/\/blog.espol.edu.ec\/kiamvera\/files\/2013\/11\/1346963813-c53e3bc677d2375c4839de3f1d542ee0.jpg\" width=\"500\" height=\"434\" srcset=\"https:\/\/blog.espol.edu.ec\/kiamvera\/files\/2013\/11\/1346963813-c53e3bc677d2375c4839de3f1d542ee0.jpg 500w, https:\/\/blog.espol.edu.ec\/kiamvera\/files\/2013\/11\/1346963813-c53e3bc677d2375c4839de3f1d542ee0-300x260.jpg 300w\" sizes=\"auto, (max-width: 500px) 100vw, 500px\" \/><\/a> <a href=\"http:\/\/blog.espol.edu.ec\/kiamvera\/files\/2013\/11\/1459106_10151995815531211_1783896341_n.jpg\"><img loading=\"lazy\" decoding=\"async\" class=\"aligncenter size-full wp-image-83\" alt=\"1459106_10151995815531211_1783896341_n\" src=\"http:\/\/blog.espol.edu.ec\/kiamvera\/files\/2013\/11\/1459106_10151995815531211_1783896341_n.jpg\" width=\"404\" height=\"403\" srcset=\"https:\/\/blog.espol.edu.ec\/kiamvera\/files\/2013\/11\/1459106_10151995815531211_1783896341_n.jpg 404w, https:\/\/blog.espol.edu.ec\/kiamvera\/files\/2013\/11\/1459106_10151995815531211_1783896341_n-150x150.jpg 150w, https:\/\/blog.espol.edu.ec\/kiamvera\/files\/2013\/11\/1459106_10151995815531211_1783896341_n-300x300.jpg 300w\" sizes=\"auto, (max-width: 404px) 100vw, 404px\" \/><\/a><\/p>\n<p><a href=\"http:\/\/blog.espol.edu.ec\/kiamvera\/files\/2013\/11\/1454804_10151985938421211_745349704_n.jpg\"><img loading=\"lazy\" decoding=\"async\" class=\"aligncenter size-full wp-image-81\" alt=\"1454804_10151985938421211_745349704_n\" src=\"http:\/\/blog.espol.edu.ec\/kiamvera\/files\/2013\/11\/1454804_10151985938421211_745349704_n.jpg\" width=\"400\" height=\"400\" srcset=\"https:\/\/blog.espol.edu.ec\/kiamvera\/files\/2013\/11\/1454804_10151985938421211_745349704_n.jpg 400w, https:\/\/blog.espol.edu.ec\/kiamvera\/files\/2013\/11\/1454804_10151985938421211_745349704_n-150x150.jpg 150w, https:\/\/blog.espol.edu.ec\/kiamvera\/files\/2013\/11\/1454804_10151985938421211_745349704_n-300x300.jpg 300w\" sizes=\"auto, (max-width: 400px) 100vw, 400px\" \/><\/a><\/p>\n<p><a href=\"http:\/\/blog.espol.edu.ec\/kiamvera\/files\/2013\/11\/1452452_10151985208066211_1588508013_n.jpg\"><img loading=\"lazy\" decoding=\"async\" class=\"aligncenter size-full wp-image-79\" alt=\"1452452_10151985208066211_1588508013_n\" src=\"http:\/\/blog.espol.edu.ec\/kiamvera\/files\/2013\/11\/1452452_10151985208066211_1588508013_n.jpg\" width=\"480\" height=\"480\" srcset=\"https:\/\/blog.espol.edu.ec\/kiamvera\/files\/2013\/11\/1452452_10151985208066211_1588508013_n.jpg 480w, https:\/\/blog.espol.edu.ec\/kiamvera\/files\/2013\/11\/1452452_10151985208066211_1588508013_n-150x150.jpg 150w, https:\/\/blog.espol.edu.ec\/kiamvera\/files\/2013\/11\/1452452_10151985208066211_1588508013_n-300x300.jpg 300w\" sizes=\"auto, (max-width: 480px) 100vw, 480px\" \/><\/a><\/p>\n<p><a href=\"http:\/\/blog.espol.edu.ec\/kiamvera\/files\/2013\/11\/1451593_10151990409661211_620201055_n.jpg\"><img loading=\"lazy\" decoding=\"async\" class=\"aligncenter size-full wp-image-77\" alt=\"1451593_10151990409661211_620201055_n\" src=\"http:\/\/blog.espol.edu.ec\/kiamvera\/files\/2013\/11\/1451593_10151990409661211_620201055_n.jpg\" width=\"450\" height=\"450\" srcset=\"https:\/\/blog.espol.edu.ec\/kiamvera\/files\/2013\/11\/1451593_10151990409661211_620201055_n.jpg 450w, https:\/\/blog.espol.edu.ec\/kiamvera\/files\/2013\/11\/1451593_10151990409661211_620201055_n-150x150.jpg 150w, https:\/\/blog.espol.edu.ec\/kiamvera\/files\/2013\/11\/1451593_10151990409661211_620201055_n-300x300.jpg 300w\" sizes=\"auto, (max-width: 450px) 100vw, 450px\" \/><\/a><\/p>\n<p>&nbsp;<\/p>\n<div id=\"attachment_74\" style=\"width: 510px\" class=\"wp-caption aligncenter\"><a href=\"http:\/\/blog.espol.edu.ec\/kiamvera\/files\/2013\/11\/599683_10151996029081211_1418651780_n.jpg\"><img loading=\"lazy\" decoding=\"async\" aria-describedby=\"caption-attachment-74\" class=\"size-full wp-image-74\" alt=\"La \u00fanica manera de salvar nuestros sue\u00f1os es siendo generosos con nosotros mismos.\" src=\"http:\/\/blog.espol.edu.ec\/kiamvera\/files\/2013\/11\/599683_10151996029081211_1418651780_n.jpg\" width=\"500\" height=\"500\" srcset=\"https:\/\/blog.espol.edu.ec\/kiamvera\/files\/2013\/11\/599683_10151996029081211_1418651780_n.jpg 500w, https:\/\/blog.espol.edu.ec\/kiamvera\/files\/2013\/11\/599683_10151996029081211_1418651780_n-150x150.jpg 150w, https:\/\/blog.espol.edu.ec\/kiamvera\/files\/2013\/11\/599683_10151996029081211_1418651780_n-300x300.jpg 300w\" sizes=\"auto, (max-width: 500px) 100vw, 500px\" \/><\/a><p id=\"caption-attachment-74\" class=\"wp-caption-text\">La \u00fanica manera de salvar nuestros sue\u00f1os es siendo generosos con nosotros mismos.<\/p><\/div>\n<p style=\"text-align: center\"><a href=\"http:\/\/blog.espol.edu.ec\/kiamvera\/files\/2013\/11\/sin-nada.jpg\"><img loading=\"lazy\" decoding=\"async\" class=\"aligncenter  wp-image-52\" alt=\"sin nada\" src=\"http:\/\/blog.espol.edu.ec\/kiamvera\/files\/2013\/11\/sin-nada.jpg\" width=\"536\" height=\"460\" srcset=\"https:\/\/blog.espol.edu.ec\/kiamvera\/files\/2013\/11\/sin-nada.jpg 893w, https:\/\/blog.espol.edu.ec\/kiamvera\/files\/2013\/11\/sin-nada-300x257.jpg 300w\" sizes=\"auto, (max-width: 536px) 100vw, 536px\" \/><\/a><\/p>\n<p style=\"text-align: center\"><a href=\"http:\/\/blog.espol.edu.ec\/kiamvera\/files\/2013\/11\/puedes-hacerlo.jpg\"><img loading=\"lazy\" decoding=\"async\" class=\"aligncenter  wp-image-51\" alt=\"puedes hacerlo\" src=\"http:\/\/blog.espol.edu.ec\/kiamvera\/files\/2013\/11\/puedes-hacerlo.jpg\" width=\"576\" height=\"380\" srcset=\"https:\/\/blog.espol.edu.ec\/kiamvera\/files\/2013\/11\/puedes-hacerlo.jpg 960w, https:\/\/blog.espol.edu.ec\/kiamvera\/files\/2013\/11\/puedes-hacerlo-300x197.jpg 300w\" sizes=\"auto, (max-width: 576px) 100vw, 576px\" \/><\/a><\/p>\n<p style=\"text-align: center\"><a href=\"http:\/\/blog.espol.edu.ec\/kiamvera\/files\/2013\/11\/no-prometas-no-respondas-no-decidas.jpg\"><img loading=\"lazy\" decoding=\"async\" class=\"aligncenter size-full wp-image-50\" alt=\"no prometas, no respondas, no decidas\" src=\"http:\/\/blog.espol.edu.ec\/kiamvera\/files\/2013\/11\/no-prometas-no-respondas-no-decidas.jpg\" width=\"491\" height=\"720\" srcset=\"https:\/\/blog.espol.edu.ec\/kiamvera\/files\/2013\/11\/no-prometas-no-respondas-no-decidas.jpg 491w, https:\/\/blog.espol.edu.ec\/kiamvera\/files\/2013\/11\/no-prometas-no-respondas-no-decidas-204x300.jpg 204w\" sizes=\"auto, (max-width: 491px) 100vw, 491px\" \/><\/a><\/p>\n<p style=\"text-align: center\"><a href=\"http:\/\/blog.espol.edu.ec\/kiamvera\/files\/2013\/11\/1382129_682972878387619_1022883802_n.jpg\"><img loading=\"lazy\" decoding=\"async\" class=\"aligncenter size-full wp-image-49\" alt=\"1382129_682972878387619_1022883802_n\" src=\"http:\/\/blog.espol.edu.ec\/kiamvera\/files\/2013\/11\/1382129_682972878387619_1022883802_n.jpg\" width=\"392\" height=\"373\" srcset=\"https:\/\/blog.espol.edu.ec\/kiamvera\/files\/2013\/11\/1382129_682972878387619_1022883802_n.jpg 392w, https:\/\/blog.espol.edu.ec\/kiamvera\/files\/2013\/11\/1382129_682972878387619_1022883802_n-300x285.jpg 300w\" sizes=\"auto, (max-width: 392px) 100vw, 392px\" \/><\/a><\/p>\n<p style=\"text-align: center\"><a href=\"http:\/\/blog.espol.edu.ec\/kiamvera\/files\/2013\/11\/524481_461504537280465_1731381537_n.jpg\"><img loading=\"lazy\" decoding=\"async\" class=\"aligncenter size-full wp-image-43\" alt=\"524481_461504537280465_1731381537_n\" src=\"http:\/\/blog.espol.edu.ec\/kiamvera\/files\/2013\/11\/524481_461504537280465_1731381537_n.jpg\" width=\"400\" height=\"400\" srcset=\"https:\/\/blog.espol.edu.ec\/kiamvera\/files\/2013\/11\/524481_461504537280465_1731381537_n.jpg 400w, https:\/\/blog.espol.edu.ec\/kiamvera\/files\/2013\/11\/524481_461504537280465_1731381537_n-150x150.jpg 150w, https:\/\/blog.espol.edu.ec\/kiamvera\/files\/2013\/11\/524481_461504537280465_1731381537_n-300x300.jpg 300w\" sizes=\"auto, (max-width: 400px) 100vw, 400px\" \/><\/a><\/p>\n","protected":false},"excerpt":{"rendered":"<p>\u00bfQu\u00e9 es una reflexi\u00f3n para ti? Aqu\u00ed les dejo unas pocas frases espero les gusten \ud83d\ude00 \ud83d\ude09 &nbsp; &nbsp; &nbsp; &nbsp; &nbsp;<\/p>\n","protected":false},"author":8800,"featured_media":0,"parent":0,"menu_order":0,"comment_status":"open","ping_status":"open","template":"","meta":{"footnotes":""},"class_list":["post-72","page","type-page","status-publish","hentry"],"_links":{"self":[{"href":"https:\/\/blog.espol.edu.ec\/kiamvera\/wp-json\/wp\/v2\/pages\/72","targetHints":{"allow":["GET"]}}],"collection":[{"href":"https:\/\/blog.espol.edu.ec\/kiamvera\/wp-json\/wp\/v2\/pages"}],"about":[{"href":"https:\/\/blog.espol.edu.ec\/kiamvera\/wp-json\/wp\/v2\/types\/page"}],"author":[{"embeddable":true,"href":"https:\/\/blog.espol.edu.ec\/kiamvera\/wp-json\/wp\/v2\/users\/8800"}],"replies":[{"embeddable":true,"href":"https:\/\/blog.espol.edu.ec\/kiamvera\/wp-json\/wp\/v2\/comments?post=72"}],"version-history":[{"count":6,"href":"https:\/\/blog.espol.edu.ec\/kiamvera\/wp-json\/wp\/v2\/pages\/72\/revisions"}],"predecessor-version":[{"id":113,"href":"https:\/\/blog.espol.edu.ec\/kiamvera\/wp-json\/wp\/v2\/pages\/72\/revisions\/113"}],"wp:attachment":[{"href":"https:\/\/blog.espol.edu.ec\/kiamvera\/wp-json\/wp\/v2\/media?parent=72"}],"curies":[{"name":"wp","href":"https:\/\/api.w.org\/{rel}","templated":true}]}}