{"id":52,"date":"2013-05-24T16:36:54","date_gmt":"2013-05-24T16:36:54","guid":{"rendered":"http:\/\/blog.espol.edu.ec\/kimdelop\/?page_id=52"},"modified":"2013-05-31T00:50:56","modified_gmt":"2013-05-31T00:50:56","slug":"powerpoint","status":"publish","type":"page","link":"https:\/\/blog.espol.edu.ec\/kimdelop\/powerpoint\/","title":{"rendered":"PowerPoints"},"content":{"rendered":"<p><strong>Tipos de brackets:<\/strong><\/p>\n<p><iframe loading=\"lazy\" src=\"http:\/\/www.slideshare.net\/slideshow\/embed_code\/21849483\" width=\"476\" height=\"400\" frameborder=\"0\"><\/iframe><\/p>\n<p><strong>SONRIENDO\u2665<\/strong><\/p>\n<p><iframe loading=\"lazy\" src=\"http:\/\/www.slideshare.net\/slideshow\/embed_code\/21910730\" width=\"427\" height=\"356\" frameborder=\"0\" allowfullscreen> <\/iframe> <\/p>\n<div style=\"margin-bottom:5px\"> <strong> <a href=\"http:\/\/www.slideshare.net\/kimiilopz\/una-sonrisa-metlica\" title=\"Una sonrisa met\u00e1lica\" target=\"_blank\">Una sonrisa met\u00e1lica<\/a> <\/strong> from <strong><a href=\"http:\/\/www.slideshare.net\/kimiilopz\" target=\"_blank\">Kimberlin L\u00f3pez<\/a><\/strong> <\/div>\n<p><strong>TIENES MILLON DE DISE\u00d1OS PARA USAR EN TUS BRACKETS MIRALOS AQUI\u2665<\/strong><br \/>\n<iframe loading=\"lazy\" src=\"http:\/\/www.slideshare.net\/slideshow\/embed_code\/21913136\" width=\"476\" height=\"400\" frameborder=\"0\"><\/iframe><\/p>\n<p><strong>FAMOSOS Y SONRISAS PERFECTAS GRACIAS A LA ORTODONCIA<\/strong><br \/>\n<iframe loading=\"lazy\" src=\"http:\/\/www.slideshare.net\/slideshow\/embed_code\/22225545\" width=\"476\" height=\"400\" frameborder=\"0\"><\/iframe><\/p>\n","protected":false},"excerpt":{"rendered":"<p>Tipos de brackets: SONRIENDO\u2665 Una sonrisa met\u00e1lica from Kimberlin L\u00f3pez TIENES MILLON DE DISE\u00d1OS PARA USAR EN TUS BRACKETS MIRALOS AQUI\u2665 FAMOSOS Y SONRISAS PERFECTAS GRACIAS A LA ORTODONCIA<\/p>\n","protected":false},"author":8546,"featured_media":0,"parent":0,"menu_order":0,"comment_status":"open","ping_status":"open","template":"","meta":{"footnotes":""},"class_list":["post-52","page","type-page","status-publish","hentry"],"_links":{"self":[{"href":"https:\/\/blog.espol.edu.ec\/kimdelop\/wp-json\/wp\/v2\/pages\/52","targetHints":{"allow":["GET"]}}],"collection":[{"href":"https:\/\/blog.espol.edu.ec\/kimdelop\/wp-json\/wp\/v2\/pages"}],"about":[{"href":"https:\/\/blog.espol.edu.ec\/kimdelop\/wp-json\/wp\/v2\/types\/page"}],"author":[{"embeddable":true,"href":"https:\/\/blog.espol.edu.ec\/kimdelop\/wp-json\/wp\/v2\/users\/8546"}],"replies":[{"embeddable":true,"href":"https:\/\/blog.espol.edu.ec\/kimdelop\/wp-json\/wp\/v2\/comments?post=52"}],"version-history":[{"count":5,"href":"https:\/\/blog.espol.edu.ec\/kimdelop\/wp-json\/wp\/v2\/pages\/52\/revisions"}],"predecessor-version":[{"id":105,"href":"https:\/\/blog.espol.edu.ec\/kimdelop\/wp-json\/wp\/v2\/pages\/52\/revisions\/105"}],"wp:attachment":[{"href":"https:\/\/blog.espol.edu.ec\/kimdelop\/wp-json\/wp\/v2\/media?parent=52"}],"curies":[{"name":"wp","href":"https:\/\/api.w.org\/{rel}","templated":true}]}}