{"id":93,"date":"2013-05-26T22:04:48","date_gmt":"2013-05-26T22:04:48","guid":{"rendered":"http:\/\/blog.espol.edu.ec\/kimdelop\/?page_id=93"},"modified":"2013-07-16T01:57:56","modified_gmt":"2013-07-16T01:57:56","slug":"fotitos","status":"publish","type":"page","link":"https:\/\/blog.espol.edu.ec\/kimdelop\/fotitos\/","title":{"rendered":"Invadiendo con literatura \u2665"},"content":{"rendered":"<p><strong>Paulo Coelho- Veronika decide morir-<\/strong><br \/>\n<a href=\"http:\/\/blog.espol.edu.ec\/kimdelop\/files\/2013\/05\/1004724_502867003118337_626104744_n.jpg\"><img loading=\"lazy\" decoding=\"async\" src=\"http:\/\/blog.espol.edu.ec\/kimdelop\/files\/2013\/05\/1004724_502867003118337_626104744_n-150x150.jpg\" alt=\"\" width=\"150\" height=\"150\" class=\"alignleft size-thumbnail wp-image-109\" \/><\/a><\/p>\n<p>\u00abSi Dios existe, lo que yo sinceramente no creo, sabr\u00e1 que el entendimiento del hombre tiene un l\u00edmite. Fue \u00c9l quien cre\u00f3 este caos, donde reinan la miseria, la injusticia, la codicia, la soledad. Su intenci\u00f3n debe de haber sido excelente, pero los resultados son nefastos. Si Dios existe, \u00c9l ser\u00e1 generoso con las criaturas que deseen alejarse m\u00e1s pronto de esta Tierra, y puede ser que hasta llegue a pedir disculpas por habernos obligado a pasar por aqu\u00ed\u00bb. <\/p>\n<p><strong>Ana Frank- El diario de Ana Frank-<\/strong><br \/>\n<a href=\"http:\/\/blog.espol.edu.ec\/kimdelop\/files\/2013\/05\/ani.jpg\"><img loading=\"lazy\" decoding=\"async\" src=\"http:\/\/blog.espol.edu.ec\/kimdelop\/files\/2013\/05\/ani-150x150.jpg\" alt=\"\" width=\"150\" height=\"150\" class=\"alignleft size-thumbnail wp-image-115\" \/><\/a><\/p>\n<p>\u00abLe prometer\u00e9 que, a pesar de todo, perseverar\u00e9, que me abrir\u00e9 mi propio camino y me tragar\u00e9 mis l\u00e1grimas. S\u00f3lo que me gustar\u00eda poder ver los resultados, o que alguien que me quisiera me animara a seguir. No me juzgues, sino consid\u00e9rame como alguien que a veces siente que est\u00e1 desbordando.\u00bb<br \/>\n\u00abObservo lo que le pasa a una tal Ana Frank con toda parsimonia y me pongo a ojear en el libro de mi vida como si fuera ajeno.\u00bb<\/p>\n<p><strong>Stephen Chbosky -Las ventajas de ser invisible-<\/strong><br \/>\n<a href=\"http:\/\/blog.espol.edu.ec\/kimdelop\/files\/2013\/05\/1016298_502881083116929_348470325_n.jpg\"><img loading=\"lazy\" decoding=\"async\" src=\"http:\/\/blog.espol.edu.ec\/kimdelop\/files\/2013\/05\/1016298_502881083116929_348470325_n-150x150.jpg\" alt=\"\" width=\"150\" height=\"150\" class=\"alignleft size-thumbnail wp-image-125\" \/><\/a><\/p>\n<p>\u00abEse momento en el que sabes que no eres una triste historia. Est\u00e1s vivo. Y ves las luces en los edificios y todo lo que te hace preguntarte y est\u00e1s escuchando esa canci\u00f3n con la gente que m\u00e1s quieres... Y en ese momento juro... Somos infinitos.\u00bb<br \/>\n\u00abSomos quienes somos por un mont\u00f3n de razones. Quiz\u00e1s nunca conozcamos la mayor\u00eda de ellas. Pero, aunque no tengamos el poder de elegir de donde venimos, todav\u00eda podemos elegir a d\u00f3nde vamos desde ah\u00ed. Todav\u00eda podemos hacer cosas. Y podemos intentar sentirnos bien con ellas.\u00bb<\/p>\n<p><strong>Carlos Cuauht\u00e9moc S\u00e1nchez-Los Ojos De Mi Princesa-<\/strong><br \/>\n<a href=\"http:\/\/blog.espol.edu.ec\/kimdelop\/files\/2013\/05\/los-ojos-de.jpg\"><img loading=\"lazy\" decoding=\"async\" src=\"http:\/\/blog.espol.edu.ec\/kimdelop\/files\/2013\/05\/los-ojos-de-150x150.jpg\" alt=\"\" width=\"150\" height=\"150\" class=\"alignleft size-thumbnail wp-image-121\" \/><\/a><\/p>\n<p>\u00abLas personas son almas encerradas en claustros con cinco ventanitas. Por las ventanas de los sentidos podemos asomarnos al mundo para ver materia. Nos resulta imposible conocer la verdadera esencia de las personas porque los cuerpos se interponen. La belleza o fealdad del esp\u00edritu, es algo que s\u00f3lo podemos ver con los ojos del coraz\u00f3n.\u00bb<br \/>\n\u00abSer\u00e1 una amistad inquebrantable ante los obst\u00e1culos... Ser\u00e1 de pensar en un \u2018yo\u2019 para pensar en un \u2018nosotros\u2019. Poder hablar sin m\u00e1scaras de nuestros problemas, alegr\u00edas, sentimientos, por el simple deseo de compartirlos; tener confianza, intimidad mutua, con la seguridad de que no nos traicionaremos nunca. Caminar con el \u00edntimo entusiasmo de saber que ambos luchamos por los mismos ideales...\u00a1Seriamos amigos de verdad, con la m\u00e1s franca alianza que pueda hacernos olvidar nuestros mundos individuales para fortalecernos en la uni\u00f3n! \u00a1Estar\u00edamos de acuerdo en que nos queremos, no para dar espect\u00e1culos y divulgar nuestro amor, sino para ayudarnos a mejorar cada d\u00eda y a luchar por un futuro, tomados de la mano y no soltarnos nunca\u00bb<\/p>\n<p><strong>An\u00f3nimo -Preg\u00fantale a Alicia-<\/strong><br \/>\n<a href=\"http:\/\/blog.espol.edu.ec\/kimdelop\/files\/2013\/05\/alicia.jpg\"><img loading=\"lazy\" decoding=\"async\" src=\"http:\/\/blog.espol.edu.ec\/kimdelop\/files\/2013\/05\/alicia-150x150.jpg\" alt=\"\" width=\"150\" height=\"150\" class=\"alignleft size-thumbnail wp-image-123\" \/><\/a><\/p>\n<p>\u00abTengo la impresi\u00f3n de estar perdiendo inter\u00e9s por todo.Tal vez se deba a que estoy creciendo, o que la vida se est\u00e1 haciendo m\u00e1s asquerosa.\u00bb<br \/>\n\u00abComprend\u00ed que esta vida es la \u00fanica oportunidad de ser nosotros mismos.\u00bb<br \/>\n\u00abHan transcurrido mil a\u00f1os lunares, del tiempo lunar. Todo le mundo ha estado contando historias menos yo, no tengo nada digno que contar. Todo lo que puedo hacer es dibujar monstruos, \u00f3rganos internos y odiar.\u00bb<\/p>\n<p><strong>Mario Benedetti -La Tregua-<\/strong><br \/>\n<a href=\"http:\/\/blog.espol.edu.ec\/kimdelop\/files\/2013\/05\/la-tregua.jpg\"><img loading=\"lazy\" decoding=\"async\" src=\"http:\/\/blog.espol.edu.ec\/kimdelop\/files\/2013\/05\/la-tregua-150x150.jpg\" alt=\"\" width=\"150\" height=\"150\" class=\"alignleft size-thumbnail wp-image-131\" \/><\/a><\/p>\n<p>\u00abEl insomnio es la peste de mis fines de semana.\u00bb<br \/>\n\u00abFrancamente, no s\u00e9 si creo en Dios. A veces imagino que, en el caso de que Dios exista, no habr\u00eda de disgustarle esta duda. En realidad, los elementos que \u00e9l (\u00bfo El?) mismo nos ha dado (raciocinio, sensibilidad, intuici\u00f3n) no son en absoluto suficientes como para garantizarnos ni su existencia ni su no existencia.\u00bb<\/p>\n<p><strong>Carlos Ruiz Zaf\u00f3n -La sombra del viento-<\/strong><br \/>\n<a href=\"http:\/\/blog.espol.edu.ec\/kimdelop\/files\/2013\/05\/1016505_503512876387083_1074884571_n.jpg\"><img loading=\"lazy\" decoding=\"async\" src=\"http:\/\/blog.espol.edu.ec\/kimdelop\/files\/2013\/05\/1016505_503512876387083_1074884571_n-150x150.jpg\" alt=\"\" width=\"150\" height=\"150\" class=\"alignleft size-thumbnail wp-image-132\" \/><\/a><\/p>\n<p>\u00abNo te ofendas, pero a veces, una se siente mas libre de hablarle a un extra\u00f1o que a la gente que conoce, \u00bfPorqu\u00e9 ser\u00e1?<br \/>\n-Probablemente porque un extra\u00f1o nos ve como somos y no como quiere creer que somos.\u00bb<br \/>\n\u00abAlguien me dijo una vez que en el momento en el que te paras a pensar si quieres a una persona, ya has dejado de quererla para siempre.\u00bb<\/p>\n<p><strong>Nicholas Sparks -Cuando te encuentre-<\/strong><br \/>\n<a href=\"http:\/\/blog.espol.edu.ec\/kimdelop\/files\/2013\/05\/969598_503515359720168_1652619487_n.jpg\"><img loading=\"lazy\" decoding=\"async\" src=\"http:\/\/blog.espol.edu.ec\/kimdelop\/files\/2013\/05\/969598_503515359720168_1652619487_n-150x150.jpg\" alt=\"\" width=\"150\" height=\"150\" class=\"alignleft size-thumbnail wp-image-133\" \/><\/a><\/p>\n<p>\u00abLa cosa m\u00e1s insignificante puede cambiarte la vida. En un abrir y cerrar de ojos, cuando menos te lo esperas, ocurre algo por casualidad que te embarca en un viaje que no hab\u00edas planeado, rumbo a un futuro jam\u00e1s imaginado. Quien sabe a donde te llevar\u00e1, es la aventura de nuestra vida, nuestra b\u00fasqueda de la luz, pero a veces para encontrar la luz hay que atravesar las m\u00e1s profundas tinieblas.\u00bb<\/p>\n<p><strong>Enric Pardo -Todas las chicas besan con los ojos cerrados-<\/strong><br \/>\n<a href=\"http:\/\/blog.espol.edu.ec\/kimdelop\/files\/2013\/05\/1005583_503523773052660_1145072011_n.jpg\"><img loading=\"lazy\" decoding=\"async\" src=\"http:\/\/blog.espol.edu.ec\/kimdelop\/files\/2013\/05\/1005583_503523773052660_1145072011_n-150x150.jpg\" alt=\"\" width=\"150\" height=\"150\" class=\"alignleft size-thumbnail wp-image-136\" \/><\/a><br \/>\n\u00abNos hicieron creer que cada uno de nosotros es una media naranja, y que la vida tiene sentido cuando encontramos la otra mitad. No nos contaron que ya nacemos enteros, que nadie en nuestra vida merece cargar en las espaldas la responsabilidad de completar lo que nos falta\u00bb<br \/>\n\u00abEl Pa\u00eds de Nunca Jam\u00e1s le reclama a diario. A\u00fan hay muchas Wendys a las que ense\u00f1ar a volar\u00bb<\/p>\n<p><strong>Denisse Fuentes -La dieta de la muerte-<\/strong><br \/>\n<a href=\"http:\/\/blog.espol.edu.ec\/kimdelop\/files\/2013\/05\/999672_503522936386077_342941160_n.jpg\"><img loading=\"lazy\" decoding=\"async\" src=\"http:\/\/blog.espol.edu.ec\/kimdelop\/files\/2013\/05\/999672_503522936386077_342941160_n-150x150.jpg\" alt=\"\" width=\"150\" height=\"150\" class=\"alignleft size-thumbnail wp-image-135\" \/><\/a><\/p>\n<p>\u00abEstaba pidiendo ayuda,por primera vez quer\u00eda que alguien escuchara, que alguien llegara a esa habitaci\u00f3n y me viera, me viera profundamente, que me ayudara. Quer\u00eda un abrazo, quer\u00eda que me dijeran que todo iba a estar bien.<br \/>\nAunque fuese mentira, era lo que necesitaba escuchar en esos momentos.\u00bb<\/p>\n<p>\u00ab\u00bb<\/p>\n","protected":false},"excerpt":{"rendered":"<p>Paulo Coelho- Veronika decide morir- \u00abSi Dios existe, lo que yo sinceramente no creo, sabr\u00e1 que el entendimiento del hombre tiene un l\u00edmite. Fue \u00c9l quien cre\u00f3 este caos, donde reinan la miseria, la injusticia, la codicia, la soledad. Su intenci\u00f3n debe de haber sido excelente, pero los resultados son nefastos. Si Dios existe, \u00c9l [&hellip;]<\/p>\n","protected":false},"author":8546,"featured_media":0,"parent":0,"menu_order":0,"comment_status":"open","ping_status":"open","template":"","meta":{"footnotes":""},"class_list":["post-93","page","type-page","status-publish","hentry"],"_links":{"self":[{"href":"https:\/\/blog.espol.edu.ec\/kimdelop\/wp-json\/wp\/v2\/pages\/93","targetHints":{"allow":["GET"]}}],"collection":[{"href":"https:\/\/blog.espol.edu.ec\/kimdelop\/wp-json\/wp\/v2\/pages"}],"about":[{"href":"https:\/\/blog.espol.edu.ec\/kimdelop\/wp-json\/wp\/v2\/types\/page"}],"author":[{"embeddable":true,"href":"https:\/\/blog.espol.edu.ec\/kimdelop\/wp-json\/wp\/v2\/users\/8546"}],"replies":[{"embeddable":true,"href":"https:\/\/blog.espol.edu.ec\/kimdelop\/wp-json\/wp\/v2\/comments?post=93"}],"version-history":[{"count":21,"href":"https:\/\/blog.espol.edu.ec\/kimdelop\/wp-json\/wp\/v2\/pages\/93\/revisions"}],"predecessor-version":[{"id":142,"href":"https:\/\/blog.espol.edu.ec\/kimdelop\/wp-json\/wp\/v2\/pages\/93\/revisions\/142"}],"wp:attachment":[{"href":"https:\/\/blog.espol.edu.ec\/kimdelop\/wp-json\/wp\/v2\/media?parent=93"}],"curies":[{"name":"wp","href":"https:\/\/api.w.org\/{rel}","templated":true}]}}