{"id":90,"date":"2012-11-07T12:29:31","date_gmt":"2012-11-07T12:29:31","guid":{"rendered":"http:\/\/blog.espol.edu.ec\/kiniguez\/?page_id=90"},"modified":"2012-11-07T14:55:04","modified_gmt":"2012-11-07T14:55:04","slug":"la-historia-del-deporte","status":"publish","type":"page","link":"https:\/\/blog.espol.edu.ec\/kiniguez\/la-historia-del-deporte\/","title":{"rendered":"La Historia del Deporte"},"content":{"rendered":"<div><a href=\"http:\/\/blog.espol.edu.ec\/kiniguez\/files\/2012\/11\/deporte-300x300.jpg\"><img loading=\"lazy\" decoding=\"async\" class=\"aligncenter size-full wp-image-91\" src=\"http:\/\/blog.espol.edu.ec\/kiniguez\/files\/2012\/11\/deporte-300x300.jpg\" alt=\"\" width=\"300\" height=\"300\" srcset=\"https:\/\/blog.espol.edu.ec\/kiniguez\/files\/2012\/11\/deporte-300x300.jpg 300w, https:\/\/blog.espol.edu.ec\/kiniguez\/files\/2012\/11\/deporte-300x300-150x150.jpg 150w\" sizes=\"auto, (max-width: 300px) 100vw, 300px\" \/><\/a><\/div>\n<p style=\"text-align: center\">La<strong>\u00a0historia del deporte<\/strong>\u00a0se remonta a miles de a\u00f1os atr\u00e1s. Ya en el a\u00f1o 4000 a.C. se piensa que pod\u00edan ser practicados por la <a href=\"http:\/\/www.historialuniversal.com\/2010\/11\/sociedad-de-la-antigua-china.html\">sociedad china,<\/a> ya que han sido encontrados diversos utensilios que llevan a pensar que realizaban diferentes tipos de deporte. Tambi\u00e9n los hombres primitivos practucaban el deporte, no con herramientas, pero s\u00ed en sus tareas diarias; corr\u00edan para escapar de los animales superiores, luchaban contra sus enemigos y nadaban para desplazarse de un lugar a otro a trav\u00e9s de los r\u00edos.<\/p>\n<p style=\"text-align: center\">Tambi\u00e9n en el<a href=\"http:\/\/es.wikipedia.org\/wiki\/Antiguo_Egipto\"> Antiguo Egipto<\/a> se practicaban deportes como la nataci\u00f3n y la pesca, para conseguir sobrevivir sin necesidad de muchas de las comodidades que porteriormente fueron surgiendo. Las artes marciales comenzaron a expandirse en la zona de Persia.<\/p>\n<p style=\"text-align: center\">Los primero Juegos Ol\u00edmpicos tuvieron lugar en el a\u00f1o 776 a.C. duraban \u00fanicamente seis d\u00edas y constaban de pocas pruebas deportivas: combates, carreras h\u00edpicas y carreras atl\u00e9ticas entre los participantes. Aunque no fueran los actuales Juego Ol\u00edmpicos, s\u00ed empezaban a tomar forma de lo que conocemos.<\/p>\n<p style=\"text-align: center\">Ya en el siglo XIX se utilizaban las competiciones a modo de deporte y guerra entre los pueblos vecinos, en deportes que podr\u00edan considerarse en ambos sentidos, como son el tiro con arco o el esgrima. En Inglaterra, en cambio, surgieron deportes en los cuales no luchabas \u00fanicamente contra tu adversario, sino que tambi\u00e9n entraba en juego la lucha contra los medios naturales, como pod\u00edan ser el agua o el viento, dando lugar a deportes como las regatas o la vela, adem\u00e1s de otros tambi\u00e9n actuales como el rugby.<\/p>\n<p style=\"text-align: center\">A lo largo del siglo XX se feron consolidando los deportes ya existentes hasta el momento, y se fue ampliando el rango de deportes conocidos, como el f\u00fatbol, el waterpolo o el tenis de mesa.<\/p>\n<p style=\"text-align: center\"><a href=\"http:\/\/es.wikipedia.org\/wiki\/Juegos_Ol%C3%ADmpicos\">Los primeros Juegos Ol\u00edmpicos<\/a>, tal y como los conocemos en la actualidad, tuvieron lugar en Grecia en el a\u00f1o 1892, en la peque\u00f1a ciudad de Olimpia. Se organizaban, como ahora, cada cuatro a\u00f1os, y en ellos se desarrollaban todas las pr\u00e1cticas deportivas conocidas hasta ese momento. Permit\u00eda enfrentar a gran diversidad de deportistas, que cada vez fueron reciendo y empez\u00f3 a surgir el deporte profesional a medida que se extend\u00edan las disciplinas y el deporte iba tomando popularidad en la sociedad<\/p>\n","protected":false},"excerpt":{"rendered":"<p>La\u00a0historia del deporte\u00a0se remonta a miles de a\u00f1os atr\u00e1s. Ya en el a\u00f1o 4000 a.C. se piensa que pod\u00edan ser practicados por la sociedad china, ya que han sido encontrados diversos utensilios que llevan a pensar que realizaban diferentes tipos de deporte. Tambi\u00e9n los hombres primitivos practucaban el deporte, no con herramientas, pero s\u00ed en &hellip; <\/p>\n<p><a class=\"more-link btn\" href=\"https:\/\/blog.espol.edu.ec\/kiniguez\/la-historia-del-deporte\/\">Seguir leyendo<\/a><\/p>\n","protected":false},"author":8077,"featured_media":0,"parent":0,"menu_order":0,"comment_status":"open","ping_status":"open","template":"","meta":{"footnotes":""},"class_list":["post-90","page","type-page","status-publish","hentry","nodate","item-wrap"],"_links":{"self":[{"href":"https:\/\/blog.espol.edu.ec\/kiniguez\/wp-json\/wp\/v2\/pages\/90","targetHints":{"allow":["GET"]}}],"collection":[{"href":"https:\/\/blog.espol.edu.ec\/kiniguez\/wp-json\/wp\/v2\/pages"}],"about":[{"href":"https:\/\/blog.espol.edu.ec\/kiniguez\/wp-json\/wp\/v2\/types\/page"}],"author":[{"embeddable":true,"href":"https:\/\/blog.espol.edu.ec\/kiniguez\/wp-json\/wp\/v2\/users\/8077"}],"replies":[{"embeddable":true,"href":"https:\/\/blog.espol.edu.ec\/kiniguez\/wp-json\/wp\/v2\/comments?post=90"}],"version-history":[{"count":3,"href":"https:\/\/blog.espol.edu.ec\/kiniguez\/wp-json\/wp\/v2\/pages\/90\/revisions"}],"predecessor-version":[{"id":117,"href":"https:\/\/blog.espol.edu.ec\/kiniguez\/wp-json\/wp\/v2\/pages\/90\/revisions\/117"}],"wp:attachment":[{"href":"https:\/\/blog.espol.edu.ec\/kiniguez\/wp-json\/wp\/v2\/media?parent=90"}],"curies":[{"name":"wp","href":"https:\/\/api.w.org\/{rel}","templated":true}]}}