{"id":98,"date":"2012-11-07T12:47:24","date_gmt":"2012-11-07T12:47:24","guid":{"rendered":"http:\/\/blog.espol.edu.ec\/kiniguez\/?page_id=98"},"modified":"2012-11-07T12:47:24","modified_gmt":"2012-11-07T12:47:24","slug":"los-avances-en-la-tecnologia-para-la-mejora-del-medio-ambiente","status":"publish","type":"page","link":"https:\/\/blog.espol.edu.ec\/kiniguez\/los-avances-en-la-tecnologia-para-la-mejora-del-medio-ambiente\/","title":{"rendered":"Los avances en la tecnologia para la mejora del medio ambiente"},"content":{"rendered":"<p><em>Podemos considerar\u00a0 que existe\u00a0tecnolog\u00eda\u00a0en toda\u00a0 m\u00e1quina\u00a0\u00a0, o artefacto que funcione con un sistema digital de por medio. Un tel\u00e9fono celular, una computadora, un reproductor de mp3, una c\u00e1mara digital, estos y otros tantos aparatos puestos al servicio de los seres humanos \u00a0forman parte de lo que podemos considerar las\u00a0nuevas tecnolog\u00edasque caracterizan en la actualidad a nuestra sociedad.\u00a0 Durante el\u00a0siglo XXI\u00a0han aparecido y desarrollado muchos avances tecnol\u00f3gicos\u00a0 destinados a diferentes funciones y objetivos.<\/em><\/p>\n<p><em>En el campo de la\u00a0ecolog\u00eda y el medio ambiente\u00a0se han producido diversos estudios con el fin de mejorar la situaci\u00f3n actual y acabar con el mayor n\u00famero posible de las acciones que repercuten la sostenibilidad medio ambiental .<\/em><\/p>\n<p><em>Algunos de los avances tecnol\u00f3gicos que me resultaron m\u00e1s significativos de entre los que se han desarrollado en este sector durante los \u00faltimos a\u00f1os son los siguientes:<\/em><\/p>\n<ul>\n<li><em>Productor de energ\u00eda sin emisiones de\u00a0\u00a0 CO2.<\/em><\/li>\n<\/ul>\n<p><em>El invento consiste en un transportador de ox\u00edgeno que puede ser utilizado para la combusti\u00f3n indirecta de gas para la producci\u00f3n de energ\u00eda sin emisi\u00f3n de CO2 , y para la producci\u00f3n de gas de s\u00edntesis o H2 con captura inherente de CO2.<\/em><\/p>\n<p><em>Los cambios clim\u00e1ticos que est\u00e1 sufriendo el planeta han provocado la necesidad de reducir las emisiones de gases deefecto invernadero , principalmente CO2 , a la atm\u00f3sfera. El elevado coste que supone actualmente la separaci\u00f3n del CO2 de los humos de combusti\u00f3n para su posterior almacenamiento ha generado en los \u00faltimos a\u00f1os la aparici\u00f3n de nuevos sistemas de combusti\u00f3n que producen corrientes concentradas de CO2.<\/em><\/p>\n<p>&nbsp;<\/p>\n<p><em><a href=\"http:\/\/blog.espol.edu.ec\/kiniguez\/files\/2012\/11\/11.jpg\"><img loading=\"lazy\" decoding=\"async\" class=\"aligncenter size-full wp-image-99\" src=\"http:\/\/blog.espol.edu.ec\/kiniguez\/files\/2012\/11\/11.jpg\" alt=\"\" width=\"300\" height=\"278\" \/><\/a><\/em><\/p>\n<p><em>Para evitar estos costes se ha desarrollado una nueva tecnolog\u00eda como es la combusti\u00f3n indirecta con transportadores s\u00f3lidos de ox\u00edgeno. El Consejo Superior de Investigaciones Cient\u00edficas , ha solicitado una patente PCT, en la que se describe un invento basado en un trasportador de ox\u00edgeno que comprende un \u00f3xido de n\u00edquel sobre un soporte de al\u00famina comercial modificada t\u00e9rmicamente.<\/em><\/p>\n<p>&nbsp;<\/p>\n<ul>\n<li><em>Sistema bal\u00edstico para la extinci\u00f3n de\u00a0incendiosforestales.<\/em><\/li>\n<\/ul>\n<p><em>El invento consiste en unos medios de disparo de proyectiles en los que se alojan sustancias extintoras que son liberadas en cada proyectil tras su lanzamiento.<\/em><\/p>\n<p><em>Los principales inconvenientes de los sistemas de extinci\u00f3n de incendios\u00a0actuales refieren principalmente al peligro que corren los operarios, a dificultades de acceso al lugar del incendio , a factores meteorol\u00f3gicos y a limitaciones de abastecimiento y transporte de las sustancias extintoras. Los investigadores Jos\u00e9 Liz Gra\u00f1a y Pablo Sebasti\u00e1n Ferrer Gisbert, han solicitado una patente en la que se describe el invento.<\/em><\/p>\n<p><a href=\"http:\/\/blog.espol.edu.ec\/kiniguez\/files\/2012\/11\/2.jpg\"><img loading=\"lazy\" decoding=\"async\" class=\"aligncenter size-full wp-image-100\" src=\"http:\/\/blog.espol.edu.ec\/kiniguez\/files\/2012\/11\/2.jpg\" alt=\"\" width=\"300\" height=\"240\" \/><\/a><\/p>\n<p>&nbsp;<\/p>\n","protected":false},"excerpt":{"rendered":"<p>Podemos considerar\u00a0 que existe\u00a0tecnolog\u00eda\u00a0en toda\u00a0 m\u00e1quina\u00a0\u00a0, o artefacto que funcione con un sistema digital de por medio. Un tel\u00e9fono celular, una computadora, un reproductor de mp3, una c\u00e1mara digital, estos y otros tantos aparatos puestos al servicio de los seres humanos \u00a0forman parte de lo que podemos considerar las\u00a0nuevas tecnolog\u00edasque caracterizan en la actualidad a &hellip; <\/p>\n<p><a class=\"more-link btn\" href=\"https:\/\/blog.espol.edu.ec\/kiniguez\/los-avances-en-la-tecnologia-para-la-mejora-del-medio-ambiente\/\">Seguir leyendo<\/a><\/p>\n","protected":false},"author":8077,"featured_media":0,"parent":0,"menu_order":0,"comment_status":"open","ping_status":"open","template":"","meta":{"footnotes":""},"class_list":["post-98","page","type-page","status-publish","hentry","nodate","item-wrap"],"_links":{"self":[{"href":"https:\/\/blog.espol.edu.ec\/kiniguez\/wp-json\/wp\/v2\/pages\/98","targetHints":{"allow":["GET"]}}],"collection":[{"href":"https:\/\/blog.espol.edu.ec\/kiniguez\/wp-json\/wp\/v2\/pages"}],"about":[{"href":"https:\/\/blog.espol.edu.ec\/kiniguez\/wp-json\/wp\/v2\/types\/page"}],"author":[{"embeddable":true,"href":"https:\/\/blog.espol.edu.ec\/kiniguez\/wp-json\/wp\/v2\/users\/8077"}],"replies":[{"embeddable":true,"href":"https:\/\/blog.espol.edu.ec\/kiniguez\/wp-json\/wp\/v2\/comments?post=98"}],"version-history":[{"count":1,"href":"https:\/\/blog.espol.edu.ec\/kiniguez\/wp-json\/wp\/v2\/pages\/98\/revisions"}],"predecessor-version":[{"id":101,"href":"https:\/\/blog.espol.edu.ec\/kiniguez\/wp-json\/wp\/v2\/pages\/98\/revisions\/101"}],"wp:attachment":[{"href":"https:\/\/blog.espol.edu.ec\/kiniguez\/wp-json\/wp\/v2\/media?parent=98"}],"curies":[{"name":"wp","href":"https:\/\/api.w.org\/{rel}","templated":true}]}}